{"id":450151,"date":"2024-11-21T10:12:52","date_gmt":"2024-11-21T10:12:54","guid":{"rendered":"https:\/\/www.erresse-shop.it\/?post_type=product&#038;p=450151"},"modified":"2024-11-21T10:36:48","modified_gmt":"2024-11-21T10:36:48","slug":"les-jardins-de-la-comtesse-lot-de-4-assiettes-a-dessert-capri-23-cm-copia","status":"publish","type":"product","link":"https:\/\/www.erresse-shop.it\/fr\/shop\/table-fr-2\/plats\/les-jardins-de-la-comtesse-lot-de-4-assiettes-a-dessert-capri-23-cm-copia\/","title":{"rendered":"LES JARDINS DE LA COMTESSE Set de 4 assiettes plates Capri 28 cm"},"content":{"rendered":"<div>\n<div>Sublimez vos tables avec une vaisselle color\u00e9e et \u00e9l\u00e9gante et ajoutez un peu d&#8217;\u00e9clat \u00e0 vos repas avec ces jolis citrons de la collection &#8220;Capri&#8221;, inspir\u00e9e de la douceur d&#8217;un \u00e9t\u00e9 au bord de la M\u00e9diterran\u00e9e.<\/div>\n<div>Visuellement similaire \u00e0 un service de table en c\u00e9ramique, cette belle assiette ronde de 28 cm est en m\u00e9lamine, donc tr\u00e8s r\u00e9sistante aux chocs et durable. Il est id\u00e9al pour servir vos plats pr\u00e9f\u00e9r\u00e9s.<\/div>\n<div>Avec ses d\u00e9cors repr\u00e9sentant des citrons de Capri, entour\u00e9s d&#8217;osier, ce plat vous fera voyager en Italie. Le bord effet bambou ajoute beaucoup de charme \u00e0 cette grande assiette.<\/div>\n<\/div>\n<div><\/div>\n<div>Vous pouvez laver l&#8217;assiette \u00e0 la main ou au lave-vaisselle.<\/div>\n<div>Pour le conserver le plus longtemps possible, il est pr\u00e9f\u00e9rable de ne pas utiliser de couteaux aux dents pointues pour \u00e9viter de rayer la mati\u00e8re.<\/div>\n<div>Lisseur garanti sans BPA<\/div>\n<div><\/div>\n<div>Mat\u00e9riau\u00a0: 100\u00a0% M\u00e9lamine<\/div>\n","protected":false},"excerpt":{"rendered":"<p>Sublimez vos tables avec une vaisselle color\u00e9e et \u00e9l\u00e9gante et ajoutez un peu d&#8217;\u00e9clat \u00e0 vos repas avec ces jolis<\/p>\n","protected":false},"featured_media":491376,"template":"","meta":{"_acf_changed":false,"inline_featured_image":false},"product_cat":[12788,12782],"product_tag":[13169,14285,13170,21969,19357,21968],"acf":[],"yoast_head":"<!-- This site is optimized with the Yoast SEO Premium plugin v18.6 (Yoast SEO v19.13) - https:\/\/yoast.com\/wordpress\/plugins\/seo\/ -->\n<title>LES JARDINS DE LA COMTESSE Set de 4 assiettes plates Capri 28 cm - Erresse Shop<\/title>\n<meta name=\"description\" content=\"Sublimez vos tables avec une vaisselle color\u00e9e et \u00e9l\u00e9gante et ajoutez un peu d&#039;\u00e9clat \u00e0 vos repas avec ces jolis citrons de la collection &quot;Capri&quot;, inspir\u00e9e\" \/>\n<meta name=\"robots\" content=\"index, follow, max-snippet:-1, max-image-preview:large, max-video-preview:-1\" \/>\n<link rel=\"canonical\" href=\"https:\/\/www.erresse-shop.it\/fr\/shop\/table-fr-2\/plats\/les-jardins-de-la-comtesse-lot-de-4-assiettes-a-dessert-capri-23-cm-copia\/\" \/>\n<meta property=\"og:locale\" content=\"fr_FR\" \/>\n<meta property=\"og:type\" content=\"article\" \/>\n<meta property=\"og:title\" content=\"LES JARDINS DE LA COMTESSE Set de 4 assiettes plates Capri 28 cm\" \/>\n<meta property=\"og:description\" content=\"Sublimez vos tables avec une vaisselle color\u00e9e et \u00e9l\u00e9gante et ajoutez un peu d&#039;\u00e9clat \u00e0 vos repas avec ces jolis citrons de la collection &quot;Capri&quot;, inspir\u00e9e\" \/>\n<meta property=\"og:url\" content=\"https:\/\/www.erresse-shop.it\/fr\/shop\/table-fr-2\/plats\/les-jardins-de-la-comtesse-lot-de-4-assiettes-a-dessert-capri-23-cm-copia\/\" \/>\n<meta property=\"og:site_name\" content=\"Erresse Shop\" \/>\n<meta property=\"article:modified_time\" content=\"2024-11-21T10:36:48+00:00\" \/>\n<meta property=\"og:image\" content=\"https:\/\/www.erresse-shop.it\/wp-content\/uploads\/2024\/11\/LES-JARDINS-DE-LA-COMTESSE-Set-4-Piatti-Piani-Capri-28-cm.jpg\" \/>\n\t<meta property=\"og:image:width\" content=\"1200\" \/>\n\t<meta property=\"og:image:height\" content=\"1200\" \/>\n\t<meta property=\"og:image:type\" content=\"image\/jpeg\" \/>\n<meta name=\"twitter:card\" content=\"summary_large_image\" \/>\n<script type=\"application\/ld+json\" class=\"yoast-schema-graph\">{\"@context\":\"https:\/\/schema.org\",\"@graph\":[{\"@type\":\"WebPage\",\"@id\":\"https:\/\/www.erresse-shop.it\/fr\/shop\/table-fr-2\/plats\/les-jardins-de-la-comtesse-lot-de-4-assiettes-a-dessert-capri-23-cm-copia\/\",\"url\":\"https:\/\/www.erresse-shop.it\/fr\/shop\/table-fr-2\/plats\/les-jardins-de-la-comtesse-lot-de-4-assiettes-a-dessert-capri-23-cm-copia\/\",\"name\":\"LES JARDINS DE LA COMTESSE Set de 4 assiettes plates Capri 28 cm - Erresse Shop\",\"isPartOf\":{\"@id\":\"https:\/\/www.erresse-shop.it\/fr\/#website\"},\"datePublished\":\"2024-11-21T10:12:54+00:00\",\"dateModified\":\"2024-11-21T10:36:48+00:00\",\"description\":\"Sublimez vos tables avec une vaisselle color\u00e9e et \u00e9l\u00e9gante et ajoutez un peu d'\u00e9clat \u00e0 vos repas avec ces jolis citrons de la collection \\\"Capri\\\", inspir\u00e9e\",\"breadcrumb\":{\"@id\":\"https:\/\/www.erresse-shop.it\/fr\/shop\/table-fr-2\/plats\/les-jardins-de-la-comtesse-lot-de-4-assiettes-a-dessert-capri-23-cm-copia\/#breadcrumb\"},\"inLanguage\":\"fr-FR\",\"potentialAction\":[{\"@type\":\"ReadAction\",\"target\":[\"https:\/\/www.erresse-shop.it\/fr\/shop\/table-fr-2\/plats\/les-jardins-de-la-comtesse-lot-de-4-assiettes-a-dessert-capri-23-cm-copia\/\"]}]},{\"@type\":\"BreadcrumbList\",\"@id\":\"https:\/\/www.erresse-shop.it\/fr\/shop\/table-fr-2\/plats\/les-jardins-de-la-comtesse-lot-de-4-assiettes-a-dessert-capri-23-cm-copia\/#breadcrumb\",\"itemListElement\":[{\"@type\":\"ListItem\",\"position\":1,\"name\":\"Home\",\"item\":\"https:\/\/www.erresse-shop.it\/fr\/\"},{\"@type\":\"ListItem\",\"position\":2,\"name\":\"Shop\",\"item\":\"https:\/\/www.erresse-shop.it\/fr\/shop\/\"},{\"@type\":\"ListItem\",\"position\":3,\"name\":\"LES JARDINS DE LA COMTESSE Set de 4 assiettes plates Capri 28 cm\"}]},{\"@type\":\"WebSite\",\"@id\":\"https:\/\/www.erresse-shop.it\/fr\/#website\",\"url\":\"https:\/\/www.erresse-shop.it\/fr\/\",\"name\":\"Erresse Shop\",\"description\":\"Articoli di qualit\u00e0 per la casa\",\"potentialAction\":[{\"@type\":\"SearchAction\",\"target\":{\"@type\":\"EntryPoint\",\"urlTemplate\":\"https:\/\/www.erresse-shop.it\/fr\/?s={search_term_string}\"},\"query-input\":\"required name=search_term_string\"}],\"inLanguage\":\"fr-FR\"}]}<\/script>\n<!-- \/ Yoast SEO Premium plugin. -->","yoast_head_json":{"title":"LES JARDINS DE LA COMTESSE Set de 4 assiettes plates Capri 28 cm - Erresse Shop","description":"Sublimez vos tables avec une vaisselle color\u00e9e et \u00e9l\u00e9gante et ajoutez un peu d'\u00e9clat \u00e0 vos repas avec ces jolis citrons de la collection \"Capri\", inspir\u00e9e","robots":{"index":"index","follow":"follow","max-snippet":"max-snippet:-1","max-image-preview":"max-image-preview:large","max-video-preview":"max-video-preview:-1"},"canonical":"https:\/\/www.erresse-shop.it\/fr\/shop\/table-fr-2\/plats\/les-jardins-de-la-comtesse-lot-de-4-assiettes-a-dessert-capri-23-cm-copia\/","og_locale":"fr_FR","og_type":"article","og_title":"LES JARDINS DE LA COMTESSE Set de 4 assiettes plates Capri 28 cm","og_description":"Sublimez vos tables avec une vaisselle color\u00e9e et \u00e9l\u00e9gante et ajoutez un peu d'\u00e9clat \u00e0 vos repas avec ces jolis citrons de la collection \"Capri\", inspir\u00e9e","og_url":"https:\/\/www.erresse-shop.it\/fr\/shop\/table-fr-2\/plats\/les-jardins-de-la-comtesse-lot-de-4-assiettes-a-dessert-capri-23-cm-copia\/","og_site_name":"Erresse Shop","article_modified_time":"2024-11-21T10:36:48+00:00","og_image":[{"width":1200,"height":1200,"url":"https:\/\/www.erresse-shop.it\/wp-content\/uploads\/2024\/11\/LES-JARDINS-DE-LA-COMTESSE-Set-4-Piatti-Piani-Capri-28-cm.jpg","type":"image\/jpeg"}],"twitter_card":"summary_large_image","schema":{"@context":"https:\/\/schema.org","@graph":[{"@type":"WebPage","@id":"https:\/\/www.erresse-shop.it\/fr\/shop\/table-fr-2\/plats\/les-jardins-de-la-comtesse-lot-de-4-assiettes-a-dessert-capri-23-cm-copia\/","url":"https:\/\/www.erresse-shop.it\/fr\/shop\/table-fr-2\/plats\/les-jardins-de-la-comtesse-lot-de-4-assiettes-a-dessert-capri-23-cm-copia\/","name":"LES JARDINS DE LA COMTESSE Set de 4 assiettes plates Capri 28 cm - Erresse Shop","isPartOf":{"@id":"https:\/\/www.erresse-shop.it\/fr\/#website"},"datePublished":"2024-11-21T10:12:54+00:00","dateModified":"2024-11-21T10:36:48+00:00","description":"Sublimez vos tables avec une vaisselle color\u00e9e et \u00e9l\u00e9gante et ajoutez un peu d'\u00e9clat \u00e0 vos repas avec ces jolis citrons de la collection \"Capri\", inspir\u00e9e","breadcrumb":{"@id":"https:\/\/www.erresse-shop.it\/fr\/shop\/table-fr-2\/plats\/les-jardins-de-la-comtesse-lot-de-4-assiettes-a-dessert-capri-23-cm-copia\/#breadcrumb"},"inLanguage":"fr-FR","potentialAction":[{"@type":"ReadAction","target":["https:\/\/www.erresse-shop.it\/fr\/shop\/table-fr-2\/plats\/les-jardins-de-la-comtesse-lot-de-4-assiettes-a-dessert-capri-23-cm-copia\/"]}]},{"@type":"BreadcrumbList","@id":"https:\/\/www.erresse-shop.it\/fr\/shop\/table-fr-2\/plats\/les-jardins-de-la-comtesse-lot-de-4-assiettes-a-dessert-capri-23-cm-copia\/#breadcrumb","itemListElement":[{"@type":"ListItem","position":1,"name":"Home","item":"https:\/\/www.erresse-shop.it\/fr\/"},{"@type":"ListItem","position":2,"name":"Shop","item":"https:\/\/www.erresse-shop.it\/fr\/shop\/"},{"@type":"ListItem","position":3,"name":"LES JARDINS DE LA COMTESSE Set de 4 assiettes plates Capri 28 cm"}]},{"@type":"WebSite","@id":"https:\/\/www.erresse-shop.it\/fr\/#website","url":"https:\/\/www.erresse-shop.it\/fr\/","name":"Erresse Shop","description":"Articoli di qualit\u00e0 per la casa","potentialAction":[{"@type":"SearchAction","target":{"@type":"EntryPoint","urlTemplate":"https:\/\/www.erresse-shop.it\/fr\/?s={search_term_string}"},"query-input":"required name=search_term_string"}],"inLanguage":"fr-FR"}]}},"df_price":27.302000000000003,"df_sale_price":27.302000000000003,"df_regular_price":49.64,"df_image_link":"https:\/\/www.erresse-shop.it\/wp-content\/uploads\/2024\/11\/LES-JARDINS-DE-LA-COMTESSE-Set-4-Piatti-Piani-Capri-28-cm-300x300.jpg","_links":{"self":[{"href":"https:\/\/www.erresse-shop.it\/fr\/wp-json\/wp\/v2\/product\/450151"}],"collection":[{"href":"https:\/\/www.erresse-shop.it\/fr\/wp-json\/wp\/v2\/product"}],"about":[{"href":"https:\/\/www.erresse-shop.it\/fr\/wp-json\/wp\/v2\/types\/product"}],"wp:featuredmedia":[{"embeddable":true,"href":"https:\/\/www.erresse-shop.it\/fr\/wp-json\/wp\/v2\/media\/491376"}],"wp:attachment":[{"href":"https:\/\/www.erresse-shop.it\/fr\/wp-json\/wp\/v2\/media?parent=450151"}],"wp:term":[{"taxonomy":"product_cat","embeddable":true,"href":"https:\/\/www.erresse-shop.it\/fr\/wp-json\/wp\/v2\/product_cat?post=450151"},{"taxonomy":"product_tag","embeddable":true,"href":"https:\/\/www.erresse-shop.it\/fr\/wp-json\/wp\/v2\/product_tag?post=450151"}],"curies":[{"name":"wp","href":"https:\/\/api.w.org\/{rel}","templated":true}]}}