{"id":450108,"date":"2024-11-21T08:59:09","date_gmt":"2024-11-21T08:59:11","guid":{"rendered":"https:\/\/www.erresse-shop.it\/?post_type=product&#038;p=450108"},"modified":"2025-07-10T20:38:06","modified_gmt":"2025-07-10T20:38:06","slug":"ooni-pelle-a-pizza-perforee-35-cm-copia-3","status":"publish","type":"product","link":"https:\/\/www.erresse-shop.it\/fr\/shop\/petits-electromenagers\/fours\/ooni-pelle-a-pizza-perforee-35-cm-copia-3\/","title":{"rendered":"OONI Pelle \u00e0 pizza ronde"},"content":{"rendered":"<p>Faites cuire vos pizzas plus rapidement avec la pelle \u00e0 pizza Ooni, en gardant les pizzas en contact avec la pierre de cuisson pendant que vous les retournez comme un ma\u00eetre pizzaiolo dans votre four \u00e0 pizza chaud Ooni. La surface en aluminium anodis\u00e9 durable de 18 cm a un effet antiadh\u00e9sif qui lui permet de glisser juste sous les pizzas, tandis que les trous permettent \u00e0 l&#8217;exc\u00e8s de farine de tomber pour une base parfaitement cuite.<\/p>\n<p><strong>Mat\u00e9riaux<\/strong>\u00a0:<\/p>\n<ul>\n<li>Aluminium anodis\u00e9<\/li>\n<li>Nylon renforc\u00e9 de fibres de verre.<\/li>\n<\/ul>\n<p><b>Important\u00a0:<\/b>Nettoyage et entretien\u00a0: Laver \u00e0 la main avec un d\u00e9tergent doux. Ne passe pas au lave-vaisselle<\/p>\n","protected":false},"excerpt":{"rendered":"<p>Faites cuire vos pizzas plus rapidement avec la pelle \u00e0 pizza Ooni, en gardant les pizzas en contact avec la<\/p>\n","protected":false},"featured_media":450119,"template":"","meta":{"_acf_changed":false,"inline_featured_image":false},"product_cat":[15660,12449],"product_tag":[17107,18050,12858,18051,13783],"acf":[],"yoast_head":"<!-- This site is optimized with the Yoast SEO Premium plugin v18.6 (Yoast SEO v19.13) - https:\/\/yoast.com\/wordpress\/plugins\/seo\/ -->\n<title>OONI Pelle \u00e0 pizza ronde - Erresse Shop<\/title>\n<meta name=\"description\" content=\"Faites cuire vos pizzas plus rapidement avec la pelle \u00e0 pizza Ooni, en gardant les pizzas en contact avec la pierre de cuisson pendant que vous les\" \/>\n<meta name=\"robots\" content=\"index, follow, max-snippet:-1, max-image-preview:large, max-video-preview:-1\" \/>\n<link rel=\"canonical\" href=\"https:\/\/www.erresse-shop.it\/fr\/shop\/petits-electromenagers\/fours\/ooni-pelle-a-pizza-perforee-35-cm-copia-3\/\" \/>\n<meta property=\"og:locale\" content=\"fr_FR\" \/>\n<meta property=\"og:type\" content=\"article\" \/>\n<meta property=\"og:title\" content=\"OONI Pelle \u00e0 pizza ronde\" \/>\n<meta property=\"og:description\" content=\"Faites cuire vos pizzas plus rapidement avec la pelle \u00e0 pizza Ooni, en gardant les pizzas en contact avec la pierre de cuisson pendant que vous les\" \/>\n<meta property=\"og:url\" content=\"https:\/\/www.erresse-shop.it\/fr\/shop\/petits-electromenagers\/fours\/ooni-pelle-a-pizza-perforee-35-cm-copia-3\/\" \/>\n<meta property=\"og:site_name\" content=\"Erresse Shop\" \/>\n<meta property=\"article:modified_time\" content=\"2025-07-10T20:38:06+00:00\" \/>\n<meta property=\"og:image\" content=\"https:\/\/www.erresse-shop.it\/wp-content\/uploads\/2024\/11\/OONI-Palino-tondo-per-pizza-Ooni.jpg\" \/>\n\t<meta property=\"og:image:width\" content=\"1200\" \/>\n\t<meta property=\"og:image:height\" content=\"1200\" \/>\n\t<meta property=\"og:image:type\" content=\"image\/jpeg\" \/>\n<meta name=\"twitter:card\" content=\"summary_large_image\" \/>\n<script type=\"application\/ld+json\" class=\"yoast-schema-graph\">{\"@context\":\"https:\/\/schema.org\",\"@graph\":[{\"@type\":\"WebPage\",\"@id\":\"https:\/\/www.erresse-shop.it\/fr\/shop\/petits-electromenagers\/fours\/ooni-pelle-a-pizza-perforee-35-cm-copia-3\/\",\"url\":\"https:\/\/www.erresse-shop.it\/fr\/shop\/petits-electromenagers\/fours\/ooni-pelle-a-pizza-perforee-35-cm-copia-3\/\",\"name\":\"OONI Pelle \u00e0 pizza ronde - Erresse Shop\",\"isPartOf\":{\"@id\":\"https:\/\/www.erresse-shop.it\/fr\/#website\"},\"datePublished\":\"2024-11-21T08:59:11+00:00\",\"dateModified\":\"2025-07-10T20:38:06+00:00\",\"description\":\"Faites cuire vos pizzas plus rapidement avec la pelle \u00e0 pizza Ooni, en gardant les pizzas en contact avec la pierre de cuisson pendant que vous les\",\"breadcrumb\":{\"@id\":\"https:\/\/www.erresse-shop.it\/fr\/shop\/petits-electromenagers\/fours\/ooni-pelle-a-pizza-perforee-35-cm-copia-3\/#breadcrumb\"},\"inLanguage\":\"fr-FR\",\"potentialAction\":[{\"@type\":\"ReadAction\",\"target\":[\"https:\/\/www.erresse-shop.it\/fr\/shop\/petits-electromenagers\/fours\/ooni-pelle-a-pizza-perforee-35-cm-copia-3\/\"]}]},{\"@type\":\"BreadcrumbList\",\"@id\":\"https:\/\/www.erresse-shop.it\/fr\/shop\/petits-electromenagers\/fours\/ooni-pelle-a-pizza-perforee-35-cm-copia-3\/#breadcrumb\",\"itemListElement\":[{\"@type\":\"ListItem\",\"position\":1,\"name\":\"Home\",\"item\":\"https:\/\/www.erresse-shop.it\/fr\/\"},{\"@type\":\"ListItem\",\"position\":2,\"name\":\"Shop\",\"item\":\"https:\/\/www.erresse-shop.it\/fr\/shop\/\"},{\"@type\":\"ListItem\",\"position\":3,\"name\":\"OONI Pelle \u00e0 pizza ronde\"}]},{\"@type\":\"WebSite\",\"@id\":\"https:\/\/www.erresse-shop.it\/fr\/#website\",\"url\":\"https:\/\/www.erresse-shop.it\/fr\/\",\"name\":\"Erresse Shop\",\"description\":\"Articoli di qualit\u00e0 per la casa\",\"potentialAction\":[{\"@type\":\"SearchAction\",\"target\":{\"@type\":\"EntryPoint\",\"urlTemplate\":\"https:\/\/www.erresse-shop.it\/fr\/?s={search_term_string}\"},\"query-input\":\"required name=search_term_string\"}],\"inLanguage\":\"fr-FR\"}]}<\/script>\n<!-- \/ Yoast SEO Premium plugin. -->","yoast_head_json":{"title":"OONI Pelle \u00e0 pizza ronde - Erresse Shop","description":"Faites cuire vos pizzas plus rapidement avec la pelle \u00e0 pizza Ooni, en gardant les pizzas en contact avec la pierre de cuisson pendant que vous les","robots":{"index":"index","follow":"follow","max-snippet":"max-snippet:-1","max-image-preview":"max-image-preview:large","max-video-preview":"max-video-preview:-1"},"canonical":"https:\/\/www.erresse-shop.it\/fr\/shop\/petits-electromenagers\/fours\/ooni-pelle-a-pizza-perforee-35-cm-copia-3\/","og_locale":"fr_FR","og_type":"article","og_title":"OONI Pelle \u00e0 pizza ronde","og_description":"Faites cuire vos pizzas plus rapidement avec la pelle \u00e0 pizza Ooni, en gardant les pizzas en contact avec la pierre de cuisson pendant que vous les","og_url":"https:\/\/www.erresse-shop.it\/fr\/shop\/petits-electromenagers\/fours\/ooni-pelle-a-pizza-perforee-35-cm-copia-3\/","og_site_name":"Erresse Shop","article_modified_time":"2025-07-10T20:38:06+00:00","og_image":[{"width":1200,"height":1200,"url":"https:\/\/www.erresse-shop.it\/wp-content\/uploads\/2024\/11\/OONI-Palino-tondo-per-pizza-Ooni.jpg","type":"image\/jpeg"}],"twitter_card":"summary_large_image","schema":{"@context":"https:\/\/schema.org","@graph":[{"@type":"WebPage","@id":"https:\/\/www.erresse-shop.it\/fr\/shop\/petits-electromenagers\/fours\/ooni-pelle-a-pizza-perforee-35-cm-copia-3\/","url":"https:\/\/www.erresse-shop.it\/fr\/shop\/petits-electromenagers\/fours\/ooni-pelle-a-pizza-perforee-35-cm-copia-3\/","name":"OONI Pelle \u00e0 pizza ronde - Erresse Shop","isPartOf":{"@id":"https:\/\/www.erresse-shop.it\/fr\/#website"},"datePublished":"2024-11-21T08:59:11+00:00","dateModified":"2025-07-10T20:38:06+00:00","description":"Faites cuire vos pizzas plus rapidement avec la pelle \u00e0 pizza Ooni, en gardant les pizzas en contact avec la pierre de cuisson pendant que vous les","breadcrumb":{"@id":"https:\/\/www.erresse-shop.it\/fr\/shop\/petits-electromenagers\/fours\/ooni-pelle-a-pizza-perforee-35-cm-copia-3\/#breadcrumb"},"inLanguage":"fr-FR","potentialAction":[{"@type":"ReadAction","target":["https:\/\/www.erresse-shop.it\/fr\/shop\/petits-electromenagers\/fours\/ooni-pelle-a-pizza-perforee-35-cm-copia-3\/"]}]},{"@type":"BreadcrumbList","@id":"https:\/\/www.erresse-shop.it\/fr\/shop\/petits-electromenagers\/fours\/ooni-pelle-a-pizza-perforee-35-cm-copia-3\/#breadcrumb","itemListElement":[{"@type":"ListItem","position":1,"name":"Home","item":"https:\/\/www.erresse-shop.it\/fr\/"},{"@type":"ListItem","position":2,"name":"Shop","item":"https:\/\/www.erresse-shop.it\/fr\/shop\/"},{"@type":"ListItem","position":3,"name":"OONI Pelle \u00e0 pizza ronde"}]},{"@type":"WebSite","@id":"https:\/\/www.erresse-shop.it\/fr\/#website","url":"https:\/\/www.erresse-shop.it\/fr\/","name":"Erresse Shop","description":"Articoli di qualit\u00e0 per la casa","potentialAction":[{"@type":"SearchAction","target":{"@type":"EntryPoint","urlTemplate":"https:\/\/www.erresse-shop.it\/fr\/?s={search_term_string}"},"query-input":"required name=search_term_string"}],"inLanguage":"fr-FR"}]}},"df_price":45,"df_sale_price":45,"df_regular_price":60,"df_image_link":"https:\/\/www.erresse-shop.it\/wp-content\/uploads\/2024\/11\/OONI-Palino-tondo-per-pizza-Ooni-300x300.jpg","_links":{"self":[{"href":"https:\/\/www.erresse-shop.it\/fr\/wp-json\/wp\/v2\/product\/450108"}],"collection":[{"href":"https:\/\/www.erresse-shop.it\/fr\/wp-json\/wp\/v2\/product"}],"about":[{"href":"https:\/\/www.erresse-shop.it\/fr\/wp-json\/wp\/v2\/types\/product"}],"wp:featuredmedia":[{"embeddable":true,"href":"https:\/\/www.erresse-shop.it\/fr\/wp-json\/wp\/v2\/media\/450119"}],"wp:attachment":[{"href":"https:\/\/www.erresse-shop.it\/fr\/wp-json\/wp\/v2\/media?parent=450108"}],"wp:term":[{"taxonomy":"product_cat","embeddable":true,"href":"https:\/\/www.erresse-shop.it\/fr\/wp-json\/wp\/v2\/product_cat?post=450108"},{"taxonomy":"product_tag","embeddable":true,"href":"https:\/\/www.erresse-shop.it\/fr\/wp-json\/wp\/v2\/product_tag?post=450108"}],"curies":[{"name":"wp","href":"https:\/\/api.w.org\/{rel}","templated":true}]}}