{"id":450001,"date":"2024-11-20T15:27:20","date_gmt":"2024-11-20T15:27:22","guid":{"rendered":"https:\/\/www.erresse-shop.it\/?post_type=product&#038;p=450001"},"modified":"2026-02-24T10:04:44","modified_gmt":"2026-02-24T10:04:44","slug":"galateo-friends-vinaigre-de-vin-beige-reims-champagne-ardenne-250-ml","status":"publish","type":"product","link":"https:\/\/www.erresse-shop.it\/fr\/shop\/table-fr-2\/huile-vinaigre-sel\/galateo-friends-vinaigre-de-vin-beige-reims-champagne-ardenne-250-ml\/","title":{"rendered":"GALATEO &#038; FRIENDS Vinaigre de Vin Beige Reims Champagne-Ardenne 250 ml"},"content":{"rendered":"<div class=\"flex-shrink-0 flex flex-col relative items-end\">\n<div>\n<div>\n<div class=\"gizmo-bot-avatar flex h-8 w-8 \u00e9l\u00e9ments-centre justifier-centre d\u00e9bordement-cach\u00e9 arrondi-plein\">\n<div class=\"relative p-1 round-sm flex items-center justification-center bg-token-main-surface-primary text-token-text-primary h-8 w-8\">Apporte l&#8217;\u00e9l\u00e9gance de la Champagne-Ardenne directement sur votre table avec le <strong>Vinaigre de Vin de Reims Champagne-Ardenne Beige<\/strong>. Ce vinaigre de vin fin, disponible en bouteille de 250 ml, est le r\u00e9sultat d&#8217;un processus de fermentation naturel qui rehausse son go\u00fbt raffin\u00e9 et \u00e9quilibr\u00e9, parfait pour ceux qui recherchent une touche de classe en cuisine.<\/div>\n<\/div>\n<\/div>\n<\/div>\n<\/div>\n<div class=\"group\/conversation-turn relative flex w-full min-w-0 flex-col agent-turn\">\n<div class=\"flex-col gap-1 md:gap-3\">\n<div class=\"flex max-w-full flex-col flex-grow\">\n<div class=\"min-h-8 text-message flex w-full flex-col items-end gap-2 whitespace-normal break-words [.text-message+&amp;]:mt-5\" dir=\"auto \" data-message-author-role=\"assistant\" data-message-id=\"189310f1-c2e0-4083-a94e-d66bac532abc\" data-message-model-slug=\"gpt-4o-mini\">\n<div class=\"flex w-full flex-col gap-1 vide: cach\u00e9 en premier:pt-[3px]\">\n<div class=\"markdown prose w-full break-words dark:prose-invert dark\">\n<p><strong>Principales fonctionnalit\u00e9s\u00a0:<\/strong><\/p>\n<ul>\n<li><strong>Capacit\u00e9<\/strong>\u00a0: Flacon de 250 ml, id\u00e9al pour un usage quotidien ou pour des pr\u00e9parations sp\u00e9ciales.<\/li>\n<li><strong>Saveur<\/strong>\u00a0: Une acidit\u00e9 douce et d\u00e9licate, avec des notes fruit\u00e9es et aromatiques qui donnent un profil gustatif unique et polyvalent.<\/li>\n<li><strong>Fermentation naturelle<\/strong>\u00a0: chaque bouteille est le r\u00e9sultat d&#8217;une fermentation minutieuse qui pr\u00e9serve le go\u00fbt authentique du vin, sans utilisation d&#8217;additifs artificiels.<\/li>\n<li><strong>Polyvalence<\/strong>\u00a0: parfait pour enrichir les salades, faire mariner la viande et le poisson, ou comme touche finale \u00e0 des plats gastronomiques.<\/li>\n<\/ul>\n<\/div>\n<\/div>\n<\/div>\n<\/div>\n<\/div>\n<\/div>\n","protected":false},"excerpt":{"rendered":"<p>Apporte l&#8217;\u00e9l\u00e9gance de la Champagne-Ardenne directement sur votre table avec le Vinaigre de Vin de Reims Champagne-Ardenne Beige. Ce vinaigre<\/p>\n","protected":false},"featured_media":450006,"template":"","meta":{"_acf_changed":false,"inline_featured_image":false},"product_cat":[25933,20473,12782],"product_tag":[14430],"acf":[],"yoast_head":"<!-- This site is optimized with the Yoast SEO Premium plugin v18.6 (Yoast SEO v19.13) - https:\/\/yoast.com\/wordpress\/plugins\/seo\/ -->\n<title>GALATEO &amp; FRIENDS Vinaigre de Vin Beige Reims Champagne-Ardenne 250 ml - Erresse Shop<\/title>\n<meta name=\"description\" content=\"Apporte l&#039;\u00e9l\u00e9gance de la Champagne-Ardenne directement sur votre table avec le Vinaigre de Vin de Reims Champagne-Ardenne Beige. Ce vinaigre de vin fin,\" \/>\n<meta name=\"robots\" content=\"index, follow, max-snippet:-1, max-image-preview:large, max-video-preview:-1\" \/>\n<link rel=\"canonical\" href=\"https:\/\/www.erresse-shop.it\/fr\/shop\/table-fr-2\/huile-vinaigre-sel\/galateo-friends-vinaigre-de-vin-beige-reims-champagne-ardenne-250-ml\/\" \/>\n<meta property=\"og:locale\" content=\"fr_FR\" \/>\n<meta property=\"og:type\" content=\"article\" \/>\n<meta property=\"og:title\" content=\"GALATEO &amp; FRIENDS Vinaigre de Vin Beige Reims Champagne-Ardenne 250 ml\" \/>\n<meta property=\"og:description\" content=\"Apporte l&#039;\u00e9l\u00e9gance de la Champagne-Ardenne directement sur votre table avec le Vinaigre de Vin de Reims Champagne-Ardenne Beige. Ce vinaigre de vin fin,\" \/>\n<meta property=\"og:url\" content=\"https:\/\/www.erresse-shop.it\/fr\/shop\/table-fr-2\/huile-vinaigre-sel\/galateo-friends-vinaigre-de-vin-beige-reims-champagne-ardenne-250-ml\/\" \/>\n<meta property=\"og:site_name\" content=\"Erresse Shop\" \/>\n<meta property=\"article:modified_time\" content=\"2026-02-24T10:04:44+00:00\" \/>\n<meta property=\"og:image\" content=\"https:\/\/www.erresse-shop.it\/wp-content\/uploads\/2024\/11\/GALATEO-FRIENDS-Beige-Aceto-di-vino-Reims-Champagne-Ardenne-250-ml.jpg\" \/>\n\t<meta property=\"og:image:width\" content=\"1200\" \/>\n\t<meta property=\"og:image:height\" content=\"1200\" \/>\n\t<meta property=\"og:image:type\" content=\"image\/jpeg\" \/>\n<meta name=\"twitter:card\" content=\"summary_large_image\" \/>\n<script type=\"application\/ld+json\" class=\"yoast-schema-graph\">{\"@context\":\"https:\/\/schema.org\",\"@graph\":[{\"@type\":\"WebPage\",\"@id\":\"https:\/\/www.erresse-shop.it\/fr\/shop\/table-fr-2\/huile-vinaigre-sel\/galateo-friends-vinaigre-de-vin-beige-reims-champagne-ardenne-250-ml\/\",\"url\":\"https:\/\/www.erresse-shop.it\/fr\/shop\/table-fr-2\/huile-vinaigre-sel\/galateo-friends-vinaigre-de-vin-beige-reims-champagne-ardenne-250-ml\/\",\"name\":\"GALATEO & FRIENDS Vinaigre de Vin Beige Reims Champagne-Ardenne 250 ml - Erresse Shop\",\"isPartOf\":{\"@id\":\"https:\/\/www.erresse-shop.it\/fr\/#website\"},\"datePublished\":\"2024-11-20T15:27:22+00:00\",\"dateModified\":\"2026-02-24T10:04:44+00:00\",\"description\":\"Apporte l'\u00e9l\u00e9gance de la Champagne-Ardenne directement sur votre table avec le Vinaigre de Vin de Reims Champagne-Ardenne Beige. Ce vinaigre de vin fin,\",\"breadcrumb\":{\"@id\":\"https:\/\/www.erresse-shop.it\/fr\/shop\/table-fr-2\/huile-vinaigre-sel\/galateo-friends-vinaigre-de-vin-beige-reims-champagne-ardenne-250-ml\/#breadcrumb\"},\"inLanguage\":\"fr-FR\",\"potentialAction\":[{\"@type\":\"ReadAction\",\"target\":[\"https:\/\/www.erresse-shop.it\/fr\/shop\/table-fr-2\/huile-vinaigre-sel\/galateo-friends-vinaigre-de-vin-beige-reims-champagne-ardenne-250-ml\/\"]}]},{\"@type\":\"BreadcrumbList\",\"@id\":\"https:\/\/www.erresse-shop.it\/fr\/shop\/table-fr-2\/huile-vinaigre-sel\/galateo-friends-vinaigre-de-vin-beige-reims-champagne-ardenne-250-ml\/#breadcrumb\",\"itemListElement\":[{\"@type\":\"ListItem\",\"position\":1,\"name\":\"Home\",\"item\":\"https:\/\/www.erresse-shop.it\/fr\/\"},{\"@type\":\"ListItem\",\"position\":2,\"name\":\"Shop\",\"item\":\"https:\/\/www.erresse-shop.it\/fr\/shop\/\"},{\"@type\":\"ListItem\",\"position\":3,\"name\":\"GALATEO &#038; FRIENDS Vinaigre de Vin Beige Reims Champagne-Ardenne 250 ml\"}]},{\"@type\":\"WebSite\",\"@id\":\"https:\/\/www.erresse-shop.it\/fr\/#website\",\"url\":\"https:\/\/www.erresse-shop.it\/fr\/\",\"name\":\"Erresse Shop\",\"description\":\"Articoli di qualit\u00e0 per la casa\",\"potentialAction\":[{\"@type\":\"SearchAction\",\"target\":{\"@type\":\"EntryPoint\",\"urlTemplate\":\"https:\/\/www.erresse-shop.it\/fr\/?s={search_term_string}\"},\"query-input\":\"required name=search_term_string\"}],\"inLanguage\":\"fr-FR\"}]}<\/script>\n<!-- \/ Yoast SEO Premium plugin. -->","yoast_head_json":{"title":"GALATEO & FRIENDS Vinaigre de Vin Beige Reims Champagne-Ardenne 250 ml - Erresse Shop","description":"Apporte l'\u00e9l\u00e9gance de la Champagne-Ardenne directement sur votre table avec le Vinaigre de Vin de Reims Champagne-Ardenne Beige. Ce vinaigre de vin fin,","robots":{"index":"index","follow":"follow","max-snippet":"max-snippet:-1","max-image-preview":"max-image-preview:large","max-video-preview":"max-video-preview:-1"},"canonical":"https:\/\/www.erresse-shop.it\/fr\/shop\/table-fr-2\/huile-vinaigre-sel\/galateo-friends-vinaigre-de-vin-beige-reims-champagne-ardenne-250-ml\/","og_locale":"fr_FR","og_type":"article","og_title":"GALATEO & FRIENDS Vinaigre de Vin Beige Reims Champagne-Ardenne 250 ml","og_description":"Apporte l'\u00e9l\u00e9gance de la Champagne-Ardenne directement sur votre table avec le Vinaigre de Vin de Reims Champagne-Ardenne Beige. Ce vinaigre de vin fin,","og_url":"https:\/\/www.erresse-shop.it\/fr\/shop\/table-fr-2\/huile-vinaigre-sel\/galateo-friends-vinaigre-de-vin-beige-reims-champagne-ardenne-250-ml\/","og_site_name":"Erresse Shop","article_modified_time":"2026-02-24T10:04:44+00:00","og_image":[{"width":1200,"height":1200,"url":"https:\/\/www.erresse-shop.it\/wp-content\/uploads\/2024\/11\/GALATEO-FRIENDS-Beige-Aceto-di-vino-Reims-Champagne-Ardenne-250-ml.jpg","type":"image\/jpeg"}],"twitter_card":"summary_large_image","schema":{"@context":"https:\/\/schema.org","@graph":[{"@type":"WebPage","@id":"https:\/\/www.erresse-shop.it\/fr\/shop\/table-fr-2\/huile-vinaigre-sel\/galateo-friends-vinaigre-de-vin-beige-reims-champagne-ardenne-250-ml\/","url":"https:\/\/www.erresse-shop.it\/fr\/shop\/table-fr-2\/huile-vinaigre-sel\/galateo-friends-vinaigre-de-vin-beige-reims-champagne-ardenne-250-ml\/","name":"GALATEO & FRIENDS Vinaigre de Vin Beige Reims Champagne-Ardenne 250 ml - Erresse Shop","isPartOf":{"@id":"https:\/\/www.erresse-shop.it\/fr\/#website"},"datePublished":"2024-11-20T15:27:22+00:00","dateModified":"2026-02-24T10:04:44+00:00","description":"Apporte l'\u00e9l\u00e9gance de la Champagne-Ardenne directement sur votre table avec le Vinaigre de Vin de Reims Champagne-Ardenne Beige. Ce vinaigre de vin fin,","breadcrumb":{"@id":"https:\/\/www.erresse-shop.it\/fr\/shop\/table-fr-2\/huile-vinaigre-sel\/galateo-friends-vinaigre-de-vin-beige-reims-champagne-ardenne-250-ml\/#breadcrumb"},"inLanguage":"fr-FR","potentialAction":[{"@type":"ReadAction","target":["https:\/\/www.erresse-shop.it\/fr\/shop\/table-fr-2\/huile-vinaigre-sel\/galateo-friends-vinaigre-de-vin-beige-reims-champagne-ardenne-250-ml\/"]}]},{"@type":"BreadcrumbList","@id":"https:\/\/www.erresse-shop.it\/fr\/shop\/table-fr-2\/huile-vinaigre-sel\/galateo-friends-vinaigre-de-vin-beige-reims-champagne-ardenne-250-ml\/#breadcrumb","itemListElement":[{"@type":"ListItem","position":1,"name":"Home","item":"https:\/\/www.erresse-shop.it\/fr\/"},{"@type":"ListItem","position":2,"name":"Shop","item":"https:\/\/www.erresse-shop.it\/fr\/shop\/"},{"@type":"ListItem","position":3,"name":"GALATEO &#038; FRIENDS Vinaigre de Vin Beige Reims Champagne-Ardenne 250 ml"}]},{"@type":"WebSite","@id":"https:\/\/www.erresse-shop.it\/fr\/#website","url":"https:\/\/www.erresse-shop.it\/fr\/","name":"Erresse Shop","description":"Articoli di qualit\u00e0 per la casa","potentialAction":[{"@type":"SearchAction","target":{"@type":"EntryPoint","urlTemplate":"https:\/\/www.erresse-shop.it\/fr\/?s={search_term_string}"},"query-input":"required name=search_term_string"}],"inLanguage":"fr-FR"}]}},"df_price":15,"df_sale_price":15,"df_regular_price":15,"df_image_link":"https:\/\/www.erresse-shop.it\/wp-content\/uploads\/2024\/11\/GALATEO-FRIENDS-Beige-Aceto-di-vino-Reims-Champagne-Ardenne-250-ml-300x300.jpg","_links":{"self":[{"href":"https:\/\/www.erresse-shop.it\/fr\/wp-json\/wp\/v2\/product\/450001"}],"collection":[{"href":"https:\/\/www.erresse-shop.it\/fr\/wp-json\/wp\/v2\/product"}],"about":[{"href":"https:\/\/www.erresse-shop.it\/fr\/wp-json\/wp\/v2\/types\/product"}],"wp:featuredmedia":[{"embeddable":true,"href":"https:\/\/www.erresse-shop.it\/fr\/wp-json\/wp\/v2\/media\/450006"}],"wp:attachment":[{"href":"https:\/\/www.erresse-shop.it\/fr\/wp-json\/wp\/v2\/media?parent=450001"}],"wp:term":[{"taxonomy":"product_cat","embeddable":true,"href":"https:\/\/www.erresse-shop.it\/fr\/wp-json\/wp\/v2\/product_cat?post=450001"},{"taxonomy":"product_tag","embeddable":true,"href":"https:\/\/www.erresse-shop.it\/fr\/wp-json\/wp\/v2\/product_tag?post=450001"}],"curies":[{"name":"wp","href":"https:\/\/api.w.org\/{rel}","templated":true}]}}