{"id":449982,"date":"2024-11-20T13:52:11","date_gmt":"2024-11-20T13:52:12","guid":{"rendered":"https:\/\/www.erresse-shop.it\/?post_type=product&#038;p=449982"},"modified":"2024-12-09T13:34:04","modified_gmt":"2024-12-09T13:34:04","slug":"galateo-friends-burton-morris-coffret-cadeau-3-bouteilles-copia","status":"publish","type":"product","link":"https:\/\/www.erresse-shop.it\/fr\/shop\/table-fr-2\/huile-vinaigre-sel\/galateo-friends-burton-morris-coffret-cadeau-3-bouteilles-copia\/","title":{"rendered":"GALATEO &#038; FRIENDS Codalunga Coffret Cadeau 1 Bouteille Huile d&#8217;olive extra vierge"},"content":{"rendered":"<div classe=\"\">\n<div classe=\"\">\n<div classe=\"\">\n<div class=\"\" dir=\"auto\">\n<div class=\"\" dir=\"auto\">\n<div class=\"\" dir=\"auto\">\n<div class=\"\" dir=\"auto\">\n<div classe=\"\">\n<div classe=\"\">\n<div classe=\"\">\n<div classe=\"\">\n<div classe=\"\">\n<div classe=\"\">\n<div classe=\"\">\n<div classe=\"\">\n<div classe=\"\">\n<div classe=\"\">\n<div classe=\"\">\n<div classe=\"\">\n<div classe=\"\">\n<div classe=\"\">\n<div classe=\"\">\n<div classe=\"\">\n<div classe=\"\">\n<div classe=\"\">\n<div classe=\"\">\n<div class=\"\"><strong><span class=\"\">OLIVES VANILLE CHEZ VILLAIN LOVE<\/span><\/strong><\/div>\n<\/div>\n<div>\n<div class=\"group\/conversation-turn relative flex w-full min-w-0 flex-col agent-turn\">\n<div class=\"flex-col gap-1 md:gap-3\">\n<div class=\"flex max-w-full flex-col flex-grow\">\n<div class=\"min-h-8 text-message flex w-full flex-col items-end gap-2 whitespace-normal break-words [.text-message+&amp;]:mt-5\" dir=\"auto \" data-message-author-role=\"assistant\" data-message-id=\"6a6aa8b4-9ecd-4451-9a9f-e2700f608f39\" data-message-model-slug=\"gpt-4o-mini\">\n<div class=\"flex w-full flex-col gap-1 vide: cach\u00e9 en premier:pt-[3px]\">\n<div class=\"markdown prose w-full break-words dark:prose-invert dark\">\n<p>D\u00e9couvrez <em>Vanilla Olive a Villain Love<\/em>, l&#8217;huile d&#8217;olive extra vierge qui allie tradition et innovation dans une exp\u00e9rience gustative in\u00e9gal\u00e9e. Chaque flacon contient une huile fine, obtenue \u00e0 partir d&#8217;olives s\u00e9lectionn\u00e9es avec le plus grand soin, press\u00e9es \u00e0 froid pour pr\u00e9server au mieux leurs propri\u00e9t\u00e9s naturelles. Le r\u00e9sultat est une huile au go\u00fbt unique, qui se distingue par son harmonie entre une douceur d\u00e9licate et une note incomparable de vanille, cr\u00e9ant un \u00e9quilibre parfait pour sublimer chaque plat.<\/p>\n<p>Ce pack de 1 bouteille est id\u00e9al pour ceux qui recherchent un produit raffin\u00e9, qui non seulement enrichit les recettes quotidiennes, mais transforme chaque pr\u00e9paration en une exp\u00e9rience gourmande. Parfait pour assaisonner les salades fra\u00eeches, le carpaccio, la bruschetta et les plats de poisson, <em>Vanilla Olive a Villain Love<\/em> ajoute une profondeur de saveur qui conquiert m\u00eame les palais les plus exigeants.<\/p>\n<\/div>\n<\/div>\n<\/div>\n<\/div>\n<\/div>\n<\/div>\n<\/div>\n<div classe=\"\">\n<div><\/div>\n<div class=\"\">Huile d&#8217;Olive Extra Vierge et Vanille Bourbun de Madagascar 250 ml<\/div>\n<\/div>\n<\/div>\n<\/div>\n<\/div>\n<\/div>\n<\/div>\n<\/div>\n<\/div>\n<\/div>\n<\/div>\n<\/div>\n<\/div>\n<\/div>\n<\/div>\n<\/div>\n<\/div>\n<\/div>\n<\/div>\n<\/div>\n<\/div>\n<\/div>\n<\/div>\n<\/div>\n<\/div>\n<\/div>\n<\/div>\n","protected":false},"excerpt":{"rendered":"<p>OLIVES VANILLE CHEZ VILLAIN LOVE D\u00e9couvrez Vanilla Olive a Villain Love, l&#8217;huile d&#8217;olive extra vierge qui allie tradition et innovation<\/p>\n","protected":false},"featured_media":449987,"template":"","meta":{"_acf_changed":false,"inline_featured_image":false},"product_cat":[25933,20473,12782],"product_tag":[20181],"acf":[],"yoast_head":"<!-- This site is optimized with the Yoast SEO Premium plugin v18.6 (Yoast SEO v19.13) - https:\/\/yoast.com\/wordpress\/plugins\/seo\/ -->\n<title>GALATEO &amp; FRIENDS Codalunga Coffret Cadeau 1 Bouteille Huile d&#039;olive extra vierge - Erresse Shop<\/title>\n<meta name=\"description\" content=\"OLIVES VANILLE CHEZ VILLAIN LOVE D\u00e9couvrez Vanilla Olive a Villain Love, l&#039;huile d&#039;olive extra vierge qui allie tradition et innovation dans une\" \/>\n<meta name=\"robots\" content=\"index, follow, max-snippet:-1, max-image-preview:large, max-video-preview:-1\" \/>\n<link rel=\"canonical\" href=\"https:\/\/www.erresse-shop.it\/fr\/shop\/table-fr-2\/huile-vinaigre-sel\/galateo-friends-burton-morris-coffret-cadeau-3-bouteilles-copia\/\" \/>\n<meta property=\"og:locale\" content=\"fr_FR\" \/>\n<meta property=\"og:type\" content=\"article\" \/>\n<meta property=\"og:title\" content=\"GALATEO &amp; FRIENDS Codalunga Coffret Cadeau 1 Bouteille Huile d&#039;olive extra vierge\" \/>\n<meta property=\"og:description\" content=\"OLIVES VANILLE CHEZ VILLAIN LOVE D\u00e9couvrez Vanilla Olive a Villain Love, l&#039;huile d&#039;olive extra vierge qui allie tradition et innovation dans une\" \/>\n<meta property=\"og:url\" content=\"https:\/\/www.erresse-shop.it\/fr\/shop\/table-fr-2\/huile-vinaigre-sel\/galateo-friends-burton-morris-coffret-cadeau-3-bouteilles-copia\/\" \/>\n<meta property=\"og:site_name\" content=\"Erresse Shop\" \/>\n<meta property=\"article:modified_time\" content=\"2024-12-09T13:34:04+00:00\" \/>\n<meta property=\"og:image\" content=\"https:\/\/www.erresse-shop.it\/wp-content\/uploads\/2024\/11\/GALATEO-FRIENDS-Codalunga-Confezione-Regalo-1-Bottiglia.jpg\" \/>\n\t<meta property=\"og:image:width\" content=\"1200\" \/>\n\t<meta property=\"og:image:height\" content=\"1200\" \/>\n\t<meta property=\"og:image:type\" content=\"image\/jpeg\" \/>\n<meta name=\"twitter:card\" content=\"summary_large_image\" \/>\n<script type=\"application\/ld+json\" class=\"yoast-schema-graph\">{\"@context\":\"https:\/\/schema.org\",\"@graph\":[{\"@type\":\"WebPage\",\"@id\":\"https:\/\/www.erresse-shop.it\/fr\/shop\/table-fr-2\/huile-vinaigre-sel\/galateo-friends-burton-morris-coffret-cadeau-3-bouteilles-copia\/\",\"url\":\"https:\/\/www.erresse-shop.it\/fr\/shop\/table-fr-2\/huile-vinaigre-sel\/galateo-friends-burton-morris-coffret-cadeau-3-bouteilles-copia\/\",\"name\":\"GALATEO & FRIENDS Codalunga Coffret Cadeau 1 Bouteille Huile d'olive extra vierge - Erresse Shop\",\"isPartOf\":{\"@id\":\"https:\/\/www.erresse-shop.it\/fr\/#website\"},\"datePublished\":\"2024-11-20T13:52:12+00:00\",\"dateModified\":\"2024-12-09T13:34:04+00:00\",\"description\":\"OLIVES VANILLE CHEZ VILLAIN LOVE D\u00e9couvrez Vanilla Olive a Villain Love, l'huile d'olive extra vierge qui allie tradition et innovation dans une\",\"breadcrumb\":{\"@id\":\"https:\/\/www.erresse-shop.it\/fr\/shop\/table-fr-2\/huile-vinaigre-sel\/galateo-friends-burton-morris-coffret-cadeau-3-bouteilles-copia\/#breadcrumb\"},\"inLanguage\":\"fr-FR\",\"potentialAction\":[{\"@type\":\"ReadAction\",\"target\":[\"https:\/\/www.erresse-shop.it\/fr\/shop\/table-fr-2\/huile-vinaigre-sel\/galateo-friends-burton-morris-coffret-cadeau-3-bouteilles-copia\/\"]}]},{\"@type\":\"BreadcrumbList\",\"@id\":\"https:\/\/www.erresse-shop.it\/fr\/shop\/table-fr-2\/huile-vinaigre-sel\/galateo-friends-burton-morris-coffret-cadeau-3-bouteilles-copia\/#breadcrumb\",\"itemListElement\":[{\"@type\":\"ListItem\",\"position\":1,\"name\":\"Home\",\"item\":\"https:\/\/www.erresse-shop.it\/fr\/\"},{\"@type\":\"ListItem\",\"position\":2,\"name\":\"Shop\",\"item\":\"https:\/\/www.erresse-shop.it\/fr\/shop\/\"},{\"@type\":\"ListItem\",\"position\":3,\"name\":\"GALATEO &#038; FRIENDS Codalunga Coffret Cadeau 1 Bouteille Huile d&#8217;olive extra vierge\"}]},{\"@type\":\"WebSite\",\"@id\":\"https:\/\/www.erresse-shop.it\/fr\/#website\",\"url\":\"https:\/\/www.erresse-shop.it\/fr\/\",\"name\":\"Erresse Shop\",\"description\":\"Articoli di qualit\u00e0 per la casa\",\"potentialAction\":[{\"@type\":\"SearchAction\",\"target\":{\"@type\":\"EntryPoint\",\"urlTemplate\":\"https:\/\/www.erresse-shop.it\/fr\/?s={search_term_string}\"},\"query-input\":\"required name=search_term_string\"}],\"inLanguage\":\"fr-FR\"}]}<\/script>\n<!-- \/ Yoast SEO Premium plugin. -->","yoast_head_json":{"title":"GALATEO & FRIENDS Codalunga Coffret Cadeau 1 Bouteille Huile d'olive extra vierge - Erresse Shop","description":"OLIVES VANILLE CHEZ VILLAIN LOVE D\u00e9couvrez Vanilla Olive a Villain Love, l'huile d'olive extra vierge qui allie tradition et innovation dans une","robots":{"index":"index","follow":"follow","max-snippet":"max-snippet:-1","max-image-preview":"max-image-preview:large","max-video-preview":"max-video-preview:-1"},"canonical":"https:\/\/www.erresse-shop.it\/fr\/shop\/table-fr-2\/huile-vinaigre-sel\/galateo-friends-burton-morris-coffret-cadeau-3-bouteilles-copia\/","og_locale":"fr_FR","og_type":"article","og_title":"GALATEO & FRIENDS Codalunga Coffret Cadeau 1 Bouteille Huile d'olive extra vierge","og_description":"OLIVES VANILLE CHEZ VILLAIN LOVE D\u00e9couvrez Vanilla Olive a Villain Love, l'huile d'olive extra vierge qui allie tradition et innovation dans une","og_url":"https:\/\/www.erresse-shop.it\/fr\/shop\/table-fr-2\/huile-vinaigre-sel\/galateo-friends-burton-morris-coffret-cadeau-3-bouteilles-copia\/","og_site_name":"Erresse Shop","article_modified_time":"2024-12-09T13:34:04+00:00","og_image":[{"width":1200,"height":1200,"url":"https:\/\/www.erresse-shop.it\/wp-content\/uploads\/2024\/11\/GALATEO-FRIENDS-Codalunga-Confezione-Regalo-1-Bottiglia.jpg","type":"image\/jpeg"}],"twitter_card":"summary_large_image","schema":{"@context":"https:\/\/schema.org","@graph":[{"@type":"WebPage","@id":"https:\/\/www.erresse-shop.it\/fr\/shop\/table-fr-2\/huile-vinaigre-sel\/galateo-friends-burton-morris-coffret-cadeau-3-bouteilles-copia\/","url":"https:\/\/www.erresse-shop.it\/fr\/shop\/table-fr-2\/huile-vinaigre-sel\/galateo-friends-burton-morris-coffret-cadeau-3-bouteilles-copia\/","name":"GALATEO & FRIENDS Codalunga Coffret Cadeau 1 Bouteille Huile d'olive extra vierge - Erresse Shop","isPartOf":{"@id":"https:\/\/www.erresse-shop.it\/fr\/#website"},"datePublished":"2024-11-20T13:52:12+00:00","dateModified":"2024-12-09T13:34:04+00:00","description":"OLIVES VANILLE CHEZ VILLAIN LOVE D\u00e9couvrez Vanilla Olive a Villain Love, l'huile d'olive extra vierge qui allie tradition et innovation dans une","breadcrumb":{"@id":"https:\/\/www.erresse-shop.it\/fr\/shop\/table-fr-2\/huile-vinaigre-sel\/galateo-friends-burton-morris-coffret-cadeau-3-bouteilles-copia\/#breadcrumb"},"inLanguage":"fr-FR","potentialAction":[{"@type":"ReadAction","target":["https:\/\/www.erresse-shop.it\/fr\/shop\/table-fr-2\/huile-vinaigre-sel\/galateo-friends-burton-morris-coffret-cadeau-3-bouteilles-copia\/"]}]},{"@type":"BreadcrumbList","@id":"https:\/\/www.erresse-shop.it\/fr\/shop\/table-fr-2\/huile-vinaigre-sel\/galateo-friends-burton-morris-coffret-cadeau-3-bouteilles-copia\/#breadcrumb","itemListElement":[{"@type":"ListItem","position":1,"name":"Home","item":"https:\/\/www.erresse-shop.it\/fr\/"},{"@type":"ListItem","position":2,"name":"Shop","item":"https:\/\/www.erresse-shop.it\/fr\/shop\/"},{"@type":"ListItem","position":3,"name":"GALATEO &#038; FRIENDS Codalunga Coffret Cadeau 1 Bouteille Huile d&#8217;olive extra vierge"}]},{"@type":"WebSite","@id":"https:\/\/www.erresse-shop.it\/fr\/#website","url":"https:\/\/www.erresse-shop.it\/fr\/","name":"Erresse Shop","description":"Articoli di qualit\u00e0 per la casa","potentialAction":[{"@type":"SearchAction","target":{"@type":"EntryPoint","urlTemplate":"https:\/\/www.erresse-shop.it\/fr\/?s={search_term_string}"},"query-input":"required name=search_term_string"}],"inLanguage":"fr-FR"}]}},"df_price":58,"df_sale_price":58,"df_regular_price":58,"df_image_link":"https:\/\/www.erresse-shop.it\/wp-content\/uploads\/2024\/11\/GALATEO-FRIENDS-Codalunga-Confezione-Regalo-1-Bottiglia-300x300.jpg","_links":{"self":[{"href":"https:\/\/www.erresse-shop.it\/fr\/wp-json\/wp\/v2\/product\/449982"}],"collection":[{"href":"https:\/\/www.erresse-shop.it\/fr\/wp-json\/wp\/v2\/product"}],"about":[{"href":"https:\/\/www.erresse-shop.it\/fr\/wp-json\/wp\/v2\/types\/product"}],"wp:featuredmedia":[{"embeddable":true,"href":"https:\/\/www.erresse-shop.it\/fr\/wp-json\/wp\/v2\/media\/449987"}],"wp:attachment":[{"href":"https:\/\/www.erresse-shop.it\/fr\/wp-json\/wp\/v2\/media?parent=449982"}],"wp:term":[{"taxonomy":"product_cat","embeddable":true,"href":"https:\/\/www.erresse-shop.it\/fr\/wp-json\/wp\/v2\/product_cat?post=449982"},{"taxonomy":"product_tag","embeddable":true,"href":"https:\/\/www.erresse-shop.it\/fr\/wp-json\/wp\/v2\/product_tag?post=449982"}],"curies":[{"name":"wp","href":"https:\/\/api.w.org\/{rel}","templated":true}]}}