{"id":449948,"date":"2024-11-20T11:54:06","date_gmt":"2024-11-20T11:54:07","guid":{"rendered":"https:\/\/www.erresse-shop.it\/?post_type=product&#038;p=449948"},"modified":"2024-12-09T13:33:42","modified_gmt":"2024-12-09T13:33:42","slug":"galateo-friends-antonio-marras-coffret-cadeau-2-bouteilles-copia","status":"publish","type":"product","link":"https:\/\/www.erresse-shop.it\/fr\/shop\/table-fr-2\/huile-vinaigre-sel\/galateo-friends-antonio-marras-coffret-cadeau-2-bouteilles-copia\/","title":{"rendered":"GALATEO &#038; FRIENDS Burton Morris Coffret Cadeau 3 bouteilles Huile et vinaigre"},"content":{"rendered":"<div classe=\"\">\n<div classe=\"\">\n<div classe=\"\">\n<div class=\"\" dir=\"auto\">\n<div class=\"\" dir=\"auto\">\n<div class=\"\" dir=\"auto\">\n<div class=\"\" dir=\"auto\">\n<div classe=\"\">\n<div classe=\"\">\n<div classe=\"\">\n<div classe=\"\">\n<div classe=\"\">\n<div classe=\"\">\n<div classe=\"\">\n<div classe=\"\">\n<div classe=\"\">\n<div classe=\"\">\n<div classe=\"\">\n<div classe=\"\">\n<div classe=\"\">\n<div classe=\"\">\n<div classe=\"\">\n<div classe=\"\">\n<div classe=\"\">\n<div classe=\"\">\n<div classe=\"\">\n<p>D\u00e9couvrez le raffinement et la qualit\u00e9 du <strong>Burton Morris Gift Box<\/strong>, un coffret exclusif compos\u00e9 de trois produits raffin\u00e9s qui rehaussent les saveurs de la tradition m\u00e9diterran\u00e9enne. Parfait pour ceux qui recherchent le meilleur en cuisine ou pour un cadeau gastronomique chic.<\/p>\n<p><strong>D\u00e9finir le contenu\u00a0:<\/strong><\/p>\n<ul>\n<li><strong>Huile d&#8217;olive extra vierge Taggiasca Cultivar BURTON MORRIS (250 ml)<\/strong>\u00a0: Sa saveur fruit\u00e9e et l\u00e9g\u00e8rement \u00e9pic\u00e9e la rend parfaite pour assaisonner les salades, les bruschettas et les plats \u00e0 base de poisson.<\/li>\n<li><strong>Vinaigre Balsamique de Mod\u00e8ne BURTON MORRIS (250 ml)<\/strong>\u00a0: Un vinaigre au go\u00fbt doux et fort, capable d&#8217;enrichir chaque plat d&#8217;une note sophistiqu\u00e9e. Parfait pour mariner les viandes, les l\u00e9gumes grill\u00e9s ou pour utiliser dans les sauces et les r\u00e9ductions.<\/li>\n<li><strong>Vinaigre de vin BURTON MORRIS (250 ml)<\/strong>\u00a0: Un vinaigre au go\u00fbt frais et \u00e9quilibr\u00e9, id\u00e9al pour donner un coup de fouet suppl\u00e9mentaire aux vinaigrettes, salades et plats \u00e0 base de viande ou de poisson. Sa polyvalence en fait un ingr\u00e9dient essentiel pour chaque cuisine.<\/li>\n<\/ul>\n<p><strong>Caract\u00e9ristiques\u00a0:<\/strong><\/p>\n<ul>\n<li>Emballage \u00e9l\u00e9gant et pratique, parfait pour toutes les occasions.<\/li>\n<li>Des produits de haute qualit\u00e9, issus des meilleures traditions italiennes.<\/li>\n<li>Id\u00e9al pour les passionn\u00e9s de cuisine et pour ceux qui aiment d\u00e9couvrir de nouvelles saveurs.<\/li>\n<\/ul>\n<\/div>\n<\/div>\n<\/div>\n<\/div>\n<\/div>\n<\/div>\n<\/div>\n<\/div>\n<\/div>\n<\/div>\n<\/div>\n<\/div>\n<\/div>\n<\/div>\n<\/div>\n<\/div>\n<\/div>\n<\/div>\n<\/div>\n<\/div>\n<\/div>\n<\/div>\n<\/div>\n<\/div>\n<\/div>\n<\/div>\n","protected":false},"excerpt":{"rendered":"<p>D\u00e9couvrez le raffinement et la qualit\u00e9 du Burton Morris Gift Box, un coffret exclusif compos\u00e9 de trois produits raffin\u00e9s qui<\/p>\n","protected":false},"featured_media":449965,"template":"","meta":{"_acf_changed":false,"inline_featured_image":false},"product_cat":[25933,20473,12782],"product_tag":[20181],"acf":[],"yoast_head":"<!-- This site is optimized with the Yoast SEO Premium plugin v18.6 (Yoast SEO v19.13) - https:\/\/yoast.com\/wordpress\/plugins\/seo\/ -->\n<title>GALATEO &amp; FRIENDS Burton Morris Coffret Cadeau 3 bouteilles Huile et vinaigre - Erresse Shop<\/title>\n<meta name=\"description\" content=\"D\u00e9couvrez le raffinement et la qualit\u00e9 du Burton Morris Gift Box, un coffret exclusif compos\u00e9 de trois produits raffin\u00e9s qui rehaussent les saveurs de la\" \/>\n<meta name=\"robots\" content=\"index, follow, max-snippet:-1, max-image-preview:large, max-video-preview:-1\" \/>\n<link rel=\"canonical\" href=\"https:\/\/www.erresse-shop.it\/fr\/shop\/table-fr-2\/huile-vinaigre-sel\/galateo-friends-antonio-marras-coffret-cadeau-2-bouteilles-copia\/\" \/>\n<meta property=\"og:locale\" content=\"fr_FR\" \/>\n<meta property=\"og:type\" content=\"article\" \/>\n<meta property=\"og:title\" content=\"GALATEO &amp; FRIENDS Burton Morris Coffret Cadeau 3 bouteilles Huile et vinaigre\" \/>\n<meta property=\"og:description\" content=\"D\u00e9couvrez le raffinement et la qualit\u00e9 du Burton Morris Gift Box, un coffret exclusif compos\u00e9 de trois produits raffin\u00e9s qui rehaussent les saveurs de la\" \/>\n<meta property=\"og:url\" content=\"https:\/\/www.erresse-shop.it\/fr\/shop\/table-fr-2\/huile-vinaigre-sel\/galateo-friends-antonio-marras-coffret-cadeau-2-bouteilles-copia\/\" \/>\n<meta property=\"og:site_name\" content=\"Erresse Shop\" \/>\n<meta property=\"article:modified_time\" content=\"2024-12-09T13:33:42+00:00\" \/>\n<meta property=\"og:image\" content=\"https:\/\/www.erresse-shop.it\/wp-content\/uploads\/2024\/11\/GALATEO-FRIENDS-Burton-Morris-Confezione-Regalo-3-Bottiglie.jpg\" \/>\n\t<meta property=\"og:image:width\" content=\"1200\" \/>\n\t<meta property=\"og:image:height\" content=\"1200\" \/>\n\t<meta property=\"og:image:type\" content=\"image\/jpeg\" \/>\n<meta name=\"twitter:card\" content=\"summary_large_image\" \/>\n<script type=\"application\/ld+json\" class=\"yoast-schema-graph\">{\"@context\":\"https:\/\/schema.org\",\"@graph\":[{\"@type\":\"WebPage\",\"@id\":\"https:\/\/www.erresse-shop.it\/fr\/shop\/table-fr-2\/huile-vinaigre-sel\/galateo-friends-antonio-marras-coffret-cadeau-2-bouteilles-copia\/\",\"url\":\"https:\/\/www.erresse-shop.it\/fr\/shop\/table-fr-2\/huile-vinaigre-sel\/galateo-friends-antonio-marras-coffret-cadeau-2-bouteilles-copia\/\",\"name\":\"GALATEO & FRIENDS Burton Morris Coffret Cadeau 3 bouteilles Huile et vinaigre - Erresse Shop\",\"isPartOf\":{\"@id\":\"https:\/\/www.erresse-shop.it\/fr\/#website\"},\"datePublished\":\"2024-11-20T11:54:07+00:00\",\"dateModified\":\"2024-12-09T13:33:42+00:00\",\"description\":\"D\u00e9couvrez le raffinement et la qualit\u00e9 du Burton Morris Gift Box, un coffret exclusif compos\u00e9 de trois produits raffin\u00e9s qui rehaussent les saveurs de la\",\"breadcrumb\":{\"@id\":\"https:\/\/www.erresse-shop.it\/fr\/shop\/table-fr-2\/huile-vinaigre-sel\/galateo-friends-antonio-marras-coffret-cadeau-2-bouteilles-copia\/#breadcrumb\"},\"inLanguage\":\"fr-FR\",\"potentialAction\":[{\"@type\":\"ReadAction\",\"target\":[\"https:\/\/www.erresse-shop.it\/fr\/shop\/table-fr-2\/huile-vinaigre-sel\/galateo-friends-antonio-marras-coffret-cadeau-2-bouteilles-copia\/\"]}]},{\"@type\":\"BreadcrumbList\",\"@id\":\"https:\/\/www.erresse-shop.it\/fr\/shop\/table-fr-2\/huile-vinaigre-sel\/galateo-friends-antonio-marras-coffret-cadeau-2-bouteilles-copia\/#breadcrumb\",\"itemListElement\":[{\"@type\":\"ListItem\",\"position\":1,\"name\":\"Home\",\"item\":\"https:\/\/www.erresse-shop.it\/fr\/\"},{\"@type\":\"ListItem\",\"position\":2,\"name\":\"Shop\",\"item\":\"https:\/\/www.erresse-shop.it\/fr\/shop\/\"},{\"@type\":\"ListItem\",\"position\":3,\"name\":\"GALATEO &#038; FRIENDS Burton Morris Coffret Cadeau 3 bouteilles Huile et vinaigre\"}]},{\"@type\":\"WebSite\",\"@id\":\"https:\/\/www.erresse-shop.it\/fr\/#website\",\"url\":\"https:\/\/www.erresse-shop.it\/fr\/\",\"name\":\"Erresse Shop\",\"description\":\"Articoli di qualit\u00e0 per la casa\",\"potentialAction\":[{\"@type\":\"SearchAction\",\"target\":{\"@type\":\"EntryPoint\",\"urlTemplate\":\"https:\/\/www.erresse-shop.it\/fr\/?s={search_term_string}\"},\"query-input\":\"required name=search_term_string\"}],\"inLanguage\":\"fr-FR\"}]}<\/script>\n<!-- \/ Yoast SEO Premium plugin. -->","yoast_head_json":{"title":"GALATEO & FRIENDS Burton Morris Coffret Cadeau 3 bouteilles Huile et vinaigre - Erresse Shop","description":"D\u00e9couvrez le raffinement et la qualit\u00e9 du Burton Morris Gift Box, un coffret exclusif compos\u00e9 de trois produits raffin\u00e9s qui rehaussent les saveurs de la","robots":{"index":"index","follow":"follow","max-snippet":"max-snippet:-1","max-image-preview":"max-image-preview:large","max-video-preview":"max-video-preview:-1"},"canonical":"https:\/\/www.erresse-shop.it\/fr\/shop\/table-fr-2\/huile-vinaigre-sel\/galateo-friends-antonio-marras-coffret-cadeau-2-bouteilles-copia\/","og_locale":"fr_FR","og_type":"article","og_title":"GALATEO & FRIENDS Burton Morris Coffret Cadeau 3 bouteilles Huile et vinaigre","og_description":"D\u00e9couvrez le raffinement et la qualit\u00e9 du Burton Morris Gift Box, un coffret exclusif compos\u00e9 de trois produits raffin\u00e9s qui rehaussent les saveurs de la","og_url":"https:\/\/www.erresse-shop.it\/fr\/shop\/table-fr-2\/huile-vinaigre-sel\/galateo-friends-antonio-marras-coffret-cadeau-2-bouteilles-copia\/","og_site_name":"Erresse Shop","article_modified_time":"2024-12-09T13:33:42+00:00","og_image":[{"width":1200,"height":1200,"url":"https:\/\/www.erresse-shop.it\/wp-content\/uploads\/2024\/11\/GALATEO-FRIENDS-Burton-Morris-Confezione-Regalo-3-Bottiglie.jpg","type":"image\/jpeg"}],"twitter_card":"summary_large_image","schema":{"@context":"https:\/\/schema.org","@graph":[{"@type":"WebPage","@id":"https:\/\/www.erresse-shop.it\/fr\/shop\/table-fr-2\/huile-vinaigre-sel\/galateo-friends-antonio-marras-coffret-cadeau-2-bouteilles-copia\/","url":"https:\/\/www.erresse-shop.it\/fr\/shop\/table-fr-2\/huile-vinaigre-sel\/galateo-friends-antonio-marras-coffret-cadeau-2-bouteilles-copia\/","name":"GALATEO & FRIENDS Burton Morris Coffret Cadeau 3 bouteilles Huile et vinaigre - Erresse Shop","isPartOf":{"@id":"https:\/\/www.erresse-shop.it\/fr\/#website"},"datePublished":"2024-11-20T11:54:07+00:00","dateModified":"2024-12-09T13:33:42+00:00","description":"D\u00e9couvrez le raffinement et la qualit\u00e9 du Burton Morris Gift Box, un coffret exclusif compos\u00e9 de trois produits raffin\u00e9s qui rehaussent les saveurs de la","breadcrumb":{"@id":"https:\/\/www.erresse-shop.it\/fr\/shop\/table-fr-2\/huile-vinaigre-sel\/galateo-friends-antonio-marras-coffret-cadeau-2-bouteilles-copia\/#breadcrumb"},"inLanguage":"fr-FR","potentialAction":[{"@type":"ReadAction","target":["https:\/\/www.erresse-shop.it\/fr\/shop\/table-fr-2\/huile-vinaigre-sel\/galateo-friends-antonio-marras-coffret-cadeau-2-bouteilles-copia\/"]}]},{"@type":"BreadcrumbList","@id":"https:\/\/www.erresse-shop.it\/fr\/shop\/table-fr-2\/huile-vinaigre-sel\/galateo-friends-antonio-marras-coffret-cadeau-2-bouteilles-copia\/#breadcrumb","itemListElement":[{"@type":"ListItem","position":1,"name":"Home","item":"https:\/\/www.erresse-shop.it\/fr\/"},{"@type":"ListItem","position":2,"name":"Shop","item":"https:\/\/www.erresse-shop.it\/fr\/shop\/"},{"@type":"ListItem","position":3,"name":"GALATEO &#038; FRIENDS Burton Morris Coffret Cadeau 3 bouteilles Huile et vinaigre"}]},{"@type":"WebSite","@id":"https:\/\/www.erresse-shop.it\/fr\/#website","url":"https:\/\/www.erresse-shop.it\/fr\/","name":"Erresse Shop","description":"Articoli di qualit\u00e0 per la casa","potentialAction":[{"@type":"SearchAction","target":{"@type":"EntryPoint","urlTemplate":"https:\/\/www.erresse-shop.it\/fr\/?s={search_term_string}"},"query-input":"required name=search_term_string"}],"inLanguage":"fr-FR"}]}},"df_price":92,"df_sale_price":92,"df_regular_price":92,"df_image_link":"https:\/\/www.erresse-shop.it\/wp-content\/uploads\/2024\/11\/GALATEO-FRIENDS-Burton-Morris-Confezione-Regalo-3-Bottiglie-300x300.jpg","_links":{"self":[{"href":"https:\/\/www.erresse-shop.it\/fr\/wp-json\/wp\/v2\/product\/449948"}],"collection":[{"href":"https:\/\/www.erresse-shop.it\/fr\/wp-json\/wp\/v2\/product"}],"about":[{"href":"https:\/\/www.erresse-shop.it\/fr\/wp-json\/wp\/v2\/types\/product"}],"wp:featuredmedia":[{"embeddable":true,"href":"https:\/\/www.erresse-shop.it\/fr\/wp-json\/wp\/v2\/media\/449965"}],"wp:attachment":[{"href":"https:\/\/www.erresse-shop.it\/fr\/wp-json\/wp\/v2\/media?parent=449948"}],"wp:term":[{"taxonomy":"product_cat","embeddable":true,"href":"https:\/\/www.erresse-shop.it\/fr\/wp-json\/wp\/v2\/product_cat?post=449948"},{"taxonomy":"product_tag","embeddable":true,"href":"https:\/\/www.erresse-shop.it\/fr\/wp-json\/wp\/v2\/product_tag?post=449948"}],"curies":[{"name":"wp","href":"https:\/\/api.w.org\/{rel}","templated":true}]}}