{"id":449921,"date":"2024-11-20T10:10:46","date_gmt":"2024-11-20T10:10:50","guid":{"rendered":"https:\/\/www.erresse-shop.it\/?post_type=product&#038;p=449921"},"modified":"2024-12-09T13:25:06","modified_gmt":"2024-12-09T13:25:06","slug":"galateo-friends-carlo-volpi-coffret-cadeau-3-copia","status":"publish","type":"product","link":"https:\/\/www.erresse-shop.it\/fr\/shop\/table-fr-2\/huile-vinaigre-sel\/galateo-friends-carlo-volpi-coffret-cadeau-3-copia\/","title":{"rendered":"GALATEO &#038; FRIENDS Carlo Volpi Coffret Cadeau 4 bouteilles Huile et vinaigre"},"content":{"rendered":"<div class=\"colonne\">\n<p>D\u00e9couvrez l&#8217;excellence de la gastronomie italienne avec le <strong>Coffret Cadeau Carlo Volpi<\/strong>, un coffret exclusif qui rassemble quatre produits de haute qualit\u00e9 pour enrichir votre cuisine de saveurs authentiques et sophistiqu\u00e9es. Parfait pour les amateurs de bonne ch\u00e8re, ce forfait est une id\u00e9e cadeau id\u00e9ale ou un ajout pr\u00e9cieux \u00e0 votre garde-manger.<\/p>\n<p><strong>D\u00e9finir le contenu\u00a0:<\/strong><\/p>\n<ul>\n<li><strong>Huile d&#8217;olive extra vierge CARLO VOLPI Cultivar Taggiasca (250 ml)<\/strong>\u00a0: Une huile d&#8217;olive d&#8217;une qualit\u00e9 extraordinaire, obtenue \u00e0 partir des meilleures olives Taggiasca de Ligurie. Sa saveur fruit\u00e9e et d\u00e9licate, aux notes am\u00e8res et \u00e9pic\u00e9es, le rend parfait pour assaisonner les salades, les plats de poisson et pour rehausser toute pr\u00e9paration.<\/li>\n<li><strong>Vinaigre Balsamique de Mod\u00e8ne CARLO VOLPI (250 ml)<\/strong>\u00a0: Un vinaigre au go\u00fbt riche et complexe, capable de donner une note de douceur et d&#8217;acidit\u00e9 \u00e9quilibr\u00e9e aux plats de viande, fromages, salades et marinades. Sa polyvalence le rend \u00e9galement id\u00e9al pour pr\u00e9parer des sauces gourmandes.<\/li>\n<li><strong>Vinaigre de vin CARLO VOLPI (250 ml)<\/strong>\u00a0: Un vinaigre de vin au go\u00fbt fort et frais, parfait pour donner une touche suppl\u00e9mentaire aux plats de viande, de poisson ou de l\u00e9gumes. Id\u00e9al \u00e9galement pour cr\u00e9er des vinaigrettes et des sauces simples, mais pleines de caract\u00e8re.<\/li>\n<li><strong>Vinaigrette \u00e0 base de vinaigre de cidre de pomme CARLO VOLPI (250 ml)<\/strong>\u00a0: Une vinaigrette polyvalente et l\u00e9g\u00e8re, avec la saveur douce et rafra\u00eechissante du vinaigre de cidre de pomme. Excellent pour les salades, les plats de poisson ou comme base pour des marinades l\u00e9g\u00e8res. Un choix sant\u00e9 pour rehausser chaque plat.<\/li>\n<\/ul>\n<p><strong>Caract\u00e9ristiques\u00a0:<\/strong><\/p>\n<ul>\n<li>Un coffret raffin\u00e9, parfait pour toute occasion sp\u00e9ciale ou comme cadeau pour les amateurs de cuisine.<\/li>\n<li>Des produits de la plus haute qualit\u00e9, issus des meilleures traditions italiennes.<\/li>\n<li>Polyvalence et saveur dans chaque bouteille, id\u00e9ales pour assaisonner, mariner et enrichir chaque plat.<\/li>\n<\/ul>\n<\/div>\n","protected":false},"excerpt":{"rendered":"<p>D\u00e9couvrez l&#8217;excellence de la gastronomie italienne avec le Coffret Cadeau Carlo Volpi, un coffret exclusif qui rassemble quatre produits de<\/p>\n","protected":false},"featured_media":449926,"template":"","meta":{"_acf_changed":false,"inline_featured_image":false},"product_cat":[25933,20473,12782],"product_tag":[20181],"acf":[],"yoast_head":"<!-- This site is optimized with the Yoast SEO Premium plugin v18.6 (Yoast SEO v19.13) - https:\/\/yoast.com\/wordpress\/plugins\/seo\/ -->\n<title>GALATEO &amp; FRIENDS Carlo Volpi Coffret Cadeau 4 bouteilles Huile et vinaigre - Erresse Shop<\/title>\n<meta name=\"description\" content=\"D\u00e9couvrez l&#039;excellence de la gastronomie italienne avec le Coffret Cadeau Carlo Volpi, un coffret exclusif qui rassemble quatre produits de haute qualit\u00e9\" \/>\n<meta name=\"robots\" content=\"index, follow, max-snippet:-1, max-image-preview:large, max-video-preview:-1\" \/>\n<link rel=\"canonical\" href=\"https:\/\/www.erresse-shop.it\/fr\/shop\/table-fr-2\/huile-vinaigre-sel\/galateo-friends-carlo-volpi-coffret-cadeau-3-copia\/\" \/>\n<meta property=\"og:locale\" content=\"fr_FR\" \/>\n<meta property=\"og:type\" content=\"article\" \/>\n<meta property=\"og:title\" content=\"GALATEO &amp; FRIENDS Carlo Volpi Coffret Cadeau 4 bouteilles Huile et vinaigre\" \/>\n<meta property=\"og:description\" content=\"D\u00e9couvrez l&#039;excellence de la gastronomie italienne avec le Coffret Cadeau Carlo Volpi, un coffret exclusif qui rassemble quatre produits de haute qualit\u00e9\" \/>\n<meta property=\"og:url\" content=\"https:\/\/www.erresse-shop.it\/fr\/shop\/table-fr-2\/huile-vinaigre-sel\/galateo-friends-carlo-volpi-coffret-cadeau-3-copia\/\" \/>\n<meta property=\"og:site_name\" content=\"Erresse Shop\" \/>\n<meta property=\"article:modified_time\" content=\"2024-12-09T13:25:06+00:00\" \/>\n<meta property=\"og:image\" content=\"https:\/\/www.erresse-shop.it\/wp-content\/uploads\/2024\/11\/GALATEO-FRIENDS-Carlo-Volpi-Confezione-Regalo-4.jpg\" \/>\n\t<meta property=\"og:image:width\" content=\"1200\" \/>\n\t<meta property=\"og:image:height\" content=\"1200\" \/>\n\t<meta property=\"og:image:type\" content=\"image\/jpeg\" \/>\n<meta name=\"twitter:card\" content=\"summary_large_image\" \/>\n<script type=\"application\/ld+json\" class=\"yoast-schema-graph\">{\"@context\":\"https:\/\/schema.org\",\"@graph\":[{\"@type\":\"WebPage\",\"@id\":\"https:\/\/www.erresse-shop.it\/fr\/shop\/table-fr-2\/huile-vinaigre-sel\/galateo-friends-carlo-volpi-coffret-cadeau-3-copia\/\",\"url\":\"https:\/\/www.erresse-shop.it\/fr\/shop\/table-fr-2\/huile-vinaigre-sel\/galateo-friends-carlo-volpi-coffret-cadeau-3-copia\/\",\"name\":\"GALATEO & FRIENDS Carlo Volpi Coffret Cadeau 4 bouteilles Huile et vinaigre - Erresse Shop\",\"isPartOf\":{\"@id\":\"https:\/\/www.erresse-shop.it\/fr\/#website\"},\"datePublished\":\"2024-11-20T10:10:50+00:00\",\"dateModified\":\"2024-12-09T13:25:06+00:00\",\"description\":\"D\u00e9couvrez l'excellence de la gastronomie italienne avec le Coffret Cadeau Carlo Volpi, un coffret exclusif qui rassemble quatre produits de haute qualit\u00e9\",\"breadcrumb\":{\"@id\":\"https:\/\/www.erresse-shop.it\/fr\/shop\/table-fr-2\/huile-vinaigre-sel\/galateo-friends-carlo-volpi-coffret-cadeau-3-copia\/#breadcrumb\"},\"inLanguage\":\"fr-FR\",\"potentialAction\":[{\"@type\":\"ReadAction\",\"target\":[\"https:\/\/www.erresse-shop.it\/fr\/shop\/table-fr-2\/huile-vinaigre-sel\/galateo-friends-carlo-volpi-coffret-cadeau-3-copia\/\"]}]},{\"@type\":\"BreadcrumbList\",\"@id\":\"https:\/\/www.erresse-shop.it\/fr\/shop\/table-fr-2\/huile-vinaigre-sel\/galateo-friends-carlo-volpi-coffret-cadeau-3-copia\/#breadcrumb\",\"itemListElement\":[{\"@type\":\"ListItem\",\"position\":1,\"name\":\"Home\",\"item\":\"https:\/\/www.erresse-shop.it\/fr\/\"},{\"@type\":\"ListItem\",\"position\":2,\"name\":\"Shop\",\"item\":\"https:\/\/www.erresse-shop.it\/fr\/shop\/\"},{\"@type\":\"ListItem\",\"position\":3,\"name\":\"GALATEO &#038; FRIENDS Carlo Volpi Coffret Cadeau 4 bouteilles Huile et vinaigre\"}]},{\"@type\":\"WebSite\",\"@id\":\"https:\/\/www.erresse-shop.it\/fr\/#website\",\"url\":\"https:\/\/www.erresse-shop.it\/fr\/\",\"name\":\"Erresse Shop\",\"description\":\"Articoli di qualit\u00e0 per la casa\",\"potentialAction\":[{\"@type\":\"SearchAction\",\"target\":{\"@type\":\"EntryPoint\",\"urlTemplate\":\"https:\/\/www.erresse-shop.it\/fr\/?s={search_term_string}\"},\"query-input\":\"required name=search_term_string\"}],\"inLanguage\":\"fr-FR\"}]}<\/script>\n<!-- \/ Yoast SEO Premium plugin. -->","yoast_head_json":{"title":"GALATEO & FRIENDS Carlo Volpi Coffret Cadeau 4 bouteilles Huile et vinaigre - Erresse Shop","description":"D\u00e9couvrez l'excellence de la gastronomie italienne avec le Coffret Cadeau Carlo Volpi, un coffret exclusif qui rassemble quatre produits de haute qualit\u00e9","robots":{"index":"index","follow":"follow","max-snippet":"max-snippet:-1","max-image-preview":"max-image-preview:large","max-video-preview":"max-video-preview:-1"},"canonical":"https:\/\/www.erresse-shop.it\/fr\/shop\/table-fr-2\/huile-vinaigre-sel\/galateo-friends-carlo-volpi-coffret-cadeau-3-copia\/","og_locale":"fr_FR","og_type":"article","og_title":"GALATEO & FRIENDS Carlo Volpi Coffret Cadeau 4 bouteilles Huile et vinaigre","og_description":"D\u00e9couvrez l'excellence de la gastronomie italienne avec le Coffret Cadeau Carlo Volpi, un coffret exclusif qui rassemble quatre produits de haute qualit\u00e9","og_url":"https:\/\/www.erresse-shop.it\/fr\/shop\/table-fr-2\/huile-vinaigre-sel\/galateo-friends-carlo-volpi-coffret-cadeau-3-copia\/","og_site_name":"Erresse Shop","article_modified_time":"2024-12-09T13:25:06+00:00","og_image":[{"width":1200,"height":1200,"url":"https:\/\/www.erresse-shop.it\/wp-content\/uploads\/2024\/11\/GALATEO-FRIENDS-Carlo-Volpi-Confezione-Regalo-4.jpg","type":"image\/jpeg"}],"twitter_card":"summary_large_image","schema":{"@context":"https:\/\/schema.org","@graph":[{"@type":"WebPage","@id":"https:\/\/www.erresse-shop.it\/fr\/shop\/table-fr-2\/huile-vinaigre-sel\/galateo-friends-carlo-volpi-coffret-cadeau-3-copia\/","url":"https:\/\/www.erresse-shop.it\/fr\/shop\/table-fr-2\/huile-vinaigre-sel\/galateo-friends-carlo-volpi-coffret-cadeau-3-copia\/","name":"GALATEO & FRIENDS Carlo Volpi Coffret Cadeau 4 bouteilles Huile et vinaigre - Erresse Shop","isPartOf":{"@id":"https:\/\/www.erresse-shop.it\/fr\/#website"},"datePublished":"2024-11-20T10:10:50+00:00","dateModified":"2024-12-09T13:25:06+00:00","description":"D\u00e9couvrez l'excellence de la gastronomie italienne avec le Coffret Cadeau Carlo Volpi, un coffret exclusif qui rassemble quatre produits de haute qualit\u00e9","breadcrumb":{"@id":"https:\/\/www.erresse-shop.it\/fr\/shop\/table-fr-2\/huile-vinaigre-sel\/galateo-friends-carlo-volpi-coffret-cadeau-3-copia\/#breadcrumb"},"inLanguage":"fr-FR","potentialAction":[{"@type":"ReadAction","target":["https:\/\/www.erresse-shop.it\/fr\/shop\/table-fr-2\/huile-vinaigre-sel\/galateo-friends-carlo-volpi-coffret-cadeau-3-copia\/"]}]},{"@type":"BreadcrumbList","@id":"https:\/\/www.erresse-shop.it\/fr\/shop\/table-fr-2\/huile-vinaigre-sel\/galateo-friends-carlo-volpi-coffret-cadeau-3-copia\/#breadcrumb","itemListElement":[{"@type":"ListItem","position":1,"name":"Home","item":"https:\/\/www.erresse-shop.it\/fr\/"},{"@type":"ListItem","position":2,"name":"Shop","item":"https:\/\/www.erresse-shop.it\/fr\/shop\/"},{"@type":"ListItem","position":3,"name":"GALATEO &#038; FRIENDS Carlo Volpi Coffret Cadeau 4 bouteilles Huile et vinaigre"}]},{"@type":"WebSite","@id":"https:\/\/www.erresse-shop.it\/fr\/#website","url":"https:\/\/www.erresse-shop.it\/fr\/","name":"Erresse Shop","description":"Articoli di qualit\u00e0 per la casa","potentialAction":[{"@type":"SearchAction","target":{"@type":"EntryPoint","urlTemplate":"https:\/\/www.erresse-shop.it\/fr\/?s={search_term_string}"},"query-input":"required name=search_term_string"}],"inLanguage":"fr-FR"}]}},"df_price":115,"df_sale_price":115,"df_regular_price":115,"df_image_link":"https:\/\/www.erresse-shop.it\/wp-content\/uploads\/2024\/11\/GALATEO-FRIENDS-Carlo-Volpi-Confezione-Regalo-4-300x300.jpg","_links":{"self":[{"href":"https:\/\/www.erresse-shop.it\/fr\/wp-json\/wp\/v2\/product\/449921"}],"collection":[{"href":"https:\/\/www.erresse-shop.it\/fr\/wp-json\/wp\/v2\/product"}],"about":[{"href":"https:\/\/www.erresse-shop.it\/fr\/wp-json\/wp\/v2\/types\/product"}],"wp:featuredmedia":[{"embeddable":true,"href":"https:\/\/www.erresse-shop.it\/fr\/wp-json\/wp\/v2\/media\/449926"}],"wp:attachment":[{"href":"https:\/\/www.erresse-shop.it\/fr\/wp-json\/wp\/v2\/media?parent=449921"}],"wp:term":[{"taxonomy":"product_cat","embeddable":true,"href":"https:\/\/www.erresse-shop.it\/fr\/wp-json\/wp\/v2\/product_cat?post=449921"},{"taxonomy":"product_tag","embeddable":true,"href":"https:\/\/www.erresse-shop.it\/fr\/wp-json\/wp\/v2\/product_tag?post=449921"}],"curies":[{"name":"wp","href":"https:\/\/api.w.org\/{rel}","templated":true}]}}