{"id":449902,"date":"2024-11-20T09:39:58","date_gmt":"2024-11-20T09:39:59","guid":{"rendered":"https:\/\/www.erresse-shop.it\/?post_type=product&#038;p=449902"},"modified":"2024-12-09T13:21:40","modified_gmt":"2024-12-09T13:21:40","slug":"galateo-friends-carlo-volpi-coffret-cadeau-2-copia","status":"publish","type":"product","link":"https:\/\/www.erresse-shop.it\/fr\/shop\/table-fr-2\/huile-vinaigre-sel\/galateo-friends-carlo-volpi-coffret-cadeau-2-copia\/","title":{"rendered":"GALATEO &#038; FRIENDS Carlo Volpi Coffret Cadeau 3 bouteilles Huile et vinaigre"},"content":{"rendered":"<p>Sublimez vos plats avec le meilleur de la tradition gastronomique italienne gr\u00e2ce au <strong>Coffret Cadeau Carlo Volpi<\/strong>, un coffret exclusif qui comprend trois condiments raffin\u00e9s pour enrichir votre cuisine de saveurs authentiques et raffin\u00e9es. Id\u00e9al pour ceux qui aiment cuisiner avec des ingr\u00e9dients de qualit\u00e9 sup\u00e9rieure, ce paquet constitue \u00e9galement un cadeau parfait pour toute occasion sp\u00e9ciale.<\/p>\n<p><strong>D\u00e9finir le contenu\u00a0:<\/strong><\/p>\n<ul>\n<li><strong>Huile d&#8217;olive extra vierge CARLO VOLPI Taggiasca Cultivar (250 ml)<\/strong>\u00a0: Au go\u00fbt fruit\u00e9 et d\u00e9licat, avec un l\u00e9ger arri\u00e8re-go\u00fbt amer et \u00e9pic\u00e9, cette huile est parfaite pour les salades, les plats de poisson, la bruschetta et comme condiment pour les l\u00e9gumes grill\u00e9s.<\/li>\n<li><strong>Vinaigre de vin CARLO VOLPI (250 ml)<\/strong>\u00a0: Un vinaigre au go\u00fbt fort et \u00e9quilibr\u00e9, parfait pour donner un coup de fouet suppl\u00e9mentaire aux plats \u00e0 base de viande, de poisson ou de salade. Sa fra\u00eecheur le rend \u00e9galement id\u00e9al pour pr\u00e9parer des sauces, vinaigrettes ou marinades qui donneront du caract\u00e8re et de la profondeur \u00e0 vos plats.<\/li>\n<li><strong>Vinaigre de vin CARLO VOLPI (250 ml)<\/strong>\u00a0: Un autre vinaigre de vin extraordinaire, \u00e9galement au go\u00fbt frais et robuste. Sa polyvalence en fait un ingr\u00e9dient parfait pour de nombreuses pr\u00e9parations, de l&#8217;assaisonnement des plats froids \u00e0 la cr\u00e9ation de sauces pour les seconds plats, sans oublier son utilisation dans les marinades.<\/li>\n<\/ul>\n<p><strong>Caract\u00e9ristiques\u00a0:<\/strong><\/p>\n<ul>\n<li>Une s\u00e9lection raffin\u00e9e d&#8217;huiles et de vinaigres, id\u00e9ale pour tout amateur de cuisine en qu\u00eate de qualit\u00e9 et d&#8217;authenticit\u00e9.<\/li>\n<li>Emballage \u00e9l\u00e9gant et pratique, parfait comme cadeau ou pour enrichir votre garde-manger.<\/li>\n<li>Produit par l&#8217;une des marques les plus appr\u00e9ci\u00e9es de la tradition gastronomique italienne.<\/li>\n<\/ul>\n<p>Choisissez le <strong>Coffret Cadeau Carlo Volpi<\/strong> pour ajouter une touche de classe \u00e0 votre cuisine, avec des ingr\u00e9dients authentiques qui font la diff\u00e9rence dans chaque plat. Un cadeau sp\u00e9cial ou un luxe au quotidien pour ceux qui appr\u00e9cient le meilleur.<\/p>\n","protected":false},"excerpt":{"rendered":"<p>Sublimez vos plats avec le meilleur de la tradition gastronomique italienne gr\u00e2ce au Coffret Cadeau Carlo Volpi, un coffret exclusif<\/p>\n","protected":false},"featured_media":449972,"template":"","meta":{"_acf_changed":false,"inline_featured_image":false},"product_cat":[25933,20473,12782],"product_tag":[20181],"acf":[],"yoast_head":"<!-- This site is optimized with the Yoast SEO Premium plugin v18.6 (Yoast SEO v19.13) - https:\/\/yoast.com\/wordpress\/plugins\/seo\/ -->\n<title>GALATEO &amp; FRIENDS Carlo Volpi Coffret Cadeau 3 bouteilles Huile et vinaigre - Erresse Shop<\/title>\n<meta name=\"description\" content=\"Sublimez vos plats avec le meilleur de la tradition gastronomique italienne gr\u00e2ce au Coffret Cadeau Carlo Volpi, un coffret exclusif qui comprend trois\" \/>\n<meta name=\"robots\" content=\"index, follow, max-snippet:-1, max-image-preview:large, max-video-preview:-1\" \/>\n<link rel=\"canonical\" href=\"https:\/\/www.erresse-shop.it\/fr\/shop\/table-fr-2\/huile-vinaigre-sel\/galateo-friends-carlo-volpi-coffret-cadeau-2-copia\/\" \/>\n<meta property=\"og:locale\" content=\"fr_FR\" \/>\n<meta property=\"og:type\" content=\"article\" \/>\n<meta property=\"og:title\" content=\"GALATEO &amp; FRIENDS Carlo Volpi Coffret Cadeau 3 bouteilles Huile et vinaigre\" \/>\n<meta property=\"og:description\" content=\"Sublimez vos plats avec le meilleur de la tradition gastronomique italienne gr\u00e2ce au Coffret Cadeau Carlo Volpi, un coffret exclusif qui comprend trois\" \/>\n<meta property=\"og:url\" content=\"https:\/\/www.erresse-shop.it\/fr\/shop\/table-fr-2\/huile-vinaigre-sel\/galateo-friends-carlo-volpi-coffret-cadeau-2-copia\/\" \/>\n<meta property=\"og:site_name\" content=\"Erresse Shop\" \/>\n<meta property=\"article:modified_time\" content=\"2024-12-09T13:21:40+00:00\" \/>\n<meta property=\"og:image\" content=\"https:\/\/www.erresse-shop.it\/wp-content\/uploads\/2024\/11\/GALATEO-FRIENDS-Carlo-Volpi-Confezione-Regalo-3-Bottiglie.jpg\" \/>\n\t<meta property=\"og:image:width\" content=\"1200\" \/>\n\t<meta property=\"og:image:height\" content=\"1200\" \/>\n\t<meta property=\"og:image:type\" content=\"image\/jpeg\" \/>\n<meta name=\"twitter:card\" content=\"summary_large_image\" \/>\n<script type=\"application\/ld+json\" class=\"yoast-schema-graph\">{\"@context\":\"https:\/\/schema.org\",\"@graph\":[{\"@type\":\"WebPage\",\"@id\":\"https:\/\/www.erresse-shop.it\/fr\/shop\/table-fr-2\/huile-vinaigre-sel\/galateo-friends-carlo-volpi-coffret-cadeau-2-copia\/\",\"url\":\"https:\/\/www.erresse-shop.it\/fr\/shop\/table-fr-2\/huile-vinaigre-sel\/galateo-friends-carlo-volpi-coffret-cadeau-2-copia\/\",\"name\":\"GALATEO & FRIENDS Carlo Volpi Coffret Cadeau 3 bouteilles Huile et vinaigre - Erresse Shop\",\"isPartOf\":{\"@id\":\"https:\/\/www.erresse-shop.it\/fr\/#website\"},\"datePublished\":\"2024-11-20T09:39:59+00:00\",\"dateModified\":\"2024-12-09T13:21:40+00:00\",\"description\":\"Sublimez vos plats avec le meilleur de la tradition gastronomique italienne gr\u00e2ce au Coffret Cadeau Carlo Volpi, un coffret exclusif qui comprend trois\",\"breadcrumb\":{\"@id\":\"https:\/\/www.erresse-shop.it\/fr\/shop\/table-fr-2\/huile-vinaigre-sel\/galateo-friends-carlo-volpi-coffret-cadeau-2-copia\/#breadcrumb\"},\"inLanguage\":\"fr-FR\",\"potentialAction\":[{\"@type\":\"ReadAction\",\"target\":[\"https:\/\/www.erresse-shop.it\/fr\/shop\/table-fr-2\/huile-vinaigre-sel\/galateo-friends-carlo-volpi-coffret-cadeau-2-copia\/\"]}]},{\"@type\":\"BreadcrumbList\",\"@id\":\"https:\/\/www.erresse-shop.it\/fr\/shop\/table-fr-2\/huile-vinaigre-sel\/galateo-friends-carlo-volpi-coffret-cadeau-2-copia\/#breadcrumb\",\"itemListElement\":[{\"@type\":\"ListItem\",\"position\":1,\"name\":\"Home\",\"item\":\"https:\/\/www.erresse-shop.it\/fr\/\"},{\"@type\":\"ListItem\",\"position\":2,\"name\":\"Shop\",\"item\":\"https:\/\/www.erresse-shop.it\/fr\/shop\/\"},{\"@type\":\"ListItem\",\"position\":3,\"name\":\"GALATEO &#038; FRIENDS Carlo Volpi Coffret Cadeau 3 bouteilles Huile et vinaigre\"}]},{\"@type\":\"WebSite\",\"@id\":\"https:\/\/www.erresse-shop.it\/fr\/#website\",\"url\":\"https:\/\/www.erresse-shop.it\/fr\/\",\"name\":\"Erresse Shop\",\"description\":\"Articoli di qualit\u00e0 per la casa\",\"potentialAction\":[{\"@type\":\"SearchAction\",\"target\":{\"@type\":\"EntryPoint\",\"urlTemplate\":\"https:\/\/www.erresse-shop.it\/fr\/?s={search_term_string}\"},\"query-input\":\"required name=search_term_string\"}],\"inLanguage\":\"fr-FR\"}]}<\/script>\n<!-- \/ Yoast SEO Premium plugin. -->","yoast_head_json":{"title":"GALATEO & FRIENDS Carlo Volpi Coffret Cadeau 3 bouteilles Huile et vinaigre - Erresse Shop","description":"Sublimez vos plats avec le meilleur de la tradition gastronomique italienne gr\u00e2ce au Coffret Cadeau Carlo Volpi, un coffret exclusif qui comprend trois","robots":{"index":"index","follow":"follow","max-snippet":"max-snippet:-1","max-image-preview":"max-image-preview:large","max-video-preview":"max-video-preview:-1"},"canonical":"https:\/\/www.erresse-shop.it\/fr\/shop\/table-fr-2\/huile-vinaigre-sel\/galateo-friends-carlo-volpi-coffret-cadeau-2-copia\/","og_locale":"fr_FR","og_type":"article","og_title":"GALATEO & FRIENDS Carlo Volpi Coffret Cadeau 3 bouteilles Huile et vinaigre","og_description":"Sublimez vos plats avec le meilleur de la tradition gastronomique italienne gr\u00e2ce au Coffret Cadeau Carlo Volpi, un coffret exclusif qui comprend trois","og_url":"https:\/\/www.erresse-shop.it\/fr\/shop\/table-fr-2\/huile-vinaigre-sel\/galateo-friends-carlo-volpi-coffret-cadeau-2-copia\/","og_site_name":"Erresse Shop","article_modified_time":"2024-12-09T13:21:40+00:00","og_image":[{"width":1200,"height":1200,"url":"https:\/\/www.erresse-shop.it\/wp-content\/uploads\/2024\/11\/GALATEO-FRIENDS-Carlo-Volpi-Confezione-Regalo-3-Bottiglie.jpg","type":"image\/jpeg"}],"twitter_card":"summary_large_image","schema":{"@context":"https:\/\/schema.org","@graph":[{"@type":"WebPage","@id":"https:\/\/www.erresse-shop.it\/fr\/shop\/table-fr-2\/huile-vinaigre-sel\/galateo-friends-carlo-volpi-coffret-cadeau-2-copia\/","url":"https:\/\/www.erresse-shop.it\/fr\/shop\/table-fr-2\/huile-vinaigre-sel\/galateo-friends-carlo-volpi-coffret-cadeau-2-copia\/","name":"GALATEO & FRIENDS Carlo Volpi Coffret Cadeau 3 bouteilles Huile et vinaigre - Erresse Shop","isPartOf":{"@id":"https:\/\/www.erresse-shop.it\/fr\/#website"},"datePublished":"2024-11-20T09:39:59+00:00","dateModified":"2024-12-09T13:21:40+00:00","description":"Sublimez vos plats avec le meilleur de la tradition gastronomique italienne gr\u00e2ce au Coffret Cadeau Carlo Volpi, un coffret exclusif qui comprend trois","breadcrumb":{"@id":"https:\/\/www.erresse-shop.it\/fr\/shop\/table-fr-2\/huile-vinaigre-sel\/galateo-friends-carlo-volpi-coffret-cadeau-2-copia\/#breadcrumb"},"inLanguage":"fr-FR","potentialAction":[{"@type":"ReadAction","target":["https:\/\/www.erresse-shop.it\/fr\/shop\/table-fr-2\/huile-vinaigre-sel\/galateo-friends-carlo-volpi-coffret-cadeau-2-copia\/"]}]},{"@type":"BreadcrumbList","@id":"https:\/\/www.erresse-shop.it\/fr\/shop\/table-fr-2\/huile-vinaigre-sel\/galateo-friends-carlo-volpi-coffret-cadeau-2-copia\/#breadcrumb","itemListElement":[{"@type":"ListItem","position":1,"name":"Home","item":"https:\/\/www.erresse-shop.it\/fr\/"},{"@type":"ListItem","position":2,"name":"Shop","item":"https:\/\/www.erresse-shop.it\/fr\/shop\/"},{"@type":"ListItem","position":3,"name":"GALATEO &#038; FRIENDS Carlo Volpi Coffret Cadeau 3 bouteilles Huile et vinaigre"}]},{"@type":"WebSite","@id":"https:\/\/www.erresse-shop.it\/fr\/#website","url":"https:\/\/www.erresse-shop.it\/fr\/","name":"Erresse Shop","description":"Articoli di qualit\u00e0 per la casa","potentialAction":[{"@type":"SearchAction","target":{"@type":"EntryPoint","urlTemplate":"https:\/\/www.erresse-shop.it\/fr\/?s={search_term_string}"},"query-input":"required name=search_term_string"}],"inLanguage":"fr-FR"}]}},"df_price":92,"df_sale_price":92,"df_regular_price":92,"df_image_link":"https:\/\/www.erresse-shop.it\/wp-content\/uploads\/2024\/11\/GALATEO-FRIENDS-Carlo-Volpi-Confezione-Regalo-3-Bottiglie-300x300.jpg","_links":{"self":[{"href":"https:\/\/www.erresse-shop.it\/fr\/wp-json\/wp\/v2\/product\/449902"}],"collection":[{"href":"https:\/\/www.erresse-shop.it\/fr\/wp-json\/wp\/v2\/product"}],"about":[{"href":"https:\/\/www.erresse-shop.it\/fr\/wp-json\/wp\/v2\/types\/product"}],"wp:featuredmedia":[{"embeddable":true,"href":"https:\/\/www.erresse-shop.it\/fr\/wp-json\/wp\/v2\/media\/449972"}],"wp:attachment":[{"href":"https:\/\/www.erresse-shop.it\/fr\/wp-json\/wp\/v2\/media?parent=449902"}],"wp:term":[{"taxonomy":"product_cat","embeddable":true,"href":"https:\/\/www.erresse-shop.it\/fr\/wp-json\/wp\/v2\/product_cat?post=449902"},{"taxonomy":"product_tag","embeddable":true,"href":"https:\/\/www.erresse-shop.it\/fr\/wp-json\/wp\/v2\/product_tag?post=449902"}],"curies":[{"name":"wp","href":"https:\/\/api.w.org\/{rel}","templated":true}]}}