{"id":449885,"date":"2024-11-20T09:26:42","date_gmt":"2024-11-20T09:26:44","guid":{"rendered":"https:\/\/www.erresse-shop.it\/?post_type=product&#038;p=449885"},"modified":"2024-12-09T13:19:30","modified_gmt":"2024-12-09T13:19:30","slug":"galateo-friends-carlo-volpi-huile-dolive-extra-vierge-cultivar-taggiasca-250-ml-copia","status":"publish","type":"product","link":"https:\/\/www.erresse-shop.it\/fr\/shop\/table-fr-2\/huile-vinaigre-sel\/galateo-friends-carlo-volpi-huile-dolive-extra-vierge-cultivar-taggiasca-250-ml-copia\/","title":{"rendered":"GALATEO &#038; FRIENDS Carlo Volpi Coffret Cadeau 2 bouteilles Huile et vinaigre"},"content":{"rendered":"<p>D\u00e9couvrez l&#8217;excellence des saveurs italiennes avec le <strong>Coffret Cadeau Carlo Volpi<\/strong>, un coffret exclusif compos\u00e9 de deux produits raffin\u00e9s qui enrichiront votre cuisine de qualit\u00e9 et d&#8217;authenticit\u00e9. Parfait pour ceux qui aiment la bonne cuisine et souhaitent apporter \u00e0 table le meilleur de la tradition gastronomique italienne.<\/p>\n<p><strong>D\u00e9finir le contenu\u00a0:<\/strong><\/p>\n<ul>\n<li><strong>Huile d&#8217;olive extra vierge CARLO VOLPI Cultivar Taggiasca (250 ml)<\/strong>\u00a0: Avec sa saveur fruit\u00e9e et d\u00e9licate, enrichie de notes am\u00e8res et \u00e9pic\u00e9es, elle est id\u00e9ale pour assaisonner les salades fra\u00eeches et les plats de poisson, les l\u00e9gumes grill\u00e9s et pour les pr\u00e9parations gourmandes.<\/li>\n<li><strong>Vinaigre Balsamique de Mod\u00e8ne CARLO VOLPI (250 ml)<\/strong>\u00a0: Un vinaigre au go\u00fbt riche et aromatique, qui allie douceur et acidit\u00e9 dans un \u00e9quilibre parfait. Parfait pour les salades, les fromages affin\u00e9s, les viandes grill\u00e9es ou comme ingr\u00e9dient pour les sauces et marinades. Un condiment polyvalent qui ajoute de la profondeur et du raffinement \u00e0 n&#8217;importe quel plat.<\/li>\n<\/ul>\n<p><strong>Caract\u00e9ristiques\u00a0:<\/strong><\/p>\n<ul>\n<li>Une combinaison parfaite d&#8217;huile d&#8217;olive extra vierge et de vinaigre balsamique, id\u00e9ale pour ceux qui recherchent la qualit\u00e9 et la tradition.<\/li>\n<li>Un packaging \u00e9l\u00e9gant et raffin\u00e9, parfait comme id\u00e9e cadeau pour les passionn\u00e9s de cuisine ou pour ceux qui aiment d\u00e9couvrir de nouvelles saveurs.<\/li>\n<li>Fabriqu\u00e9 \u00e0 la main, avec des ingr\u00e9dients s\u00e9lectionn\u00e9s issus des meilleures traditions italiennes.<\/li>\n<\/ul>\n","protected":false},"excerpt":{"rendered":"<p>D\u00e9couvrez l&#8217;excellence des saveurs italiennes avec le Coffret Cadeau Carlo Volpi, un coffret exclusif compos\u00e9 de deux produits raffin\u00e9s qui<\/p>\n","protected":false},"featured_media":449890,"template":"","meta":{"_acf_changed":false,"inline_featured_image":false},"product_cat":[25933,20473,12782],"product_tag":[20181],"acf":[],"yoast_head":"<!-- This site is optimized with the Yoast SEO Premium plugin v18.6 (Yoast SEO v19.13) - https:\/\/yoast.com\/wordpress\/plugins\/seo\/ -->\n<title>GALATEO &amp; FRIENDS Carlo Volpi Coffret Cadeau 2 bouteilles Huile et vinaigre - Erresse Shop<\/title>\n<meta name=\"description\" content=\"D\u00e9couvrez l&#039;excellence des saveurs italiennes avec le Coffret Cadeau Carlo Volpi, un coffret exclusif compos\u00e9 de deux produits raffin\u00e9s qui enrichiront\" \/>\n<meta name=\"robots\" content=\"index, follow, max-snippet:-1, max-image-preview:large, max-video-preview:-1\" \/>\n<link rel=\"canonical\" href=\"https:\/\/www.erresse-shop.it\/fr\/shop\/table-fr-2\/huile-vinaigre-sel\/galateo-friends-carlo-volpi-huile-dolive-extra-vierge-cultivar-taggiasca-250-ml-copia\/\" \/>\n<meta property=\"og:locale\" content=\"fr_FR\" \/>\n<meta property=\"og:type\" content=\"article\" \/>\n<meta property=\"og:title\" content=\"GALATEO &amp; FRIENDS Carlo Volpi Coffret Cadeau 2 bouteilles Huile et vinaigre\" \/>\n<meta property=\"og:description\" content=\"D\u00e9couvrez l&#039;excellence des saveurs italiennes avec le Coffret Cadeau Carlo Volpi, un coffret exclusif compos\u00e9 de deux produits raffin\u00e9s qui enrichiront\" \/>\n<meta property=\"og:url\" content=\"https:\/\/www.erresse-shop.it\/fr\/shop\/table-fr-2\/huile-vinaigre-sel\/galateo-friends-carlo-volpi-huile-dolive-extra-vierge-cultivar-taggiasca-250-ml-copia\/\" \/>\n<meta property=\"og:site_name\" content=\"Erresse Shop\" \/>\n<meta property=\"article:modified_time\" content=\"2024-12-09T13:19:30+00:00\" \/>\n<meta property=\"og:image\" content=\"https:\/\/www.erresse-shop.it\/wp-content\/uploads\/2024\/11\/GALATEO-FRIENDS-Carlo-Volpi-Confezione-Regalo-2.jpg\" \/>\n\t<meta property=\"og:image:width\" content=\"1200\" \/>\n\t<meta property=\"og:image:height\" content=\"1200\" \/>\n\t<meta property=\"og:image:type\" content=\"image\/jpeg\" \/>\n<meta name=\"twitter:card\" content=\"summary_large_image\" \/>\n<script type=\"application\/ld+json\" class=\"yoast-schema-graph\">{\"@context\":\"https:\/\/schema.org\",\"@graph\":[{\"@type\":\"WebPage\",\"@id\":\"https:\/\/www.erresse-shop.it\/fr\/shop\/table-fr-2\/huile-vinaigre-sel\/galateo-friends-carlo-volpi-huile-dolive-extra-vierge-cultivar-taggiasca-250-ml-copia\/\",\"url\":\"https:\/\/www.erresse-shop.it\/fr\/shop\/table-fr-2\/huile-vinaigre-sel\/galateo-friends-carlo-volpi-huile-dolive-extra-vierge-cultivar-taggiasca-250-ml-copia\/\",\"name\":\"GALATEO & FRIENDS Carlo Volpi Coffret Cadeau 2 bouteilles Huile et vinaigre - Erresse Shop\",\"isPartOf\":{\"@id\":\"https:\/\/www.erresse-shop.it\/fr\/#website\"},\"datePublished\":\"2024-11-20T09:26:44+00:00\",\"dateModified\":\"2024-12-09T13:19:30+00:00\",\"description\":\"D\u00e9couvrez l'excellence des saveurs italiennes avec le Coffret Cadeau Carlo Volpi, un coffret exclusif compos\u00e9 de deux produits raffin\u00e9s qui enrichiront\",\"breadcrumb\":{\"@id\":\"https:\/\/www.erresse-shop.it\/fr\/shop\/table-fr-2\/huile-vinaigre-sel\/galateo-friends-carlo-volpi-huile-dolive-extra-vierge-cultivar-taggiasca-250-ml-copia\/#breadcrumb\"},\"inLanguage\":\"fr-FR\",\"potentialAction\":[{\"@type\":\"ReadAction\",\"target\":[\"https:\/\/www.erresse-shop.it\/fr\/shop\/table-fr-2\/huile-vinaigre-sel\/galateo-friends-carlo-volpi-huile-dolive-extra-vierge-cultivar-taggiasca-250-ml-copia\/\"]}]},{\"@type\":\"BreadcrumbList\",\"@id\":\"https:\/\/www.erresse-shop.it\/fr\/shop\/table-fr-2\/huile-vinaigre-sel\/galateo-friends-carlo-volpi-huile-dolive-extra-vierge-cultivar-taggiasca-250-ml-copia\/#breadcrumb\",\"itemListElement\":[{\"@type\":\"ListItem\",\"position\":1,\"name\":\"Home\",\"item\":\"https:\/\/www.erresse-shop.it\/fr\/\"},{\"@type\":\"ListItem\",\"position\":2,\"name\":\"Shop\",\"item\":\"https:\/\/www.erresse-shop.it\/fr\/shop\/\"},{\"@type\":\"ListItem\",\"position\":3,\"name\":\"GALATEO &#038; FRIENDS Carlo Volpi Coffret Cadeau 2 bouteilles Huile et vinaigre\"}]},{\"@type\":\"WebSite\",\"@id\":\"https:\/\/www.erresse-shop.it\/fr\/#website\",\"url\":\"https:\/\/www.erresse-shop.it\/fr\/\",\"name\":\"Erresse Shop\",\"description\":\"Articoli di qualit\u00e0 per la casa\",\"potentialAction\":[{\"@type\":\"SearchAction\",\"target\":{\"@type\":\"EntryPoint\",\"urlTemplate\":\"https:\/\/www.erresse-shop.it\/fr\/?s={search_term_string}\"},\"query-input\":\"required name=search_term_string\"}],\"inLanguage\":\"fr-FR\"}]}<\/script>\n<!-- \/ Yoast SEO Premium plugin. -->","yoast_head_json":{"title":"GALATEO & FRIENDS Carlo Volpi Coffret Cadeau 2 bouteilles Huile et vinaigre - Erresse Shop","description":"D\u00e9couvrez l'excellence des saveurs italiennes avec le Coffret Cadeau Carlo Volpi, un coffret exclusif compos\u00e9 de deux produits raffin\u00e9s qui enrichiront","robots":{"index":"index","follow":"follow","max-snippet":"max-snippet:-1","max-image-preview":"max-image-preview:large","max-video-preview":"max-video-preview:-1"},"canonical":"https:\/\/www.erresse-shop.it\/fr\/shop\/table-fr-2\/huile-vinaigre-sel\/galateo-friends-carlo-volpi-huile-dolive-extra-vierge-cultivar-taggiasca-250-ml-copia\/","og_locale":"fr_FR","og_type":"article","og_title":"GALATEO & FRIENDS Carlo Volpi Coffret Cadeau 2 bouteilles Huile et vinaigre","og_description":"D\u00e9couvrez l'excellence des saveurs italiennes avec le Coffret Cadeau Carlo Volpi, un coffret exclusif compos\u00e9 de deux produits raffin\u00e9s qui enrichiront","og_url":"https:\/\/www.erresse-shop.it\/fr\/shop\/table-fr-2\/huile-vinaigre-sel\/galateo-friends-carlo-volpi-huile-dolive-extra-vierge-cultivar-taggiasca-250-ml-copia\/","og_site_name":"Erresse Shop","article_modified_time":"2024-12-09T13:19:30+00:00","og_image":[{"width":1200,"height":1200,"url":"https:\/\/www.erresse-shop.it\/wp-content\/uploads\/2024\/11\/GALATEO-FRIENDS-Carlo-Volpi-Confezione-Regalo-2.jpg","type":"image\/jpeg"}],"twitter_card":"summary_large_image","schema":{"@context":"https:\/\/schema.org","@graph":[{"@type":"WebPage","@id":"https:\/\/www.erresse-shop.it\/fr\/shop\/table-fr-2\/huile-vinaigre-sel\/galateo-friends-carlo-volpi-huile-dolive-extra-vierge-cultivar-taggiasca-250-ml-copia\/","url":"https:\/\/www.erresse-shop.it\/fr\/shop\/table-fr-2\/huile-vinaigre-sel\/galateo-friends-carlo-volpi-huile-dolive-extra-vierge-cultivar-taggiasca-250-ml-copia\/","name":"GALATEO & FRIENDS Carlo Volpi Coffret Cadeau 2 bouteilles Huile et vinaigre - Erresse Shop","isPartOf":{"@id":"https:\/\/www.erresse-shop.it\/fr\/#website"},"datePublished":"2024-11-20T09:26:44+00:00","dateModified":"2024-12-09T13:19:30+00:00","description":"D\u00e9couvrez l'excellence des saveurs italiennes avec le Coffret Cadeau Carlo Volpi, un coffret exclusif compos\u00e9 de deux produits raffin\u00e9s qui enrichiront","breadcrumb":{"@id":"https:\/\/www.erresse-shop.it\/fr\/shop\/table-fr-2\/huile-vinaigre-sel\/galateo-friends-carlo-volpi-huile-dolive-extra-vierge-cultivar-taggiasca-250-ml-copia\/#breadcrumb"},"inLanguage":"fr-FR","potentialAction":[{"@type":"ReadAction","target":["https:\/\/www.erresse-shop.it\/fr\/shop\/table-fr-2\/huile-vinaigre-sel\/galateo-friends-carlo-volpi-huile-dolive-extra-vierge-cultivar-taggiasca-250-ml-copia\/"]}]},{"@type":"BreadcrumbList","@id":"https:\/\/www.erresse-shop.it\/fr\/shop\/table-fr-2\/huile-vinaigre-sel\/galateo-friends-carlo-volpi-huile-dolive-extra-vierge-cultivar-taggiasca-250-ml-copia\/#breadcrumb","itemListElement":[{"@type":"ListItem","position":1,"name":"Home","item":"https:\/\/www.erresse-shop.it\/fr\/"},{"@type":"ListItem","position":2,"name":"Shop","item":"https:\/\/www.erresse-shop.it\/fr\/shop\/"},{"@type":"ListItem","position":3,"name":"GALATEO &#038; FRIENDS Carlo Volpi Coffret Cadeau 2 bouteilles Huile et vinaigre"}]},{"@type":"WebSite","@id":"https:\/\/www.erresse-shop.it\/fr\/#website","url":"https:\/\/www.erresse-shop.it\/fr\/","name":"Erresse Shop","description":"Articoli di qualit\u00e0 per la casa","potentialAction":[{"@type":"SearchAction","target":{"@type":"EntryPoint","urlTemplate":"https:\/\/www.erresse-shop.it\/fr\/?s={search_term_string}"},"query-input":"required name=search_term_string"}],"inLanguage":"fr-FR"}]}},"df_price":75,"df_sale_price":75,"df_regular_price":75,"df_image_link":"https:\/\/www.erresse-shop.it\/wp-content\/uploads\/2024\/11\/GALATEO-FRIENDS-Carlo-Volpi-Confezione-Regalo-2-300x300.jpg","_links":{"self":[{"href":"https:\/\/www.erresse-shop.it\/fr\/wp-json\/wp\/v2\/product\/449885"}],"collection":[{"href":"https:\/\/www.erresse-shop.it\/fr\/wp-json\/wp\/v2\/product"}],"about":[{"href":"https:\/\/www.erresse-shop.it\/fr\/wp-json\/wp\/v2\/types\/product"}],"wp:featuredmedia":[{"embeddable":true,"href":"https:\/\/www.erresse-shop.it\/fr\/wp-json\/wp\/v2\/media\/449890"}],"wp:attachment":[{"href":"https:\/\/www.erresse-shop.it\/fr\/wp-json\/wp\/v2\/media?parent=449885"}],"wp:term":[{"taxonomy":"product_cat","embeddable":true,"href":"https:\/\/www.erresse-shop.it\/fr\/wp-json\/wp\/v2\/product_cat?post=449885"},{"taxonomy":"product_tag","embeddable":true,"href":"https:\/\/www.erresse-shop.it\/fr\/wp-json\/wp\/v2\/product_tag?post=449885"}],"curies":[{"name":"wp","href":"https:\/\/api.w.org\/{rel}","templated":true}]}}