{"id":449667,"date":"2024-11-19T13:33:23","date_gmt":"2024-11-19T13:33:25","guid":{"rendered":"https:\/\/www.erresse-shop.it\/?post_type=product&#038;p=449667"},"modified":"2026-02-24T10:29:55","modified_gmt":"2026-02-24T10:29:55","slug":"taitu-garden-of-beauty-green-grand-saladier","status":"publish","type":"product","link":"https:\/\/www.erresse-shop.it\/fr\/shop\/table-fr-2\/saladiers-et-soupieres\/taitu-garden-of-beauty-green-grand-saladier\/","title":{"rendered":"TAIT\u00d9 Garden of Beauty Green Grand saladier"},"content":{"rendered":"<p><strong>Mat\u00e9riau\u00a0:<\/strong> Porcelaine fine<\/p>\n<p>Plongez dans la beaut\u00e9 intemporelle de la collection <em>Garden of Beauty Green<\/em>, o\u00f9 la puret\u00e9 du blanc se m\u00eale \u00e0 l&#8217;enchantement de la nature. Notre vaisselle, r\u00e9alis\u00e9e \u00e0 partir de la plus belle porcelaine fine, est d\u00e9cor\u00e9e de d\u00e9licates feuilles vertes qui rappellent l&#8217;harmonie des jardins les plus raffin\u00e9s. Chaque pi\u00e8ce est une fusion parfaite d&#8217;\u00e9l\u00e9gance et de qualit\u00e9, con\u00e7ue pour apporter une touche de fra\u00eecheur et de classe \u00e0 chaque instant de votre journ\u00e9e. La collection Garden of Beauty Green est id\u00e9ale pour ceux qui recherchent un design sophistiqu\u00e9 et naturel, capable d&#8217;embellir chaque table avec un style unique et intemporel.<\/p>\n<p><strong>AVERTISSEMENTS<\/strong><br \/>\nPasse au lave-vaisselle et au micro-ondes.<\/p>\n<p><strong>Cr\u00e9atrice\u00a0:<\/strong> Silvia Cabassa<\/p>\n","protected":false},"excerpt":{"rendered":"<p>Mat\u00e9riau\u00a0: Porcelaine fine Plongez dans la beaut\u00e9 intemporelle de la collection Garden of Beauty Green, o\u00f9 la puret\u00e9 du blanc<\/p>\n","protected":false},"featured_media":449678,"template":"","meta":{"_acf_changed":false,"inline_featured_image":false},"product_cat":[12787,12782],"product_tag":[15414,15901,13040,12817],"acf":[],"yoast_head":"<!-- This site is optimized with the Yoast SEO Premium plugin v18.6 (Yoast SEO v19.13) - https:\/\/yoast.com\/wordpress\/plugins\/seo\/ -->\n<title>TAIT\u00d9 Garden of Beauty Green Grand saladier - Erresse Shop<\/title>\n<meta name=\"description\" content=\"Mat\u00e9riau\u00a0: Porcelaine fine Plongez dans la beaut\u00e9 intemporelle de la collection Garden of Beauty Green, o\u00f9 la puret\u00e9 du blanc se m\u00eale \u00e0 l&#039;enchantement de\" \/>\n<meta name=\"robots\" content=\"index, follow, max-snippet:-1, max-image-preview:large, max-video-preview:-1\" \/>\n<link rel=\"canonical\" href=\"https:\/\/www.erresse-shop.it\/fr\/shop\/table-fr-2\/saladiers-et-soupieres\/taitu-garden-of-beauty-green-grand-saladier\/\" \/>\n<meta property=\"og:locale\" content=\"fr_FR\" \/>\n<meta property=\"og:type\" content=\"article\" \/>\n<meta property=\"og:title\" content=\"TAIT\u00d9 Garden of Beauty Green Grand saladier\" \/>\n<meta property=\"og:description\" content=\"Mat\u00e9riau\u00a0: Porcelaine fine Plongez dans la beaut\u00e9 intemporelle de la collection Garden of Beauty Green, o\u00f9 la puret\u00e9 du blanc se m\u00eale \u00e0 l&#039;enchantement de\" \/>\n<meta property=\"og:url\" content=\"https:\/\/www.erresse-shop.it\/fr\/shop\/table-fr-2\/saladiers-et-soupieres\/taitu-garden-of-beauty-green-grand-saladier\/\" \/>\n<meta property=\"og:site_name\" content=\"Erresse Shop\" \/>\n<meta property=\"article:modified_time\" content=\"2026-02-24T10:29:55+00:00\" \/>\n<meta property=\"og:image\" content=\"https:\/\/www.erresse-shop.it\/wp-content\/uploads\/2024\/11\/TAITU-Garden-of-Beaty-Green-Insalatiera-Grande.jpg\" \/>\n\t<meta property=\"og:image:width\" content=\"1200\" \/>\n\t<meta property=\"og:image:height\" content=\"1200\" \/>\n\t<meta property=\"og:image:type\" content=\"image\/jpeg\" \/>\n<meta name=\"twitter:card\" content=\"summary_large_image\" \/>\n<script type=\"application\/ld+json\" class=\"yoast-schema-graph\">{\"@context\":\"https:\/\/schema.org\",\"@graph\":[{\"@type\":\"WebPage\",\"@id\":\"https:\/\/www.erresse-shop.it\/fr\/shop\/table-fr-2\/saladiers-et-soupieres\/taitu-garden-of-beauty-green-grand-saladier\/\",\"url\":\"https:\/\/www.erresse-shop.it\/fr\/shop\/table-fr-2\/saladiers-et-soupieres\/taitu-garden-of-beauty-green-grand-saladier\/\",\"name\":\"TAIT\u00d9 Garden of Beauty Green Grand saladier - Erresse Shop\",\"isPartOf\":{\"@id\":\"https:\/\/www.erresse-shop.it\/fr\/#website\"},\"datePublished\":\"2024-11-19T13:33:25+00:00\",\"dateModified\":\"2026-02-24T10:29:55+00:00\",\"description\":\"Mat\u00e9riau\u00a0: Porcelaine fine Plongez dans la beaut\u00e9 intemporelle de la collection Garden of Beauty Green, o\u00f9 la puret\u00e9 du blanc se m\u00eale \u00e0 l'enchantement de\",\"breadcrumb\":{\"@id\":\"https:\/\/www.erresse-shop.it\/fr\/shop\/table-fr-2\/saladiers-et-soupieres\/taitu-garden-of-beauty-green-grand-saladier\/#breadcrumb\"},\"inLanguage\":\"fr-FR\",\"potentialAction\":[{\"@type\":\"ReadAction\",\"target\":[\"https:\/\/www.erresse-shop.it\/fr\/shop\/table-fr-2\/saladiers-et-soupieres\/taitu-garden-of-beauty-green-grand-saladier\/\"]}]},{\"@type\":\"BreadcrumbList\",\"@id\":\"https:\/\/www.erresse-shop.it\/fr\/shop\/table-fr-2\/saladiers-et-soupieres\/taitu-garden-of-beauty-green-grand-saladier\/#breadcrumb\",\"itemListElement\":[{\"@type\":\"ListItem\",\"position\":1,\"name\":\"Home\",\"item\":\"https:\/\/www.erresse-shop.it\/fr\/\"},{\"@type\":\"ListItem\",\"position\":2,\"name\":\"Shop\",\"item\":\"https:\/\/www.erresse-shop.it\/fr\/shop\/\"},{\"@type\":\"ListItem\",\"position\":3,\"name\":\"TAIT\u00d9 Garden of Beauty Green Grand saladier\"}]},{\"@type\":\"WebSite\",\"@id\":\"https:\/\/www.erresse-shop.it\/fr\/#website\",\"url\":\"https:\/\/www.erresse-shop.it\/fr\/\",\"name\":\"Erresse Shop\",\"description\":\"Articoli di qualit\u00e0 per la casa\",\"potentialAction\":[{\"@type\":\"SearchAction\",\"target\":{\"@type\":\"EntryPoint\",\"urlTemplate\":\"https:\/\/www.erresse-shop.it\/fr\/?s={search_term_string}\"},\"query-input\":\"required name=search_term_string\"}],\"inLanguage\":\"fr-FR\"}]}<\/script>\n<!-- \/ Yoast SEO Premium plugin. -->","yoast_head_json":{"title":"TAIT\u00d9 Garden of Beauty Green Grand saladier - Erresse Shop","description":"Mat\u00e9riau\u00a0: Porcelaine fine Plongez dans la beaut\u00e9 intemporelle de la collection Garden of Beauty Green, o\u00f9 la puret\u00e9 du blanc se m\u00eale \u00e0 l'enchantement de","robots":{"index":"index","follow":"follow","max-snippet":"max-snippet:-1","max-image-preview":"max-image-preview:large","max-video-preview":"max-video-preview:-1"},"canonical":"https:\/\/www.erresse-shop.it\/fr\/shop\/table-fr-2\/saladiers-et-soupieres\/taitu-garden-of-beauty-green-grand-saladier\/","og_locale":"fr_FR","og_type":"article","og_title":"TAIT\u00d9 Garden of Beauty Green Grand saladier","og_description":"Mat\u00e9riau\u00a0: Porcelaine fine Plongez dans la beaut\u00e9 intemporelle de la collection Garden of Beauty Green, o\u00f9 la puret\u00e9 du blanc se m\u00eale \u00e0 l'enchantement de","og_url":"https:\/\/www.erresse-shop.it\/fr\/shop\/table-fr-2\/saladiers-et-soupieres\/taitu-garden-of-beauty-green-grand-saladier\/","og_site_name":"Erresse Shop","article_modified_time":"2026-02-24T10:29:55+00:00","og_image":[{"width":1200,"height":1200,"url":"https:\/\/www.erresse-shop.it\/wp-content\/uploads\/2024\/11\/TAITU-Garden-of-Beaty-Green-Insalatiera-Grande.jpg","type":"image\/jpeg"}],"twitter_card":"summary_large_image","schema":{"@context":"https:\/\/schema.org","@graph":[{"@type":"WebPage","@id":"https:\/\/www.erresse-shop.it\/fr\/shop\/table-fr-2\/saladiers-et-soupieres\/taitu-garden-of-beauty-green-grand-saladier\/","url":"https:\/\/www.erresse-shop.it\/fr\/shop\/table-fr-2\/saladiers-et-soupieres\/taitu-garden-of-beauty-green-grand-saladier\/","name":"TAIT\u00d9 Garden of Beauty Green Grand saladier - Erresse Shop","isPartOf":{"@id":"https:\/\/www.erresse-shop.it\/fr\/#website"},"datePublished":"2024-11-19T13:33:25+00:00","dateModified":"2026-02-24T10:29:55+00:00","description":"Mat\u00e9riau\u00a0: Porcelaine fine Plongez dans la beaut\u00e9 intemporelle de la collection Garden of Beauty Green, o\u00f9 la puret\u00e9 du blanc se m\u00eale \u00e0 l'enchantement de","breadcrumb":{"@id":"https:\/\/www.erresse-shop.it\/fr\/shop\/table-fr-2\/saladiers-et-soupieres\/taitu-garden-of-beauty-green-grand-saladier\/#breadcrumb"},"inLanguage":"fr-FR","potentialAction":[{"@type":"ReadAction","target":["https:\/\/www.erresse-shop.it\/fr\/shop\/table-fr-2\/saladiers-et-soupieres\/taitu-garden-of-beauty-green-grand-saladier\/"]}]},{"@type":"BreadcrumbList","@id":"https:\/\/www.erresse-shop.it\/fr\/shop\/table-fr-2\/saladiers-et-soupieres\/taitu-garden-of-beauty-green-grand-saladier\/#breadcrumb","itemListElement":[{"@type":"ListItem","position":1,"name":"Home","item":"https:\/\/www.erresse-shop.it\/fr\/"},{"@type":"ListItem","position":2,"name":"Shop","item":"https:\/\/www.erresse-shop.it\/fr\/shop\/"},{"@type":"ListItem","position":3,"name":"TAIT\u00d9 Garden of Beauty Green Grand saladier"}]},{"@type":"WebSite","@id":"https:\/\/www.erresse-shop.it\/fr\/#website","url":"https:\/\/www.erresse-shop.it\/fr\/","name":"Erresse Shop","description":"Articoli di qualit\u00e0 per la casa","potentialAction":[{"@type":"SearchAction","target":{"@type":"EntryPoint","urlTemplate":"https:\/\/www.erresse-shop.it\/fr\/?s={search_term_string}"},"query-input":"required name=search_term_string"}],"inLanguage":"fr-FR"}]}},"df_price":56.1,"df_sale_price":56.1,"df_regular_price":102,"df_image_link":"https:\/\/www.erresse-shop.it\/wp-content\/uploads\/2024\/11\/TAITU-Garden-of-Beaty-Green-Insalatiera-Grande-300x300.jpg","_links":{"self":[{"href":"https:\/\/www.erresse-shop.it\/fr\/wp-json\/wp\/v2\/product\/449667"}],"collection":[{"href":"https:\/\/www.erresse-shop.it\/fr\/wp-json\/wp\/v2\/product"}],"about":[{"href":"https:\/\/www.erresse-shop.it\/fr\/wp-json\/wp\/v2\/types\/product"}],"wp:featuredmedia":[{"embeddable":true,"href":"https:\/\/www.erresse-shop.it\/fr\/wp-json\/wp\/v2\/media\/449678"}],"wp:attachment":[{"href":"https:\/\/www.erresse-shop.it\/fr\/wp-json\/wp\/v2\/media?parent=449667"}],"wp:term":[{"taxonomy":"product_cat","embeddable":true,"href":"https:\/\/www.erresse-shop.it\/fr\/wp-json\/wp\/v2\/product_cat?post=449667"},{"taxonomy":"product_tag","embeddable":true,"href":"https:\/\/www.erresse-shop.it\/fr\/wp-json\/wp\/v2\/product_tag?post=449667"}],"curies":[{"name":"wp","href":"https:\/\/api.w.org\/{rel}","templated":true}]}}