{"id":449644,"date":"2024-11-19T13:17:20","date_gmt":"2024-11-19T13:17:22","guid":{"rendered":"https:\/\/www.erresse-shop.it\/?post_type=product&#038;p=449644"},"modified":"2026-02-24T10:49:13","modified_gmt":"2026-02-24T10:49:13","slug":"taitu-fil-rouge-foglie-assiette-creuse-24-cm-4-pieces","status":"publish","type":"product","link":"https:\/\/www.erresse-shop.it\/fr\/shop\/table-fr-2\/plats\/taitu-fil-rouge-foglie-assiette-creuse-24-cm-4-pieces\/","title":{"rendered":"TAIT\u00d9 Fil Rouge Foglie Assiette creuse 24 cm 4 pi\u00e8ces"},"content":{"rendered":"<p><strong>Mat\u00e9riau\u00a0:<\/strong> Porcelaine fine<\/p>\n<p>L&#8217;Eucalyptus et les FEUILLES de Laurier forment des tissages verts, entre lesquels est nou\u00e9 un fin FIL ROUGE.<br \/>\nLe vert domine la sc\u00e8ne et donne de la s\u00e9r\u00e9nit\u00e9, tandis qu&#8217;une touche de rouge illumine le c\u0153ur.<br \/>\nBAIES, FEUILLES, MUSIQUE et N\u0152UDS sont des collections parfaites pour toute l&#8217;ann\u00e9e ; et avec le fil rouge, TAIT\u00d9 ravive aussi la magie de No\u00ebl.<br \/>\nUnis par le macro-concept cr\u00e9atif FIL ROUGE, les 4 collections d\u00e9veloppent de nouvelles possibilit\u00e9s de Mix&amp;Match, entre elles et avec de nombreuses autres collections TAIT\u00d9.<\/p>\n<p><strong>AVERTISSEMENTS<br \/>\n<\/strong>Peut \u00eatre utilis\u00e9 au lave-vaisselle et au micro-ondes.<\/p>\n<p><strong>Cr\u00e9atrice\u00a0:<\/strong> Silvia Cabassa<\/p>\n","protected":false},"excerpt":{"rendered":"<p>Mat\u00e9riau\u00a0: Porcelaine fine L&#8217;Eucalyptus et les FEUILLES de Laurier forment des tissages verts, entre lesquels est nou\u00e9 un fin FIL<\/p>\n","protected":false},"featured_media":449659,"template":"","meta":{"_acf_changed":false,"inline_featured_image":false},"product_cat":[12788,12782],"product_tag":[25086,13169,14288,22041,25021,24397,19357,21968],"acf":[],"yoast_head":"<!-- This site is optimized with the Yoast SEO Premium plugin v18.6 (Yoast SEO v19.13) - https:\/\/yoast.com\/wordpress\/plugins\/seo\/ -->\n<title>TAIT\u00d9 Fil Rouge Foglie Assiette creuse 24 cm 4 pi\u00e8ces - Erresse Shop<\/title>\n<meta name=\"description\" content=\"Mat\u00e9riau\u00a0: Porcelaine fine L&#039;Eucalyptus et les FEUILLES de Laurier forment des tissages verts, entre lesquels est nou\u00e9 un fin FIL ROUGE. Le vert domine la\" \/>\n<meta name=\"robots\" content=\"index, follow, max-snippet:-1, max-image-preview:large, max-video-preview:-1\" \/>\n<link rel=\"canonical\" href=\"https:\/\/www.erresse-shop.it\/fr\/shop\/table-fr-2\/plats\/taitu-fil-rouge-foglie-assiette-creuse-24-cm-4-pieces\/\" \/>\n<meta property=\"og:locale\" content=\"fr_FR\" \/>\n<meta property=\"og:type\" content=\"article\" \/>\n<meta property=\"og:title\" content=\"TAIT\u00d9 Fil Rouge Foglie Assiette creuse 24 cm 4 pi\u00e8ces\" \/>\n<meta property=\"og:description\" content=\"Mat\u00e9riau\u00a0: Porcelaine fine L&#039;Eucalyptus et les FEUILLES de Laurier forment des tissages verts, entre lesquels est nou\u00e9 un fin FIL ROUGE. Le vert domine la\" \/>\n<meta property=\"og:url\" content=\"https:\/\/www.erresse-shop.it\/fr\/shop\/table-fr-2\/plats\/taitu-fil-rouge-foglie-assiette-creuse-24-cm-4-pieces\/\" \/>\n<meta property=\"og:site_name\" content=\"Erresse Shop\" \/>\n<meta property=\"article:modified_time\" content=\"2026-02-24T10:49:13+00:00\" \/>\n<meta property=\"og:image\" content=\"https:\/\/www.erresse-shop.it\/wp-content\/uploads\/2024\/11\/TAITU-Fil-Rouge-Foglie-Piatto-Fondo-24-cm-4-Pezzi.jpg\" \/>\n\t<meta property=\"og:image:width\" content=\"1200\" \/>\n\t<meta property=\"og:image:height\" content=\"1200\" \/>\n\t<meta property=\"og:image:type\" content=\"image\/jpeg\" \/>\n<meta name=\"twitter:card\" content=\"summary_large_image\" \/>\n<script type=\"application\/ld+json\" class=\"yoast-schema-graph\">{\"@context\":\"https:\/\/schema.org\",\"@graph\":[{\"@type\":\"WebPage\",\"@id\":\"https:\/\/www.erresse-shop.it\/fr\/shop\/table-fr-2\/plats\/taitu-fil-rouge-foglie-assiette-creuse-24-cm-4-pieces\/\",\"url\":\"https:\/\/www.erresse-shop.it\/fr\/shop\/table-fr-2\/plats\/taitu-fil-rouge-foglie-assiette-creuse-24-cm-4-pieces\/\",\"name\":\"TAIT\u00d9 Fil Rouge Foglie Assiette creuse 24 cm 4 pi\u00e8ces - Erresse Shop\",\"isPartOf\":{\"@id\":\"https:\/\/www.erresse-shop.it\/fr\/#website\"},\"datePublished\":\"2024-11-19T13:17:22+00:00\",\"dateModified\":\"2026-02-24T10:49:13+00:00\",\"description\":\"Mat\u00e9riau\u00a0: Porcelaine fine L'Eucalyptus et les FEUILLES de Laurier forment des tissages verts, entre lesquels est nou\u00e9 un fin FIL ROUGE. Le vert domine la\",\"breadcrumb\":{\"@id\":\"https:\/\/www.erresse-shop.it\/fr\/shop\/table-fr-2\/plats\/taitu-fil-rouge-foglie-assiette-creuse-24-cm-4-pieces\/#breadcrumb\"},\"inLanguage\":\"fr-FR\",\"potentialAction\":[{\"@type\":\"ReadAction\",\"target\":[\"https:\/\/www.erresse-shop.it\/fr\/shop\/table-fr-2\/plats\/taitu-fil-rouge-foglie-assiette-creuse-24-cm-4-pieces\/\"]}]},{\"@type\":\"BreadcrumbList\",\"@id\":\"https:\/\/www.erresse-shop.it\/fr\/shop\/table-fr-2\/plats\/taitu-fil-rouge-foglie-assiette-creuse-24-cm-4-pieces\/#breadcrumb\",\"itemListElement\":[{\"@type\":\"ListItem\",\"position\":1,\"name\":\"Home\",\"item\":\"https:\/\/www.erresse-shop.it\/fr\/\"},{\"@type\":\"ListItem\",\"position\":2,\"name\":\"Shop\",\"item\":\"https:\/\/www.erresse-shop.it\/fr\/shop\/\"},{\"@type\":\"ListItem\",\"position\":3,\"name\":\"TAIT\u00d9 Fil Rouge Foglie Assiette creuse 24 cm 4 pi\u00e8ces\"}]},{\"@type\":\"WebSite\",\"@id\":\"https:\/\/www.erresse-shop.it\/fr\/#website\",\"url\":\"https:\/\/www.erresse-shop.it\/fr\/\",\"name\":\"Erresse Shop\",\"description\":\"Articoli di qualit\u00e0 per la casa\",\"potentialAction\":[{\"@type\":\"SearchAction\",\"target\":{\"@type\":\"EntryPoint\",\"urlTemplate\":\"https:\/\/www.erresse-shop.it\/fr\/?s={search_term_string}\"},\"query-input\":\"required name=search_term_string\"}],\"inLanguage\":\"fr-FR\"}]}<\/script>\n<!-- \/ Yoast SEO Premium plugin. -->","yoast_head_json":{"title":"TAIT\u00d9 Fil Rouge Foglie Assiette creuse 24 cm 4 pi\u00e8ces - Erresse Shop","description":"Mat\u00e9riau\u00a0: Porcelaine fine L'Eucalyptus et les FEUILLES de Laurier forment des tissages verts, entre lesquels est nou\u00e9 un fin FIL ROUGE. Le vert domine la","robots":{"index":"index","follow":"follow","max-snippet":"max-snippet:-1","max-image-preview":"max-image-preview:large","max-video-preview":"max-video-preview:-1"},"canonical":"https:\/\/www.erresse-shop.it\/fr\/shop\/table-fr-2\/plats\/taitu-fil-rouge-foglie-assiette-creuse-24-cm-4-pieces\/","og_locale":"fr_FR","og_type":"article","og_title":"TAIT\u00d9 Fil Rouge Foglie Assiette creuse 24 cm 4 pi\u00e8ces","og_description":"Mat\u00e9riau\u00a0: Porcelaine fine L'Eucalyptus et les FEUILLES de Laurier forment des tissages verts, entre lesquels est nou\u00e9 un fin FIL ROUGE. Le vert domine la","og_url":"https:\/\/www.erresse-shop.it\/fr\/shop\/table-fr-2\/plats\/taitu-fil-rouge-foglie-assiette-creuse-24-cm-4-pieces\/","og_site_name":"Erresse Shop","article_modified_time":"2026-02-24T10:49:13+00:00","og_image":[{"width":1200,"height":1200,"url":"https:\/\/www.erresse-shop.it\/wp-content\/uploads\/2024\/11\/TAITU-Fil-Rouge-Foglie-Piatto-Fondo-24-cm-4-Pezzi.jpg","type":"image\/jpeg"}],"twitter_card":"summary_large_image","schema":{"@context":"https:\/\/schema.org","@graph":[{"@type":"WebPage","@id":"https:\/\/www.erresse-shop.it\/fr\/shop\/table-fr-2\/plats\/taitu-fil-rouge-foglie-assiette-creuse-24-cm-4-pieces\/","url":"https:\/\/www.erresse-shop.it\/fr\/shop\/table-fr-2\/plats\/taitu-fil-rouge-foglie-assiette-creuse-24-cm-4-pieces\/","name":"TAIT\u00d9 Fil Rouge Foglie Assiette creuse 24 cm 4 pi\u00e8ces - Erresse Shop","isPartOf":{"@id":"https:\/\/www.erresse-shop.it\/fr\/#website"},"datePublished":"2024-11-19T13:17:22+00:00","dateModified":"2026-02-24T10:49:13+00:00","description":"Mat\u00e9riau\u00a0: Porcelaine fine L'Eucalyptus et les FEUILLES de Laurier forment des tissages verts, entre lesquels est nou\u00e9 un fin FIL ROUGE. Le vert domine la","breadcrumb":{"@id":"https:\/\/www.erresse-shop.it\/fr\/shop\/table-fr-2\/plats\/taitu-fil-rouge-foglie-assiette-creuse-24-cm-4-pieces\/#breadcrumb"},"inLanguage":"fr-FR","potentialAction":[{"@type":"ReadAction","target":["https:\/\/www.erresse-shop.it\/fr\/shop\/table-fr-2\/plats\/taitu-fil-rouge-foglie-assiette-creuse-24-cm-4-pieces\/"]}]},{"@type":"BreadcrumbList","@id":"https:\/\/www.erresse-shop.it\/fr\/shop\/table-fr-2\/plats\/taitu-fil-rouge-foglie-assiette-creuse-24-cm-4-pieces\/#breadcrumb","itemListElement":[{"@type":"ListItem","position":1,"name":"Home","item":"https:\/\/www.erresse-shop.it\/fr\/"},{"@type":"ListItem","position":2,"name":"Shop","item":"https:\/\/www.erresse-shop.it\/fr\/shop\/"},{"@type":"ListItem","position":3,"name":"TAIT\u00d9 Fil Rouge Foglie Assiette creuse 24 cm 4 pi\u00e8ces"}]},{"@type":"WebSite","@id":"https:\/\/www.erresse-shop.it\/fr\/#website","url":"https:\/\/www.erresse-shop.it\/fr\/","name":"Erresse Shop","description":"Articoli di qualit\u00e0 per la casa","potentialAction":[{"@type":"SearchAction","target":{"@type":"EntryPoint","urlTemplate":"https:\/\/www.erresse-shop.it\/fr\/?s={search_term_string}"},"query-input":"required name=search_term_string"}],"inLanguage":"fr-FR"}]}},"df_price":85.80000000000001,"df_sale_price":85.80000000000001,"df_regular_price":156,"df_image_link":"https:\/\/www.erresse-shop.it\/wp-content\/uploads\/2024\/11\/TAITU-Fil-Rouge-Foglie-Piatto-Fondo-24-cm-4-Pezzi-300x300.jpg","_links":{"self":[{"href":"https:\/\/www.erresse-shop.it\/fr\/wp-json\/wp\/v2\/product\/449644"}],"collection":[{"href":"https:\/\/www.erresse-shop.it\/fr\/wp-json\/wp\/v2\/product"}],"about":[{"href":"https:\/\/www.erresse-shop.it\/fr\/wp-json\/wp\/v2\/types\/product"}],"wp:featuredmedia":[{"embeddable":true,"href":"https:\/\/www.erresse-shop.it\/fr\/wp-json\/wp\/v2\/media\/449659"}],"wp:attachment":[{"href":"https:\/\/www.erresse-shop.it\/fr\/wp-json\/wp\/v2\/media?parent=449644"}],"wp:term":[{"taxonomy":"product_cat","embeddable":true,"href":"https:\/\/www.erresse-shop.it\/fr\/wp-json\/wp\/v2\/product_cat?post=449644"},{"taxonomy":"product_tag","embeddable":true,"href":"https:\/\/www.erresse-shop.it\/fr\/wp-json\/wp\/v2\/product_tag?post=449644"}],"curies":[{"name":"wp","href":"https:\/\/api.w.org\/{rel}","templated":true}]}}