{"id":449558,"date":"2024-11-19T07:37:23","date_gmt":"2024-11-19T07:37:25","guid":{"rendered":"https:\/\/www.erresse-shop.it\/?post_type=product&#038;p=449558"},"modified":"2026-02-24T11:11:30","modified_gmt":"2026-02-24T11:11:30","slug":"taitu-fil-rouge-bacche-tasses-a-the-cappuccino-2-pieces","status":"publish","type":"product","link":"https:\/\/www.erresse-shop.it\/fr\/shop\/table-fr-2\/tasses\/taitu-fil-rouge-bacche-tasses-a-the-cappuccino-2-pieces\/","title":{"rendered":"TAIT\u00d9 Fil Rouge Bacche Tasses \u00e0 th\u00e9 cappuccino 2 pi\u00e8ces"},"content":{"rendered":"<p><strong>Peint \u00e0 la main<\/strong><br \/>\n<strong>Mat\u00e9riau<\/strong> : porcelaine d&#8217;os fine<\/p>\n<p>De simples brins d&#8217;herbe cr\u00e9ent des textures denses et soutiennent avec souplesse chaque d\u00e9tail de la porcelaine fine osseuse, rappelant les valeurs d&#8217;un mode de vie \u00e9cologique. Une collection \u00e9l\u00e9gante et \u00e9ternelle qui peut \u00eatre utilis\u00e9e seule dans sa puret\u00e9 et son essentialit\u00e9 ou m\u00e9lang\u00e9e avec d&#8217;autres collections TAITU.<\/p>\n<p>La d\u00e9coration iconique TAITU rena\u00eet avec un design inspir\u00e9 des brins d&#8217;herbe d\u00e9plac\u00e9s par une brise l\u00e9g\u00e8re : un hommage \u00e0 la simplicit\u00e9 de la nature, \u00e0 ses g\u00e9om\u00e9tries spontan\u00e9es et \u00e0 sa capacit\u00e9 \u00e0 se renouveler continuellement. Une libellule, embl\u00e8me de l\u00e9g\u00e8ret\u00e9 et de libert\u00e9, est la mascotte magique qui caract\u00e9rise chaque objet.<\/p>\n<p><strong>Tait\u00f9 design pour la haute cuisine<\/strong><\/p>\n<p>Les formes contemporaines en porcelaine fine translucide et la d\u00e9coration minimale des assiettes et des bols font de LIFE IN GREEN la collection id\u00e9ale pour la mise en place la plus raffin\u00e9e, \u00e9galement en combinaison avec les nouveaux sets de table Eco-Chic de la collection FREESTYLE. En outre, la technique de d\u00e9coration sous gla\u00e7ure rend les d\u00e9corations inalt\u00e9rables lorsqu&#8217;elles sont lav\u00e9es dans des lave-vaisselle professionnels.<\/p>\n<p><strong>AVERTISSEMENTS<\/strong><br \/>\nLave-vaisselle et four \u00e0 micro-ondes : oui<\/p>\n","protected":false},"excerpt":{"rendered":"<p>Peint \u00e0 la main Mat\u00e9riau : porcelaine d&#8217;os fine De simples brins d&#8217;herbe cr\u00e9ent des textures denses et soutiennent avec<\/p>\n","protected":false},"featured_media":449569,"template":"","meta":{"_acf_changed":false,"inline_featured_image":false},"product_cat":[12782,12791],"product_tag":[25086,23910,23690,24397,22590,15712,16906,14282],"acf":[],"yoast_head":"<!-- This site is optimized with the Yoast SEO Premium plugin v18.6 (Yoast SEO v19.13) - https:\/\/yoast.com\/wordpress\/plugins\/seo\/ -->\n<title>TAIT\u00d9 Fil Rouge Bacche Tasses \u00e0 th\u00e9 cappuccino 2 pi\u00e8ces - Erresse Shop<\/title>\n<meta name=\"description\" content=\"Peint \u00e0 la main Mat\u00e9riau : porcelaine d&#039;os fine De simples brins d&#039;herbe cr\u00e9ent des textures denses et soutiennent avec souplesse chaque d\u00e9tail de la\" \/>\n<meta name=\"robots\" content=\"index, follow, max-snippet:-1, max-image-preview:large, max-video-preview:-1\" \/>\n<link rel=\"canonical\" href=\"https:\/\/www.erresse-shop.it\/fr\/shop\/table-fr-2\/tasses\/taitu-fil-rouge-bacche-tasses-a-the-cappuccino-2-pieces\/\" \/>\n<meta property=\"og:locale\" content=\"fr_FR\" \/>\n<meta property=\"og:type\" content=\"article\" \/>\n<meta property=\"og:title\" content=\"TAIT\u00d9 Fil Rouge Bacche Tasses \u00e0 th\u00e9 cappuccino 2 pi\u00e8ces\" \/>\n<meta property=\"og:description\" content=\"Peint \u00e0 la main Mat\u00e9riau : porcelaine d&#039;os fine De simples brins d&#039;herbe cr\u00e9ent des textures denses et soutiennent avec souplesse chaque d\u00e9tail de la\" \/>\n<meta property=\"og:url\" content=\"https:\/\/www.erresse-shop.it\/fr\/shop\/table-fr-2\/tasses\/taitu-fil-rouge-bacche-tasses-a-the-cappuccino-2-pieces\/\" \/>\n<meta property=\"og:site_name\" content=\"Erresse Shop\" \/>\n<meta property=\"article:modified_time\" content=\"2026-02-24T11:11:30+00:00\" \/>\n<meta property=\"og:image\" content=\"https:\/\/www.erresse-shop.it\/wp-content\/uploads\/2024\/11\/TAITU-Fil-Rouge-Bacche-Tazze-Te-Cappuccino-2-Pezzi.jpg\" \/>\n\t<meta property=\"og:image:width\" content=\"1200\" \/>\n\t<meta property=\"og:image:height\" content=\"1200\" \/>\n\t<meta property=\"og:image:type\" content=\"image\/jpeg\" \/>\n<meta name=\"twitter:card\" content=\"summary_large_image\" \/>\n<script type=\"application\/ld+json\" class=\"yoast-schema-graph\">{\"@context\":\"https:\/\/schema.org\",\"@graph\":[{\"@type\":\"WebPage\",\"@id\":\"https:\/\/www.erresse-shop.it\/fr\/shop\/table-fr-2\/tasses\/taitu-fil-rouge-bacche-tasses-a-the-cappuccino-2-pieces\/\",\"url\":\"https:\/\/www.erresse-shop.it\/fr\/shop\/table-fr-2\/tasses\/taitu-fil-rouge-bacche-tasses-a-the-cappuccino-2-pieces\/\",\"name\":\"TAIT\u00d9 Fil Rouge Bacche Tasses \u00e0 th\u00e9 cappuccino 2 pi\u00e8ces - Erresse Shop\",\"isPartOf\":{\"@id\":\"https:\/\/www.erresse-shop.it\/fr\/#website\"},\"datePublished\":\"2024-11-19T07:37:25+00:00\",\"dateModified\":\"2026-02-24T11:11:30+00:00\",\"description\":\"Peint \u00e0 la main Mat\u00e9riau : porcelaine d'os fine De simples brins d'herbe cr\u00e9ent des textures denses et soutiennent avec souplesse chaque d\u00e9tail de la\",\"breadcrumb\":{\"@id\":\"https:\/\/www.erresse-shop.it\/fr\/shop\/table-fr-2\/tasses\/taitu-fil-rouge-bacche-tasses-a-the-cappuccino-2-pieces\/#breadcrumb\"},\"inLanguage\":\"fr-FR\",\"potentialAction\":[{\"@type\":\"ReadAction\",\"target\":[\"https:\/\/www.erresse-shop.it\/fr\/shop\/table-fr-2\/tasses\/taitu-fil-rouge-bacche-tasses-a-the-cappuccino-2-pieces\/\"]}]},{\"@type\":\"BreadcrumbList\",\"@id\":\"https:\/\/www.erresse-shop.it\/fr\/shop\/table-fr-2\/tasses\/taitu-fil-rouge-bacche-tasses-a-the-cappuccino-2-pieces\/#breadcrumb\",\"itemListElement\":[{\"@type\":\"ListItem\",\"position\":1,\"name\":\"Home\",\"item\":\"https:\/\/www.erresse-shop.it\/fr\/\"},{\"@type\":\"ListItem\",\"position\":2,\"name\":\"Shop\",\"item\":\"https:\/\/www.erresse-shop.it\/fr\/shop\/\"},{\"@type\":\"ListItem\",\"position\":3,\"name\":\"TAIT\u00d9 Fil Rouge Bacche Tasses \u00e0 th\u00e9 cappuccino 2 pi\u00e8ces\"}]},{\"@type\":\"WebSite\",\"@id\":\"https:\/\/www.erresse-shop.it\/fr\/#website\",\"url\":\"https:\/\/www.erresse-shop.it\/fr\/\",\"name\":\"Erresse Shop\",\"description\":\"Articoli di qualit\u00e0 per la casa\",\"potentialAction\":[{\"@type\":\"SearchAction\",\"target\":{\"@type\":\"EntryPoint\",\"urlTemplate\":\"https:\/\/www.erresse-shop.it\/fr\/?s={search_term_string}\"},\"query-input\":\"required name=search_term_string\"}],\"inLanguage\":\"fr-FR\"}]}<\/script>\n<!-- \/ Yoast SEO Premium plugin. -->","yoast_head_json":{"title":"TAIT\u00d9 Fil Rouge Bacche Tasses \u00e0 th\u00e9 cappuccino 2 pi\u00e8ces - Erresse Shop","description":"Peint \u00e0 la main Mat\u00e9riau : porcelaine d'os fine De simples brins d'herbe cr\u00e9ent des textures denses et soutiennent avec souplesse chaque d\u00e9tail de la","robots":{"index":"index","follow":"follow","max-snippet":"max-snippet:-1","max-image-preview":"max-image-preview:large","max-video-preview":"max-video-preview:-1"},"canonical":"https:\/\/www.erresse-shop.it\/fr\/shop\/table-fr-2\/tasses\/taitu-fil-rouge-bacche-tasses-a-the-cappuccino-2-pieces\/","og_locale":"fr_FR","og_type":"article","og_title":"TAIT\u00d9 Fil Rouge Bacche Tasses \u00e0 th\u00e9 cappuccino 2 pi\u00e8ces","og_description":"Peint \u00e0 la main Mat\u00e9riau : porcelaine d'os fine De simples brins d'herbe cr\u00e9ent des textures denses et soutiennent avec souplesse chaque d\u00e9tail de la","og_url":"https:\/\/www.erresse-shop.it\/fr\/shop\/table-fr-2\/tasses\/taitu-fil-rouge-bacche-tasses-a-the-cappuccino-2-pieces\/","og_site_name":"Erresse Shop","article_modified_time":"2026-02-24T11:11:30+00:00","og_image":[{"width":1200,"height":1200,"url":"https:\/\/www.erresse-shop.it\/wp-content\/uploads\/2024\/11\/TAITU-Fil-Rouge-Bacche-Tazze-Te-Cappuccino-2-Pezzi.jpg","type":"image\/jpeg"}],"twitter_card":"summary_large_image","schema":{"@context":"https:\/\/schema.org","@graph":[{"@type":"WebPage","@id":"https:\/\/www.erresse-shop.it\/fr\/shop\/table-fr-2\/tasses\/taitu-fil-rouge-bacche-tasses-a-the-cappuccino-2-pieces\/","url":"https:\/\/www.erresse-shop.it\/fr\/shop\/table-fr-2\/tasses\/taitu-fil-rouge-bacche-tasses-a-the-cappuccino-2-pieces\/","name":"TAIT\u00d9 Fil Rouge Bacche Tasses \u00e0 th\u00e9 cappuccino 2 pi\u00e8ces - Erresse Shop","isPartOf":{"@id":"https:\/\/www.erresse-shop.it\/fr\/#website"},"datePublished":"2024-11-19T07:37:25+00:00","dateModified":"2026-02-24T11:11:30+00:00","description":"Peint \u00e0 la main Mat\u00e9riau : porcelaine d'os fine De simples brins d'herbe cr\u00e9ent des textures denses et soutiennent avec souplesse chaque d\u00e9tail de la","breadcrumb":{"@id":"https:\/\/www.erresse-shop.it\/fr\/shop\/table-fr-2\/tasses\/taitu-fil-rouge-bacche-tasses-a-the-cappuccino-2-pieces\/#breadcrumb"},"inLanguage":"fr-FR","potentialAction":[{"@type":"ReadAction","target":["https:\/\/www.erresse-shop.it\/fr\/shop\/table-fr-2\/tasses\/taitu-fil-rouge-bacche-tasses-a-the-cappuccino-2-pieces\/"]}]},{"@type":"BreadcrumbList","@id":"https:\/\/www.erresse-shop.it\/fr\/shop\/table-fr-2\/tasses\/taitu-fil-rouge-bacche-tasses-a-the-cappuccino-2-pieces\/#breadcrumb","itemListElement":[{"@type":"ListItem","position":1,"name":"Home","item":"https:\/\/www.erresse-shop.it\/fr\/"},{"@type":"ListItem","position":2,"name":"Shop","item":"https:\/\/www.erresse-shop.it\/fr\/shop\/"},{"@type":"ListItem","position":3,"name":"TAIT\u00d9 Fil Rouge Bacche Tasses \u00e0 th\u00e9 cappuccino 2 pi\u00e8ces"}]},{"@type":"WebSite","@id":"https:\/\/www.erresse-shop.it\/fr\/#website","url":"https:\/\/www.erresse-shop.it\/fr\/","name":"Erresse Shop","description":"Articoli di qualit\u00e0 per la casa","potentialAction":[{"@type":"SearchAction","target":{"@type":"EntryPoint","urlTemplate":"https:\/\/www.erresse-shop.it\/fr\/?s={search_term_string}"},"query-input":"required name=search_term_string"}],"inLanguage":"fr-FR"}]}},"df_price":56.1,"df_sale_price":56.1,"df_regular_price":102,"df_image_link":"https:\/\/www.erresse-shop.it\/wp-content\/uploads\/2024\/11\/TAITU-Fil-Rouge-Bacche-Tazze-Te-Cappuccino-2-Pezzi-300x300.jpg","_links":{"self":[{"href":"https:\/\/www.erresse-shop.it\/fr\/wp-json\/wp\/v2\/product\/449558"}],"collection":[{"href":"https:\/\/www.erresse-shop.it\/fr\/wp-json\/wp\/v2\/product"}],"about":[{"href":"https:\/\/www.erresse-shop.it\/fr\/wp-json\/wp\/v2\/types\/product"}],"wp:featuredmedia":[{"embeddable":true,"href":"https:\/\/www.erresse-shop.it\/fr\/wp-json\/wp\/v2\/media\/449569"}],"wp:attachment":[{"href":"https:\/\/www.erresse-shop.it\/fr\/wp-json\/wp\/v2\/media?parent=449558"}],"wp:term":[{"taxonomy":"product_cat","embeddable":true,"href":"https:\/\/www.erresse-shop.it\/fr\/wp-json\/wp\/v2\/product_cat?post=449558"},{"taxonomy":"product_tag","embeddable":true,"href":"https:\/\/www.erresse-shop.it\/fr\/wp-json\/wp\/v2\/product_tag?post=449558"}],"curies":[{"name":"wp","href":"https:\/\/api.w.org\/{rel}","templated":true}]}}