{"id":448781,"date":"2024-11-18T07:53:28","date_gmt":"2024-11-18T07:53:29","guid":{"rendered":"https:\/\/www.erresse-shop.it\/?post_type=product&#038;p=448781"},"modified":"2025-12-17T12:11:22","modified_gmt":"2025-12-17T12:11:22","slug":"le-creuset-cocotte-en-fonte-emaillee-28-cm-cerise-copia-2","status":"publish","type":"product","link":"https:\/\/www.erresse-shop.it\/fr\/shop\/poeles-pots\/marmites-et-cocottes-poeles-pots\/le-creuset-cocotte-en-fonte-emaillee-28-cm-cerise-copia-2\/","title":{"rendered":"LE CREUSET Cocotte Ronde Evolution en Fonte 28 cm Blanc"},"content":{"rendered":"<p class=\"mb-3\" style=\"text-align: justific;\">Depuis pr\u00e8s d&#8217;un si\u00e8cle, elle est tomb\u00e9e amoureuse des cuisiniers et des chefs du monde entier\u00a0: c&#8217;est la cocotte Le Creuset, un classique authentique. Parfaitement construit pour faire de chacune de vos recettes un chef-d&#8217;\u0153uvre de saveurs, il sera votre alli\u00e9 indissociable pour la pr\u00e9paration de rago\u00fbts, r\u00f4tis, soupes et rago\u00fbts, mais aussi la cuisson au four.<\/p>\n<ul>\n<li>\n<p class=\"mb-3\">Notre bouton r\u00e9sistant \u00e0 la chaleur (jusqu&#8217;\u00e0 260\u00a0\u00b0C) est con\u00e7u pour une excellente prise en main, m\u00eame lorsque vous utilisez une manique pour soulever le couvercle.<\/p>\n<\/li>\n<li>\n<p class=\"mb-3\">Nettoyage rapide\u00a0: une fine couche int\u00e9rieure vitrifi\u00e9e facilite le nettoyage.<\/p>\n<\/li>\n<li>\n<p class=\"mb-3\">Poign\u00e9es de r\u00eave\u00a0: gr\u00e2ce \u00e0 nos grandes poign\u00e9es, vous pouvez facilement passer de la cuisini\u00e8re \u00e0 la table, m\u00eame en utilisant des gants de cuisine.<\/p>\n<\/li>\n<li>\n<p class=\"mb-3\">Polyvalence\u00a0: ce produit convient au four, \u00e0 la cuisini\u00e8re et au four en mode grill.<\/p>\n<\/li>\n<li>\n<p class=\"mb-3\">Des aliments savoureux\u00a0: la fonte vitrifi\u00e9e retient la chaleur pour une cuisson et une saisie uniformes. Vos d\u00e9licieuses cr\u00e9ations resteront chaudes plus longtemps m\u00eame \u00e0 table.<\/p>\n<\/li>\n<li>\n<p class=\"mb-3\">Pr\u00e9serve la succulence\u00a0: notre couvercle pr\u00e9serve la vapeur g\u00e9n\u00e9r\u00e9e par la cuisson des aliments et rehausse les saveurs, pour des r\u00e9sultats de cuisson extraordinaires.<\/p>\n<\/li>\n<li>\n<p class=\"mb-3\">Facile \u00e0 saisir\u00a0: les poign\u00e9es \u00e9l\u00e9gantes et confortables vous permettent de soulever le produit en toute s\u00e9curit\u00e9.<\/p>\n<\/li>\n<li>\n<p class=\"mb-3\">Un arc-en-ciel de couleurs\u00a0: disponible dans un large choix de couleurs, notre gamme ajoutera une touche de couleur \u00e0 votre cuisine.<\/p>\n<\/li>\n<li>\n<p class=\"mb-3\">Pas trop chaud\u00a0: cuisinez \u00e0 feu doux \u00e0 moyen constant pour prendre soin de votre produit en fonte et obtenir de d\u00e9licieux r\u00e9sultats.<\/p>\n<\/li>\n<li>\n<p class=\"mb-3\">\u00c0 vous de choisir\u00a0: disponible en diff\u00e9rentes tailles pour vos besoins de cuisine.<\/p>\n<\/li>\n<li>\n<p class=\"mb-3\">Le meilleur de sa cat\u00e9gorie\u00a0: nos produits sont fabriqu\u00e9s avec les meilleurs mat\u00e9riaux dans des usines situ\u00e9es \u00e0 travers le monde pour garantir la qualit\u00e9 que vous attendez de Le\u00a0Creuset.<\/p>\n<\/li>\n<\/ul>\n<p>Mat\u00e9riau : fonte vitrifi\u00e9e<br \/>\nFabriqu\u00e9 en : France<br \/>\nGarantie : \u00e0 vie<\/p>\n<p>Capacit\u00e9 : 4,2 L<\/p>\n<p><strong>Source de chaleur\u00a0:<\/strong><\/p>\n<ul>\n<li>Four<\/li>\n<li>Four en mode grill<\/li>\n<li>Plaque \u00e9lectrique<\/li>\n<li>Verre c\u00e9ramique<\/li>\n<li>Cuisson \u00e0 gaz<\/li>\n<li>Plaque \u00e0 induction<\/li>\n<\/ul>\n<p><strong>Nettoyage et entretien\u00a0:<\/strong><\/p>\n<div class=\"description-et-d\u00e9tail m-0 py-4 py-sm-5 pt-sm-6 mt-sm-2-3 mt-md-0 py-md-7\">\n<div class=\"container overflow-hidden\">\n<div class=\"row justifier-content-sm-center\">\n<div class=\"col-xl-5 accord-detail-section col-md-6 col-12 m-auto\">\n<div class=\"description-d\u00e9tails col-sm-12 px-0 pl-0\">\n<div class=\"justify-content-end\">\n<div id=\"desc-accordion-21177240101441\" class=\"desc-accordion\">\n<div classe=\"mb-0\">\n<div class=\"border-top-solid desc-accordion-item\">\n<div id=\"collapseFour-21177240101441\" class=\"collapse show\" data-parent=\"#desc-accordion-21177240101441\">\n<div class=\"col-12 d-flex p-0 pt-1-2 border-image-top-2\">\n<div class=\"col-8 p-0 description-message t-style-2 t-lyon\">\n<ul>\n<li class=\"mb-3\">Attendez que le produit refroidisse compl\u00e8tement avant de commencer \u00e0 le nettoyer.<\/li>\n<li class=\"mb-3\">Enlevez tout r\u00e9sidu de la base et des bords du produit. Pour les r\u00e9sidus alimentaires tenaces, remplissez le produit avec de l&#8217;eau ti\u00e8de savonneuse et laissez tremper pendant 15 \u00e0 20 minutes avant de le laver comme d&#8217;habitude.<\/li>\n<li class=\"mb-3\">Ne pas utiliser de d\u00e9tergents agressifs, d&#8217;\u00e9ponges abrasives et\/ou m\u00e9talliques ou de brosses tr\u00e8s dures et rigides pour nettoyer les surfaces.<\/li>\n<li class=\"mb-3\">Apr\u00e8s le lavage, s\u00e9chez soigneusement le produit et rangez-le dans un endroit sec.<\/li>\n<li class=\"mb-3\">Casserole\u00a0: Les casseroles avec poign\u00e9es en fonte et en ph\u00e9nolique vont au lave-vaisselle. Cependant, une utilisation constante du lave-vaisselle peut entra\u00eener un ternissement de la finition vitrifi\u00e9e.<\/li>\n<li class=\"mb-3\">Couvercle de casserole\u00a0: les couvercles avec boutons en acier inoxydable et en ph\u00e9nolique vont au lave-vaisselle. Les couvercles avec des boutons en or, iris\u00e9s, en cuivre et en nickel noir doivent \u00eatre lav\u00e9s \u00e0 la main pour conserver leur finition.<\/li>\n<\/ul>\n<\/div>\n<\/div>\n<\/div>\n<\/div>\n<\/div>\n<\/div>\n<\/div>\n<\/div>\n<\/div>\n<\/div>\n<\/div>\n<\/div>\n<div class=\"recommandations bg-white\">\n<div id=\"cq_recomm_slot-453657c5068d11797fb8ac5a37\"><\/div>\n<\/div>\n","protected":false},"excerpt":{"rendered":"<p>Depuis pr\u00e8s d&#8217;un si\u00e8cle, elle est tomb\u00e9e amoureuse des cuisiniers et des chefs du monde entier\u00a0: c&#8217;est la cocotte Le<\/p>\n","protected":false},"featured_media":448811,"template":"","meta":{"_acf_changed":false,"inline_featured_image":false},"product_cat":[12458,14792],"product_tag":[25086,21529,25021,14826,12994,12460,12461,12465,12466,21327,12468,12469,12991],"acf":[],"yoast_head":"<!-- This site is optimized with the Yoast SEO Premium plugin v18.6 (Yoast SEO v19.13) - https:\/\/yoast.com\/wordpress\/plugins\/seo\/ -->\n<title>LE CREUSET Cocotte Ronde Evolution en Fonte 28 cm Blanc - Erresse Shop<\/title>\n<meta name=\"description\" content=\"Depuis pr\u00e8s d&#039;un si\u00e8cle, elle est tomb\u00e9e amoureuse des cuisiniers et des chefs du monde entier\u00a0: c&#039;est la cocotte Le Creuset, un classique authentique.\" \/>\n<meta name=\"robots\" content=\"index, follow, max-snippet:-1, max-image-preview:large, max-video-preview:-1\" \/>\n<link rel=\"canonical\" href=\"https:\/\/www.erresse-shop.it\/fr\/shop\/poeles-pots\/marmites-et-cocottes-poeles-pots\/le-creuset-cocotte-en-fonte-emaillee-28-cm-cerise-copia-2\/\" \/>\n<meta property=\"og:locale\" content=\"fr_FR\" \/>\n<meta property=\"og:type\" content=\"article\" \/>\n<meta property=\"og:title\" content=\"LE CREUSET Cocotte Ronde Evolution en Fonte 28 cm Blanc\" \/>\n<meta property=\"og:description\" content=\"Depuis pr\u00e8s d&#039;un si\u00e8cle, elle est tomb\u00e9e amoureuse des cuisiniers et des chefs du monde entier\u00a0: c&#039;est la cocotte Le Creuset, un classique authentique.\" \/>\n<meta property=\"og:url\" content=\"https:\/\/www.erresse-shop.it\/fr\/shop\/poeles-pots\/marmites-et-cocottes-poeles-pots\/le-creuset-cocotte-en-fonte-emaillee-28-cm-cerise-copia-2\/\" \/>\n<meta property=\"og:site_name\" content=\"Erresse Shop\" \/>\n<meta property=\"article:modified_time\" content=\"2025-12-17T12:11:22+00:00\" \/>\n<meta property=\"og:image\" content=\"https:\/\/www.erresse-shop.it\/wp-content\/uploads\/2024\/11\/LE-CREUSET-Cocotte-Rotonda-Evolution-in-Ghisa-28-cm-Bianco.jpg\" \/>\n\t<meta property=\"og:image:width\" content=\"1200\" \/>\n\t<meta property=\"og:image:height\" content=\"1200\" \/>\n\t<meta property=\"og:image:type\" content=\"image\/jpeg\" \/>\n<meta name=\"twitter:card\" content=\"summary_large_image\" \/>\n<script type=\"application\/ld+json\" class=\"yoast-schema-graph\">{\"@context\":\"https:\/\/schema.org\",\"@graph\":[{\"@type\":\"WebPage\",\"@id\":\"https:\/\/www.erresse-shop.it\/fr\/shop\/poeles-pots\/marmites-et-cocottes-poeles-pots\/le-creuset-cocotte-en-fonte-emaillee-28-cm-cerise-copia-2\/\",\"url\":\"https:\/\/www.erresse-shop.it\/fr\/shop\/poeles-pots\/marmites-et-cocottes-poeles-pots\/le-creuset-cocotte-en-fonte-emaillee-28-cm-cerise-copia-2\/\",\"name\":\"LE CREUSET Cocotte Ronde Evolution en Fonte 28 cm Blanc - Erresse Shop\",\"isPartOf\":{\"@id\":\"https:\/\/www.erresse-shop.it\/fr\/#website\"},\"datePublished\":\"2024-11-18T07:53:29+00:00\",\"dateModified\":\"2025-12-17T12:11:22+00:00\",\"description\":\"Depuis pr\u00e8s d'un si\u00e8cle, elle est tomb\u00e9e amoureuse des cuisiniers et des chefs du monde entier\u00a0: c'est la cocotte Le Creuset, un classique authentique.\",\"breadcrumb\":{\"@id\":\"https:\/\/www.erresse-shop.it\/fr\/shop\/poeles-pots\/marmites-et-cocottes-poeles-pots\/le-creuset-cocotte-en-fonte-emaillee-28-cm-cerise-copia-2\/#breadcrumb\"},\"inLanguage\":\"fr-FR\",\"potentialAction\":[{\"@type\":\"ReadAction\",\"target\":[\"https:\/\/www.erresse-shop.it\/fr\/shop\/poeles-pots\/marmites-et-cocottes-poeles-pots\/le-creuset-cocotte-en-fonte-emaillee-28-cm-cerise-copia-2\/\"]}]},{\"@type\":\"BreadcrumbList\",\"@id\":\"https:\/\/www.erresse-shop.it\/fr\/shop\/poeles-pots\/marmites-et-cocottes-poeles-pots\/le-creuset-cocotte-en-fonte-emaillee-28-cm-cerise-copia-2\/#breadcrumb\",\"itemListElement\":[{\"@type\":\"ListItem\",\"position\":1,\"name\":\"Home\",\"item\":\"https:\/\/www.erresse-shop.it\/fr\/\"},{\"@type\":\"ListItem\",\"position\":2,\"name\":\"Shop\",\"item\":\"https:\/\/www.erresse-shop.it\/fr\/shop\/\"},{\"@type\":\"ListItem\",\"position\":3,\"name\":\"LE CREUSET Cocotte Ronde Evolution en Fonte 28 cm Blanc\"}]},{\"@type\":\"WebSite\",\"@id\":\"https:\/\/www.erresse-shop.it\/fr\/#website\",\"url\":\"https:\/\/www.erresse-shop.it\/fr\/\",\"name\":\"Erresse Shop\",\"description\":\"Articoli di qualit\u00e0 per la casa\",\"potentialAction\":[{\"@type\":\"SearchAction\",\"target\":{\"@type\":\"EntryPoint\",\"urlTemplate\":\"https:\/\/www.erresse-shop.it\/fr\/?s={search_term_string}\"},\"query-input\":\"required name=search_term_string\"}],\"inLanguage\":\"fr-FR\"}]}<\/script>\n<!-- \/ Yoast SEO Premium plugin. -->","yoast_head_json":{"title":"LE CREUSET Cocotte Ronde Evolution en Fonte 28 cm Blanc - Erresse Shop","description":"Depuis pr\u00e8s d'un si\u00e8cle, elle est tomb\u00e9e amoureuse des cuisiniers et des chefs du monde entier\u00a0: c'est la cocotte Le Creuset, un classique authentique.","robots":{"index":"index","follow":"follow","max-snippet":"max-snippet:-1","max-image-preview":"max-image-preview:large","max-video-preview":"max-video-preview:-1"},"canonical":"https:\/\/www.erresse-shop.it\/fr\/shop\/poeles-pots\/marmites-et-cocottes-poeles-pots\/le-creuset-cocotte-en-fonte-emaillee-28-cm-cerise-copia-2\/","og_locale":"fr_FR","og_type":"article","og_title":"LE CREUSET Cocotte Ronde Evolution en Fonte 28 cm Blanc","og_description":"Depuis pr\u00e8s d'un si\u00e8cle, elle est tomb\u00e9e amoureuse des cuisiniers et des chefs du monde entier\u00a0: c'est la cocotte Le Creuset, un classique authentique.","og_url":"https:\/\/www.erresse-shop.it\/fr\/shop\/poeles-pots\/marmites-et-cocottes-poeles-pots\/le-creuset-cocotte-en-fonte-emaillee-28-cm-cerise-copia-2\/","og_site_name":"Erresse Shop","article_modified_time":"2025-12-17T12:11:22+00:00","og_image":[{"width":1200,"height":1200,"url":"https:\/\/www.erresse-shop.it\/wp-content\/uploads\/2024\/11\/LE-CREUSET-Cocotte-Rotonda-Evolution-in-Ghisa-28-cm-Bianco.jpg","type":"image\/jpeg"}],"twitter_card":"summary_large_image","schema":{"@context":"https:\/\/schema.org","@graph":[{"@type":"WebPage","@id":"https:\/\/www.erresse-shop.it\/fr\/shop\/poeles-pots\/marmites-et-cocottes-poeles-pots\/le-creuset-cocotte-en-fonte-emaillee-28-cm-cerise-copia-2\/","url":"https:\/\/www.erresse-shop.it\/fr\/shop\/poeles-pots\/marmites-et-cocottes-poeles-pots\/le-creuset-cocotte-en-fonte-emaillee-28-cm-cerise-copia-2\/","name":"LE CREUSET Cocotte Ronde Evolution en Fonte 28 cm Blanc - Erresse Shop","isPartOf":{"@id":"https:\/\/www.erresse-shop.it\/fr\/#website"},"datePublished":"2024-11-18T07:53:29+00:00","dateModified":"2025-12-17T12:11:22+00:00","description":"Depuis pr\u00e8s d'un si\u00e8cle, elle est tomb\u00e9e amoureuse des cuisiniers et des chefs du monde entier\u00a0: c'est la cocotte Le Creuset, un classique authentique.","breadcrumb":{"@id":"https:\/\/www.erresse-shop.it\/fr\/shop\/poeles-pots\/marmites-et-cocottes-poeles-pots\/le-creuset-cocotte-en-fonte-emaillee-28-cm-cerise-copia-2\/#breadcrumb"},"inLanguage":"fr-FR","potentialAction":[{"@type":"ReadAction","target":["https:\/\/www.erresse-shop.it\/fr\/shop\/poeles-pots\/marmites-et-cocottes-poeles-pots\/le-creuset-cocotte-en-fonte-emaillee-28-cm-cerise-copia-2\/"]}]},{"@type":"BreadcrumbList","@id":"https:\/\/www.erresse-shop.it\/fr\/shop\/poeles-pots\/marmites-et-cocottes-poeles-pots\/le-creuset-cocotte-en-fonte-emaillee-28-cm-cerise-copia-2\/#breadcrumb","itemListElement":[{"@type":"ListItem","position":1,"name":"Home","item":"https:\/\/www.erresse-shop.it\/fr\/"},{"@type":"ListItem","position":2,"name":"Shop","item":"https:\/\/www.erresse-shop.it\/fr\/shop\/"},{"@type":"ListItem","position":3,"name":"LE CREUSET Cocotte Ronde Evolution en Fonte 28 cm Blanc"}]},{"@type":"WebSite","@id":"https:\/\/www.erresse-shop.it\/fr\/#website","url":"https:\/\/www.erresse-shop.it\/fr\/","name":"Erresse Shop","description":"Articoli di qualit\u00e0 per la casa","potentialAction":[{"@type":"SearchAction","target":{"@type":"EntryPoint","urlTemplate":"https:\/\/www.erresse-shop.it\/fr\/?s={search_term_string}"},"query-input":"required name=search_term_string"}],"inLanguage":"fr-FR"}]}},"df_price":279.95,"df_sale_price":279.95,"df_regular_price":439,"df_image_link":"https:\/\/www.erresse-shop.it\/wp-content\/uploads\/2024\/11\/LE-CREUSET-Cocotte-Rotonda-Evolution-in-Ghisa-28-cm-Bianco-300x300.jpg","_links":{"self":[{"href":"https:\/\/www.erresse-shop.it\/fr\/wp-json\/wp\/v2\/product\/448781"}],"collection":[{"href":"https:\/\/www.erresse-shop.it\/fr\/wp-json\/wp\/v2\/product"}],"about":[{"href":"https:\/\/www.erresse-shop.it\/fr\/wp-json\/wp\/v2\/types\/product"}],"wp:featuredmedia":[{"embeddable":true,"href":"https:\/\/www.erresse-shop.it\/fr\/wp-json\/wp\/v2\/media\/448811"}],"wp:attachment":[{"href":"https:\/\/www.erresse-shop.it\/fr\/wp-json\/wp\/v2\/media?parent=448781"}],"wp:term":[{"taxonomy":"product_cat","embeddable":true,"href":"https:\/\/www.erresse-shop.it\/fr\/wp-json\/wp\/v2\/product_cat?post=448781"},{"taxonomy":"product_tag","embeddable":true,"href":"https:\/\/www.erresse-shop.it\/fr\/wp-json\/wp\/v2\/product_tag?post=448781"}],"curies":[{"name":"wp","href":"https:\/\/api.w.org\/{rel}","templated":true}]}}