{"id":448058,"date":"2024-11-15T13:26:29","date_gmt":"2024-11-15T13:26:30","guid":{"rendered":"https:\/\/www.erresse-shop.it\/?post_type=product&#038;p=448058"},"modified":"2024-11-15T13:32:57","modified_gmt":"2024-11-15T13:32:57","slug":"le-creuset-assiette-creuse-vancouver-22-cm-azur-copia","status":"publish","type":"product","link":"https:\/\/www.erresse-shop.it\/fr\/shop\/table-fr-2\/plats\/le-creuset-assiette-creuse-vancouver-22-cm-azur-copia\/","title":{"rendered":"LE CREUSET Assiette creuse Vancouver 22 cm Orange"},"content":{"rendered":"<p>Spaghettis, penne ou coquillages ? Ce plat creux est parfait pour servir de g\u00e9n\u00e9reuses portions de p\u00e2tes, mais pas que ! Il est \u00e9galement id\u00e9al pour les risottos, les recettes de curry et bien plus encore. Les bords incurv\u00e9s le rendent \u00e0 la fois \u00e9l\u00e9gant et pratique. Les trois cercles concentriques typiques du Creuset ne manquent pas.<\/p>\n<ul>\n<li>\n<p class=\"mb-3\">Toujours \u00e0 la hauteur\u00a0: notre gr\u00e8s vitrifi\u00e9 est r\u00e9sistant aux rayures et facile \u00e0 nettoyer.<\/p>\n<\/li>\n<li>\n<p class=\"mb-3\">Fabrication parfaite\u00a0: fabriqu\u00e9s \u00e0 partir de c\u00e9ramiques de haute qualit\u00e9, nos produits en gr\u00e8s vitrifi\u00e9 maintiennent des temp\u00e9ratures uniformes et garantissent r\u00e9sistance et durabilit\u00e9 dans le temps.<\/p>\n<\/li>\n<li>\n<p class=\"mb-3\">Un arc-en-ciel de couleurs\u00a0: disponible dans un large choix de couleurs, notre gamme ajoutera une touche de couleur \u00e0 votre cuisine.<\/p>\n<\/li>\n<li>\n<p class=\"mb-3\">Une ic\u00f4ne moderne\u00a0: dot\u00e9 du motif \u00e0 trois anneaux embl\u00e9matique, ce produit s&#8217;agence \u00e0 notre batterie de cuisine embl\u00e9matique en fonte vitrifi\u00e9e, ce qui en fait le compl\u00e9ment parfait \u00e0 votre collection Le\u00a0Creuset.&lt;\/p &gt;<\/p>\n<\/li>\n<li>\n<p class=\"mb-3\">Convient aussi bien au chaud qu&#8217;au froid : notre gr\u00e8s vitrifi\u00e9 r\u00e9siste \u00e0 la chaleur de -23 \u00b0C \u00e0 +260 \u00b0C.<\/p>\n<\/li>\n<li>\n<p class=\"mb-3\">Le meilleur de sa cat\u00e9gorie\u00a0: nos produits sont fabriqu\u00e9s avec les meilleurs mat\u00e9riaux dans des usines situ\u00e9es \u00e0 travers le monde pour garantir la qualit\u00e9 que vous attendez de Le\u00a0Creuset.<\/p>\n<\/li>\n<\/ul>\n<p>Mat\u00e9riau : Gr\u00e8s vitrifi\u00e9<br \/>\nFabriqu\u00e9 en : Tha\u00eflande<\/p>\n<p>Garantie : 10 ans<\/p>\n<p><strong>Source de chaleur\u00a0:<\/strong><\/p>\n<ul>\n<li>Four<\/li>\n<li>Mode gril au four<\/li>\n<li>Micro-ondes<\/li>\n<\/ul>\n<p><strong>Nettoyage et entretien\u00a0:<\/strong><\/p>\n<ul>\n<li class=\"mb-3\">Attendez que le produit refroidisse compl\u00e8tement avant de commencer \u00e0 le nettoyer.<\/li>\n<li class=\"mb-3\">Enlevez tout r\u00e9sidu de la base et des parois lat\u00e9rales du produit. En cas de r\u00e9sidus alimentaires tenaces, remplissez le produit d&#8217;eau ti\u00e8de savonneuse et laissez-le tremper pendant 15 \u00e0 20\u00a0minutes avant de le laver comme d&#8217;habitude.<\/li>\n<li class=\"mb-3\">Laver et s\u00e9cher \u00e0 la main. Ou mettez votre produit en gr\u00e8s vitrifi\u00e9 au lave-vaisselle pour un cycle complet.<\/li>\n<\/ul>\n","protected":false},"excerpt":{"rendered":"<p>Spaghettis, penne ou coquillages ? Ce plat creux est parfait pour servir de g\u00e9n\u00e9reuses portions de p\u00e2tes, mais pas que<\/p>\n","protected":false},"featured_media":448082,"template":"","meta":{"_acf_changed":false,"inline_featured_image":false},"product_cat":[12788,12782],"product_tag":[13169,14288,22041,12462,19357],"acf":[],"yoast_head":"<!-- This site is optimized with the Yoast SEO Premium plugin v18.6 (Yoast SEO v19.13) - https:\/\/yoast.com\/wordpress\/plugins\/seo\/ -->\n<title>LE CREUSET Assiette creuse Vancouver 22 cm Orange - Erresse Shop<\/title>\n<meta name=\"description\" content=\"Spaghettis, penne ou coquillages ? Ce plat creux est parfait pour servir de g\u00e9n\u00e9reuses portions de p\u00e2tes, mais pas que ! Il est \u00e9galement id\u00e9al pour les\" \/>\n<meta name=\"robots\" content=\"index, follow, max-snippet:-1, max-image-preview:large, max-video-preview:-1\" \/>\n<link rel=\"canonical\" href=\"https:\/\/www.erresse-shop.it\/fr\/shop\/table-fr-2\/plats\/le-creuset-assiette-creuse-vancouver-22-cm-azur-copia\/\" \/>\n<meta property=\"og:locale\" content=\"fr_FR\" \/>\n<meta property=\"og:type\" content=\"article\" \/>\n<meta property=\"og:title\" content=\"LE CREUSET Assiette creuse Vancouver 22 cm Orange\" \/>\n<meta property=\"og:description\" content=\"Spaghettis, penne ou coquillages ? Ce plat creux est parfait pour servir de g\u00e9n\u00e9reuses portions de p\u00e2tes, mais pas que ! Il est \u00e9galement id\u00e9al pour les\" \/>\n<meta property=\"og:url\" content=\"https:\/\/www.erresse-shop.it\/fr\/shop\/table-fr-2\/plats\/le-creuset-assiette-creuse-vancouver-22-cm-azur-copia\/\" \/>\n<meta property=\"og:site_name\" content=\"Erresse Shop\" \/>\n<meta property=\"article:modified_time\" content=\"2024-11-15T13:32:57+00:00\" \/>\n<meta property=\"og:image\" content=\"https:\/\/www.erresse-shop.it\/wp-content\/uploads\/2024\/11\/LE-CREUSET-Piatto-Fondo-Vancouver-22-cm-Arancio.jpg\" \/>\n\t<meta property=\"og:image:width\" content=\"1200\" \/>\n\t<meta property=\"og:image:height\" content=\"1200\" \/>\n\t<meta property=\"og:image:type\" content=\"image\/jpeg\" \/>\n<meta name=\"twitter:card\" content=\"summary_large_image\" \/>\n<script type=\"application\/ld+json\" class=\"yoast-schema-graph\">{\"@context\":\"https:\/\/schema.org\",\"@graph\":[{\"@type\":\"WebPage\",\"@id\":\"https:\/\/www.erresse-shop.it\/fr\/shop\/table-fr-2\/plats\/le-creuset-assiette-creuse-vancouver-22-cm-azur-copia\/\",\"url\":\"https:\/\/www.erresse-shop.it\/fr\/shop\/table-fr-2\/plats\/le-creuset-assiette-creuse-vancouver-22-cm-azur-copia\/\",\"name\":\"LE CREUSET Assiette creuse Vancouver 22 cm Orange - Erresse Shop\",\"isPartOf\":{\"@id\":\"https:\/\/www.erresse-shop.it\/fr\/#website\"},\"datePublished\":\"2024-11-15T13:26:30+00:00\",\"dateModified\":\"2024-11-15T13:32:57+00:00\",\"description\":\"Spaghettis, penne ou coquillages ? Ce plat creux est parfait pour servir de g\u00e9n\u00e9reuses portions de p\u00e2tes, mais pas que ! Il est \u00e9galement id\u00e9al pour les\",\"breadcrumb\":{\"@id\":\"https:\/\/www.erresse-shop.it\/fr\/shop\/table-fr-2\/plats\/le-creuset-assiette-creuse-vancouver-22-cm-azur-copia\/#breadcrumb\"},\"inLanguage\":\"fr-FR\",\"potentialAction\":[{\"@type\":\"ReadAction\",\"target\":[\"https:\/\/www.erresse-shop.it\/fr\/shop\/table-fr-2\/plats\/le-creuset-assiette-creuse-vancouver-22-cm-azur-copia\/\"]}]},{\"@type\":\"BreadcrumbList\",\"@id\":\"https:\/\/www.erresse-shop.it\/fr\/shop\/table-fr-2\/plats\/le-creuset-assiette-creuse-vancouver-22-cm-azur-copia\/#breadcrumb\",\"itemListElement\":[{\"@type\":\"ListItem\",\"position\":1,\"name\":\"Home\",\"item\":\"https:\/\/www.erresse-shop.it\/fr\/\"},{\"@type\":\"ListItem\",\"position\":2,\"name\":\"Shop\",\"item\":\"https:\/\/www.erresse-shop.it\/fr\/shop\/\"},{\"@type\":\"ListItem\",\"position\":3,\"name\":\"LE CREUSET Assiette creuse Vancouver 22 cm Orange\"}]},{\"@type\":\"WebSite\",\"@id\":\"https:\/\/www.erresse-shop.it\/fr\/#website\",\"url\":\"https:\/\/www.erresse-shop.it\/fr\/\",\"name\":\"Erresse Shop\",\"description\":\"Articoli di qualit\u00e0 per la casa\",\"potentialAction\":[{\"@type\":\"SearchAction\",\"target\":{\"@type\":\"EntryPoint\",\"urlTemplate\":\"https:\/\/www.erresse-shop.it\/fr\/?s={search_term_string}\"},\"query-input\":\"required name=search_term_string\"}],\"inLanguage\":\"fr-FR\"}]}<\/script>\n<!-- \/ Yoast SEO Premium plugin. -->","yoast_head_json":{"title":"LE CREUSET Assiette creuse Vancouver 22 cm Orange - Erresse Shop","description":"Spaghettis, penne ou coquillages ? Ce plat creux est parfait pour servir de g\u00e9n\u00e9reuses portions de p\u00e2tes, mais pas que ! Il est \u00e9galement id\u00e9al pour les","robots":{"index":"index","follow":"follow","max-snippet":"max-snippet:-1","max-image-preview":"max-image-preview:large","max-video-preview":"max-video-preview:-1"},"canonical":"https:\/\/www.erresse-shop.it\/fr\/shop\/table-fr-2\/plats\/le-creuset-assiette-creuse-vancouver-22-cm-azur-copia\/","og_locale":"fr_FR","og_type":"article","og_title":"LE CREUSET Assiette creuse Vancouver 22 cm Orange","og_description":"Spaghettis, penne ou coquillages ? Ce plat creux est parfait pour servir de g\u00e9n\u00e9reuses portions de p\u00e2tes, mais pas que ! Il est \u00e9galement id\u00e9al pour les","og_url":"https:\/\/www.erresse-shop.it\/fr\/shop\/table-fr-2\/plats\/le-creuset-assiette-creuse-vancouver-22-cm-azur-copia\/","og_site_name":"Erresse Shop","article_modified_time":"2024-11-15T13:32:57+00:00","og_image":[{"width":1200,"height":1200,"url":"https:\/\/www.erresse-shop.it\/wp-content\/uploads\/2024\/11\/LE-CREUSET-Piatto-Fondo-Vancouver-22-cm-Arancio.jpg","type":"image\/jpeg"}],"twitter_card":"summary_large_image","schema":{"@context":"https:\/\/schema.org","@graph":[{"@type":"WebPage","@id":"https:\/\/www.erresse-shop.it\/fr\/shop\/table-fr-2\/plats\/le-creuset-assiette-creuse-vancouver-22-cm-azur-copia\/","url":"https:\/\/www.erresse-shop.it\/fr\/shop\/table-fr-2\/plats\/le-creuset-assiette-creuse-vancouver-22-cm-azur-copia\/","name":"LE CREUSET Assiette creuse Vancouver 22 cm Orange - Erresse Shop","isPartOf":{"@id":"https:\/\/www.erresse-shop.it\/fr\/#website"},"datePublished":"2024-11-15T13:26:30+00:00","dateModified":"2024-11-15T13:32:57+00:00","description":"Spaghettis, penne ou coquillages ? Ce plat creux est parfait pour servir de g\u00e9n\u00e9reuses portions de p\u00e2tes, mais pas que ! Il est \u00e9galement id\u00e9al pour les","breadcrumb":{"@id":"https:\/\/www.erresse-shop.it\/fr\/shop\/table-fr-2\/plats\/le-creuset-assiette-creuse-vancouver-22-cm-azur-copia\/#breadcrumb"},"inLanguage":"fr-FR","potentialAction":[{"@type":"ReadAction","target":["https:\/\/www.erresse-shop.it\/fr\/shop\/table-fr-2\/plats\/le-creuset-assiette-creuse-vancouver-22-cm-azur-copia\/"]}]},{"@type":"BreadcrumbList","@id":"https:\/\/www.erresse-shop.it\/fr\/shop\/table-fr-2\/plats\/le-creuset-assiette-creuse-vancouver-22-cm-azur-copia\/#breadcrumb","itemListElement":[{"@type":"ListItem","position":1,"name":"Home","item":"https:\/\/www.erresse-shop.it\/fr\/"},{"@type":"ListItem","position":2,"name":"Shop","item":"https:\/\/www.erresse-shop.it\/fr\/shop\/"},{"@type":"ListItem","position":3,"name":"LE CREUSET Assiette creuse Vancouver 22 cm Orange"}]},{"@type":"WebSite","@id":"https:\/\/www.erresse-shop.it\/fr\/#website","url":"https:\/\/www.erresse-shop.it\/fr\/","name":"Erresse Shop","description":"Articoli di qualit\u00e0 per la casa","potentialAction":[{"@type":"SearchAction","target":{"@type":"EntryPoint","urlTemplate":"https:\/\/www.erresse-shop.it\/fr\/?s={search_term_string}"},"query-input":"required name=search_term_string"}],"inLanguage":"fr-FR"}]}},"df_price":18.2,"df_sale_price":18.2,"df_regular_price":26,"df_image_link":"https:\/\/www.erresse-shop.it\/wp-content\/uploads\/2024\/11\/LE-CREUSET-Piatto-Fondo-Vancouver-22-cm-Arancio-300x300.jpg","_links":{"self":[{"href":"https:\/\/www.erresse-shop.it\/fr\/wp-json\/wp\/v2\/product\/448058"}],"collection":[{"href":"https:\/\/www.erresse-shop.it\/fr\/wp-json\/wp\/v2\/product"}],"about":[{"href":"https:\/\/www.erresse-shop.it\/fr\/wp-json\/wp\/v2\/types\/product"}],"wp:featuredmedia":[{"embeddable":true,"href":"https:\/\/www.erresse-shop.it\/fr\/wp-json\/wp\/v2\/media\/448082"}],"wp:attachment":[{"href":"https:\/\/www.erresse-shop.it\/fr\/wp-json\/wp\/v2\/media?parent=448058"}],"wp:term":[{"taxonomy":"product_cat","embeddable":true,"href":"https:\/\/www.erresse-shop.it\/fr\/wp-json\/wp\/v2\/product_cat?post=448058"},{"taxonomy":"product_tag","embeddable":true,"href":"https:\/\/www.erresse-shop.it\/fr\/wp-json\/wp\/v2\/product_tag?post=448058"}],"curies":[{"name":"wp","href":"https:\/\/api.w.org\/{rel}","templated":true}]}}