{"id":447939,"date":"2024-11-15T11:40:30","date_gmt":"2024-11-15T11:40:31","guid":{"rendered":"https:\/\/www.erresse-shop.it\/?post_type=product&#038;p=447939"},"modified":"2024-11-15T11:48:08","modified_gmt":"2024-11-15T11:48:08","slug":"le-creuset-ensemble-huile-et-vinaigre-evolution-meringue-copia","status":"publish","type":"product","link":"https:\/\/www.erresse-shop.it\/fr\/shop\/table-fr-2\/huile-vinaigre-sel\/le-creuset-ensemble-huile-et-vinaigre-evolution-meringue-copia\/","title":{"rendered":"LE CREUSET Ensemble huile et vinaigre Evolution Azur\u00e9"},"content":{"rendered":"<p>Qu&#8217;il s&#8217;agisse d&#8217;habiller une salade ou d&#8217;ajouter un filet d&#8217;huile dans une po\u00eale chaude, cet ensemble en gr\u00e8s est parfait pour tout usage. Comprend une bouteille de marque Le Creuset et une sans pour une identification facile, ainsi que des becs verseurs en acier inoxydable pour un versement pr\u00e9cis.<\/p>\n<p style=\"text-align: justifier;\"><strong>D\u00e9tails du produit\u00a0:<\/strong><\/p>\n<ul>\n<li>\n<p class=\"mb-3\">Toujours \u00e0 la hauteur\u00a0: notre gr\u00e8s vitrifi\u00e9 est r\u00e9sistant aux rayures et facile \u00e0 nettoyer.<\/p>\n<\/li>\n<li>\n<p class=\"mb-3\">Structure parfaite\u00a0: fabriqu\u00e9s \u00e0 partir de c\u00e9ramiques de haute qualit\u00e9, nos produits en gr\u00e8s vitrifi\u00e9 maintiennent des temp\u00e9ratures uniformes et garantissent r\u00e9sistance et durabilit\u00e9 dans le temps.<\/p>\n<\/li>\n<li>\n<p class=\"mb-3\">Une ic\u00f4ne moderne\u00a0: dot\u00e9 du motif \u00e0 trois cercles embl\u00e9matique, ce produit s&#8217;associe \u00e0 nos embl\u00e9matiques cocottes en fonte vitrifi\u00e9e et constitue le compl\u00e9ment parfait \u00e0 votre collection Le\u00a0Creuset.<\/p>\n<\/li>\n<li>\n<p class=\"mb-3\">Convient aussi bien au chaud qu&#8217;au froid\u00a0: notre gr\u00e8s vitrifi\u00e9 r\u00e9siste \u00e0 des temp\u00e9ratures de -23\u00a0\u00b0C \u00e0 +260\u00a0\u00b0C.<\/p>\n<\/li>\n<li>\n<p class=\"mb-3\">Le meilleur de sa cat\u00e9gorie\u00a0: nos produits sont fabriqu\u00e9s avec les meilleurs mat\u00e9riaux dans des usines situ\u00e9es \u00e0 travers le monde pour garantir la qualit\u00e9 que vous attendez de Le Creuset.<\/p>\n<\/li>\n<\/ul>\n<p>Mat\u00e9riau : Gr\u00e8s vitrifi\u00e9<br \/>\nFabriqu\u00e9 en : Tha\u00eflande<br \/>\nGarantie : 10 ans<\/p>\n<p>Capacit\u00e9 : 0,3L<\/p>\n<p><strong>Nettoyage et entretien\u00a0:<\/strong><\/p>\n<ul>\n<li>Laver et s\u00e9cher \u00e0 la main. Ou mettez votre produit en gr\u00e8s vitrifi\u00e9 au lave-vaisselle pour un cycle complet.<\/li>\n<\/ul>\n","protected":false},"excerpt":{"rendered":"<p>Qu&#8217;il s&#8217;agisse d&#8217;habiller une salade ou d&#8217;ajouter un filet d&#8217;huile dans une po\u00eale chaude, cet ensemble en gr\u00e8s est parfait<\/p>\n","protected":false},"featured_media":447958,"template":"","meta":{"_acf_changed":false,"inline_featured_image":false},"product_cat":[20473,12782],"product_tag":[20449,20180,20181,12462],"acf":[],"yoast_head":"<!-- This site is optimized with the Yoast SEO Premium plugin v18.6 (Yoast SEO v19.13) - https:\/\/yoast.com\/wordpress\/plugins\/seo\/ -->\n<title>LE CREUSET Ensemble huile et vinaigre Evolution Azur\u00e9 - Erresse Shop<\/title>\n<meta name=\"description\" content=\"Qu&#039;il s&#039;agisse d&#039;habiller une salade ou d&#039;ajouter un filet d&#039;huile dans une po\u00eale chaude, cet ensemble en gr\u00e8s est parfait pour tout usage. Comprend une\" \/>\n<meta name=\"robots\" content=\"index, follow, max-snippet:-1, max-image-preview:large, max-video-preview:-1\" \/>\n<link rel=\"canonical\" href=\"https:\/\/www.erresse-shop.it\/fr\/shop\/table-fr-2\/huile-vinaigre-sel\/le-creuset-ensemble-huile-et-vinaigre-evolution-meringue-copia\/\" \/>\n<meta property=\"og:locale\" content=\"fr_FR\" \/>\n<meta property=\"og:type\" content=\"article\" \/>\n<meta property=\"og:title\" content=\"LE CREUSET Ensemble huile et vinaigre Evolution Azur\u00e9\" \/>\n<meta property=\"og:description\" content=\"Qu&#039;il s&#039;agisse d&#039;habiller une salade ou d&#039;ajouter un filet d&#039;huile dans une po\u00eale chaude, cet ensemble en gr\u00e8s est parfait pour tout usage. Comprend une\" \/>\n<meta property=\"og:url\" content=\"https:\/\/www.erresse-shop.it\/fr\/shop\/table-fr-2\/huile-vinaigre-sel\/le-creuset-ensemble-huile-et-vinaigre-evolution-meringue-copia\/\" \/>\n<meta property=\"og:site_name\" content=\"Erresse Shop\" \/>\n<meta property=\"article:modified_time\" content=\"2024-11-15T11:48:08+00:00\" \/>\n<meta property=\"og:image\" content=\"https:\/\/www.erresse-shop.it\/wp-content\/uploads\/2024\/11\/LE-CREUSET-Set-Olio-e-Aceto-Evolution-Azure.jpg\" \/>\n\t<meta property=\"og:image:width\" content=\"1200\" \/>\n\t<meta property=\"og:image:height\" content=\"1200\" \/>\n\t<meta property=\"og:image:type\" content=\"image\/jpeg\" \/>\n<meta name=\"twitter:card\" content=\"summary_large_image\" \/>\n<script type=\"application\/ld+json\" class=\"yoast-schema-graph\">{\"@context\":\"https:\/\/schema.org\",\"@graph\":[{\"@type\":\"WebPage\",\"@id\":\"https:\/\/www.erresse-shop.it\/fr\/shop\/table-fr-2\/huile-vinaigre-sel\/le-creuset-ensemble-huile-et-vinaigre-evolution-meringue-copia\/\",\"url\":\"https:\/\/www.erresse-shop.it\/fr\/shop\/table-fr-2\/huile-vinaigre-sel\/le-creuset-ensemble-huile-et-vinaigre-evolution-meringue-copia\/\",\"name\":\"LE CREUSET Ensemble huile et vinaigre Evolution Azur\u00e9 - Erresse Shop\",\"isPartOf\":{\"@id\":\"https:\/\/www.erresse-shop.it\/fr\/#website\"},\"datePublished\":\"2024-11-15T11:40:31+00:00\",\"dateModified\":\"2024-11-15T11:48:08+00:00\",\"description\":\"Qu'il s'agisse d'habiller une salade ou d'ajouter un filet d'huile dans une po\u00eale chaude, cet ensemble en gr\u00e8s est parfait pour tout usage. Comprend une\",\"breadcrumb\":{\"@id\":\"https:\/\/www.erresse-shop.it\/fr\/shop\/table-fr-2\/huile-vinaigre-sel\/le-creuset-ensemble-huile-et-vinaigre-evolution-meringue-copia\/#breadcrumb\"},\"inLanguage\":\"fr-FR\",\"potentialAction\":[{\"@type\":\"ReadAction\",\"target\":[\"https:\/\/www.erresse-shop.it\/fr\/shop\/table-fr-2\/huile-vinaigre-sel\/le-creuset-ensemble-huile-et-vinaigre-evolution-meringue-copia\/\"]}]},{\"@type\":\"BreadcrumbList\",\"@id\":\"https:\/\/www.erresse-shop.it\/fr\/shop\/table-fr-2\/huile-vinaigre-sel\/le-creuset-ensemble-huile-et-vinaigre-evolution-meringue-copia\/#breadcrumb\",\"itemListElement\":[{\"@type\":\"ListItem\",\"position\":1,\"name\":\"Home\",\"item\":\"https:\/\/www.erresse-shop.it\/fr\/\"},{\"@type\":\"ListItem\",\"position\":2,\"name\":\"Shop\",\"item\":\"https:\/\/www.erresse-shop.it\/fr\/shop\/\"},{\"@type\":\"ListItem\",\"position\":3,\"name\":\"LE CREUSET Ensemble huile et vinaigre Evolution Azur\u00e9\"}]},{\"@type\":\"WebSite\",\"@id\":\"https:\/\/www.erresse-shop.it\/fr\/#website\",\"url\":\"https:\/\/www.erresse-shop.it\/fr\/\",\"name\":\"Erresse Shop\",\"description\":\"Articoli di qualit\u00e0 per la casa\",\"potentialAction\":[{\"@type\":\"SearchAction\",\"target\":{\"@type\":\"EntryPoint\",\"urlTemplate\":\"https:\/\/www.erresse-shop.it\/fr\/?s={search_term_string}\"},\"query-input\":\"required name=search_term_string\"}],\"inLanguage\":\"fr-FR\"}]}<\/script>\n<!-- \/ Yoast SEO Premium plugin. -->","yoast_head_json":{"title":"LE CREUSET Ensemble huile et vinaigre Evolution Azur\u00e9 - Erresse Shop","description":"Qu'il s'agisse d'habiller une salade ou d'ajouter un filet d'huile dans une po\u00eale chaude, cet ensemble en gr\u00e8s est parfait pour tout usage. Comprend une","robots":{"index":"index","follow":"follow","max-snippet":"max-snippet:-1","max-image-preview":"max-image-preview:large","max-video-preview":"max-video-preview:-1"},"canonical":"https:\/\/www.erresse-shop.it\/fr\/shop\/table-fr-2\/huile-vinaigre-sel\/le-creuset-ensemble-huile-et-vinaigre-evolution-meringue-copia\/","og_locale":"fr_FR","og_type":"article","og_title":"LE CREUSET Ensemble huile et vinaigre Evolution Azur\u00e9","og_description":"Qu'il s'agisse d'habiller une salade ou d'ajouter un filet d'huile dans une po\u00eale chaude, cet ensemble en gr\u00e8s est parfait pour tout usage. Comprend une","og_url":"https:\/\/www.erresse-shop.it\/fr\/shop\/table-fr-2\/huile-vinaigre-sel\/le-creuset-ensemble-huile-et-vinaigre-evolution-meringue-copia\/","og_site_name":"Erresse Shop","article_modified_time":"2024-11-15T11:48:08+00:00","og_image":[{"width":1200,"height":1200,"url":"https:\/\/www.erresse-shop.it\/wp-content\/uploads\/2024\/11\/LE-CREUSET-Set-Olio-e-Aceto-Evolution-Azure.jpg","type":"image\/jpeg"}],"twitter_card":"summary_large_image","schema":{"@context":"https:\/\/schema.org","@graph":[{"@type":"WebPage","@id":"https:\/\/www.erresse-shop.it\/fr\/shop\/table-fr-2\/huile-vinaigre-sel\/le-creuset-ensemble-huile-et-vinaigre-evolution-meringue-copia\/","url":"https:\/\/www.erresse-shop.it\/fr\/shop\/table-fr-2\/huile-vinaigre-sel\/le-creuset-ensemble-huile-et-vinaigre-evolution-meringue-copia\/","name":"LE CREUSET Ensemble huile et vinaigre Evolution Azur\u00e9 - Erresse Shop","isPartOf":{"@id":"https:\/\/www.erresse-shop.it\/fr\/#website"},"datePublished":"2024-11-15T11:40:31+00:00","dateModified":"2024-11-15T11:48:08+00:00","description":"Qu'il s'agisse d'habiller une salade ou d'ajouter un filet d'huile dans une po\u00eale chaude, cet ensemble en gr\u00e8s est parfait pour tout usage. Comprend une","breadcrumb":{"@id":"https:\/\/www.erresse-shop.it\/fr\/shop\/table-fr-2\/huile-vinaigre-sel\/le-creuset-ensemble-huile-et-vinaigre-evolution-meringue-copia\/#breadcrumb"},"inLanguage":"fr-FR","potentialAction":[{"@type":"ReadAction","target":["https:\/\/www.erresse-shop.it\/fr\/shop\/table-fr-2\/huile-vinaigre-sel\/le-creuset-ensemble-huile-et-vinaigre-evolution-meringue-copia\/"]}]},{"@type":"BreadcrumbList","@id":"https:\/\/www.erresse-shop.it\/fr\/shop\/table-fr-2\/huile-vinaigre-sel\/le-creuset-ensemble-huile-et-vinaigre-evolution-meringue-copia\/#breadcrumb","itemListElement":[{"@type":"ListItem","position":1,"name":"Home","item":"https:\/\/www.erresse-shop.it\/fr\/"},{"@type":"ListItem","position":2,"name":"Shop","item":"https:\/\/www.erresse-shop.it\/fr\/shop\/"},{"@type":"ListItem","position":3,"name":"LE CREUSET Ensemble huile et vinaigre Evolution Azur\u00e9"}]},{"@type":"WebSite","@id":"https:\/\/www.erresse-shop.it\/fr\/#website","url":"https:\/\/www.erresse-shop.it\/fr\/","name":"Erresse Shop","description":"Articoli di qualit\u00e0 per la casa","potentialAction":[{"@type":"SearchAction","target":{"@type":"EntryPoint","urlTemplate":"https:\/\/www.erresse-shop.it\/fr\/?s={search_term_string}"},"query-input":"required name=search_term_string"}],"inLanguage":"fr-FR"}]}},"df_price":23.400000000000002,"df_sale_price":23.400000000000002,"df_regular_price":52,"df_image_link":"https:\/\/www.erresse-shop.it\/wp-content\/uploads\/2024\/11\/LE-CREUSET-Set-Olio-e-Aceto-Evolution-Azure-300x300.jpg","_links":{"self":[{"href":"https:\/\/www.erresse-shop.it\/fr\/wp-json\/wp\/v2\/product\/447939"}],"collection":[{"href":"https:\/\/www.erresse-shop.it\/fr\/wp-json\/wp\/v2\/product"}],"about":[{"href":"https:\/\/www.erresse-shop.it\/fr\/wp-json\/wp\/v2\/types\/product"}],"wp:featuredmedia":[{"embeddable":true,"href":"https:\/\/www.erresse-shop.it\/fr\/wp-json\/wp\/v2\/media\/447958"}],"wp:attachment":[{"href":"https:\/\/www.erresse-shop.it\/fr\/wp-json\/wp\/v2\/media?parent=447939"}],"wp:term":[{"taxonomy":"product_cat","embeddable":true,"href":"https:\/\/www.erresse-shop.it\/fr\/wp-json\/wp\/v2\/product_cat?post=447939"},{"taxonomy":"product_tag","embeddable":true,"href":"https:\/\/www.erresse-shop.it\/fr\/wp-json\/wp\/v2\/product_tag?post=447939"}],"curies":[{"name":"wp","href":"https:\/\/api.w.org\/{rel}","templated":true}]}}