{"id":447706,"date":"2024-11-15T09:28:06","date_gmt":"2024-11-15T09:28:07","guid":{"rendered":"https:\/\/www.erresse-shop.it\/?post_type=product&#038;p=447706"},"modified":"2024-11-15T09:42:50","modified_gmt":"2024-11-15T09:42:50","slug":"le-creuset-tire-bouchon-gs-300-avec-coupe-capsule-noir-copia","status":"publish","type":"product","link":"https:\/\/www.erresse-shop.it\/fr\/shop\/table-fr-2\/vin\/le-creuset-tire-bouchon-gs-300-avec-coupe-capsule-noir-copia\/","title":{"rendered":"LE CREUSET Tire-bouchon GS-100 avec coupe-capsule FC-100 noir"},"content":{"rendered":"<p>Cet ensemble pratique se compose de deux outils tr\u00e8s pratiques. Utilisez le coupe-capsule pour pr\u00e9parer le goulot de la bouteille en tournant simplement votre poignet puis utilisez le tire-bouchon pour ouvrir la bouteille en toute simplicit\u00e9. Pr\u00e9sent\u00e9 dans un bel emballage, cet ensemble est une id\u00e9e cadeau parfaite pour un amateur de vin.<\/p>\n<p><strong>D\u00e9tails<\/strong><\/p>\n<ul>\n<li>\n<p class=\"mb-3\">Facile \u00e0 utiliser : Ce coupe-capsule ergonomique retire la capsule d&#8217;un quart de tour de poignet.<\/p>\n<\/li>\n<li>\n<p class=\"mb-3\">L&#8217;innovation en action\u00a0: la technologie de rotation int\u00e9gr\u00e9e offre d&#8217;excellentes performances avec un minimum d&#8217;effort.<\/p>\n<\/li>\n<li>\n<p class=\"mb-3\">Le meilleur de sa cat\u00e9gorie\u00a0: nos produits sont fabriqu\u00e9s avec les meilleurs mat\u00e9riaux dans des usines situ\u00e9es \u00e0 travers le monde pour garantir la qualit\u00e9 que vous attendez de Le\u00a0Creuset.<\/p>\n<\/li>\n<\/ul>\n<p>Mat\u00e9riau\u00a0:\u00a0Polycarbonate<br \/>\nFabriqu\u00e9 en Chine<\/p>\n<p><strong>Propre<\/strong><\/p>\n<ul>\n<li class=\"mb-3\">Attention lors du nettoyage du tire-bouchon : la pointe est pointue !<\/li>\n<li class=\"mb-3\">Nettoyez occasionnellement le tire-bouchon \u00e0 l&#8217;aide d&#8217;un chiffon humide ou d&#8217;eau ti\u00e8de savonneuse.<\/li>\n<li class=\"mb-3\">Apr\u00e8s le lavage, s\u00e9chez soigneusement le produit et rangez-le dans un endroit sec.<\/li>\n<\/ul>\n","protected":false},"excerpt":{"rendered":"<p>Cet ensemble pratique se compose de deux outils tr\u00e8s pratiques. Utilisez le coupe-capsule pour pr\u00e9parer le goulot de la bouteille<\/p>\n","protected":false},"featured_media":447726,"template":"","meta":{"_acf_changed":false,"inline_featured_image":false},"product_cat":[12782,14463,12754],"product_tag":[25086,16883,25021,21327,21198,21199,13066,13067,13065,21200,16884,23682],"acf":[],"yoast_head":"<!-- This site is optimized with the Yoast SEO Premium plugin v18.6 (Yoast SEO v19.13) - https:\/\/yoast.com\/wordpress\/plugins\/seo\/ -->\n<title>LE CREUSET Tire-bouchon GS-100 avec coupe-capsule FC-100 noir - Erresse Shop<\/title>\n<meta name=\"description\" content=\"Cet ensemble pratique se compose de deux outils tr\u00e8s pratiques. Utilisez le coupe-capsule pour pr\u00e9parer le goulot de la bouteille en tournant simplement\" \/>\n<meta name=\"robots\" content=\"index, follow, max-snippet:-1, max-image-preview:large, max-video-preview:-1\" \/>\n<link rel=\"canonical\" href=\"https:\/\/www.erresse-shop.it\/fr\/shop\/table-fr-2\/vin\/le-creuset-tire-bouchon-gs-300-avec-coupe-capsule-noir-copia\/\" \/>\n<meta property=\"og:locale\" content=\"fr_FR\" \/>\n<meta property=\"og:type\" content=\"article\" \/>\n<meta property=\"og:title\" content=\"LE CREUSET Tire-bouchon GS-100 avec coupe-capsule FC-100 noir\" \/>\n<meta property=\"og:description\" content=\"Cet ensemble pratique se compose de deux outils tr\u00e8s pratiques. Utilisez le coupe-capsule pour pr\u00e9parer le goulot de la bouteille en tournant simplement\" \/>\n<meta property=\"og:url\" content=\"https:\/\/www.erresse-shop.it\/fr\/shop\/table-fr-2\/vin\/le-creuset-tire-bouchon-gs-300-avec-coupe-capsule-noir-copia\/\" \/>\n<meta property=\"og:site_name\" content=\"Erresse Shop\" \/>\n<meta property=\"article:modified_time\" content=\"2024-11-15T09:42:50+00:00\" \/>\n<meta property=\"og:image\" content=\"https:\/\/www.erresse-shop.it\/wp-content\/uploads\/2024\/11\/LE-CREUSET-Levatappi-GS-100-Con-Taglia-Capsule-FC-100-Nero.jpg\" \/>\n\t<meta property=\"og:image:width\" content=\"1200\" \/>\n\t<meta property=\"og:image:height\" content=\"1200\" \/>\n\t<meta property=\"og:image:type\" content=\"image\/jpeg\" \/>\n<meta name=\"twitter:card\" content=\"summary_large_image\" \/>\n<script type=\"application\/ld+json\" class=\"yoast-schema-graph\">{\"@context\":\"https:\/\/schema.org\",\"@graph\":[{\"@type\":\"WebPage\",\"@id\":\"https:\/\/www.erresse-shop.it\/fr\/shop\/table-fr-2\/vin\/le-creuset-tire-bouchon-gs-300-avec-coupe-capsule-noir-copia\/\",\"url\":\"https:\/\/www.erresse-shop.it\/fr\/shop\/table-fr-2\/vin\/le-creuset-tire-bouchon-gs-300-avec-coupe-capsule-noir-copia\/\",\"name\":\"LE CREUSET Tire-bouchon GS-100 avec coupe-capsule FC-100 noir - Erresse Shop\",\"isPartOf\":{\"@id\":\"https:\/\/www.erresse-shop.it\/fr\/#website\"},\"datePublished\":\"2024-11-15T09:28:07+00:00\",\"dateModified\":\"2024-11-15T09:42:50+00:00\",\"description\":\"Cet ensemble pratique se compose de deux outils tr\u00e8s pratiques. Utilisez le coupe-capsule pour pr\u00e9parer le goulot de la bouteille en tournant simplement\",\"breadcrumb\":{\"@id\":\"https:\/\/www.erresse-shop.it\/fr\/shop\/table-fr-2\/vin\/le-creuset-tire-bouchon-gs-300-avec-coupe-capsule-noir-copia\/#breadcrumb\"},\"inLanguage\":\"fr-FR\",\"potentialAction\":[{\"@type\":\"ReadAction\",\"target\":[\"https:\/\/www.erresse-shop.it\/fr\/shop\/table-fr-2\/vin\/le-creuset-tire-bouchon-gs-300-avec-coupe-capsule-noir-copia\/\"]}]},{\"@type\":\"BreadcrumbList\",\"@id\":\"https:\/\/www.erresse-shop.it\/fr\/shop\/table-fr-2\/vin\/le-creuset-tire-bouchon-gs-300-avec-coupe-capsule-noir-copia\/#breadcrumb\",\"itemListElement\":[{\"@type\":\"ListItem\",\"position\":1,\"name\":\"Home\",\"item\":\"https:\/\/www.erresse-shop.it\/fr\/\"},{\"@type\":\"ListItem\",\"position\":2,\"name\":\"Shop\",\"item\":\"https:\/\/www.erresse-shop.it\/fr\/shop\/\"},{\"@type\":\"ListItem\",\"position\":3,\"name\":\"LE CREUSET Tire-bouchon GS-100 avec coupe-capsule FC-100 noir\"}]},{\"@type\":\"WebSite\",\"@id\":\"https:\/\/www.erresse-shop.it\/fr\/#website\",\"url\":\"https:\/\/www.erresse-shop.it\/fr\/\",\"name\":\"Erresse Shop\",\"description\":\"Articoli di qualit\u00e0 per la casa\",\"potentialAction\":[{\"@type\":\"SearchAction\",\"target\":{\"@type\":\"EntryPoint\",\"urlTemplate\":\"https:\/\/www.erresse-shop.it\/fr\/?s={search_term_string}\"},\"query-input\":\"required name=search_term_string\"}],\"inLanguage\":\"fr-FR\"}]}<\/script>\n<!-- \/ Yoast SEO Premium plugin. -->","yoast_head_json":{"title":"LE CREUSET Tire-bouchon GS-100 avec coupe-capsule FC-100 noir - Erresse Shop","description":"Cet ensemble pratique se compose de deux outils tr\u00e8s pratiques. Utilisez le coupe-capsule pour pr\u00e9parer le goulot de la bouteille en tournant simplement","robots":{"index":"index","follow":"follow","max-snippet":"max-snippet:-1","max-image-preview":"max-image-preview:large","max-video-preview":"max-video-preview:-1"},"canonical":"https:\/\/www.erresse-shop.it\/fr\/shop\/table-fr-2\/vin\/le-creuset-tire-bouchon-gs-300-avec-coupe-capsule-noir-copia\/","og_locale":"fr_FR","og_type":"article","og_title":"LE CREUSET Tire-bouchon GS-100 avec coupe-capsule FC-100 noir","og_description":"Cet ensemble pratique se compose de deux outils tr\u00e8s pratiques. Utilisez le coupe-capsule pour pr\u00e9parer le goulot de la bouteille en tournant simplement","og_url":"https:\/\/www.erresse-shop.it\/fr\/shop\/table-fr-2\/vin\/le-creuset-tire-bouchon-gs-300-avec-coupe-capsule-noir-copia\/","og_site_name":"Erresse Shop","article_modified_time":"2024-11-15T09:42:50+00:00","og_image":[{"width":1200,"height":1200,"url":"https:\/\/www.erresse-shop.it\/wp-content\/uploads\/2024\/11\/LE-CREUSET-Levatappi-GS-100-Con-Taglia-Capsule-FC-100-Nero.jpg","type":"image\/jpeg"}],"twitter_card":"summary_large_image","schema":{"@context":"https:\/\/schema.org","@graph":[{"@type":"WebPage","@id":"https:\/\/www.erresse-shop.it\/fr\/shop\/table-fr-2\/vin\/le-creuset-tire-bouchon-gs-300-avec-coupe-capsule-noir-copia\/","url":"https:\/\/www.erresse-shop.it\/fr\/shop\/table-fr-2\/vin\/le-creuset-tire-bouchon-gs-300-avec-coupe-capsule-noir-copia\/","name":"LE CREUSET Tire-bouchon GS-100 avec coupe-capsule FC-100 noir - Erresse Shop","isPartOf":{"@id":"https:\/\/www.erresse-shop.it\/fr\/#website"},"datePublished":"2024-11-15T09:28:07+00:00","dateModified":"2024-11-15T09:42:50+00:00","description":"Cet ensemble pratique se compose de deux outils tr\u00e8s pratiques. Utilisez le coupe-capsule pour pr\u00e9parer le goulot de la bouteille en tournant simplement","breadcrumb":{"@id":"https:\/\/www.erresse-shop.it\/fr\/shop\/table-fr-2\/vin\/le-creuset-tire-bouchon-gs-300-avec-coupe-capsule-noir-copia\/#breadcrumb"},"inLanguage":"fr-FR","potentialAction":[{"@type":"ReadAction","target":["https:\/\/www.erresse-shop.it\/fr\/shop\/table-fr-2\/vin\/le-creuset-tire-bouchon-gs-300-avec-coupe-capsule-noir-copia\/"]}]},{"@type":"BreadcrumbList","@id":"https:\/\/www.erresse-shop.it\/fr\/shop\/table-fr-2\/vin\/le-creuset-tire-bouchon-gs-300-avec-coupe-capsule-noir-copia\/#breadcrumb","itemListElement":[{"@type":"ListItem","position":1,"name":"Home","item":"https:\/\/www.erresse-shop.it\/fr\/"},{"@type":"ListItem","position":2,"name":"Shop","item":"https:\/\/www.erresse-shop.it\/fr\/shop\/"},{"@type":"ListItem","position":3,"name":"LE CREUSET Tire-bouchon GS-100 avec coupe-capsule FC-100 noir"}]},{"@type":"WebSite","@id":"https:\/\/www.erresse-shop.it\/fr\/#website","url":"https:\/\/www.erresse-shop.it\/fr\/","name":"Erresse Shop","description":"Articoli di qualit\u00e0 per la casa","potentialAction":[{"@type":"SearchAction","target":{"@type":"EntryPoint","urlTemplate":"https:\/\/www.erresse-shop.it\/fr\/?s={search_term_string}"},"query-input":"required name=search_term_string"}],"inLanguage":"fr-FR"}]}},"df_price":34.98,"df_sale_price":34.98,"df_regular_price":40,"df_image_link":"https:\/\/www.erresse-shop.it\/wp-content\/uploads\/2024\/11\/LE-CREUSET-Levatappi-GS-100-Con-Taglia-Capsule-FC-100-Nero-300x300.jpg","_links":{"self":[{"href":"https:\/\/www.erresse-shop.it\/fr\/wp-json\/wp\/v2\/product\/447706"}],"collection":[{"href":"https:\/\/www.erresse-shop.it\/fr\/wp-json\/wp\/v2\/product"}],"about":[{"href":"https:\/\/www.erresse-shop.it\/fr\/wp-json\/wp\/v2\/types\/product"}],"wp:featuredmedia":[{"embeddable":true,"href":"https:\/\/www.erresse-shop.it\/fr\/wp-json\/wp\/v2\/media\/447726"}],"wp:attachment":[{"href":"https:\/\/www.erresse-shop.it\/fr\/wp-json\/wp\/v2\/media?parent=447706"}],"wp:term":[{"taxonomy":"product_cat","embeddable":true,"href":"https:\/\/www.erresse-shop.it\/fr\/wp-json\/wp\/v2\/product_cat?post=447706"},{"taxonomy":"product_tag","embeddable":true,"href":"https:\/\/www.erresse-shop.it\/fr\/wp-json\/wp\/v2\/product_tag?post=447706"}],"curies":[{"name":"wp","href":"https:\/\/api.w.org\/{rel}","templated":true}]}}