{"id":447674,"date":"2024-11-15T09:06:21","date_gmt":"2024-11-15T09:06:21","guid":{"rendered":"https:\/\/www.erresse-shop.it\/?post_type=product&#038;p=447674"},"modified":"2024-11-15T09:20:46","modified_gmt":"2024-11-15T09:20:46","slug":"le-creuset-tire-bouchon-amico-del-sommelier-wt-100-noir-copia-2","status":"publish","type":"product","link":"https:\/\/www.erresse-shop.it\/fr\/shop\/table-fr-2\/vin\/le-creuset-tire-bouchon-amico-del-sommelier-wt-100-noir-copia-2\/","title":{"rendered":"LE CREUSET Tire-bouchon Amico del Sommelier Premium en acier inoxydable"},"content":{"rendered":"<p class=\"mb-3\" style=\"text-align: justifier;\">Agissez comme un vrai sommelier avec cet \u00e9l\u00e9gant tire-bouchon de serveur de poche. C&#8217;est un favori des amateurs et des professionnels du vin, qui l&#8217;appr\u00e9cieront encore plus gr\u00e2ce \u00e0 son ouverture innovante en un seul geste, rapide et sans effort. En plus de sa poign\u00e9e ergonomique en acier inoxydable, cet outil multifonctionnel comprend \u00e9galement un coupe-capsule pliable et un d\u00e9capsuleur int\u00e9gr\u00e9.<\/p>\n<ul>\n<li>\n<p class=\"mb-3\">Le meilleur de sa cat\u00e9gorie\u00a0: nos produits sont fabriqu\u00e9s avec les meilleurs mat\u00e9riaux dans des usines situ\u00e9es \u00e0 travers le monde pour garantir la qualit\u00e9 que vous attendez de Le\u00a0Creuset.<\/p>\n<\/li>\n<\/ul>\n<p>Mat\u00e9riel: Acier inoxydable<br \/>\nFabriqu\u00e9 en Chine<\/p>\n<p><strong>Nettoyage et entretien\u00a0:<\/strong><\/p>\n<ul>\n<li class=\"mb-3\">Attention lors du nettoyage du tire-bouchon : la pointe est pointue !<\/li>\n<li class=\"mb-3\">Nettoyez occasionnellement le tire-bouchon \u00e0 l&#8217;aide d&#8217;un chiffon humide ou d&#8217;eau ti\u00e8de savonneuse.<\/li>\n<li class=\"mb-3\">Apr\u00e8s le lavage, s\u00e9chez soigneusement le produit et rangez-le dans un endroit sec.<\/li>\n<\/ul>\n","protected":false},"excerpt":{"rendered":"<p>Agissez comme un vrai sommelier avec cet \u00e9l\u00e9gant tire-bouchon de serveur de poche. C&#8217;est un favori des amateurs et des<\/p>\n","protected":false},"featured_media":447692,"template":"","meta":{"_acf_changed":false,"inline_featured_image":false},"product_cat":[12782,14463,12754],"product_tag":[25086,25021,14152,13065,16884],"acf":[],"yoast_head":"<!-- This site is optimized with the Yoast SEO Premium plugin v18.6 (Yoast SEO v19.13) - https:\/\/yoast.com\/wordpress\/plugins\/seo\/ -->\n<title>LE CREUSET Tire-bouchon Amico del Sommelier Premium en acier inoxydable - Erresse Shop<\/title>\n<meta name=\"description\" content=\"Agissez comme un vrai sommelier avec cet \u00e9l\u00e9gant tire-bouchon de serveur de poche. C&#039;est un favori des amateurs et des professionnels du vin, qui\" \/>\n<meta name=\"robots\" content=\"index, follow, max-snippet:-1, max-image-preview:large, max-video-preview:-1\" \/>\n<link rel=\"canonical\" href=\"https:\/\/www.erresse-shop.it\/fr\/shop\/table-fr-2\/vin\/le-creuset-tire-bouchon-amico-del-sommelier-wt-100-noir-copia-2\/\" \/>\n<meta property=\"og:locale\" content=\"fr_FR\" \/>\n<meta property=\"og:type\" content=\"article\" \/>\n<meta property=\"og:title\" content=\"LE CREUSET Tire-bouchon Amico del Sommelier Premium en acier inoxydable\" \/>\n<meta property=\"og:description\" content=\"Agissez comme un vrai sommelier avec cet \u00e9l\u00e9gant tire-bouchon de serveur de poche. C&#039;est un favori des amateurs et des professionnels du vin, qui\" \/>\n<meta property=\"og:url\" content=\"https:\/\/www.erresse-shop.it\/fr\/shop\/table-fr-2\/vin\/le-creuset-tire-bouchon-amico-del-sommelier-wt-100-noir-copia-2\/\" \/>\n<meta property=\"og:site_name\" content=\"Erresse Shop\" \/>\n<meta property=\"article:modified_time\" content=\"2024-11-15T09:20:46+00:00\" \/>\n<meta property=\"og:image\" content=\"https:\/\/www.erresse-shop.it\/wp-content\/uploads\/2024\/11\/LE-CREUSET-Cavatappi-Amico-del-Sommelier-Premium-Acciaio.jpg\" \/>\n\t<meta property=\"og:image:width\" content=\"1200\" \/>\n\t<meta property=\"og:image:height\" content=\"1200\" \/>\n\t<meta property=\"og:image:type\" content=\"image\/jpeg\" \/>\n<meta name=\"twitter:card\" content=\"summary_large_image\" \/>\n<script type=\"application\/ld+json\" class=\"yoast-schema-graph\">{\"@context\":\"https:\/\/schema.org\",\"@graph\":[{\"@type\":\"WebPage\",\"@id\":\"https:\/\/www.erresse-shop.it\/fr\/shop\/table-fr-2\/vin\/le-creuset-tire-bouchon-amico-del-sommelier-wt-100-noir-copia-2\/\",\"url\":\"https:\/\/www.erresse-shop.it\/fr\/shop\/table-fr-2\/vin\/le-creuset-tire-bouchon-amico-del-sommelier-wt-100-noir-copia-2\/\",\"name\":\"LE CREUSET Tire-bouchon Amico del Sommelier Premium en acier inoxydable - Erresse Shop\",\"isPartOf\":{\"@id\":\"https:\/\/www.erresse-shop.it\/fr\/#website\"},\"datePublished\":\"2024-11-15T09:06:21+00:00\",\"dateModified\":\"2024-11-15T09:20:46+00:00\",\"description\":\"Agissez comme un vrai sommelier avec cet \u00e9l\u00e9gant tire-bouchon de serveur de poche. C'est un favori des amateurs et des professionnels du vin, qui\",\"breadcrumb\":{\"@id\":\"https:\/\/www.erresse-shop.it\/fr\/shop\/table-fr-2\/vin\/le-creuset-tire-bouchon-amico-del-sommelier-wt-100-noir-copia-2\/#breadcrumb\"},\"inLanguage\":\"fr-FR\",\"potentialAction\":[{\"@type\":\"ReadAction\",\"target\":[\"https:\/\/www.erresse-shop.it\/fr\/shop\/table-fr-2\/vin\/le-creuset-tire-bouchon-amico-del-sommelier-wt-100-noir-copia-2\/\"]}]},{\"@type\":\"BreadcrumbList\",\"@id\":\"https:\/\/www.erresse-shop.it\/fr\/shop\/table-fr-2\/vin\/le-creuset-tire-bouchon-amico-del-sommelier-wt-100-noir-copia-2\/#breadcrumb\",\"itemListElement\":[{\"@type\":\"ListItem\",\"position\":1,\"name\":\"Home\",\"item\":\"https:\/\/www.erresse-shop.it\/fr\/\"},{\"@type\":\"ListItem\",\"position\":2,\"name\":\"Shop\",\"item\":\"https:\/\/www.erresse-shop.it\/fr\/shop\/\"},{\"@type\":\"ListItem\",\"position\":3,\"name\":\"LE CREUSET Tire-bouchon Amico del Sommelier Premium en acier inoxydable\"}]},{\"@type\":\"WebSite\",\"@id\":\"https:\/\/www.erresse-shop.it\/fr\/#website\",\"url\":\"https:\/\/www.erresse-shop.it\/fr\/\",\"name\":\"Erresse Shop\",\"description\":\"Articoli di qualit\u00e0 per la casa\",\"potentialAction\":[{\"@type\":\"SearchAction\",\"target\":{\"@type\":\"EntryPoint\",\"urlTemplate\":\"https:\/\/www.erresse-shop.it\/fr\/?s={search_term_string}\"},\"query-input\":\"required name=search_term_string\"}],\"inLanguage\":\"fr-FR\"}]}<\/script>\n<!-- \/ Yoast SEO Premium plugin. -->","yoast_head_json":{"title":"LE CREUSET Tire-bouchon Amico del Sommelier Premium en acier inoxydable - Erresse Shop","description":"Agissez comme un vrai sommelier avec cet \u00e9l\u00e9gant tire-bouchon de serveur de poche. C'est un favori des amateurs et des professionnels du vin, qui","robots":{"index":"index","follow":"follow","max-snippet":"max-snippet:-1","max-image-preview":"max-image-preview:large","max-video-preview":"max-video-preview:-1"},"canonical":"https:\/\/www.erresse-shop.it\/fr\/shop\/table-fr-2\/vin\/le-creuset-tire-bouchon-amico-del-sommelier-wt-100-noir-copia-2\/","og_locale":"fr_FR","og_type":"article","og_title":"LE CREUSET Tire-bouchon Amico del Sommelier Premium en acier inoxydable","og_description":"Agissez comme un vrai sommelier avec cet \u00e9l\u00e9gant tire-bouchon de serveur de poche. C'est un favori des amateurs et des professionnels du vin, qui","og_url":"https:\/\/www.erresse-shop.it\/fr\/shop\/table-fr-2\/vin\/le-creuset-tire-bouchon-amico-del-sommelier-wt-100-noir-copia-2\/","og_site_name":"Erresse Shop","article_modified_time":"2024-11-15T09:20:46+00:00","og_image":[{"width":1200,"height":1200,"url":"https:\/\/www.erresse-shop.it\/wp-content\/uploads\/2024\/11\/LE-CREUSET-Cavatappi-Amico-del-Sommelier-Premium-Acciaio.jpg","type":"image\/jpeg"}],"twitter_card":"summary_large_image","schema":{"@context":"https:\/\/schema.org","@graph":[{"@type":"WebPage","@id":"https:\/\/www.erresse-shop.it\/fr\/shop\/table-fr-2\/vin\/le-creuset-tire-bouchon-amico-del-sommelier-wt-100-noir-copia-2\/","url":"https:\/\/www.erresse-shop.it\/fr\/shop\/table-fr-2\/vin\/le-creuset-tire-bouchon-amico-del-sommelier-wt-100-noir-copia-2\/","name":"LE CREUSET Tire-bouchon Amico del Sommelier Premium en acier inoxydable - Erresse Shop","isPartOf":{"@id":"https:\/\/www.erresse-shop.it\/fr\/#website"},"datePublished":"2024-11-15T09:06:21+00:00","dateModified":"2024-11-15T09:20:46+00:00","description":"Agissez comme un vrai sommelier avec cet \u00e9l\u00e9gant tire-bouchon de serveur de poche. C'est un favori des amateurs et des professionnels du vin, qui","breadcrumb":{"@id":"https:\/\/www.erresse-shop.it\/fr\/shop\/table-fr-2\/vin\/le-creuset-tire-bouchon-amico-del-sommelier-wt-100-noir-copia-2\/#breadcrumb"},"inLanguage":"fr-FR","potentialAction":[{"@type":"ReadAction","target":["https:\/\/www.erresse-shop.it\/fr\/shop\/table-fr-2\/vin\/le-creuset-tire-bouchon-amico-del-sommelier-wt-100-noir-copia-2\/"]}]},{"@type":"BreadcrumbList","@id":"https:\/\/www.erresse-shop.it\/fr\/shop\/table-fr-2\/vin\/le-creuset-tire-bouchon-amico-del-sommelier-wt-100-noir-copia-2\/#breadcrumb","itemListElement":[{"@type":"ListItem","position":1,"name":"Home","item":"https:\/\/www.erresse-shop.it\/fr\/"},{"@type":"ListItem","position":2,"name":"Shop","item":"https:\/\/www.erresse-shop.it\/fr\/shop\/"},{"@type":"ListItem","position":3,"name":"LE CREUSET Tire-bouchon Amico del Sommelier Premium en acier inoxydable"}]},{"@type":"WebSite","@id":"https:\/\/www.erresse-shop.it\/fr\/#website","url":"https:\/\/www.erresse-shop.it\/fr\/","name":"Erresse Shop","description":"Articoli di qualit\u00e0 per la casa","potentialAction":[{"@type":"SearchAction","target":{"@type":"EntryPoint","urlTemplate":"https:\/\/www.erresse-shop.it\/fr\/?s={search_term_string}"},"query-input":"required name=search_term_string"}],"inLanguage":"fr-FR"}]}},"df_price":34.98,"df_sale_price":34.98,"df_regular_price":49,"df_image_link":"https:\/\/www.erresse-shop.it\/wp-content\/uploads\/2024\/11\/LE-CREUSET-Cavatappi-Amico-del-Sommelier-Premium-Acciaio-300x300.jpg","_links":{"self":[{"href":"https:\/\/www.erresse-shop.it\/fr\/wp-json\/wp\/v2\/product\/447674"}],"collection":[{"href":"https:\/\/www.erresse-shop.it\/fr\/wp-json\/wp\/v2\/product"}],"about":[{"href":"https:\/\/www.erresse-shop.it\/fr\/wp-json\/wp\/v2\/types\/product"}],"wp:featuredmedia":[{"embeddable":true,"href":"https:\/\/www.erresse-shop.it\/fr\/wp-json\/wp\/v2\/media\/447692"}],"wp:attachment":[{"href":"https:\/\/www.erresse-shop.it\/fr\/wp-json\/wp\/v2\/media?parent=447674"}],"wp:term":[{"taxonomy":"product_cat","embeddable":true,"href":"https:\/\/www.erresse-shop.it\/fr\/wp-json\/wp\/v2\/product_cat?post=447674"},{"taxonomy":"product_tag","embeddable":true,"href":"https:\/\/www.erresse-shop.it\/fr\/wp-json\/wp\/v2\/product_tag?post=447674"}],"curies":[{"name":"wp","href":"https:\/\/api.w.org\/{rel}","templated":true}]}}