{"id":447668,"date":"2024-11-15T09:06:14","date_gmt":"2024-11-15T09:06:15","guid":{"rendered":"https:\/\/www.erresse-shop.it\/?post_type=product&#038;p=447668"},"modified":"2024-11-15T09:57:57","modified_gmt":"2024-11-15T09:57:57","slug":"le-creuset-tire-bouchon-amico-del-sommelier-wt-100-noir-copia","status":"publish","type":"product","link":"https:\/\/www.erresse-shop.it\/fr\/shop\/table-fr-2\/vin\/le-creuset-tire-bouchon-amico-del-sommelier-wt-100-noir-copia\/","title":{"rendered":"LE CREUSET Ouvre-bouteille de table Active Ball TM-200 noir"},"content":{"rendered":"<p class=\"mb-3\" style=\"text-align: justifier;\">\u00c9l\u00e9gant et extr\u00eamement performant, le tire-bouchon Activ-Ball est dot\u00e9 d&#8217;une poign\u00e9e antid\u00e9rapante confortable et d&#8217;un m\u00e9canisme automatique qui permet d&#8217;extraire n&#8217;importe quel bouchon avec une extr\u00eame facilit\u00e9. Pour ouvrir les bouteilles et retirer le bouchon, il suffit de tourner. Fait? Faites tourner le tire-bouchon dans le sens inverse des aiguilles d&#8217;une montre pour extraire le bouchon facilement.<\/p>\n<ul>\n<li>\n<p class=\"mb-3\">Pas besoin de tirer\u00a0: pour ouvrir votre vin, faites simplement pivoter la poign\u00e9e soft touch et notre technologie exclusive fera tout le travail.<\/p>\n<\/li>\n<li>\n<p class=\"mb-3\">Une simple rotation\u00a0: apr\u00e8s avoir retir\u00e9 le capuchon en tournant la poign\u00e9e soft touch, la technologie exclusive Active Ball \u00e9jecte facilement le capuchon de la vis.<\/p>\n<\/li>\n<li>\n<p class=\"mb-3\">Le meilleur de sa cat\u00e9gorie\u00a0: nos produits sont fabriqu\u00e9s avec les meilleurs mat\u00e9riaux dans des usines situ\u00e9es \u00e0 travers le monde pour garantir la qualit\u00e9 que vous attendez de Le\u00a0Creuset.<\/p>\n<\/li>\n<\/ul>\n<p>Mat\u00e9riau : Polycarbonate<br \/>\nFabriqu\u00e9 en Chine<\/p>\n<p>Garantie : 5 ans<\/p>\n<p><strong>Nettoyage et entretien\u00a0:<\/strong><\/p>\n<ul>\n<li class=\"mb-3\">Attention lors du nettoyage du tire-bouchon : la pointe est pointue !<\/li>\n<li class=\"mb-3\">Nettoyez occasionnellement le tire-bouchon \u00e0 l&#8217;aide d&#8217;un chiffon humide ou d&#8217;eau ti\u00e8de savonneuse.<\/li>\n<li class=\"mb-3\">Apr\u00e8s le lavage, s\u00e9chez soigneusement le produit et rangez-le dans un endroit sec.<\/li>\n<\/ul>\n","protected":false},"excerpt":{"rendered":"<p>\u00c9l\u00e9gant et extr\u00eamement performant, le tire-bouchon Activ-Ball est dot\u00e9 d&#8217;une poign\u00e9e antid\u00e9rapante confortable et d&#8217;un m\u00e9canisme automatique qui permet d&#8217;extraire<\/p>\n","protected":false},"featured_media":447763,"template":"","meta":{"_acf_changed":false,"inline_featured_image":false},"product_cat":[12782,14463,12754],"product_tag":[25086,25021,14152,13065,16884],"acf":[],"yoast_head":"<!-- This site is optimized with the Yoast SEO Premium plugin v18.6 (Yoast SEO v19.13) - https:\/\/yoast.com\/wordpress\/plugins\/seo\/ -->\n<title>LE CREUSET Ouvre-bouteille de table Active Ball TM-200 noir - Erresse Shop<\/title>\n<meta name=\"description\" content=\"\u00c9l\u00e9gant et extr\u00eamement performant, le tire-bouchon Activ-Ball est dot\u00e9 d&#039;une poign\u00e9e antid\u00e9rapante confortable et d&#039;un m\u00e9canisme automatique qui permet\" \/>\n<meta name=\"robots\" content=\"index, follow, max-snippet:-1, max-image-preview:large, max-video-preview:-1\" \/>\n<link rel=\"canonical\" href=\"https:\/\/www.erresse-shop.it\/fr\/shop\/table-fr-2\/vin\/le-creuset-tire-bouchon-amico-del-sommelier-wt-100-noir-copia\/\" \/>\n<meta property=\"og:locale\" content=\"fr_FR\" \/>\n<meta property=\"og:type\" content=\"article\" \/>\n<meta property=\"og:title\" content=\"LE CREUSET Ouvre-bouteille de table Active Ball TM-200 noir\" \/>\n<meta property=\"og:description\" content=\"\u00c9l\u00e9gant et extr\u00eamement performant, le tire-bouchon Activ-Ball est dot\u00e9 d&#039;une poign\u00e9e antid\u00e9rapante confortable et d&#039;un m\u00e9canisme automatique qui permet\" \/>\n<meta property=\"og:url\" content=\"https:\/\/www.erresse-shop.it\/fr\/shop\/table-fr-2\/vin\/le-creuset-tire-bouchon-amico-del-sommelier-wt-100-noir-copia\/\" \/>\n<meta property=\"og:site_name\" content=\"Erresse Shop\" \/>\n<meta property=\"article:modified_time\" content=\"2024-11-15T09:57:57+00:00\" \/>\n<meta property=\"og:image\" content=\"https:\/\/www.erresse-shop.it\/wp-content\/uploads\/2024\/11\/LE-CREUSET-Apribottiglia-da-tavola-Active-Ball-TM-200-Nero.jpg\" \/>\n\t<meta property=\"og:image:width\" content=\"1200\" \/>\n\t<meta property=\"og:image:height\" content=\"1200\" \/>\n\t<meta property=\"og:image:type\" content=\"image\/jpeg\" \/>\n<meta name=\"twitter:card\" content=\"summary_large_image\" \/>\n<script type=\"application\/ld+json\" class=\"yoast-schema-graph\">{\"@context\":\"https:\/\/schema.org\",\"@graph\":[{\"@type\":\"WebPage\",\"@id\":\"https:\/\/www.erresse-shop.it\/fr\/shop\/table-fr-2\/vin\/le-creuset-tire-bouchon-amico-del-sommelier-wt-100-noir-copia\/\",\"url\":\"https:\/\/www.erresse-shop.it\/fr\/shop\/table-fr-2\/vin\/le-creuset-tire-bouchon-amico-del-sommelier-wt-100-noir-copia\/\",\"name\":\"LE CREUSET Ouvre-bouteille de table Active Ball TM-200 noir - Erresse Shop\",\"isPartOf\":{\"@id\":\"https:\/\/www.erresse-shop.it\/fr\/#website\"},\"datePublished\":\"2024-11-15T09:06:15+00:00\",\"dateModified\":\"2024-11-15T09:57:57+00:00\",\"description\":\"\u00c9l\u00e9gant et extr\u00eamement performant, le tire-bouchon Activ-Ball est dot\u00e9 d'une poign\u00e9e antid\u00e9rapante confortable et d'un m\u00e9canisme automatique qui permet\",\"breadcrumb\":{\"@id\":\"https:\/\/www.erresse-shop.it\/fr\/shop\/table-fr-2\/vin\/le-creuset-tire-bouchon-amico-del-sommelier-wt-100-noir-copia\/#breadcrumb\"},\"inLanguage\":\"fr-FR\",\"potentialAction\":[{\"@type\":\"ReadAction\",\"target\":[\"https:\/\/www.erresse-shop.it\/fr\/shop\/table-fr-2\/vin\/le-creuset-tire-bouchon-amico-del-sommelier-wt-100-noir-copia\/\"]}]},{\"@type\":\"BreadcrumbList\",\"@id\":\"https:\/\/www.erresse-shop.it\/fr\/shop\/table-fr-2\/vin\/le-creuset-tire-bouchon-amico-del-sommelier-wt-100-noir-copia\/#breadcrumb\",\"itemListElement\":[{\"@type\":\"ListItem\",\"position\":1,\"name\":\"Home\",\"item\":\"https:\/\/www.erresse-shop.it\/fr\/\"},{\"@type\":\"ListItem\",\"position\":2,\"name\":\"Shop\",\"item\":\"https:\/\/www.erresse-shop.it\/fr\/shop\/\"},{\"@type\":\"ListItem\",\"position\":3,\"name\":\"LE CREUSET Ouvre-bouteille de table Active Ball TM-200 noir\"}]},{\"@type\":\"WebSite\",\"@id\":\"https:\/\/www.erresse-shop.it\/fr\/#website\",\"url\":\"https:\/\/www.erresse-shop.it\/fr\/\",\"name\":\"Erresse Shop\",\"description\":\"Articoli di qualit\u00e0 per la casa\",\"potentialAction\":[{\"@type\":\"SearchAction\",\"target\":{\"@type\":\"EntryPoint\",\"urlTemplate\":\"https:\/\/www.erresse-shop.it\/fr\/?s={search_term_string}\"},\"query-input\":\"required name=search_term_string\"}],\"inLanguage\":\"fr-FR\"}]}<\/script>\n<!-- \/ Yoast SEO Premium plugin. -->","yoast_head_json":{"title":"LE CREUSET Ouvre-bouteille de table Active Ball TM-200 noir - Erresse Shop","description":"\u00c9l\u00e9gant et extr\u00eamement performant, le tire-bouchon Activ-Ball est dot\u00e9 d'une poign\u00e9e antid\u00e9rapante confortable et d'un m\u00e9canisme automatique qui permet","robots":{"index":"index","follow":"follow","max-snippet":"max-snippet:-1","max-image-preview":"max-image-preview:large","max-video-preview":"max-video-preview:-1"},"canonical":"https:\/\/www.erresse-shop.it\/fr\/shop\/table-fr-2\/vin\/le-creuset-tire-bouchon-amico-del-sommelier-wt-100-noir-copia\/","og_locale":"fr_FR","og_type":"article","og_title":"LE CREUSET Ouvre-bouteille de table Active Ball TM-200 noir","og_description":"\u00c9l\u00e9gant et extr\u00eamement performant, le tire-bouchon Activ-Ball est dot\u00e9 d'une poign\u00e9e antid\u00e9rapante confortable et d'un m\u00e9canisme automatique qui permet","og_url":"https:\/\/www.erresse-shop.it\/fr\/shop\/table-fr-2\/vin\/le-creuset-tire-bouchon-amico-del-sommelier-wt-100-noir-copia\/","og_site_name":"Erresse Shop","article_modified_time":"2024-11-15T09:57:57+00:00","og_image":[{"width":1200,"height":1200,"url":"https:\/\/www.erresse-shop.it\/wp-content\/uploads\/2024\/11\/LE-CREUSET-Apribottiglia-da-tavola-Active-Ball-TM-200-Nero.jpg","type":"image\/jpeg"}],"twitter_card":"summary_large_image","schema":{"@context":"https:\/\/schema.org","@graph":[{"@type":"WebPage","@id":"https:\/\/www.erresse-shop.it\/fr\/shop\/table-fr-2\/vin\/le-creuset-tire-bouchon-amico-del-sommelier-wt-100-noir-copia\/","url":"https:\/\/www.erresse-shop.it\/fr\/shop\/table-fr-2\/vin\/le-creuset-tire-bouchon-amico-del-sommelier-wt-100-noir-copia\/","name":"LE CREUSET Ouvre-bouteille de table Active Ball TM-200 noir - Erresse Shop","isPartOf":{"@id":"https:\/\/www.erresse-shop.it\/fr\/#website"},"datePublished":"2024-11-15T09:06:15+00:00","dateModified":"2024-11-15T09:57:57+00:00","description":"\u00c9l\u00e9gant et extr\u00eamement performant, le tire-bouchon Activ-Ball est dot\u00e9 d'une poign\u00e9e antid\u00e9rapante confortable et d'un m\u00e9canisme automatique qui permet","breadcrumb":{"@id":"https:\/\/www.erresse-shop.it\/fr\/shop\/table-fr-2\/vin\/le-creuset-tire-bouchon-amico-del-sommelier-wt-100-noir-copia\/#breadcrumb"},"inLanguage":"fr-FR","potentialAction":[{"@type":"ReadAction","target":["https:\/\/www.erresse-shop.it\/fr\/shop\/table-fr-2\/vin\/le-creuset-tire-bouchon-amico-del-sommelier-wt-100-noir-copia\/"]}]},{"@type":"BreadcrumbList","@id":"https:\/\/www.erresse-shop.it\/fr\/shop\/table-fr-2\/vin\/le-creuset-tire-bouchon-amico-del-sommelier-wt-100-noir-copia\/#breadcrumb","itemListElement":[{"@type":"ListItem","position":1,"name":"Home","item":"https:\/\/www.erresse-shop.it\/fr\/"},{"@type":"ListItem","position":2,"name":"Shop","item":"https:\/\/www.erresse-shop.it\/fr\/shop\/"},{"@type":"ListItem","position":3,"name":"LE CREUSET Ouvre-bouteille de table Active Ball TM-200 noir"}]},{"@type":"WebSite","@id":"https:\/\/www.erresse-shop.it\/fr\/#website","url":"https:\/\/www.erresse-shop.it\/fr\/","name":"Erresse Shop","description":"Articoli di qualit\u00e0 per la casa","potentialAction":[{"@type":"SearchAction","target":{"@type":"EntryPoint","urlTemplate":"https:\/\/www.erresse-shop.it\/fr\/?s={search_term_string}"},"query-input":"required name=search_term_string"}],"inLanguage":"fr-FR"}]}},"df_price":34.98,"df_sale_price":34.98,"df_regular_price":49,"df_image_link":"https:\/\/www.erresse-shop.it\/wp-content\/uploads\/2024\/11\/LE-CREUSET-Apribottiglia-da-tavola-Active-Ball-TM-200-Nero-300x300.jpg","_links":{"self":[{"href":"https:\/\/www.erresse-shop.it\/fr\/wp-json\/wp\/v2\/product\/447668"}],"collection":[{"href":"https:\/\/www.erresse-shop.it\/fr\/wp-json\/wp\/v2\/product"}],"about":[{"href":"https:\/\/www.erresse-shop.it\/fr\/wp-json\/wp\/v2\/types\/product"}],"wp:featuredmedia":[{"embeddable":true,"href":"https:\/\/www.erresse-shop.it\/fr\/wp-json\/wp\/v2\/media\/447763"}],"wp:attachment":[{"href":"https:\/\/www.erresse-shop.it\/fr\/wp-json\/wp\/v2\/media?parent=447668"}],"wp:term":[{"taxonomy":"product_cat","embeddable":true,"href":"https:\/\/www.erresse-shop.it\/fr\/wp-json\/wp\/v2\/product_cat?post=447668"},{"taxonomy":"product_tag","embeddable":true,"href":"https:\/\/www.erresse-shop.it\/fr\/wp-json\/wp\/v2\/product_tag?post=447668"}],"curies":[{"name":"wp","href":"https:\/\/api.w.org\/{rel}","templated":true}]}}