{"id":447535,"date":"2024-11-15T07:47:11","date_gmt":"2024-11-15T07:47:13","guid":{"rendered":"https:\/\/www.erresse-shop.it\/?post_type=product&#038;p=447535"},"modified":"2024-11-15T08:15:26","modified_gmt":"2024-11-15T08:15:26","slug":"le-creuset-cocotte-citrouille-evolution-en-fonte-24-cm-blanc-copia","status":"publish","type":"product","link":"https:\/\/www.erresse-shop.it\/fr\/shop\/table-fr-2\/vin\/le-creuset-cocotte-citrouille-evolution-en-fonte-24-cm-blanc-copia\/","title":{"rendered":"LE CREUSET Tire-bouchon Amico del Sommelier WT-110 avec bouchon en bois GS-190"},"content":{"rendered":"<p class=\"mb-3\" style=\"text-align: justifier;\">Avec des caract\u00e9ristiques et des couleurs r\u00e9alistes, notre cocotte citrouille en fonte vitrifi\u00e9e sera certainement un sujet de discussion \u00e0 table. Il a une capacit\u00e9 de 3,7 L et un bouton de tige de forme authentique pour une prise en main confortable. De plus, la base plate facilite le brassage, ce qui est parfait pour mijoter des rago\u00fbts ou des soupes.<\/p>\n<ul>\n<li>\n<p class=\"mb-3\">Nettoyage rapide\u00a0: une fine couche int\u00e9rieure vitrifi\u00e9e facilite le nettoyage.<\/p>\n<\/li>\n<li>\n<p class=\"mb-3\">Polyvalence\u00a0: ce produit convient au four, \u00e0 la cuisini\u00e8re et au four en mode grill.<\/p>\n<\/li>\n<li>\n<p class=\"mb-3\">Des aliments savoureux\u00a0: la fonte vitrifi\u00e9e retient la chaleur pour une cuisson et une saisie uniformes. Vos d\u00e9licieuses cr\u00e9ations resteront chaudes plus longtemps m\u00eame \u00e0 table.<\/p>\n<\/li>\n<li>\n<p class=\"mb-3\">Pr\u00e9serve la succulence\u00a0: notre couvercle pr\u00e9serve la vapeur g\u00e9n\u00e9r\u00e9e par la cuisson des aliments et rehausse les saveurs, pour des r\u00e9sultats de cuisson extraordinaires.<\/p>\n<\/li>\n<li>\n<p class=\"mb-3\">Pas trop chaud\u00a0: cuisinez \u00e0 une chaleur constante, faible \u00e0 moyenne, pour prendre soin de votre produit en fonte et obtenir de d\u00e9licieux r\u00e9sultats.<\/p>\n<\/li>\n<li>\n<p class=\"mb-3\">Le meilleur de sa cat\u00e9gorie\u00a0: nos produits sont fabriqu\u00e9s avec les meilleurs mat\u00e9riaux dans des usines situ\u00e9es \u00e0 travers le monde pour garantir la qualit\u00e9 que vous attendez de Le\u00a0Creuset.<\/p>\n<\/li>\n<\/ul>\n<p>Mat\u00e9riau : fonte vitrifi\u00e9e<br \/>\nFabriqu\u00e9 en : France<br \/>\nGarantie : \u00e0 vie<\/p>\n<p>Capacit\u00e9 : 3,7 L<\/p>\n<p><strong>Source de chaleur\u00a0:<\/strong><\/p>\n<ul>\n<li>Four<\/li>\n<li>Four en mode grill<\/li>\n<li>Plaque \u00e9lectrique<\/li>\n<li>Verre c\u00e9ramique<\/li>\n<li>Cuisson \u00e0 gaz<\/li>\n<li>Plaque \u00e0 induction<\/li>\n<\/ul>\n<p><strong>Nettoyage et entretien\u00a0:<\/strong><\/p>\n<ul>\n<li class=\"mb-3\">Attendez que le produit refroidisse compl\u00e8tement avant de commencer \u00e0 le nettoyer.<\/li>\n<li class=\"mb-3\">Enlevez tout r\u00e9sidu alimentaire de la base et des bords du produit. Pour les r\u00e9sidus alimentaires tenaces, remplissez le produit avec de l&#8217;eau ti\u00e8de savonneuse et laissez tremper pendant 15 \u00e0 20 minutes avant de le laver comme d&#8217;habitude.<\/li>\n<li class=\"mb-3\">N&#8217;utilisez pas de nettoyants abrasifs ou m\u00e9talliques, de tampons \u00e0 r\u00e9curer ou de brosses tr\u00e8s dures et rigides pour nettoyer les surfaces.<\/li>\n<li class=\"mb-3\">Apr\u00e8s le lavage, s\u00e9chez soigneusement le produit et rangez-le dans un endroit sec.<\/li>\n<\/ul>\n","protected":false},"excerpt":{"rendered":"<p>Avec des caract\u00e9ristiques et des couleurs r\u00e9alistes, notre cocotte citrouille en fonte vitrifi\u00e9e sera certainement un sujet de discussion \u00e0<\/p>\n","protected":false},"featured_media":447566,"template":"","meta":{"_acf_changed":false,"inline_featured_image":false},"product_cat":[12782,14463,12754],"product_tag":[25086,25021,14152,13065,16884],"acf":[],"yoast_head":"<!-- This site is optimized with the Yoast SEO Premium plugin v18.6 (Yoast SEO v19.13) - https:\/\/yoast.com\/wordpress\/plugins\/seo\/ -->\n<title>LE CREUSET Tire-bouchon Amico del Sommelier WT-110 avec bouchon en bois GS-190 - Erresse Shop<\/title>\n<meta name=\"description\" content=\"Avec des caract\u00e9ristiques et des couleurs r\u00e9alistes, notre cocotte citrouille en fonte vitrifi\u00e9e sera certainement un sujet de discussion \u00e0 table. Il a\" \/>\n<meta name=\"robots\" content=\"index, follow, max-snippet:-1, max-image-preview:large, max-video-preview:-1\" \/>\n<link rel=\"canonical\" href=\"https:\/\/www.erresse-shop.it\/fr\/shop\/table-fr-2\/vin\/le-creuset-cocotte-citrouille-evolution-en-fonte-24-cm-blanc-copia\/\" \/>\n<meta property=\"og:locale\" content=\"fr_FR\" \/>\n<meta property=\"og:type\" content=\"article\" \/>\n<meta property=\"og:title\" content=\"LE CREUSET Tire-bouchon Amico del Sommelier WT-110 avec bouchon en bois GS-190\" \/>\n<meta property=\"og:description\" content=\"Avec des caract\u00e9ristiques et des couleurs r\u00e9alistes, notre cocotte citrouille en fonte vitrifi\u00e9e sera certainement un sujet de discussion \u00e0 table. Il a\" \/>\n<meta property=\"og:url\" content=\"https:\/\/www.erresse-shop.it\/fr\/shop\/table-fr-2\/vin\/le-creuset-cocotte-citrouille-evolution-en-fonte-24-cm-blanc-copia\/\" \/>\n<meta property=\"og:site_name\" content=\"Erresse Shop\" \/>\n<meta property=\"article:modified_time\" content=\"2024-11-15T08:15:26+00:00\" \/>\n<meta property=\"og:image\" content=\"https:\/\/www.erresse-shop.it\/wp-content\/uploads\/2024\/11\/LE-CREUSET-Cavatappi-Amico-del-Sommelier-WT-110-con-Tappo-in-Legno-GS-190.jpg\" \/>\n\t<meta property=\"og:image:width\" content=\"1200\" \/>\n\t<meta property=\"og:image:height\" content=\"1200\" \/>\n\t<meta property=\"og:image:type\" content=\"image\/jpeg\" \/>\n<meta name=\"twitter:card\" content=\"summary_large_image\" \/>\n<script type=\"application\/ld+json\" class=\"yoast-schema-graph\">{\"@context\":\"https:\/\/schema.org\",\"@graph\":[{\"@type\":\"WebPage\",\"@id\":\"https:\/\/www.erresse-shop.it\/fr\/shop\/table-fr-2\/vin\/le-creuset-cocotte-citrouille-evolution-en-fonte-24-cm-blanc-copia\/\",\"url\":\"https:\/\/www.erresse-shop.it\/fr\/shop\/table-fr-2\/vin\/le-creuset-cocotte-citrouille-evolution-en-fonte-24-cm-blanc-copia\/\",\"name\":\"LE CREUSET Tire-bouchon Amico del Sommelier WT-110 avec bouchon en bois GS-190 - Erresse Shop\",\"isPartOf\":{\"@id\":\"https:\/\/www.erresse-shop.it\/fr\/#website\"},\"datePublished\":\"2024-11-15T07:47:13+00:00\",\"dateModified\":\"2024-11-15T08:15:26+00:00\",\"description\":\"Avec des caract\u00e9ristiques et des couleurs r\u00e9alistes, notre cocotte citrouille en fonte vitrifi\u00e9e sera certainement un sujet de discussion \u00e0 table. Il a\",\"breadcrumb\":{\"@id\":\"https:\/\/www.erresse-shop.it\/fr\/shop\/table-fr-2\/vin\/le-creuset-cocotte-citrouille-evolution-en-fonte-24-cm-blanc-copia\/#breadcrumb\"},\"inLanguage\":\"fr-FR\",\"potentialAction\":[{\"@type\":\"ReadAction\",\"target\":[\"https:\/\/www.erresse-shop.it\/fr\/shop\/table-fr-2\/vin\/le-creuset-cocotte-citrouille-evolution-en-fonte-24-cm-blanc-copia\/\"]}]},{\"@type\":\"BreadcrumbList\",\"@id\":\"https:\/\/www.erresse-shop.it\/fr\/shop\/table-fr-2\/vin\/le-creuset-cocotte-citrouille-evolution-en-fonte-24-cm-blanc-copia\/#breadcrumb\",\"itemListElement\":[{\"@type\":\"ListItem\",\"position\":1,\"name\":\"Home\",\"item\":\"https:\/\/www.erresse-shop.it\/fr\/\"},{\"@type\":\"ListItem\",\"position\":2,\"name\":\"Shop\",\"item\":\"https:\/\/www.erresse-shop.it\/fr\/shop\/\"},{\"@type\":\"ListItem\",\"position\":3,\"name\":\"LE CREUSET Tire-bouchon Amico del Sommelier WT-110 avec bouchon en bois GS-190\"}]},{\"@type\":\"WebSite\",\"@id\":\"https:\/\/www.erresse-shop.it\/fr\/#website\",\"url\":\"https:\/\/www.erresse-shop.it\/fr\/\",\"name\":\"Erresse Shop\",\"description\":\"Articoli di qualit\u00e0 per la casa\",\"potentialAction\":[{\"@type\":\"SearchAction\",\"target\":{\"@type\":\"EntryPoint\",\"urlTemplate\":\"https:\/\/www.erresse-shop.it\/fr\/?s={search_term_string}\"},\"query-input\":\"required name=search_term_string\"}],\"inLanguage\":\"fr-FR\"}]}<\/script>\n<!-- \/ Yoast SEO Premium plugin. -->","yoast_head_json":{"title":"LE CREUSET Tire-bouchon Amico del Sommelier WT-110 avec bouchon en bois GS-190 - Erresse Shop","description":"Avec des caract\u00e9ristiques et des couleurs r\u00e9alistes, notre cocotte citrouille en fonte vitrifi\u00e9e sera certainement un sujet de discussion \u00e0 table. Il a","robots":{"index":"index","follow":"follow","max-snippet":"max-snippet:-1","max-image-preview":"max-image-preview:large","max-video-preview":"max-video-preview:-1"},"canonical":"https:\/\/www.erresse-shop.it\/fr\/shop\/table-fr-2\/vin\/le-creuset-cocotte-citrouille-evolution-en-fonte-24-cm-blanc-copia\/","og_locale":"fr_FR","og_type":"article","og_title":"LE CREUSET Tire-bouchon Amico del Sommelier WT-110 avec bouchon en bois GS-190","og_description":"Avec des caract\u00e9ristiques et des couleurs r\u00e9alistes, notre cocotte citrouille en fonte vitrifi\u00e9e sera certainement un sujet de discussion \u00e0 table. Il a","og_url":"https:\/\/www.erresse-shop.it\/fr\/shop\/table-fr-2\/vin\/le-creuset-cocotte-citrouille-evolution-en-fonte-24-cm-blanc-copia\/","og_site_name":"Erresse Shop","article_modified_time":"2024-11-15T08:15:26+00:00","og_image":[{"width":1200,"height":1200,"url":"https:\/\/www.erresse-shop.it\/wp-content\/uploads\/2024\/11\/LE-CREUSET-Cavatappi-Amico-del-Sommelier-WT-110-con-Tappo-in-Legno-GS-190.jpg","type":"image\/jpeg"}],"twitter_card":"summary_large_image","schema":{"@context":"https:\/\/schema.org","@graph":[{"@type":"WebPage","@id":"https:\/\/www.erresse-shop.it\/fr\/shop\/table-fr-2\/vin\/le-creuset-cocotte-citrouille-evolution-en-fonte-24-cm-blanc-copia\/","url":"https:\/\/www.erresse-shop.it\/fr\/shop\/table-fr-2\/vin\/le-creuset-cocotte-citrouille-evolution-en-fonte-24-cm-blanc-copia\/","name":"LE CREUSET Tire-bouchon Amico del Sommelier WT-110 avec bouchon en bois GS-190 - Erresse Shop","isPartOf":{"@id":"https:\/\/www.erresse-shop.it\/fr\/#website"},"datePublished":"2024-11-15T07:47:13+00:00","dateModified":"2024-11-15T08:15:26+00:00","description":"Avec des caract\u00e9ristiques et des couleurs r\u00e9alistes, notre cocotte citrouille en fonte vitrifi\u00e9e sera certainement un sujet de discussion \u00e0 table. Il a","breadcrumb":{"@id":"https:\/\/www.erresse-shop.it\/fr\/shop\/table-fr-2\/vin\/le-creuset-cocotte-citrouille-evolution-en-fonte-24-cm-blanc-copia\/#breadcrumb"},"inLanguage":"fr-FR","potentialAction":[{"@type":"ReadAction","target":["https:\/\/www.erresse-shop.it\/fr\/shop\/table-fr-2\/vin\/le-creuset-cocotte-citrouille-evolution-en-fonte-24-cm-blanc-copia\/"]}]},{"@type":"BreadcrumbList","@id":"https:\/\/www.erresse-shop.it\/fr\/shop\/table-fr-2\/vin\/le-creuset-cocotte-citrouille-evolution-en-fonte-24-cm-blanc-copia\/#breadcrumb","itemListElement":[{"@type":"ListItem","position":1,"name":"Home","item":"https:\/\/www.erresse-shop.it\/fr\/"},{"@type":"ListItem","position":2,"name":"Shop","item":"https:\/\/www.erresse-shop.it\/fr\/shop\/"},{"@type":"ListItem","position":3,"name":"LE CREUSET Tire-bouchon Amico del Sommelier WT-110 avec bouchon en bois GS-190"}]},{"@type":"WebSite","@id":"https:\/\/www.erresse-shop.it\/fr\/#website","url":"https:\/\/www.erresse-shop.it\/fr\/","name":"Erresse Shop","description":"Articoli di qualit\u00e0 per la casa","potentialAction":[{"@type":"SearchAction","target":{"@type":"EntryPoint","urlTemplate":"https:\/\/www.erresse-shop.it\/fr\/?s={search_term_string}"},"query-input":"required name=search_term_string"}],"inLanguage":"fr-FR"}]}},"df_price":35.550000000000004,"df_sale_price":35.550000000000004,"df_regular_price":79,"df_image_link":"https:\/\/www.erresse-shop.it\/wp-content\/uploads\/2024\/11\/LE-CREUSET-Cavatappi-Amico-del-Sommelier-WT-110-con-Tappo-in-Legno-GS-190-300x300.jpg","_links":{"self":[{"href":"https:\/\/www.erresse-shop.it\/fr\/wp-json\/wp\/v2\/product\/447535"}],"collection":[{"href":"https:\/\/www.erresse-shop.it\/fr\/wp-json\/wp\/v2\/product"}],"about":[{"href":"https:\/\/www.erresse-shop.it\/fr\/wp-json\/wp\/v2\/types\/product"}],"wp:featuredmedia":[{"embeddable":true,"href":"https:\/\/www.erresse-shop.it\/fr\/wp-json\/wp\/v2\/media\/447566"}],"wp:attachment":[{"href":"https:\/\/www.erresse-shop.it\/fr\/wp-json\/wp\/v2\/media?parent=447535"}],"wp:term":[{"taxonomy":"product_cat","embeddable":true,"href":"https:\/\/www.erresse-shop.it\/fr\/wp-json\/wp\/v2\/product_cat?post=447535"},{"taxonomy":"product_tag","embeddable":true,"href":"https:\/\/www.erresse-shop.it\/fr\/wp-json\/wp\/v2\/product_tag?post=447535"}],"curies":[{"name":"wp","href":"https:\/\/api.w.org\/{rel}","templated":true}]}}