{"id":447209,"date":"2024-11-14T13:30:01","date_gmt":"2024-11-14T13:30:04","guid":{"rendered":"https:\/\/www.erresse-shop.it\/?post_type=product&#038;p=447209"},"modified":"2024-11-14T13:44:42","modified_gmt":"2024-11-14T13:44:42","slug":"le-creuset-assiette-holly-19-cm-cerise-copia-4","status":"publish","type":"product","link":"https:\/\/www.erresse-shop.it\/fr\/shop\/table-fr-2\/plats\/le-creuset-assiette-holly-19-cm-cerise-copia-4\/","title":{"rendered":"LE CREUSET Assiette Citrouille 23 cm Orange"},"content":{"rendered":"<p>Vous avez organis\u00e9 une f\u00eate d&#8217;Halloween, ou souhaitez simplement cr\u00e9er une ambiance chaleureuse et saisonni\u00e8re chez vous ? Ce plateau en gr\u00e8s de taille moyenne est un incontournable de l&#8217;automne. Fabriqu\u00e9 en forme de citrouille enchanteresse, il cr\u00e9e imm\u00e9diatement une atmosph\u00e8re d&#8217;harmonie et de tranquillit\u00e9. Utilisez-le pour servir n&#8217;importe quelle gourmandise, sucr\u00e9e ou sal\u00e9e.<\/p>\n<ul>\n<li>\n<p class=\"mb-3\">Toujours \u00e0 la hauteur\u00a0: notre gr\u00e8s vitrifi\u00e9 est r\u00e9sistant aux rayures et facile \u00e0 nettoyer.<\/p>\n<\/li>\n<li>\n<p class=\"mb-3\">Structure parfaite\u00a0: fabriqu\u00e9s \u00e0 partir de c\u00e9ramiques de haute qualit\u00e9, nos produits en gr\u00e8s vitrifi\u00e9 maintiennent des temp\u00e9ratures uniformes et garantissent r\u00e9sistance et durabilit\u00e9 dans le temps.<\/p>\n<\/li>\n<li>\n<p class=\"mb-3\">Convient aussi bien au chaud qu&#8217;au froid\u00a0: notre gr\u00e8s vitrifi\u00e9 r\u00e9siste \u00e0 la chaleur de -23\u00a0\u00b0C \u00e0 +260\u00a0\u00b0C.<\/p>\n<\/li>\n<li>\n<p class=\"mb-3\">Le meilleur de sa cat\u00e9gorie\u00a0: nos produits sont fabriqu\u00e9s avec les meilleurs mat\u00e9riaux dans des usines situ\u00e9es \u00e0 travers le monde pour garantir la qualit\u00e9 que vous attendez de Le\u00a0Creuset.<\/p>\n<\/li>\n<\/ul>\n<p>Mat\u00e9riau : Gr\u00e8s vitrifi\u00e9<br \/>\nFabriqu\u00e9 en Chine<br \/>\nGarantie : 10 ans<\/p>\n<p>Capacit\u00e9 : 0,69 L<\/p>\n<p><strong>Source de chaleur\u00a0:<\/strong><\/p>\n<ul>\n<li>Four<\/li>\n<li>Mode gril au four<\/li>\n<li>Micro-ondes<\/li>\n<\/ul>\n<p><strong>Nettoyage et entretien\u00a0:<\/strong><\/p>\n<ul>\n<li class=\"mb-3\">Attendez que le produit refroidisse compl\u00e8tement avant de commencer \u00e0 le nettoyer.<\/li>\n<li class=\"mb-3\">Enlevez tout r\u00e9sidu de la base et des parois lat\u00e9rales du produit. En cas de r\u00e9sidus alimentaires tenaces, remplissez le produit d&#8217;eau ti\u00e8de savonneuse et laissez-le tremper pendant 15 \u00e0 20\u00a0minutes avant de le laver comme d&#8217;habitude.<\/li>\n<li class=\"mb-3\">Laver et s\u00e9cher \u00e0 la main. Ou mettez votre produit en gr\u00e8s vitrifi\u00e9 au lave-vaisselle pour un cycle complet.<\/li>\n<\/ul>\n","protected":false},"excerpt":{"rendered":"<p>Vous avez organis\u00e9 une f\u00eate d&#8217;Halloween, ou souhaitez simplement cr\u00e9er une ambiance chaleureuse et saisonni\u00e8re chez vous ? Ce plateau<\/p>\n","protected":false},"featured_media":447234,"template":"","meta":{"_acf_changed":false,"inline_featured_image":false},"product_cat":[12788,12782],"product_tag":[13169,12462,13170,19357],"acf":[],"yoast_head":"<!-- This site is optimized with the Yoast SEO Premium plugin v18.6 (Yoast SEO v19.13) - https:\/\/yoast.com\/wordpress\/plugins\/seo\/ -->\n<title>LE CREUSET Assiette Citrouille 23 cm Orange - Erresse Shop<\/title>\n<meta name=\"description\" content=\"Vous avez organis\u00e9 une f\u00eate d&#039;Halloween, ou souhaitez simplement cr\u00e9er une ambiance chaleureuse et saisonni\u00e8re chez vous ? Ce plateau en gr\u00e8s de taille\" \/>\n<meta name=\"robots\" content=\"index, follow, max-snippet:-1, max-image-preview:large, max-video-preview:-1\" \/>\n<link rel=\"canonical\" href=\"https:\/\/www.erresse-shop.it\/fr\/shop\/table-fr-2\/plats\/le-creuset-assiette-holly-19-cm-cerise-copia-4\/\" \/>\n<meta property=\"og:locale\" content=\"fr_FR\" \/>\n<meta property=\"og:type\" content=\"article\" \/>\n<meta property=\"og:title\" content=\"LE CREUSET Assiette Citrouille 23 cm Orange\" \/>\n<meta property=\"og:description\" content=\"Vous avez organis\u00e9 une f\u00eate d&#039;Halloween, ou souhaitez simplement cr\u00e9er une ambiance chaleureuse et saisonni\u00e8re chez vous ? Ce plateau en gr\u00e8s de taille\" \/>\n<meta property=\"og:url\" content=\"https:\/\/www.erresse-shop.it\/fr\/shop\/table-fr-2\/plats\/le-creuset-assiette-holly-19-cm-cerise-copia-4\/\" \/>\n<meta property=\"og:site_name\" content=\"Erresse Shop\" \/>\n<meta property=\"article:modified_time\" content=\"2024-11-14T13:44:42+00:00\" \/>\n<meta property=\"og:image\" content=\"https:\/\/www.erresse-shop.it\/wp-content\/uploads\/2024\/11\/LE-CREUSET-Piatto-Zucca-23-cm-Arancio.jpg\" \/>\n\t<meta property=\"og:image:width\" content=\"1200\" \/>\n\t<meta property=\"og:image:height\" content=\"1200\" \/>\n\t<meta property=\"og:image:type\" content=\"image\/jpeg\" \/>\n<meta name=\"twitter:card\" content=\"summary_large_image\" \/>\n<script type=\"application\/ld+json\" class=\"yoast-schema-graph\">{\"@context\":\"https:\/\/schema.org\",\"@graph\":[{\"@type\":\"WebPage\",\"@id\":\"https:\/\/www.erresse-shop.it\/fr\/shop\/table-fr-2\/plats\/le-creuset-assiette-holly-19-cm-cerise-copia-4\/\",\"url\":\"https:\/\/www.erresse-shop.it\/fr\/shop\/table-fr-2\/plats\/le-creuset-assiette-holly-19-cm-cerise-copia-4\/\",\"name\":\"LE CREUSET Assiette Citrouille 23 cm Orange - Erresse Shop\",\"isPartOf\":{\"@id\":\"https:\/\/www.erresse-shop.it\/fr\/#website\"},\"datePublished\":\"2024-11-14T13:30:04+00:00\",\"dateModified\":\"2024-11-14T13:44:42+00:00\",\"description\":\"Vous avez organis\u00e9 une f\u00eate d'Halloween, ou souhaitez simplement cr\u00e9er une ambiance chaleureuse et saisonni\u00e8re chez vous ? Ce plateau en gr\u00e8s de taille\",\"breadcrumb\":{\"@id\":\"https:\/\/www.erresse-shop.it\/fr\/shop\/table-fr-2\/plats\/le-creuset-assiette-holly-19-cm-cerise-copia-4\/#breadcrumb\"},\"inLanguage\":\"fr-FR\",\"potentialAction\":[{\"@type\":\"ReadAction\",\"target\":[\"https:\/\/www.erresse-shop.it\/fr\/shop\/table-fr-2\/plats\/le-creuset-assiette-holly-19-cm-cerise-copia-4\/\"]}]},{\"@type\":\"BreadcrumbList\",\"@id\":\"https:\/\/www.erresse-shop.it\/fr\/shop\/table-fr-2\/plats\/le-creuset-assiette-holly-19-cm-cerise-copia-4\/#breadcrumb\",\"itemListElement\":[{\"@type\":\"ListItem\",\"position\":1,\"name\":\"Home\",\"item\":\"https:\/\/www.erresse-shop.it\/fr\/\"},{\"@type\":\"ListItem\",\"position\":2,\"name\":\"Shop\",\"item\":\"https:\/\/www.erresse-shop.it\/fr\/shop\/\"},{\"@type\":\"ListItem\",\"position\":3,\"name\":\"LE CREUSET Assiette Citrouille 23 cm Orange\"}]},{\"@type\":\"WebSite\",\"@id\":\"https:\/\/www.erresse-shop.it\/fr\/#website\",\"url\":\"https:\/\/www.erresse-shop.it\/fr\/\",\"name\":\"Erresse Shop\",\"description\":\"Articoli di qualit\u00e0 per la casa\",\"potentialAction\":[{\"@type\":\"SearchAction\",\"target\":{\"@type\":\"EntryPoint\",\"urlTemplate\":\"https:\/\/www.erresse-shop.it\/fr\/?s={search_term_string}\"},\"query-input\":\"required name=search_term_string\"}],\"inLanguage\":\"fr-FR\"}]}<\/script>\n<!-- \/ Yoast SEO Premium plugin. -->","yoast_head_json":{"title":"LE CREUSET Assiette Citrouille 23 cm Orange - Erresse Shop","description":"Vous avez organis\u00e9 une f\u00eate d'Halloween, ou souhaitez simplement cr\u00e9er une ambiance chaleureuse et saisonni\u00e8re chez vous ? Ce plateau en gr\u00e8s de taille","robots":{"index":"index","follow":"follow","max-snippet":"max-snippet:-1","max-image-preview":"max-image-preview:large","max-video-preview":"max-video-preview:-1"},"canonical":"https:\/\/www.erresse-shop.it\/fr\/shop\/table-fr-2\/plats\/le-creuset-assiette-holly-19-cm-cerise-copia-4\/","og_locale":"fr_FR","og_type":"article","og_title":"LE CREUSET Assiette Citrouille 23 cm Orange","og_description":"Vous avez organis\u00e9 une f\u00eate d'Halloween, ou souhaitez simplement cr\u00e9er une ambiance chaleureuse et saisonni\u00e8re chez vous ? Ce plateau en gr\u00e8s de taille","og_url":"https:\/\/www.erresse-shop.it\/fr\/shop\/table-fr-2\/plats\/le-creuset-assiette-holly-19-cm-cerise-copia-4\/","og_site_name":"Erresse Shop","article_modified_time":"2024-11-14T13:44:42+00:00","og_image":[{"width":1200,"height":1200,"url":"https:\/\/www.erresse-shop.it\/wp-content\/uploads\/2024\/11\/LE-CREUSET-Piatto-Zucca-23-cm-Arancio.jpg","type":"image\/jpeg"}],"twitter_card":"summary_large_image","schema":{"@context":"https:\/\/schema.org","@graph":[{"@type":"WebPage","@id":"https:\/\/www.erresse-shop.it\/fr\/shop\/table-fr-2\/plats\/le-creuset-assiette-holly-19-cm-cerise-copia-4\/","url":"https:\/\/www.erresse-shop.it\/fr\/shop\/table-fr-2\/plats\/le-creuset-assiette-holly-19-cm-cerise-copia-4\/","name":"LE CREUSET Assiette Citrouille 23 cm Orange - Erresse Shop","isPartOf":{"@id":"https:\/\/www.erresse-shop.it\/fr\/#website"},"datePublished":"2024-11-14T13:30:04+00:00","dateModified":"2024-11-14T13:44:42+00:00","description":"Vous avez organis\u00e9 une f\u00eate d'Halloween, ou souhaitez simplement cr\u00e9er une ambiance chaleureuse et saisonni\u00e8re chez vous ? Ce plateau en gr\u00e8s de taille","breadcrumb":{"@id":"https:\/\/www.erresse-shop.it\/fr\/shop\/table-fr-2\/plats\/le-creuset-assiette-holly-19-cm-cerise-copia-4\/#breadcrumb"},"inLanguage":"fr-FR","potentialAction":[{"@type":"ReadAction","target":["https:\/\/www.erresse-shop.it\/fr\/shop\/table-fr-2\/plats\/le-creuset-assiette-holly-19-cm-cerise-copia-4\/"]}]},{"@type":"BreadcrumbList","@id":"https:\/\/www.erresse-shop.it\/fr\/shop\/table-fr-2\/plats\/le-creuset-assiette-holly-19-cm-cerise-copia-4\/#breadcrumb","itemListElement":[{"@type":"ListItem","position":1,"name":"Home","item":"https:\/\/www.erresse-shop.it\/fr\/"},{"@type":"ListItem","position":2,"name":"Shop","item":"https:\/\/www.erresse-shop.it\/fr\/shop\/"},{"@type":"ListItem","position":3,"name":"LE CREUSET Assiette Citrouille 23 cm Orange"}]},{"@type":"WebSite","@id":"https:\/\/www.erresse-shop.it\/fr\/#website","url":"https:\/\/www.erresse-shop.it\/fr\/","name":"Erresse Shop","description":"Articoli di qualit\u00e0 per la casa","potentialAction":[{"@type":"SearchAction","target":{"@type":"EntryPoint","urlTemplate":"https:\/\/www.erresse-shop.it\/fr\/?s={search_term_string}"},"query-input":"required name=search_term_string"}],"inLanguage":"fr-FR"}]}},"df_price":25.95,"df_sale_price":25.95,"df_regular_price":27,"df_image_link":"https:\/\/www.erresse-shop.it\/wp-content\/uploads\/2024\/11\/LE-CREUSET-Piatto-Zucca-23-cm-Arancio-300x300.jpg","_links":{"self":[{"href":"https:\/\/www.erresse-shop.it\/fr\/wp-json\/wp\/v2\/product\/447209"}],"collection":[{"href":"https:\/\/www.erresse-shop.it\/fr\/wp-json\/wp\/v2\/product"}],"about":[{"href":"https:\/\/www.erresse-shop.it\/fr\/wp-json\/wp\/v2\/types\/product"}],"wp:featuredmedia":[{"embeddable":true,"href":"https:\/\/www.erresse-shop.it\/fr\/wp-json\/wp\/v2\/media\/447234"}],"wp:attachment":[{"href":"https:\/\/www.erresse-shop.it\/fr\/wp-json\/wp\/v2\/media?parent=447209"}],"wp:term":[{"taxonomy":"product_cat","embeddable":true,"href":"https:\/\/www.erresse-shop.it\/fr\/wp-json\/wp\/v2\/product_cat?post=447209"},{"taxonomy":"product_tag","embeddable":true,"href":"https:\/\/www.erresse-shop.it\/fr\/wp-json\/wp\/v2\/product_tag?post=447209"}],"curies":[{"name":"wp","href":"https:\/\/api.w.org\/{rel}","templated":true}]}}