{"id":447168,"date":"2024-11-14T13:10:07","date_gmt":"2024-11-14T13:10:08","guid":{"rendered":"https:\/\/www.erresse-shop.it\/?post_type=product&#038;p=447168"},"modified":"2025-01-11T13:59:13","modified_gmt":"2025-01-11T13:59:13","slug":"le-creuset-cocotte-ronde-en-fonte-evolution-christmas-tree-24-cm-blanc-copia","status":"publish","type":"product","link":"https:\/\/www.erresse-shop.it\/fr\/shop\/table-fr-2\/plats\/plats-de-service\/le-creuset-cocotte-ronde-en-fonte-evolution-christmas-tree-24-cm-blanc-copia\/","title":{"rendered":"Le Creuset Plat \u00e0 beurre Citrouille"},"content":{"rendered":"<p class=\"mb-3\" style=\"text-align: justifier;\">Avec un design ravissant, le beurrier citrouille est un bel ajout saisonnier \u00e0 la cuisine et sur la table. Il est \u00e9galement parfait pour cuisiner des entr\u00e9es, servir des gratins individuels et des accompagnements, ou encore pour des desserts comme des mousses et des cr\u00e8mes br\u00fbl\u00e9es. Le couvercle en gr\u00e8s \u00e9maill\u00e9 retient l&#8217;humidit\u00e9 et la chaleur pendant la cuisson et maintient le beurre \u00e0 la temp\u00e9rature id\u00e9ale. Fabriqu\u00e9 en gr\u00e8s vitrifi\u00e9 de la meilleure qualit\u00e9, le beurrier Zucca est facile \u00e0 nettoyer, va au lave-vaisselle et r\u00e9siste aux rayures et aux taches.<\/p>\n<ul>\n<li>\n<p class=\"mb-3\">Toujours \u00e0 la hauteur\u00a0: notre gr\u00e8s vitrifi\u00e9 est r\u00e9sistant aux rayures et facile \u00e0 nettoyer.<\/p>\n<\/li>\n<li>\n<p class=\"mb-3\">Excellence artisanale\u00a0: fabriqu\u00e9s en gr\u00e8s de haute qualit\u00e9, nos produits en gr\u00e8s vitrifi\u00e9 maintiennent des temp\u00e9ratures uniformes et garantissent r\u00e9sistance et durabilit\u00e9 dans le temps.<\/p>\n<\/li>\n<li>\n<p class=\"mb-3\">Convient aussi bien au chaud qu&#8217;au froid : notre gr\u00e8s vitrifi\u00e9 r\u00e9siste \u00e0 la chaleur de -23\u00b0C \u00e0 +260\u00b0C.<\/p>\n<\/li>\n<li>\n<p class=\"mb-3\">Le meilleur de sa cat\u00e9gorie\u00a0: nos produits sont fabriqu\u00e9s avec les meilleurs mat\u00e9riaux pour garantir la plus haute qualit\u00e9.<\/p>\n<\/li>\n<\/ul>\n<p>Mat\u00e9riau : Gr\u00e8s vitrifi\u00e9<br \/>\nFabriqu\u00e9 en : Tha\u00eflande<br \/>\nGarantie : 10 ans<\/p>\n<p><strong>Nettoyage et entretien\u00a0:<\/strong><\/p>\n<ul>\n<li class=\"mb-3\">Attendez que le produit refroidisse compl\u00e8tement avant de commencer \u00e0 le nettoyer.<\/li>\n<li class=\"mb-3\">Enlevez tout r\u00e9sidu de la base et des bords du produit. En cas de r\u00e9sidus alimentaires tenaces, remplissez le produit d&#8217;eau ti\u00e8de savonneuse et laissez-le tremper pendant 15 \u00e0 20 minutes avant de le laver.<\/li>\n<li class=\"mb-3\">Lavez et s\u00e9chez \u00e0 la main, ou placez votre produit en gr\u00e8s vitrifi\u00e9 au lave-vaisselle pour un cycle complet.<\/li>\n<\/ul>\n","protected":false},"excerpt":{"rendered":"<p>Avec un design ravissant, le beurrier citrouille est un bel ajout saisonnier \u00e0 la cuisine et sur la table. Il<\/p>\n","protected":false},"featured_media":447198,"template":"","meta":{"_acf_changed":false,"inline_featured_image":false},"product_cat":[12789,12782],"product_tag":[25086,14556,25021,14261],"acf":[],"yoast_head":"<!-- This site is optimized with the Yoast SEO Premium plugin v18.6 (Yoast SEO v19.13) - https:\/\/yoast.com\/wordpress\/plugins\/seo\/ -->\n<title>Le Creuset Plat \u00e0 beurre Citrouille - Erresse Shop<\/title>\n<meta name=\"description\" content=\"Avec un design ravissant, le beurrier citrouille est un bel ajout saisonnier \u00e0 la cuisine et sur la table. Il est \u00e9galement parfait pour cuisiner des\" \/>\n<meta name=\"robots\" content=\"index, follow, max-snippet:-1, max-image-preview:large, max-video-preview:-1\" \/>\n<link rel=\"canonical\" href=\"https:\/\/www.erresse-shop.it\/fr\/shop\/table-fr-2\/plats\/plats-de-service\/le-creuset-cocotte-ronde-en-fonte-evolution-christmas-tree-24-cm-blanc-copia\/\" \/>\n<meta property=\"og:locale\" content=\"fr_FR\" \/>\n<meta property=\"og:type\" content=\"article\" \/>\n<meta property=\"og:title\" content=\"Le Creuset Plat \u00e0 beurre Citrouille\" \/>\n<meta property=\"og:description\" content=\"Avec un design ravissant, le beurrier citrouille est un bel ajout saisonnier \u00e0 la cuisine et sur la table. Il est \u00e9galement parfait pour cuisiner des\" \/>\n<meta property=\"og:url\" content=\"https:\/\/www.erresse-shop.it\/fr\/shop\/table-fr-2\/plats\/plats-de-service\/le-creuset-cocotte-ronde-en-fonte-evolution-christmas-tree-24-cm-blanc-copia\/\" \/>\n<meta property=\"og:site_name\" content=\"Erresse Shop\" \/>\n<meta property=\"article:modified_time\" content=\"2025-01-11T13:59:13+00:00\" \/>\n<meta property=\"og:image\" content=\"https:\/\/www.erresse-shop.it\/wp-content\/uploads\/2024\/11\/LE-CREUSET-Porta-Burro-Zucca.jpg\" \/>\n\t<meta property=\"og:image:width\" content=\"1200\" \/>\n\t<meta property=\"og:image:height\" content=\"1200\" \/>\n\t<meta property=\"og:image:type\" content=\"image\/jpeg\" \/>\n<meta name=\"twitter:card\" content=\"summary_large_image\" \/>\n<script type=\"application\/ld+json\" class=\"yoast-schema-graph\">{\"@context\":\"https:\/\/schema.org\",\"@graph\":[{\"@type\":\"WebPage\",\"@id\":\"https:\/\/www.erresse-shop.it\/fr\/shop\/table-fr-2\/plats\/plats-de-service\/le-creuset-cocotte-ronde-en-fonte-evolution-christmas-tree-24-cm-blanc-copia\/\",\"url\":\"https:\/\/www.erresse-shop.it\/fr\/shop\/table-fr-2\/plats\/plats-de-service\/le-creuset-cocotte-ronde-en-fonte-evolution-christmas-tree-24-cm-blanc-copia\/\",\"name\":\"Le Creuset Plat \u00e0 beurre Citrouille - Erresse Shop\",\"isPartOf\":{\"@id\":\"https:\/\/www.erresse-shop.it\/fr\/#website\"},\"datePublished\":\"2024-11-14T13:10:08+00:00\",\"dateModified\":\"2025-01-11T13:59:13+00:00\",\"description\":\"Avec un design ravissant, le beurrier citrouille est un bel ajout saisonnier \u00e0 la cuisine et sur la table. Il est \u00e9galement parfait pour cuisiner des\",\"breadcrumb\":{\"@id\":\"https:\/\/www.erresse-shop.it\/fr\/shop\/table-fr-2\/plats\/plats-de-service\/le-creuset-cocotte-ronde-en-fonte-evolution-christmas-tree-24-cm-blanc-copia\/#breadcrumb\"},\"inLanguage\":\"fr-FR\",\"potentialAction\":[{\"@type\":\"ReadAction\",\"target\":[\"https:\/\/www.erresse-shop.it\/fr\/shop\/table-fr-2\/plats\/plats-de-service\/le-creuset-cocotte-ronde-en-fonte-evolution-christmas-tree-24-cm-blanc-copia\/\"]}]},{\"@type\":\"BreadcrumbList\",\"@id\":\"https:\/\/www.erresse-shop.it\/fr\/shop\/table-fr-2\/plats\/plats-de-service\/le-creuset-cocotte-ronde-en-fonte-evolution-christmas-tree-24-cm-blanc-copia\/#breadcrumb\",\"itemListElement\":[{\"@type\":\"ListItem\",\"position\":1,\"name\":\"Home\",\"item\":\"https:\/\/www.erresse-shop.it\/fr\/\"},{\"@type\":\"ListItem\",\"position\":2,\"name\":\"Shop\",\"item\":\"https:\/\/www.erresse-shop.it\/fr\/shop\/\"},{\"@type\":\"ListItem\",\"position\":3,\"name\":\"Le Creuset Plat \u00e0 beurre Citrouille\"}]},{\"@type\":\"WebSite\",\"@id\":\"https:\/\/www.erresse-shop.it\/fr\/#website\",\"url\":\"https:\/\/www.erresse-shop.it\/fr\/\",\"name\":\"Erresse Shop\",\"description\":\"Articoli di qualit\u00e0 per la casa\",\"potentialAction\":[{\"@type\":\"SearchAction\",\"target\":{\"@type\":\"EntryPoint\",\"urlTemplate\":\"https:\/\/www.erresse-shop.it\/fr\/?s={search_term_string}\"},\"query-input\":\"required name=search_term_string\"}],\"inLanguage\":\"fr-FR\"}]}<\/script>\n<!-- \/ Yoast SEO Premium plugin. -->","yoast_head_json":{"title":"Le Creuset Plat \u00e0 beurre Citrouille - Erresse Shop","description":"Avec un design ravissant, le beurrier citrouille est un bel ajout saisonnier \u00e0 la cuisine et sur la table. Il est \u00e9galement parfait pour cuisiner des","robots":{"index":"index","follow":"follow","max-snippet":"max-snippet:-1","max-image-preview":"max-image-preview:large","max-video-preview":"max-video-preview:-1"},"canonical":"https:\/\/www.erresse-shop.it\/fr\/shop\/table-fr-2\/plats\/plats-de-service\/le-creuset-cocotte-ronde-en-fonte-evolution-christmas-tree-24-cm-blanc-copia\/","og_locale":"fr_FR","og_type":"article","og_title":"Le Creuset Plat \u00e0 beurre Citrouille","og_description":"Avec un design ravissant, le beurrier citrouille est un bel ajout saisonnier \u00e0 la cuisine et sur la table. Il est \u00e9galement parfait pour cuisiner des","og_url":"https:\/\/www.erresse-shop.it\/fr\/shop\/table-fr-2\/plats\/plats-de-service\/le-creuset-cocotte-ronde-en-fonte-evolution-christmas-tree-24-cm-blanc-copia\/","og_site_name":"Erresse Shop","article_modified_time":"2025-01-11T13:59:13+00:00","og_image":[{"width":1200,"height":1200,"url":"https:\/\/www.erresse-shop.it\/wp-content\/uploads\/2024\/11\/LE-CREUSET-Porta-Burro-Zucca.jpg","type":"image\/jpeg"}],"twitter_card":"summary_large_image","schema":{"@context":"https:\/\/schema.org","@graph":[{"@type":"WebPage","@id":"https:\/\/www.erresse-shop.it\/fr\/shop\/table-fr-2\/plats\/plats-de-service\/le-creuset-cocotte-ronde-en-fonte-evolution-christmas-tree-24-cm-blanc-copia\/","url":"https:\/\/www.erresse-shop.it\/fr\/shop\/table-fr-2\/plats\/plats-de-service\/le-creuset-cocotte-ronde-en-fonte-evolution-christmas-tree-24-cm-blanc-copia\/","name":"Le Creuset Plat \u00e0 beurre Citrouille - Erresse Shop","isPartOf":{"@id":"https:\/\/www.erresse-shop.it\/fr\/#website"},"datePublished":"2024-11-14T13:10:08+00:00","dateModified":"2025-01-11T13:59:13+00:00","description":"Avec un design ravissant, le beurrier citrouille est un bel ajout saisonnier \u00e0 la cuisine et sur la table. Il est \u00e9galement parfait pour cuisiner des","breadcrumb":{"@id":"https:\/\/www.erresse-shop.it\/fr\/shop\/table-fr-2\/plats\/plats-de-service\/le-creuset-cocotte-ronde-en-fonte-evolution-christmas-tree-24-cm-blanc-copia\/#breadcrumb"},"inLanguage":"fr-FR","potentialAction":[{"@type":"ReadAction","target":["https:\/\/www.erresse-shop.it\/fr\/shop\/table-fr-2\/plats\/plats-de-service\/le-creuset-cocotte-ronde-en-fonte-evolution-christmas-tree-24-cm-blanc-copia\/"]}]},{"@type":"BreadcrumbList","@id":"https:\/\/www.erresse-shop.it\/fr\/shop\/table-fr-2\/plats\/plats-de-service\/le-creuset-cocotte-ronde-en-fonte-evolution-christmas-tree-24-cm-blanc-copia\/#breadcrumb","itemListElement":[{"@type":"ListItem","position":1,"name":"Home","item":"https:\/\/www.erresse-shop.it\/fr\/"},{"@type":"ListItem","position":2,"name":"Shop","item":"https:\/\/www.erresse-shop.it\/fr\/shop\/"},{"@type":"ListItem","position":3,"name":"Le Creuset Plat \u00e0 beurre Citrouille"}]},{"@type":"WebSite","@id":"https:\/\/www.erresse-shop.it\/fr\/#website","url":"https:\/\/www.erresse-shop.it\/fr\/","name":"Erresse Shop","description":"Articoli di qualit\u00e0 per la casa","potentialAction":[{"@type":"SearchAction","target":{"@type":"EntryPoint","urlTemplate":"https:\/\/www.erresse-shop.it\/fr\/?s={search_term_string}"},"query-input":"required name=search_term_string"}],"inLanguage":"fr-FR"}]}},"df_price":49.95,"df_sale_price":49.95,"df_regular_price":69,"df_image_link":"https:\/\/www.erresse-shop.it\/wp-content\/uploads\/2024\/11\/LE-CREUSET-Porta-Burro-Zucca-300x300.jpg","_links":{"self":[{"href":"https:\/\/www.erresse-shop.it\/fr\/wp-json\/wp\/v2\/product\/447168"}],"collection":[{"href":"https:\/\/www.erresse-shop.it\/fr\/wp-json\/wp\/v2\/product"}],"about":[{"href":"https:\/\/www.erresse-shop.it\/fr\/wp-json\/wp\/v2\/types\/product"}],"wp:featuredmedia":[{"embeddable":true,"href":"https:\/\/www.erresse-shop.it\/fr\/wp-json\/wp\/v2\/media\/447198"}],"wp:attachment":[{"href":"https:\/\/www.erresse-shop.it\/fr\/wp-json\/wp\/v2\/media?parent=447168"}],"wp:term":[{"taxonomy":"product_cat","embeddable":true,"href":"https:\/\/www.erresse-shop.it\/fr\/wp-json\/wp\/v2\/product_cat?post=447168"},{"taxonomy":"product_tag","embeddable":true,"href":"https:\/\/www.erresse-shop.it\/fr\/wp-json\/wp\/v2\/product_tag?post=447168"}],"curies":[{"name":"wp","href":"https:\/\/api.w.org\/{rel}","templated":true}]}}