{"id":447037,"date":"2024-11-14T11:04:35","date_gmt":"2024-11-14T11:04:36","guid":{"rendered":"https:\/\/www.erresse-shop.it\/?post_type=product&#038;p=447037"},"modified":"2024-11-14T11:22:17","modified_gmt":"2024-11-14T11:22:17","slug":"le-creuset-assiette-holly-19-cm-cerise-copia-3","status":"publish","type":"product","link":"https:\/\/www.erresse-shop.it\/fr\/shop\/table-fr-2\/plats\/le-creuset-assiette-holly-19-cm-cerise-copia-3\/","title":{"rendered":"LE CREUSET Plaque plate \u00e9toile 20 cm cerise"},"content":{"rendered":"<p>Notre assiette en forme d&#8217;\u00e9toile en gr\u00e8s vitrifi\u00e9 est le compl\u00e9ment id\u00e9al de votre f\u00eate. Con\u00e7ue pour servir une vari\u00e9t\u00e9 d&#8217;en-cas, cette assiette en forme d&#8217;\u00e9toile ajoute une touche de charme \u00e0 n&#8217;importe quelle table. Facile \u00e0 nettoyer, elle passe au lave-vaisselle et r\u00e9siste aux rayures et aux taches.<\/p>\n<ul>\n<li>Toujours \u00e0 la hauteur : notre gr\u00e8s vitrifi\u00e9 est r\u00e9sistant aux rayures et facile \u00e0 nettoyer.<\/li>\n<li>Structure parfaite : fabriqu\u00e9s en c\u00e9ramique de haute qualit\u00e9, nos produits en gr\u00e8s c\u00e9rame maintiennent une temp\u00e9rature uniforme et garantissent solidit\u00e9 et durabilit\u00e9.<\/li>\n<li>Adapt\u00e9 au chaud et au froid : notre gr\u00e8s vitrifi\u00e9 r\u00e9siste \u00e0 la chaleur de -23\u00b0C \u00e0 +260\u00b0C.<\/li>\n<li>Le meilleur de sa cat\u00e9gorie : nos produits sont fabriqu\u00e9s \u00e0 partir des mat\u00e9riaux les plus nobles dans des usines du monde entier pour garantir la qualit\u00e9 que vous attendez de Le Creuset.<\/li>\n<\/ul>\n<p>Mat\u00e9riau : Gr\u00e8s \u00e9maill\u00e9<br \/>\nFabriqu\u00e9 en : Tha\u00eflande<br \/>\nDurabilit\u00e9 : 10 ans<\/p>\n<p><strong>Source de chaleur :<\/strong><\/p>\n<ul>\n<li>Four<\/li>\n<li>Mode grill du four<\/li>\n<li>Micro-ondes<\/li>\n<\/ul>\n<p><strong>Nettoyage et entretien :<\/strong><\/p>\n<ul>\n<li>Attendez que le produit soit compl\u00e8tement refroidi avant de commencer \u00e0 le nettoyer.<\/li>\n<li>Enlevez tout r\u00e9sidu de la base et des bords de l&#8217;appareil. En cas de r\u00e9sidus alimentaires tenaces, remplissez le produit d&#8217;eau chaude savonneuse et laissez-le tremper pendant 15 \u00e0 20 minutes avant de le laver comme d&#8217;habitude.<\/li>\n<li>Lavez et s\u00e9chez \u00e0 la main. Ou mettez votre produit en gr\u00e8s vitrifi\u00e9 dans le lave-vaisselle pour un cycle complet.<\/li>\n<\/ul>\n","protected":false},"excerpt":{"rendered":"<p>Notre assiette en forme d&#8217;\u00e9toile en gr\u00e8s vitrifi\u00e9 est le compl\u00e9ment id\u00e9al de votre f\u00eate. Con\u00e7ue pour servir une vari\u00e9t\u00e9<\/p>\n","protected":false},"featured_media":447061,"template":"","meta":{"_acf_changed":false,"inline_featured_image":false},"product_cat":[12788,12782],"product_tag":[13169,12462,13170,19357],"acf":[],"yoast_head":"<!-- This site is optimized with the Yoast SEO Premium plugin v18.6 (Yoast SEO v19.13) - https:\/\/yoast.com\/wordpress\/plugins\/seo\/ -->\n<title>LE CREUSET Plaque plate \u00e9toile 20 cm cerise - Erresse Shop<\/title>\n<meta name=\"description\" content=\"Notre assiette en forme d&#039;\u00e9toile en gr\u00e8s vitrifi\u00e9 est le compl\u00e9ment id\u00e9al de votre f\u00eate. Con\u00e7ue pour servir une vari\u00e9t\u00e9 d&#039;en-cas, cette assiette en forme\" \/>\n<meta name=\"robots\" content=\"index, follow, max-snippet:-1, max-image-preview:large, max-video-preview:-1\" \/>\n<link rel=\"canonical\" href=\"https:\/\/www.erresse-shop.it\/fr\/shop\/table-fr-2\/plats\/le-creuset-assiette-holly-19-cm-cerise-copia-3\/\" \/>\n<meta property=\"og:locale\" content=\"fr_FR\" \/>\n<meta property=\"og:type\" content=\"article\" \/>\n<meta property=\"og:title\" content=\"LE CREUSET Plaque plate \u00e9toile 20 cm cerise\" \/>\n<meta property=\"og:description\" content=\"Notre assiette en forme d&#039;\u00e9toile en gr\u00e8s vitrifi\u00e9 est le compl\u00e9ment id\u00e9al de votre f\u00eate. Con\u00e7ue pour servir une vari\u00e9t\u00e9 d&#039;en-cas, cette assiette en forme\" \/>\n<meta property=\"og:url\" content=\"https:\/\/www.erresse-shop.it\/fr\/shop\/table-fr-2\/plats\/le-creuset-assiette-holly-19-cm-cerise-copia-3\/\" \/>\n<meta property=\"og:site_name\" content=\"Erresse Shop\" \/>\n<meta property=\"article:modified_time\" content=\"2024-11-14T11:22:17+00:00\" \/>\n<meta property=\"og:image\" content=\"https:\/\/www.erresse-shop.it\/wp-content\/uploads\/2024\/11\/LE-CREUSET-Piatto-Piano-Stella-20-cm-Ciliegia.jpg\" \/>\n\t<meta property=\"og:image:width\" content=\"1200\" \/>\n\t<meta property=\"og:image:height\" content=\"1200\" \/>\n\t<meta property=\"og:image:type\" content=\"image\/jpeg\" \/>\n<meta name=\"twitter:card\" content=\"summary_large_image\" \/>\n<script type=\"application\/ld+json\" class=\"yoast-schema-graph\">{\"@context\":\"https:\/\/schema.org\",\"@graph\":[{\"@type\":\"WebPage\",\"@id\":\"https:\/\/www.erresse-shop.it\/fr\/shop\/table-fr-2\/plats\/le-creuset-assiette-holly-19-cm-cerise-copia-3\/\",\"url\":\"https:\/\/www.erresse-shop.it\/fr\/shop\/table-fr-2\/plats\/le-creuset-assiette-holly-19-cm-cerise-copia-3\/\",\"name\":\"LE CREUSET Plaque plate \u00e9toile 20 cm cerise - Erresse Shop\",\"isPartOf\":{\"@id\":\"https:\/\/www.erresse-shop.it\/fr\/#website\"},\"datePublished\":\"2024-11-14T11:04:36+00:00\",\"dateModified\":\"2024-11-14T11:22:17+00:00\",\"description\":\"Notre assiette en forme d'\u00e9toile en gr\u00e8s vitrifi\u00e9 est le compl\u00e9ment id\u00e9al de votre f\u00eate. Con\u00e7ue pour servir une vari\u00e9t\u00e9 d'en-cas, cette assiette en forme\",\"breadcrumb\":{\"@id\":\"https:\/\/www.erresse-shop.it\/fr\/shop\/table-fr-2\/plats\/le-creuset-assiette-holly-19-cm-cerise-copia-3\/#breadcrumb\"},\"inLanguage\":\"fr-FR\",\"potentialAction\":[{\"@type\":\"ReadAction\",\"target\":[\"https:\/\/www.erresse-shop.it\/fr\/shop\/table-fr-2\/plats\/le-creuset-assiette-holly-19-cm-cerise-copia-3\/\"]}]},{\"@type\":\"BreadcrumbList\",\"@id\":\"https:\/\/www.erresse-shop.it\/fr\/shop\/table-fr-2\/plats\/le-creuset-assiette-holly-19-cm-cerise-copia-3\/#breadcrumb\",\"itemListElement\":[{\"@type\":\"ListItem\",\"position\":1,\"name\":\"Home\",\"item\":\"https:\/\/www.erresse-shop.it\/fr\/\"},{\"@type\":\"ListItem\",\"position\":2,\"name\":\"Shop\",\"item\":\"https:\/\/www.erresse-shop.it\/fr\/shop\/\"},{\"@type\":\"ListItem\",\"position\":3,\"name\":\"LE CREUSET Plaque plate \u00e9toile 20 cm cerise\"}]},{\"@type\":\"WebSite\",\"@id\":\"https:\/\/www.erresse-shop.it\/fr\/#website\",\"url\":\"https:\/\/www.erresse-shop.it\/fr\/\",\"name\":\"Erresse Shop\",\"description\":\"Articoli di qualit\u00e0 per la casa\",\"potentialAction\":[{\"@type\":\"SearchAction\",\"target\":{\"@type\":\"EntryPoint\",\"urlTemplate\":\"https:\/\/www.erresse-shop.it\/fr\/?s={search_term_string}\"},\"query-input\":\"required name=search_term_string\"}],\"inLanguage\":\"fr-FR\"}]}<\/script>\n<!-- \/ Yoast SEO Premium plugin. -->","yoast_head_json":{"title":"LE CREUSET Plaque plate \u00e9toile 20 cm cerise - Erresse Shop","description":"Notre assiette en forme d'\u00e9toile en gr\u00e8s vitrifi\u00e9 est le compl\u00e9ment id\u00e9al de votre f\u00eate. Con\u00e7ue pour servir une vari\u00e9t\u00e9 d'en-cas, cette assiette en forme","robots":{"index":"index","follow":"follow","max-snippet":"max-snippet:-1","max-image-preview":"max-image-preview:large","max-video-preview":"max-video-preview:-1"},"canonical":"https:\/\/www.erresse-shop.it\/fr\/shop\/table-fr-2\/plats\/le-creuset-assiette-holly-19-cm-cerise-copia-3\/","og_locale":"fr_FR","og_type":"article","og_title":"LE CREUSET Plaque plate \u00e9toile 20 cm cerise","og_description":"Notre assiette en forme d'\u00e9toile en gr\u00e8s vitrifi\u00e9 est le compl\u00e9ment id\u00e9al de votre f\u00eate. Con\u00e7ue pour servir une vari\u00e9t\u00e9 d'en-cas, cette assiette en forme","og_url":"https:\/\/www.erresse-shop.it\/fr\/shop\/table-fr-2\/plats\/le-creuset-assiette-holly-19-cm-cerise-copia-3\/","og_site_name":"Erresse Shop","article_modified_time":"2024-11-14T11:22:17+00:00","og_image":[{"width":1200,"height":1200,"url":"https:\/\/www.erresse-shop.it\/wp-content\/uploads\/2024\/11\/LE-CREUSET-Piatto-Piano-Stella-20-cm-Ciliegia.jpg","type":"image\/jpeg"}],"twitter_card":"summary_large_image","schema":{"@context":"https:\/\/schema.org","@graph":[{"@type":"WebPage","@id":"https:\/\/www.erresse-shop.it\/fr\/shop\/table-fr-2\/plats\/le-creuset-assiette-holly-19-cm-cerise-copia-3\/","url":"https:\/\/www.erresse-shop.it\/fr\/shop\/table-fr-2\/plats\/le-creuset-assiette-holly-19-cm-cerise-copia-3\/","name":"LE CREUSET Plaque plate \u00e9toile 20 cm cerise - Erresse Shop","isPartOf":{"@id":"https:\/\/www.erresse-shop.it\/fr\/#website"},"datePublished":"2024-11-14T11:04:36+00:00","dateModified":"2024-11-14T11:22:17+00:00","description":"Notre assiette en forme d'\u00e9toile en gr\u00e8s vitrifi\u00e9 est le compl\u00e9ment id\u00e9al de votre f\u00eate. Con\u00e7ue pour servir une vari\u00e9t\u00e9 d'en-cas, cette assiette en forme","breadcrumb":{"@id":"https:\/\/www.erresse-shop.it\/fr\/shop\/table-fr-2\/plats\/le-creuset-assiette-holly-19-cm-cerise-copia-3\/#breadcrumb"},"inLanguage":"fr-FR","potentialAction":[{"@type":"ReadAction","target":["https:\/\/www.erresse-shop.it\/fr\/shop\/table-fr-2\/plats\/le-creuset-assiette-holly-19-cm-cerise-copia-3\/"]}]},{"@type":"BreadcrumbList","@id":"https:\/\/www.erresse-shop.it\/fr\/shop\/table-fr-2\/plats\/le-creuset-assiette-holly-19-cm-cerise-copia-3\/#breadcrumb","itemListElement":[{"@type":"ListItem","position":1,"name":"Home","item":"https:\/\/www.erresse-shop.it\/fr\/"},{"@type":"ListItem","position":2,"name":"Shop","item":"https:\/\/www.erresse-shop.it\/fr\/shop\/"},{"@type":"ListItem","position":3,"name":"LE CREUSET Plaque plate \u00e9toile 20 cm cerise"}]},{"@type":"WebSite","@id":"https:\/\/www.erresse-shop.it\/fr\/#website","url":"https:\/\/www.erresse-shop.it\/fr\/","name":"Erresse Shop","description":"Articoli di qualit\u00e0 per la casa","potentialAction":[{"@type":"SearchAction","target":{"@type":"EntryPoint","urlTemplate":"https:\/\/www.erresse-shop.it\/fr\/?s={search_term_string}"},"query-input":"required name=search_term_string"}],"inLanguage":"fr-FR"}]}},"df_price":13.2,"df_sale_price":13.2,"df_regular_price":22,"df_image_link":"https:\/\/www.erresse-shop.it\/wp-content\/uploads\/2024\/11\/LE-CREUSET-Piatto-Piano-Stella-20-cm-Ciliegia-300x300.jpg","_links":{"self":[{"href":"https:\/\/www.erresse-shop.it\/fr\/wp-json\/wp\/v2\/product\/447037"}],"collection":[{"href":"https:\/\/www.erresse-shop.it\/fr\/wp-json\/wp\/v2\/product"}],"about":[{"href":"https:\/\/www.erresse-shop.it\/fr\/wp-json\/wp\/v2\/types\/product"}],"wp:featuredmedia":[{"embeddable":true,"href":"https:\/\/www.erresse-shop.it\/fr\/wp-json\/wp\/v2\/media\/447061"}],"wp:attachment":[{"href":"https:\/\/www.erresse-shop.it\/fr\/wp-json\/wp\/v2\/media?parent=447037"}],"wp:term":[{"taxonomy":"product_cat","embeddable":true,"href":"https:\/\/www.erresse-shop.it\/fr\/wp-json\/wp\/v2\/product_cat?post=447037"},{"taxonomy":"product_tag","embeddable":true,"href":"https:\/\/www.erresse-shop.it\/fr\/wp-json\/wp\/v2\/product_tag?post=447037"}],"curies":[{"name":"wp","href":"https:\/\/api.w.org\/{rel}","templated":true}]}}