{"id":446874,"date":"2024-11-14T09:51:15","date_gmt":"2024-11-14T09:51:17","guid":{"rendered":"https:\/\/www.erresse-shop.it\/?post_type=product&#038;p=446874"},"modified":"2024-11-14T10:22:11","modified_gmt":"2024-11-14T10:22:11","slug":"le-creuset-recipient-et-4-spatules-craft-azure-copia","status":"publish","type":"product","link":"https:\/\/www.erresse-shop.it\/fr\/shop\/cuisine\/outils\/le-creuset-recipient-et-4-spatules-craft-azure-copia\/","title":{"rendered":"LE CREUSET  R\u00e9cipient et 4 Spatules No\u00ebl Craft"},"content":{"rendered":"<p>Pr\u00e9sent\u00e9 dans un splendide coffret cadeau, cet ensemble en gr\u00e8s vitrifi\u00e9 vous permet d&#8217;optimiser les espaces en gardant vos outils organis\u00e9s et \u00e0 port\u00e9e de main. Il comprend quatre ustensiles en silicone, chacun d\u00e9cor\u00e9 d&#8217;un motif de No\u00ebl pour ajouter une touche de No\u00ebl \u00e0 votre cuisine.<\/p>\n<ul>\n<li>\n<p class=\"mb-3\">Toujours \u00e0 la hauteur\u00a0: notre gr\u00e8s vitrifi\u00e9 est r\u00e9sistant aux rayures et facile \u00e0 nettoyer.<\/p>\n<\/li>\n<li>\n<p class=\"mb-3\">Structure parfaite\u00a0: fabriqu\u00e9s \u00e0 partir de c\u00e9ramiques de haute qualit\u00e9, nos produits en gr\u00e8s vitrifi\u00e9 maintiennent des temp\u00e9ratures uniformes et garantissent r\u00e9sistance et durabilit\u00e9 dans le temps.<\/p>\n<\/li>\n<li>\n<p class=\"mb-3\">Convient aussi bien au chaud qu&#8217;au froid : notre gr\u00e8s vitrifi\u00e9 r\u00e9siste \u00e0 la chaleur de -23 \u00b0C \u00e0 +260 \u00b0C.<\/p>\n<\/li>\n<li>\n<p class=\"mb-3\">Adapt\u00e9s aux temp\u00e9ratures \u00e9lev\u00e9es\u00a0: nos ustensiles en silicone r\u00e9sistent \u00e0 la chaleur jusqu&#8217;\u00e0 250 \u00b0C.<\/p>\n<\/li>\n<li>\n<p class=\"mb-3\">Le meilleur de sa cat\u00e9gorie\u00a0: nos produits sont fabriqu\u00e9s avec les meilleurs mat\u00e9riaux dans des usines situ\u00e9es \u00e0 travers le monde pour garantir la qualit\u00e9 que vous attendez de Le Creuset.<\/p>\n<\/li>\n<\/ul>\n<p>Mat\u00e9riau : Gr\u00e8s vitrifi\u00e9<\/p>\n<div class=\"col-12 d-flex p-0 pt-1-2 border-image-top-2\">\n<div class=\"col-4 p-0 t-style-2 t-lyon\">Fabriqu\u00e9 en : Chine<\/div>\n<\/div>\n<div class=\"col-12 d-flex p-0 pt-1-2 border-image-top-2\">\n<div>\n<p><strong>Source de chaleur\u00a0:<\/strong><\/p>\n<ul>\n<li>Micro-ondes<\/li>\n<li>Four en mode grill<\/li>\n<li>Four<\/li>\n<\/ul>\n<\/div>\n<\/div>\n","protected":false},"excerpt":{"rendered":"<p>Pr\u00e9sent\u00e9 dans un splendide coffret cadeau, cet ensemble en gr\u00e8s vitrifi\u00e9 vous permet d&#8217;optimiser les espaces en gardant vos outils<\/p>\n","protected":false},"featured_media":446941,"template":"","meta":{"_acf_changed":false,"inline_featured_image":false},"product_cat":[12748,25333],"product_tag":[13636,12462,18366],"acf":[],"yoast_head":"<!-- This site is optimized with the Yoast SEO Premium plugin v18.6 (Yoast SEO v19.13) - https:\/\/yoast.com\/wordpress\/plugins\/seo\/ -->\n<title>LE CREUSET R\u00e9cipient et 4 Spatules No\u00ebl Craft - Erresse Shop<\/title>\n<meta name=\"description\" content=\"Pr\u00e9sent\u00e9 dans un splendide coffret cadeau, cet ensemble en gr\u00e8s vitrifi\u00e9 vous permet d&#039;optimiser les espaces en gardant vos outils organis\u00e9s et \u00e0 port\u00e9e\" \/>\n<meta name=\"robots\" content=\"index, follow, max-snippet:-1, max-image-preview:large, max-video-preview:-1\" \/>\n<link rel=\"canonical\" href=\"https:\/\/www.erresse-shop.it\/fr\/shop\/cuisine\/outils\/le-creuset-recipient-et-4-spatules-craft-azure-copia\/\" \/>\n<meta property=\"og:locale\" content=\"fr_FR\" \/>\n<meta property=\"og:type\" content=\"article\" \/>\n<meta property=\"og:title\" content=\"LE CREUSET R\u00e9cipient et 4 Spatules No\u00ebl Craft\" \/>\n<meta property=\"og:description\" content=\"Pr\u00e9sent\u00e9 dans un splendide coffret cadeau, cet ensemble en gr\u00e8s vitrifi\u00e9 vous permet d&#039;optimiser les espaces en gardant vos outils organis\u00e9s et \u00e0 port\u00e9e\" \/>\n<meta property=\"og:url\" content=\"https:\/\/www.erresse-shop.it\/fr\/shop\/cuisine\/outils\/le-creuset-recipient-et-4-spatules-craft-azure-copia\/\" \/>\n<meta property=\"og:site_name\" content=\"Erresse Shop\" \/>\n<meta property=\"article:modified_time\" content=\"2024-11-14T10:22:11+00:00\" \/>\n<meta property=\"og:image\" content=\"https:\/\/www.erresse-shop.it\/wp-content\/uploads\/2024\/11\/LE-CREUSET-Contenitore-e-4-spatole-Natale-Craft.jpg\" \/>\n\t<meta property=\"og:image:width\" content=\"1200\" \/>\n\t<meta property=\"og:image:height\" content=\"1200\" \/>\n\t<meta property=\"og:image:type\" content=\"image\/jpeg\" \/>\n<meta name=\"twitter:card\" content=\"summary_large_image\" \/>\n<script type=\"application\/ld+json\" class=\"yoast-schema-graph\">{\"@context\":\"https:\/\/schema.org\",\"@graph\":[{\"@type\":\"WebPage\",\"@id\":\"https:\/\/www.erresse-shop.it\/fr\/shop\/cuisine\/outils\/le-creuset-recipient-et-4-spatules-craft-azure-copia\/\",\"url\":\"https:\/\/www.erresse-shop.it\/fr\/shop\/cuisine\/outils\/le-creuset-recipient-et-4-spatules-craft-azure-copia\/\",\"name\":\"LE CREUSET R\u00e9cipient et 4 Spatules No\u00ebl Craft - Erresse Shop\",\"isPartOf\":{\"@id\":\"https:\/\/www.erresse-shop.it\/fr\/#website\"},\"datePublished\":\"2024-11-14T09:51:17+00:00\",\"dateModified\":\"2024-11-14T10:22:11+00:00\",\"description\":\"Pr\u00e9sent\u00e9 dans un splendide coffret cadeau, cet ensemble en gr\u00e8s vitrifi\u00e9 vous permet d'optimiser les espaces en gardant vos outils organis\u00e9s et \u00e0 port\u00e9e\",\"breadcrumb\":{\"@id\":\"https:\/\/www.erresse-shop.it\/fr\/shop\/cuisine\/outils\/le-creuset-recipient-et-4-spatules-craft-azure-copia\/#breadcrumb\"},\"inLanguage\":\"fr-FR\",\"potentialAction\":[{\"@type\":\"ReadAction\",\"target\":[\"https:\/\/www.erresse-shop.it\/fr\/shop\/cuisine\/outils\/le-creuset-recipient-et-4-spatules-craft-azure-copia\/\"]}]},{\"@type\":\"BreadcrumbList\",\"@id\":\"https:\/\/www.erresse-shop.it\/fr\/shop\/cuisine\/outils\/le-creuset-recipient-et-4-spatules-craft-azure-copia\/#breadcrumb\",\"itemListElement\":[{\"@type\":\"ListItem\",\"position\":1,\"name\":\"Home\",\"item\":\"https:\/\/www.erresse-shop.it\/fr\/\"},{\"@type\":\"ListItem\",\"position\":2,\"name\":\"Shop\",\"item\":\"https:\/\/www.erresse-shop.it\/fr\/shop\/\"},{\"@type\":\"ListItem\",\"position\":3,\"name\":\"LE CREUSET R\u00e9cipient et 4 Spatules No\u00ebl Craft\"}]},{\"@type\":\"WebSite\",\"@id\":\"https:\/\/www.erresse-shop.it\/fr\/#website\",\"url\":\"https:\/\/www.erresse-shop.it\/fr\/\",\"name\":\"Erresse Shop\",\"description\":\"Articoli di qualit\u00e0 per la casa\",\"potentialAction\":[{\"@type\":\"SearchAction\",\"target\":{\"@type\":\"EntryPoint\",\"urlTemplate\":\"https:\/\/www.erresse-shop.it\/fr\/?s={search_term_string}\"},\"query-input\":\"required name=search_term_string\"}],\"inLanguage\":\"fr-FR\"}]}<\/script>\n<!-- \/ Yoast SEO Premium plugin. -->","yoast_head_json":{"title":"LE CREUSET R\u00e9cipient et 4 Spatules No\u00ebl Craft - Erresse Shop","description":"Pr\u00e9sent\u00e9 dans un splendide coffret cadeau, cet ensemble en gr\u00e8s vitrifi\u00e9 vous permet d'optimiser les espaces en gardant vos outils organis\u00e9s et \u00e0 port\u00e9e","robots":{"index":"index","follow":"follow","max-snippet":"max-snippet:-1","max-image-preview":"max-image-preview:large","max-video-preview":"max-video-preview:-1"},"canonical":"https:\/\/www.erresse-shop.it\/fr\/shop\/cuisine\/outils\/le-creuset-recipient-et-4-spatules-craft-azure-copia\/","og_locale":"fr_FR","og_type":"article","og_title":"LE CREUSET R\u00e9cipient et 4 Spatules No\u00ebl Craft","og_description":"Pr\u00e9sent\u00e9 dans un splendide coffret cadeau, cet ensemble en gr\u00e8s vitrifi\u00e9 vous permet d'optimiser les espaces en gardant vos outils organis\u00e9s et \u00e0 port\u00e9e","og_url":"https:\/\/www.erresse-shop.it\/fr\/shop\/cuisine\/outils\/le-creuset-recipient-et-4-spatules-craft-azure-copia\/","og_site_name":"Erresse Shop","article_modified_time":"2024-11-14T10:22:11+00:00","og_image":[{"width":1200,"height":1200,"url":"https:\/\/www.erresse-shop.it\/wp-content\/uploads\/2024\/11\/LE-CREUSET-Contenitore-e-4-spatole-Natale-Craft.jpg","type":"image\/jpeg"}],"twitter_card":"summary_large_image","schema":{"@context":"https:\/\/schema.org","@graph":[{"@type":"WebPage","@id":"https:\/\/www.erresse-shop.it\/fr\/shop\/cuisine\/outils\/le-creuset-recipient-et-4-spatules-craft-azure-copia\/","url":"https:\/\/www.erresse-shop.it\/fr\/shop\/cuisine\/outils\/le-creuset-recipient-et-4-spatules-craft-azure-copia\/","name":"LE CREUSET R\u00e9cipient et 4 Spatules No\u00ebl Craft - Erresse Shop","isPartOf":{"@id":"https:\/\/www.erresse-shop.it\/fr\/#website"},"datePublished":"2024-11-14T09:51:17+00:00","dateModified":"2024-11-14T10:22:11+00:00","description":"Pr\u00e9sent\u00e9 dans un splendide coffret cadeau, cet ensemble en gr\u00e8s vitrifi\u00e9 vous permet d'optimiser les espaces en gardant vos outils organis\u00e9s et \u00e0 port\u00e9e","breadcrumb":{"@id":"https:\/\/www.erresse-shop.it\/fr\/shop\/cuisine\/outils\/le-creuset-recipient-et-4-spatules-craft-azure-copia\/#breadcrumb"},"inLanguage":"fr-FR","potentialAction":[{"@type":"ReadAction","target":["https:\/\/www.erresse-shop.it\/fr\/shop\/cuisine\/outils\/le-creuset-recipient-et-4-spatules-craft-azure-copia\/"]}]},{"@type":"BreadcrumbList","@id":"https:\/\/www.erresse-shop.it\/fr\/shop\/cuisine\/outils\/le-creuset-recipient-et-4-spatules-craft-azure-copia\/#breadcrumb","itemListElement":[{"@type":"ListItem","position":1,"name":"Home","item":"https:\/\/www.erresse-shop.it\/fr\/"},{"@type":"ListItem","position":2,"name":"Shop","item":"https:\/\/www.erresse-shop.it\/fr\/shop\/"},{"@type":"ListItem","position":3,"name":"LE CREUSET R\u00e9cipient et 4 Spatules No\u00ebl Craft"}]},{"@type":"WebSite","@id":"https:\/\/www.erresse-shop.it\/fr\/#website","url":"https:\/\/www.erresse-shop.it\/fr\/","name":"Erresse Shop","description":"Articoli di qualit\u00e0 per la casa","potentialAction":[{"@type":"SearchAction","target":{"@type":"EntryPoint","urlTemplate":"https:\/\/www.erresse-shop.it\/fr\/?s={search_term_string}"},"query-input":"required name=search_term_string"}],"inLanguage":"fr-FR"}]}},"df_price":69.95,"df_sale_price":69.95,"df_regular_price":110,"df_image_link":"https:\/\/www.erresse-shop.it\/wp-content\/uploads\/2024\/11\/LE-CREUSET-Contenitore-e-4-spatole-Natale-Craft-300x300.jpg","_links":{"self":[{"href":"https:\/\/www.erresse-shop.it\/fr\/wp-json\/wp\/v2\/product\/446874"}],"collection":[{"href":"https:\/\/www.erresse-shop.it\/fr\/wp-json\/wp\/v2\/product"}],"about":[{"href":"https:\/\/www.erresse-shop.it\/fr\/wp-json\/wp\/v2\/types\/product"}],"wp:featuredmedia":[{"embeddable":true,"href":"https:\/\/www.erresse-shop.it\/fr\/wp-json\/wp\/v2\/media\/446941"}],"wp:attachment":[{"href":"https:\/\/www.erresse-shop.it\/fr\/wp-json\/wp\/v2\/media?parent=446874"}],"wp:term":[{"taxonomy":"product_cat","embeddable":true,"href":"https:\/\/www.erresse-shop.it\/fr\/wp-json\/wp\/v2\/product_cat?post=446874"},{"taxonomy":"product_tag","embeddable":true,"href":"https:\/\/www.erresse-shop.it\/fr\/wp-json\/wp\/v2\/product_tag?post=446874"}],"curies":[{"name":"wp","href":"https:\/\/api.w.org\/{rel}","templated":true}]}}