{"id":446589,"date":"2024-11-13T15:32:36","date_gmt":"2024-11-13T15:32:37","guid":{"rendered":"https:\/\/www.erresse-shop.it\/?post_type=product&#038;p=446589"},"modified":"2024-11-14T07:38:15","modified_gmt":"2024-11-14T07:38:15","slug":"le-creuset-tasse-a-cappuccino-london-350-ml-vert-artichaut-copia","status":"publish","type":"product","link":"https:\/\/www.erresse-shop.it\/fr\/shop\/table-fr-2\/tasses\/le-creuset-tasse-a-cappuccino-london-350-ml-vert-artichaut-copia\/","title":{"rendered":"LE CREUSET Mug London 350 ml P\u00e8re No\u00ebl"},"content":{"rendered":"<p>D\u00e9cor\u00e9e d&#8217;un motif de P\u00e8re No\u00ebl en applique en feuille d&#8217;or, cette tasse emball\u00e9e individuellement constitue un cadeau de vacances parfait. C&#8217;est la taille id\u00e9ale pour servir des boissons chaudes et accueillir vos invit\u00e9s.<\/p>\n<p style=\"text-align: justifier;\"><strong>D\u00e9tails du produit\u00a0:<\/strong><\/p>\n<ul>\n<li>\n<p class=\"mb-3\">Toujours \u00e0 la hauteur\u00a0: notre gr\u00e8s vitrifi\u00e9 est r\u00e9sistant aux rayures et facile \u00e0 nettoyer.<\/p>\n<\/li>\n<li>\n<p class=\"mb-3\">Structure parfaite\u00a0: fabriqu\u00e9s \u00e0 partir de c\u00e9ramiques de haute qualit\u00e9, nos produits en gr\u00e8s vitrifi\u00e9 maintiennent des temp\u00e9ratures uniformes et garantissent r\u00e9sistance et durabilit\u00e9 dans le temps.<\/p>\n<\/li>\n<li>\n<p class=\"mb-3\">Convient aussi bien au chaud qu&#8217;au froid : notre gr\u00e8s vitrifi\u00e9 r\u00e9siste \u00e0 la chaleur de -23\u00b0C \u00e0 +260\u00b0C.<\/p>\n<\/li>\n<li>\n<p class=\"mb-3\">Le meilleur de sa cat\u00e9gorie\u00a0: nos produits sont fabriqu\u00e9s avec les meilleurs mat\u00e9riaux dans des usines situ\u00e9es \u00e0 travers le monde pour garantir la qualit\u00e9 que vous attendez de Le Creuset.<\/p>\n<\/li>\n<\/ul>\n<p class=\"mb-3\">Mat\u00e9riau\u00a0: Gr\u00e8s vitrifi\u00e9<\/p>\n<p>Fabriqu\u00e9 en : Tha\u00eflande<br \/>\nGarantie : 10 ans<\/p>\n<p>Capacit\u00e9 : 0,35L<\/p>\n<p><strong>Source de chaleur\u00a0:<\/strong><\/p>\n<ul>\n<li>Four<\/li>\n<li>Four en mode grill<\/li>\n<\/ul>\n<p><strong>Nettoyage et entretien\u00a0:<\/strong><\/p>\n<ul>\n<li class=\"mb-3\">Attendez que le produit refroidisse compl\u00e8tement avant de commencer \u00e0 le nettoyer.<\/li>\n<li class=\"mb-3\">Enlevez tout r\u00e9sidu de la base et des bords du produit. Pour les r\u00e9sidus alimentaires tenaces, remplissez le produit avec de l&#8217;eau ti\u00e8de savonneuse et laissez tremper pendant 15 \u00e0 20 minutes avant de le laver comme d&#8217;habitude.<\/li>\n<\/ul>\n","protected":false},"excerpt":{"rendered":"<p>D\u00e9cor\u00e9e d&#8217;un motif de P\u00e8re No\u00ebl en applique en feuille d&#8217;or, cette tasse emball\u00e9e individuellement constitue un cadeau de vacances<\/p>\n","protected":false},"featured_media":446619,"template":"","meta":{"_acf_changed":false,"inline_featured_image":false},"product_cat":[12782,12791],"product_tag":[12462,14276,15712,16572],"acf":[],"yoast_head":"<!-- This site is optimized with the Yoast SEO Premium plugin v18.6 (Yoast SEO v19.13) - https:\/\/yoast.com\/wordpress\/plugins\/seo\/ -->\n<title>LE CREUSET Mug London 350 ml P\u00e8re No\u00ebl - Erresse Shop<\/title>\n<meta name=\"description\" content=\"D\u00e9cor\u00e9e d&#039;un motif de P\u00e8re No\u00ebl en applique en feuille d&#039;or, cette tasse emball\u00e9e individuellement constitue un cadeau de vacances parfait. C&#039;est la\" \/>\n<meta name=\"robots\" content=\"index, follow, max-snippet:-1, max-image-preview:large, max-video-preview:-1\" \/>\n<link rel=\"canonical\" href=\"https:\/\/www.erresse-shop.it\/fr\/shop\/table-fr-2\/tasses\/le-creuset-tasse-a-cappuccino-london-350-ml-vert-artichaut-copia\/\" \/>\n<meta property=\"og:locale\" content=\"fr_FR\" \/>\n<meta property=\"og:type\" content=\"article\" \/>\n<meta property=\"og:title\" content=\"LE CREUSET Mug London 350 ml P\u00e8re No\u00ebl\" \/>\n<meta property=\"og:description\" content=\"D\u00e9cor\u00e9e d&#039;un motif de P\u00e8re No\u00ebl en applique en feuille d&#039;or, cette tasse emball\u00e9e individuellement constitue un cadeau de vacances parfait. C&#039;est la\" \/>\n<meta property=\"og:url\" content=\"https:\/\/www.erresse-shop.it\/fr\/shop\/table-fr-2\/tasses\/le-creuset-tasse-a-cappuccino-london-350-ml-vert-artichaut-copia\/\" \/>\n<meta property=\"og:site_name\" content=\"Erresse Shop\" \/>\n<meta property=\"article:modified_time\" content=\"2024-11-14T07:38:15+00:00\" \/>\n<meta property=\"og:image\" content=\"https:\/\/www.erresse-shop.it\/wp-content\/uploads\/2024\/11\/LE-CREUSET-Tazza-Mug-London-350-ml-Babbo-Natale.jpg\" \/>\n\t<meta property=\"og:image:width\" content=\"1200\" \/>\n\t<meta property=\"og:image:height\" content=\"1200\" \/>\n\t<meta property=\"og:image:type\" content=\"image\/jpeg\" \/>\n<meta name=\"twitter:card\" content=\"summary_large_image\" \/>\n<script type=\"application\/ld+json\" class=\"yoast-schema-graph\">{\"@context\":\"https:\/\/schema.org\",\"@graph\":[{\"@type\":\"WebPage\",\"@id\":\"https:\/\/www.erresse-shop.it\/fr\/shop\/table-fr-2\/tasses\/le-creuset-tasse-a-cappuccino-london-350-ml-vert-artichaut-copia\/\",\"url\":\"https:\/\/www.erresse-shop.it\/fr\/shop\/table-fr-2\/tasses\/le-creuset-tasse-a-cappuccino-london-350-ml-vert-artichaut-copia\/\",\"name\":\"LE CREUSET Mug London 350 ml P\u00e8re No\u00ebl - Erresse Shop\",\"isPartOf\":{\"@id\":\"https:\/\/www.erresse-shop.it\/fr\/#website\"},\"datePublished\":\"2024-11-13T15:32:37+00:00\",\"dateModified\":\"2024-11-14T07:38:15+00:00\",\"description\":\"D\u00e9cor\u00e9e d'un motif de P\u00e8re No\u00ebl en applique en feuille d'or, cette tasse emball\u00e9e individuellement constitue un cadeau de vacances parfait. C'est la\",\"breadcrumb\":{\"@id\":\"https:\/\/www.erresse-shop.it\/fr\/shop\/table-fr-2\/tasses\/le-creuset-tasse-a-cappuccino-london-350-ml-vert-artichaut-copia\/#breadcrumb\"},\"inLanguage\":\"fr-FR\",\"potentialAction\":[{\"@type\":\"ReadAction\",\"target\":[\"https:\/\/www.erresse-shop.it\/fr\/shop\/table-fr-2\/tasses\/le-creuset-tasse-a-cappuccino-london-350-ml-vert-artichaut-copia\/\"]}]},{\"@type\":\"BreadcrumbList\",\"@id\":\"https:\/\/www.erresse-shop.it\/fr\/shop\/table-fr-2\/tasses\/le-creuset-tasse-a-cappuccino-london-350-ml-vert-artichaut-copia\/#breadcrumb\",\"itemListElement\":[{\"@type\":\"ListItem\",\"position\":1,\"name\":\"Home\",\"item\":\"https:\/\/www.erresse-shop.it\/fr\/\"},{\"@type\":\"ListItem\",\"position\":2,\"name\":\"Shop\",\"item\":\"https:\/\/www.erresse-shop.it\/fr\/shop\/\"},{\"@type\":\"ListItem\",\"position\":3,\"name\":\"LE CREUSET Mug London 350 ml P\u00e8re No\u00ebl\"}]},{\"@type\":\"WebSite\",\"@id\":\"https:\/\/www.erresse-shop.it\/fr\/#website\",\"url\":\"https:\/\/www.erresse-shop.it\/fr\/\",\"name\":\"Erresse Shop\",\"description\":\"Articoli di qualit\u00e0 per la casa\",\"potentialAction\":[{\"@type\":\"SearchAction\",\"target\":{\"@type\":\"EntryPoint\",\"urlTemplate\":\"https:\/\/www.erresse-shop.it\/fr\/?s={search_term_string}\"},\"query-input\":\"required name=search_term_string\"}],\"inLanguage\":\"fr-FR\"}]}<\/script>\n<!-- \/ Yoast SEO Premium plugin. -->","yoast_head_json":{"title":"LE CREUSET Mug London 350 ml P\u00e8re No\u00ebl - Erresse Shop","description":"D\u00e9cor\u00e9e d'un motif de P\u00e8re No\u00ebl en applique en feuille d'or, cette tasse emball\u00e9e individuellement constitue un cadeau de vacances parfait. C'est la","robots":{"index":"index","follow":"follow","max-snippet":"max-snippet:-1","max-image-preview":"max-image-preview:large","max-video-preview":"max-video-preview:-1"},"canonical":"https:\/\/www.erresse-shop.it\/fr\/shop\/table-fr-2\/tasses\/le-creuset-tasse-a-cappuccino-london-350-ml-vert-artichaut-copia\/","og_locale":"fr_FR","og_type":"article","og_title":"LE CREUSET Mug London 350 ml P\u00e8re No\u00ebl","og_description":"D\u00e9cor\u00e9e d'un motif de P\u00e8re No\u00ebl en applique en feuille d'or, cette tasse emball\u00e9e individuellement constitue un cadeau de vacances parfait. C'est la","og_url":"https:\/\/www.erresse-shop.it\/fr\/shop\/table-fr-2\/tasses\/le-creuset-tasse-a-cappuccino-london-350-ml-vert-artichaut-copia\/","og_site_name":"Erresse Shop","article_modified_time":"2024-11-14T07:38:15+00:00","og_image":[{"width":1200,"height":1200,"url":"https:\/\/www.erresse-shop.it\/wp-content\/uploads\/2024\/11\/LE-CREUSET-Tazza-Mug-London-350-ml-Babbo-Natale.jpg","type":"image\/jpeg"}],"twitter_card":"summary_large_image","schema":{"@context":"https:\/\/schema.org","@graph":[{"@type":"WebPage","@id":"https:\/\/www.erresse-shop.it\/fr\/shop\/table-fr-2\/tasses\/le-creuset-tasse-a-cappuccino-london-350-ml-vert-artichaut-copia\/","url":"https:\/\/www.erresse-shop.it\/fr\/shop\/table-fr-2\/tasses\/le-creuset-tasse-a-cappuccino-london-350-ml-vert-artichaut-copia\/","name":"LE CREUSET Mug London 350 ml P\u00e8re No\u00ebl - Erresse Shop","isPartOf":{"@id":"https:\/\/www.erresse-shop.it\/fr\/#website"},"datePublished":"2024-11-13T15:32:37+00:00","dateModified":"2024-11-14T07:38:15+00:00","description":"D\u00e9cor\u00e9e d'un motif de P\u00e8re No\u00ebl en applique en feuille d'or, cette tasse emball\u00e9e individuellement constitue un cadeau de vacances parfait. C'est la","breadcrumb":{"@id":"https:\/\/www.erresse-shop.it\/fr\/shop\/table-fr-2\/tasses\/le-creuset-tasse-a-cappuccino-london-350-ml-vert-artichaut-copia\/#breadcrumb"},"inLanguage":"fr-FR","potentialAction":[{"@type":"ReadAction","target":["https:\/\/www.erresse-shop.it\/fr\/shop\/table-fr-2\/tasses\/le-creuset-tasse-a-cappuccino-london-350-ml-vert-artichaut-copia\/"]}]},{"@type":"BreadcrumbList","@id":"https:\/\/www.erresse-shop.it\/fr\/shop\/table-fr-2\/tasses\/le-creuset-tasse-a-cappuccino-london-350-ml-vert-artichaut-copia\/#breadcrumb","itemListElement":[{"@type":"ListItem","position":1,"name":"Home","item":"https:\/\/www.erresse-shop.it\/fr\/"},{"@type":"ListItem","position":2,"name":"Shop","item":"https:\/\/www.erresse-shop.it\/fr\/shop\/"},{"@type":"ListItem","position":3,"name":"LE CREUSET Mug London 350 ml P\u00e8re No\u00ebl"}]},{"@type":"WebSite","@id":"https:\/\/www.erresse-shop.it\/fr\/#website","url":"https:\/\/www.erresse-shop.it\/fr\/","name":"Erresse Shop","description":"Articoli di qualit\u00e0 per la casa","potentialAction":[{"@type":"SearchAction","target":{"@type":"EntryPoint","urlTemplate":"https:\/\/www.erresse-shop.it\/fr\/?s={search_term_string}"},"query-input":"required name=search_term_string"}],"inLanguage":"fr-FR"}]}},"df_price":16.2,"df_sale_price":16.2,"df_regular_price":27,"df_image_link":"https:\/\/www.erresse-shop.it\/wp-content\/uploads\/2024\/11\/LE-CREUSET-Tazza-Mug-London-350-ml-Babbo-Natale-300x300.jpg","_links":{"self":[{"href":"https:\/\/www.erresse-shop.it\/fr\/wp-json\/wp\/v2\/product\/446589"}],"collection":[{"href":"https:\/\/www.erresse-shop.it\/fr\/wp-json\/wp\/v2\/product"}],"about":[{"href":"https:\/\/www.erresse-shop.it\/fr\/wp-json\/wp\/v2\/types\/product"}],"wp:featuredmedia":[{"embeddable":true,"href":"https:\/\/www.erresse-shop.it\/fr\/wp-json\/wp\/v2\/media\/446619"}],"wp:attachment":[{"href":"https:\/\/www.erresse-shop.it\/fr\/wp-json\/wp\/v2\/media?parent=446589"}],"wp:term":[{"taxonomy":"product_cat","embeddable":true,"href":"https:\/\/www.erresse-shop.it\/fr\/wp-json\/wp\/v2\/product_cat?post=446589"},{"taxonomy":"product_tag","embeddable":true,"href":"https:\/\/www.erresse-shop.it\/fr\/wp-json\/wp\/v2\/product_tag?post=446589"}],"curies":[{"name":"wp","href":"https:\/\/api.w.org\/{rel}","templated":true}]}}