{"id":445927,"date":"2024-11-12T13:59:08","date_gmt":"2024-11-12T13:59:08","guid":{"rendered":"https:\/\/www.erresse-shop.it\/?post_type=product&#038;p=445927"},"modified":"2024-12-01T20:33:05","modified_gmt":"2024-12-01T20:33:05","slug":"le-creuset-cocotte-haute-evolution-en-fonte-emaillee-24-cm-rhone-copia","status":"publish","type":"product","link":"https:\/\/www.erresse-shop.it\/fr\/shop\/poeles-pots\/marmites-et-cocottes-poeles-pots\/le-creuset-cocotte-haute-evolution-en-fonte-emaillee-24-cm-rhone-copia\/","title":{"rendered":"LE CREUSET Mini Cocotte Holly 10 cm Artichaut Vert"},"content":{"rendered":"<p>Fonctionnelle et d\u00e9corative, cette Mini Cocotte Holly en \u00e9dition limit\u00e9e est la cerise sur le g\u00e2teau de votre table le jour de No\u00ebl. Il a \u00e9galement la taille parfaite pour des portions individuelles d&#8217;entr\u00e9es ou de desserts.<\/p>\n<p style=\"text-align: justifier;\"><strong>D\u00e9tails du produit\u00a0:<\/strong><\/p>\n<ul>\n<li>\n<p class=\"mb-3\">Toujours \u00e0 la hauteur\u00a0: notre gr\u00e8s vitrifi\u00e9 est r\u00e9sistant aux rayures et facile \u00e0 nettoyer.<\/p>\n<\/li>\n<li>\n<p class=\"mb-3\">Excellence artisanale\u00a0: fabriqu\u00e9s en gr\u00e8s de haute qualit\u00e9, nos produits en gr\u00e8s vitrifi\u00e9 maintiennent des temp\u00e9ratures uniformes et garantissent r\u00e9sistance et durabilit\u00e9 dans le temps.<\/p>\n<\/li>\n<li>\n<p class=\"mb-3\">Convient aussi bien au chaud qu&#8217;au froid : notre gr\u00e8s vitrifi\u00e9 r\u00e9siste \u00e0 la chaleur de -23\u00b0C \u00e0 +260\u00b0C.<\/p>\n<\/li>\n<li>\n<p class=\"mb-3\">Le meilleur de sa cat\u00e9gorie\u00a0: nos produits sont fabriqu\u00e9s avec les meilleurs mat\u00e9riaux pour garantir la plus haute qualit\u00e9.<\/p>\n<\/li>\n<\/ul>\n<p>Mat\u00e9riau : Gr\u00e8s vitrifi\u00e9<br \/>\nFabriqu\u00e9 en : Tha\u00eflande<br \/>\nGarantie : 10 ans<\/p>\n<p>Capacit\u00e9 : 0,25L<\/p>\n<p><strong>Source de chaleur\u00a0:<\/strong><\/p>\n<ul>\n<li>Four<\/li>\n<li>Four en mode grill<\/li>\n<\/ul>\n<p><strong>Nettoyage et entretien\u00a0:<\/strong><\/p>\n<ul>\n<li>\n<p class=\"mb-3\">Attendez que le produit refroidisse compl\u00e8tement avant de commencer \u00e0 le nettoyer.<\/p>\n<p class=\"mb-3\">\n<\/li>\n<li>\n<p class=\"mb-3\">Enlevez tout r\u00e9sidu de la base et des bords du produit. Pour les r\u00e9sidus alimentaires tenaces, remplissez le produit avec de l&#8217;eau ti\u00e8de savonneuse et laissez-le tremper pendant 15 \u00e0 20 minutes avant de le laver.<\/p>\n<p class=\"mb-3\">\n<\/li>\n<li>\n<p class=\"mb-3\">Lavez et s\u00e9chez \u00e0 la main, ou placez votre produit en gr\u00e8s vitrifi\u00e9 au lave-vaisselle pendant un cycle complet.<\/p>\n<\/li>\n<\/ul>\n","protected":false},"excerpt":{"rendered":"<p>Fonctionnelle et d\u00e9corative, cette Mini Cocotte Holly en \u00e9dition limit\u00e9e est la cerise sur le g\u00e2teau de votre table le<\/p>\n","protected":false},"featured_media":445957,"template":"","meta":{"_acf_changed":false,"inline_featured_image":false},"product_cat":[12458,14792],"product_tag":[14826,12460,12461,12465,12466,12462,12468,12469,24391],"acf":[],"yoast_head":"<!-- This site is optimized with the Yoast SEO Premium plugin v18.6 (Yoast SEO v19.13) - https:\/\/yoast.com\/wordpress\/plugins\/seo\/ -->\n<title>LE CREUSET Mini Cocotte Holly 10 cm Artichaut Vert - Erresse Shop<\/title>\n<meta name=\"description\" content=\"Fonctionnelle et d\u00e9corative, cette Mini Cocotte Holly en \u00e9dition limit\u00e9e est la cerise sur le g\u00e2teau de votre table le jour de No\u00ebl. Il a \u00e9galement la\" \/>\n<meta name=\"robots\" content=\"index, follow, max-snippet:-1, max-image-preview:large, max-video-preview:-1\" \/>\n<link rel=\"canonical\" href=\"https:\/\/www.erresse-shop.it\/fr\/shop\/poeles-pots\/marmites-et-cocottes-poeles-pots\/le-creuset-cocotte-haute-evolution-en-fonte-emaillee-24-cm-rhone-copia\/\" \/>\n<meta property=\"og:locale\" content=\"fr_FR\" \/>\n<meta property=\"og:type\" content=\"article\" \/>\n<meta property=\"og:title\" content=\"LE CREUSET Mini Cocotte Holly 10 cm Artichaut Vert\" \/>\n<meta property=\"og:description\" content=\"Fonctionnelle et d\u00e9corative, cette Mini Cocotte Holly en \u00e9dition limit\u00e9e est la cerise sur le g\u00e2teau de votre table le jour de No\u00ebl. Il a \u00e9galement la\" \/>\n<meta property=\"og:url\" content=\"https:\/\/www.erresse-shop.it\/fr\/shop\/poeles-pots\/marmites-et-cocottes-poeles-pots\/le-creuset-cocotte-haute-evolution-en-fonte-emaillee-24-cm-rhone-copia\/\" \/>\n<meta property=\"og:site_name\" content=\"Erresse Shop\" \/>\n<meta property=\"article:modified_time\" content=\"2024-12-01T20:33:05+00:00\" \/>\n<meta property=\"og:image\" content=\"https:\/\/www.erresse-shop.it\/wp-content\/uploads\/2024\/11\/LE-CREUSET-Mini-Cocotte-Verde-Carciofo.jpg\" \/>\n\t<meta property=\"og:image:width\" content=\"1200\" \/>\n\t<meta property=\"og:image:height\" content=\"1200\" \/>\n\t<meta property=\"og:image:type\" content=\"image\/jpeg\" \/>\n<meta name=\"twitter:card\" content=\"summary_large_image\" \/>\n<script type=\"application\/ld+json\" class=\"yoast-schema-graph\">{\"@context\":\"https:\/\/schema.org\",\"@graph\":[{\"@type\":\"WebPage\",\"@id\":\"https:\/\/www.erresse-shop.it\/fr\/shop\/poeles-pots\/marmites-et-cocottes-poeles-pots\/le-creuset-cocotte-haute-evolution-en-fonte-emaillee-24-cm-rhone-copia\/\",\"url\":\"https:\/\/www.erresse-shop.it\/fr\/shop\/poeles-pots\/marmites-et-cocottes-poeles-pots\/le-creuset-cocotte-haute-evolution-en-fonte-emaillee-24-cm-rhone-copia\/\",\"name\":\"LE CREUSET Mini Cocotte Holly 10 cm Artichaut Vert - Erresse Shop\",\"isPartOf\":{\"@id\":\"https:\/\/www.erresse-shop.it\/fr\/#website\"},\"datePublished\":\"2024-11-12T13:59:08+00:00\",\"dateModified\":\"2024-12-01T20:33:05+00:00\",\"description\":\"Fonctionnelle et d\u00e9corative, cette Mini Cocotte Holly en \u00e9dition limit\u00e9e est la cerise sur le g\u00e2teau de votre table le jour de No\u00ebl. Il a \u00e9galement la\",\"breadcrumb\":{\"@id\":\"https:\/\/www.erresse-shop.it\/fr\/shop\/poeles-pots\/marmites-et-cocottes-poeles-pots\/le-creuset-cocotte-haute-evolution-en-fonte-emaillee-24-cm-rhone-copia\/#breadcrumb\"},\"inLanguage\":\"fr-FR\",\"potentialAction\":[{\"@type\":\"ReadAction\",\"target\":[\"https:\/\/www.erresse-shop.it\/fr\/shop\/poeles-pots\/marmites-et-cocottes-poeles-pots\/le-creuset-cocotte-haute-evolution-en-fonte-emaillee-24-cm-rhone-copia\/\"]}]},{\"@type\":\"BreadcrumbList\",\"@id\":\"https:\/\/www.erresse-shop.it\/fr\/shop\/poeles-pots\/marmites-et-cocottes-poeles-pots\/le-creuset-cocotte-haute-evolution-en-fonte-emaillee-24-cm-rhone-copia\/#breadcrumb\",\"itemListElement\":[{\"@type\":\"ListItem\",\"position\":1,\"name\":\"Home\",\"item\":\"https:\/\/www.erresse-shop.it\/fr\/\"},{\"@type\":\"ListItem\",\"position\":2,\"name\":\"Shop\",\"item\":\"https:\/\/www.erresse-shop.it\/fr\/shop\/\"},{\"@type\":\"ListItem\",\"position\":3,\"name\":\"LE CREUSET Mini Cocotte Holly 10 cm Artichaut Vert\"}]},{\"@type\":\"WebSite\",\"@id\":\"https:\/\/www.erresse-shop.it\/fr\/#website\",\"url\":\"https:\/\/www.erresse-shop.it\/fr\/\",\"name\":\"Erresse Shop\",\"description\":\"Articoli di qualit\u00e0 per la casa\",\"potentialAction\":[{\"@type\":\"SearchAction\",\"target\":{\"@type\":\"EntryPoint\",\"urlTemplate\":\"https:\/\/www.erresse-shop.it\/fr\/?s={search_term_string}\"},\"query-input\":\"required name=search_term_string\"}],\"inLanguage\":\"fr-FR\"}]}<\/script>\n<!-- \/ Yoast SEO Premium plugin. -->","yoast_head_json":{"title":"LE CREUSET Mini Cocotte Holly 10 cm Artichaut Vert - Erresse Shop","description":"Fonctionnelle et d\u00e9corative, cette Mini Cocotte Holly en \u00e9dition limit\u00e9e est la cerise sur le g\u00e2teau de votre table le jour de No\u00ebl. Il a \u00e9galement la","robots":{"index":"index","follow":"follow","max-snippet":"max-snippet:-1","max-image-preview":"max-image-preview:large","max-video-preview":"max-video-preview:-1"},"canonical":"https:\/\/www.erresse-shop.it\/fr\/shop\/poeles-pots\/marmites-et-cocottes-poeles-pots\/le-creuset-cocotte-haute-evolution-en-fonte-emaillee-24-cm-rhone-copia\/","og_locale":"fr_FR","og_type":"article","og_title":"LE CREUSET Mini Cocotte Holly 10 cm Artichaut Vert","og_description":"Fonctionnelle et d\u00e9corative, cette Mini Cocotte Holly en \u00e9dition limit\u00e9e est la cerise sur le g\u00e2teau de votre table le jour de No\u00ebl. Il a \u00e9galement la","og_url":"https:\/\/www.erresse-shop.it\/fr\/shop\/poeles-pots\/marmites-et-cocottes-poeles-pots\/le-creuset-cocotte-haute-evolution-en-fonte-emaillee-24-cm-rhone-copia\/","og_site_name":"Erresse Shop","article_modified_time":"2024-12-01T20:33:05+00:00","og_image":[{"width":1200,"height":1200,"url":"https:\/\/www.erresse-shop.it\/wp-content\/uploads\/2024\/11\/LE-CREUSET-Mini-Cocotte-Verde-Carciofo.jpg","type":"image\/jpeg"}],"twitter_card":"summary_large_image","schema":{"@context":"https:\/\/schema.org","@graph":[{"@type":"WebPage","@id":"https:\/\/www.erresse-shop.it\/fr\/shop\/poeles-pots\/marmites-et-cocottes-poeles-pots\/le-creuset-cocotte-haute-evolution-en-fonte-emaillee-24-cm-rhone-copia\/","url":"https:\/\/www.erresse-shop.it\/fr\/shop\/poeles-pots\/marmites-et-cocottes-poeles-pots\/le-creuset-cocotte-haute-evolution-en-fonte-emaillee-24-cm-rhone-copia\/","name":"LE CREUSET Mini Cocotte Holly 10 cm Artichaut Vert - Erresse Shop","isPartOf":{"@id":"https:\/\/www.erresse-shop.it\/fr\/#website"},"datePublished":"2024-11-12T13:59:08+00:00","dateModified":"2024-12-01T20:33:05+00:00","description":"Fonctionnelle et d\u00e9corative, cette Mini Cocotte Holly en \u00e9dition limit\u00e9e est la cerise sur le g\u00e2teau de votre table le jour de No\u00ebl. Il a \u00e9galement la","breadcrumb":{"@id":"https:\/\/www.erresse-shop.it\/fr\/shop\/poeles-pots\/marmites-et-cocottes-poeles-pots\/le-creuset-cocotte-haute-evolution-en-fonte-emaillee-24-cm-rhone-copia\/#breadcrumb"},"inLanguage":"fr-FR","potentialAction":[{"@type":"ReadAction","target":["https:\/\/www.erresse-shop.it\/fr\/shop\/poeles-pots\/marmites-et-cocottes-poeles-pots\/le-creuset-cocotte-haute-evolution-en-fonte-emaillee-24-cm-rhone-copia\/"]}]},{"@type":"BreadcrumbList","@id":"https:\/\/www.erresse-shop.it\/fr\/shop\/poeles-pots\/marmites-et-cocottes-poeles-pots\/le-creuset-cocotte-haute-evolution-en-fonte-emaillee-24-cm-rhone-copia\/#breadcrumb","itemListElement":[{"@type":"ListItem","position":1,"name":"Home","item":"https:\/\/www.erresse-shop.it\/fr\/"},{"@type":"ListItem","position":2,"name":"Shop","item":"https:\/\/www.erresse-shop.it\/fr\/shop\/"},{"@type":"ListItem","position":3,"name":"LE CREUSET Mini Cocotte Holly 10 cm Artichaut Vert"}]},{"@type":"WebSite","@id":"https:\/\/www.erresse-shop.it\/fr\/#website","url":"https:\/\/www.erresse-shop.it\/fr\/","name":"Erresse Shop","description":"Articoli di qualit\u00e0 per la casa","potentialAction":[{"@type":"SearchAction","target":{"@type":"EntryPoint","urlTemplate":"https:\/\/www.erresse-shop.it\/fr\/?s={search_term_string}"},"query-input":"required name=search_term_string"}],"inLanguage":"fr-FR"}]}},"df_price":21.95,"df_sale_price":21.95,"df_regular_price":30,"df_image_link":"https:\/\/www.erresse-shop.it\/wp-content\/uploads\/2024\/11\/LE-CREUSET-Mini-Cocotte-Verde-Carciofo-300x300.jpg","_links":{"self":[{"href":"https:\/\/www.erresse-shop.it\/fr\/wp-json\/wp\/v2\/product\/445927"}],"collection":[{"href":"https:\/\/www.erresse-shop.it\/fr\/wp-json\/wp\/v2\/product"}],"about":[{"href":"https:\/\/www.erresse-shop.it\/fr\/wp-json\/wp\/v2\/types\/product"}],"wp:featuredmedia":[{"embeddable":true,"href":"https:\/\/www.erresse-shop.it\/fr\/wp-json\/wp\/v2\/media\/445957"}],"wp:attachment":[{"href":"https:\/\/www.erresse-shop.it\/fr\/wp-json\/wp\/v2\/media?parent=445927"}],"wp:term":[{"taxonomy":"product_cat","embeddable":true,"href":"https:\/\/www.erresse-shop.it\/fr\/wp-json\/wp\/v2\/product_cat?post=445927"},{"taxonomy":"product_tag","embeddable":true,"href":"https:\/\/www.erresse-shop.it\/fr\/wp-json\/wp\/v2\/product_tag?post=445927"}],"curies":[{"name":"wp","href":"https:\/\/api.w.org\/{rel}","templated":true}]}}