{"id":445680,"date":"2024-11-12T10:31:00","date_gmt":"2024-11-12T10:31:03","guid":{"rendered":"https:\/\/www.erresse-shop.it\/?post_type=product&#038;p=445680"},"modified":"2026-02-24T13:23:55","modified_gmt":"2026-02-24T13:23:55","slug":"g3-ferrari-four-a-pizza-pronto-pizza-2-minuti","status":"publish","type":"product","link":"https:\/\/www.erresse-shop.it\/fr\/shop\/petits-electromenagers\/fours\/g3-ferrari-four-a-pizza-pronto-pizza-2-minuti\/","title":{"rendered":"G3 FERRARI Four \u00e0 pizza Pronto Pizza 2 Minuti"},"content":{"rendered":"<h2><strong>Four \u00e0 pizza<\/strong><\/h2>\n<p>Avec le four \u00e0 pizza 2 minutes Pronto Pizza, la perfection de la pizza est \u00e0 port\u00e9e de main.<\/p>\n<p>La <strong>combinaison haute temp\u00e9rature (jusqu&#8217;\u00e0 430\u00b0C) et pierre r\u00e9fractaire assure une cuisson rapide et uniforme<\/strong>, et avec les deux r\u00e9sistances actionnables s\u00e9par\u00e9ment vous avez le plein contr\u00f4le sur la cuisson de la pizza, pour obtenez toujours une base parfum\u00e9e et une pizza bien cuite : r\u00e9alisez une pizza napolitaine parfaite en seulement 2 minutes !<\/p>\n<p>L&#8217;affichage num\u00e9rique offre une grande polyvalence ; il est \u00e9quip\u00e9 de <strong>8 programmes<\/strong>\u00a0pour cuisiner tous les types de pizza et bien plus encore\u00a0: de la napolitaine \u00e0 la fine et croustillante, de la pizza \u00e0 la po\u00eale \u00e0 la pizza surgel\u00e9e, en passant par les recettes de steak, de tarte et de bricolage. De plus, le four comprend une\u00a0<strong>fonction de m\u00e9moire<\/strong>\u00a0qui lui permet de m\u00e9moriser vos r\u00e9glages favoris sans avoir \u00e0 les r\u00e9initialiser \u00e0 chaque fois que vous cuisinez.<\/p>\n<p>La riche gamme d\u2019accessoires compl\u00e8te les performances de haut niveau. En plus de la\u00a0<strong>pierre r\u00e9fractaire amovible<\/strong>, la\u00a0<strong>plaque de cuisson \u00e9maill\u00e9e<\/strong>\u00a0pour la cuisson de la viande, des g\u00e2teaux et bien plus encore, la grille et le coupe-pizza en inox, la grande pelle en inox sont inclus. de l&#8217;aluminium pour la p\u00e2tisserie et le livre de recettes exclusif du chef napolitain Valerio La Rosa.<\/p>\n<p>Le four \u00e0 pizza Pronto Pizza 2 minutes est enti\u00e8rement \u00e9lectrique pour cuire des pizzas \u00e0 la maison comme dans une pizzeria, et est \u00e9galement au top en mati\u00e8re de s\u00e9curit\u00e9\u00a0: con\u00e7u avec un syst\u00e8me de refroidissement \u00e0 ventilation forc\u00e9e et une porte \u00e0 3 portes. niveau isolation de la fen\u00eatre, ses parois sont toujours froides m\u00eame lorsqu&#8217;elles sont utilis\u00e9es \u00e0 la temp\u00e9rature maximale.<\/p>\n<p><strong>Sp\u00e9cifications techniques<\/strong><\/p>\n<ul>\n<li>Double r\u00e9sistance, sup\u00e9rieure 850\u00a0W et inf\u00e9rieure 850\u00a0W<\/li>\n<li>Temp\u00e9rature\u00a080\u00a0\u00b0\u00a0&#8211; 430\u00a0\u00b0C, minuterie 60\u00a0minutes<\/li>\n<li>Afficheur num\u00e9rique avec 8 programmes\u00a0: DIY, Napolitain, mince, po\u00eale, tarte, surgel\u00e9, steak, pizza ronde<\/li>\n<li>Fonction de stockage<\/li>\n<li>R\u00e9sistances pouvant fonctionner s\u00e9par\u00e9ment<\/li>\n<li>Lampe interne<\/li>\n<li>Parois froides avec syst\u00e8me de refroidissement \u00e0 ventilation forc\u00e9e<\/li>\n<li>Porte avec triple verre borosilicate pour une isolation maximale<\/li>\n<li>Accessoires\u00a0: pierre r\u00e9fractaire 32&#215;32 cm, po\u00eale \u00e9maill\u00e9e \u00d832,5 cm, grille inox, pelle aluminium \u00d832 cm, coupe-pizza<\/li>\n<li>Alimentation\u00a0:\u00a0220-240\u00a0V CA ~ 50-60\u00a0Hz<\/li>\n<li>Puissance\u00a0: 1\u00a0700\u00a0W<\/li>\n<li>Dimensions (L x H x P)\u00a0: 46 x 28,5 x 50 cm<\/li>\n<li>Poids\u00a0: 13\u00a0kg<\/li>\n<\/ul>\n<p><span style=\"text-decoration: underline;\"><strong>Pas \u00e0 vendre en dehors de l&#8217;Europe<\/strong><\/span><\/p>\n","protected":false},"excerpt":{"rendered":"<p>Four \u00e0 pizza Avec le four \u00e0 pizza 2 minutes Pronto Pizza, la perfection de la pizza est \u00e0 port\u00e9e<\/p>\n","protected":false},"featured_media":445710,"template":"","meta":{"_acf_changed":false,"inline_featured_image":false},"product_cat":[15660,12449],"product_tag":[23690,17107,22111,23094,23095],"acf":[],"yoast_head":"<!-- This site is optimized with the Yoast SEO Premium plugin v18.6 (Yoast SEO v19.13) - https:\/\/yoast.com\/wordpress\/plugins\/seo\/ -->\n<title>G3 FERRARI Four \u00e0 pizza Pronto Pizza 2 Minuti - Erresse Shop<\/title>\n<meta name=\"description\" content=\"Four \u00e0 pizza Avec le four \u00e0 pizza 2 minutes Pronto Pizza, la perfection de la pizza est \u00e0 port\u00e9e de main. La combinaison haute temp\u00e9rature (jusqu&#039;\u00e0 430\u00b0C)\" \/>\n<meta name=\"robots\" content=\"index, follow, max-snippet:-1, max-image-preview:large, max-video-preview:-1\" \/>\n<link rel=\"canonical\" href=\"https:\/\/www.erresse-shop.it\/fr\/shop\/petits-electromenagers\/fours\/g3-ferrari-four-a-pizza-pronto-pizza-2-minuti\/\" \/>\n<meta property=\"og:locale\" content=\"fr_FR\" \/>\n<meta property=\"og:type\" content=\"article\" \/>\n<meta property=\"og:title\" content=\"G3 FERRARI Four \u00e0 pizza Pronto Pizza 2 Minuti\" \/>\n<meta property=\"og:description\" content=\"Four \u00e0 pizza Avec le four \u00e0 pizza 2 minutes Pronto Pizza, la perfection de la pizza est \u00e0 port\u00e9e de main. La combinaison haute temp\u00e9rature (jusqu&#039;\u00e0 430\u00b0C)\" \/>\n<meta property=\"og:url\" content=\"https:\/\/www.erresse-shop.it\/fr\/shop\/petits-electromenagers\/fours\/g3-ferrari-four-a-pizza-pronto-pizza-2-minuti\/\" \/>\n<meta property=\"og:site_name\" content=\"Erresse Shop\" \/>\n<meta property=\"article:modified_time\" content=\"2026-02-24T13:23:55+00:00\" \/>\n<meta property=\"og:image\" content=\"https:\/\/www.erresse-shop.it\/wp-content\/uploads\/2024\/11\/G3-FERRARI-Forno-Pizza-Pronto-Pizza-2-Minuti.jpg\" \/>\n\t<meta property=\"og:image:width\" content=\"1200\" \/>\n\t<meta property=\"og:image:height\" content=\"1200\" \/>\n\t<meta property=\"og:image:type\" content=\"image\/jpeg\" \/>\n<meta name=\"twitter:card\" content=\"summary_large_image\" \/>\n<script type=\"application\/ld+json\" class=\"yoast-schema-graph\">{\"@context\":\"https:\/\/schema.org\",\"@graph\":[{\"@type\":\"WebPage\",\"@id\":\"https:\/\/www.erresse-shop.it\/fr\/shop\/petits-electromenagers\/fours\/g3-ferrari-four-a-pizza-pronto-pizza-2-minuti\/\",\"url\":\"https:\/\/www.erresse-shop.it\/fr\/shop\/petits-electromenagers\/fours\/g3-ferrari-four-a-pizza-pronto-pizza-2-minuti\/\",\"name\":\"G3 FERRARI Four \u00e0 pizza Pronto Pizza 2 Minuti - Erresse Shop\",\"isPartOf\":{\"@id\":\"https:\/\/www.erresse-shop.it\/fr\/#website\"},\"datePublished\":\"2024-11-12T10:31:03+00:00\",\"dateModified\":\"2026-02-24T13:23:55+00:00\",\"description\":\"Four \u00e0 pizza Avec le four \u00e0 pizza 2 minutes Pronto Pizza, la perfection de la pizza est \u00e0 port\u00e9e de main. La combinaison haute temp\u00e9rature (jusqu'\u00e0 430\u00b0C)\",\"breadcrumb\":{\"@id\":\"https:\/\/www.erresse-shop.it\/fr\/shop\/petits-electromenagers\/fours\/g3-ferrari-four-a-pizza-pronto-pizza-2-minuti\/#breadcrumb\"},\"inLanguage\":\"fr-FR\",\"potentialAction\":[{\"@type\":\"ReadAction\",\"target\":[\"https:\/\/www.erresse-shop.it\/fr\/shop\/petits-electromenagers\/fours\/g3-ferrari-four-a-pizza-pronto-pizza-2-minuti\/\"]}]},{\"@type\":\"BreadcrumbList\",\"@id\":\"https:\/\/www.erresse-shop.it\/fr\/shop\/petits-electromenagers\/fours\/g3-ferrari-four-a-pizza-pronto-pizza-2-minuti\/#breadcrumb\",\"itemListElement\":[{\"@type\":\"ListItem\",\"position\":1,\"name\":\"Home\",\"item\":\"https:\/\/www.erresse-shop.it\/fr\/\"},{\"@type\":\"ListItem\",\"position\":2,\"name\":\"Shop\",\"item\":\"https:\/\/www.erresse-shop.it\/fr\/shop\/\"},{\"@type\":\"ListItem\",\"position\":3,\"name\":\"G3 FERRARI Four \u00e0 pizza Pronto Pizza 2 Minuti\"}]},{\"@type\":\"WebSite\",\"@id\":\"https:\/\/www.erresse-shop.it\/fr\/#website\",\"url\":\"https:\/\/www.erresse-shop.it\/fr\/\",\"name\":\"Erresse Shop\",\"description\":\"Articoli di qualit\u00e0 per la casa\",\"potentialAction\":[{\"@type\":\"SearchAction\",\"target\":{\"@type\":\"EntryPoint\",\"urlTemplate\":\"https:\/\/www.erresse-shop.it\/fr\/?s={search_term_string}\"},\"query-input\":\"required name=search_term_string\"}],\"inLanguage\":\"fr-FR\"}]}<\/script>\n<!-- \/ Yoast SEO Premium plugin. -->","yoast_head_json":{"title":"G3 FERRARI Four \u00e0 pizza Pronto Pizza 2 Minuti - Erresse Shop","description":"Four \u00e0 pizza Avec le four \u00e0 pizza 2 minutes Pronto Pizza, la perfection de la pizza est \u00e0 port\u00e9e de main. La combinaison haute temp\u00e9rature (jusqu'\u00e0 430\u00b0C)","robots":{"index":"index","follow":"follow","max-snippet":"max-snippet:-1","max-image-preview":"max-image-preview:large","max-video-preview":"max-video-preview:-1"},"canonical":"https:\/\/www.erresse-shop.it\/fr\/shop\/petits-electromenagers\/fours\/g3-ferrari-four-a-pizza-pronto-pizza-2-minuti\/","og_locale":"fr_FR","og_type":"article","og_title":"G3 FERRARI Four \u00e0 pizza Pronto Pizza 2 Minuti","og_description":"Four \u00e0 pizza Avec le four \u00e0 pizza 2 minutes Pronto Pizza, la perfection de la pizza est \u00e0 port\u00e9e de main. La combinaison haute temp\u00e9rature (jusqu'\u00e0 430\u00b0C)","og_url":"https:\/\/www.erresse-shop.it\/fr\/shop\/petits-electromenagers\/fours\/g3-ferrari-four-a-pizza-pronto-pizza-2-minuti\/","og_site_name":"Erresse Shop","article_modified_time":"2026-02-24T13:23:55+00:00","og_image":[{"width":1200,"height":1200,"url":"https:\/\/www.erresse-shop.it\/wp-content\/uploads\/2024\/11\/G3-FERRARI-Forno-Pizza-Pronto-Pizza-2-Minuti.jpg","type":"image\/jpeg"}],"twitter_card":"summary_large_image","schema":{"@context":"https:\/\/schema.org","@graph":[{"@type":"WebPage","@id":"https:\/\/www.erresse-shop.it\/fr\/shop\/petits-electromenagers\/fours\/g3-ferrari-four-a-pizza-pronto-pizza-2-minuti\/","url":"https:\/\/www.erresse-shop.it\/fr\/shop\/petits-electromenagers\/fours\/g3-ferrari-four-a-pizza-pronto-pizza-2-minuti\/","name":"G3 FERRARI Four \u00e0 pizza Pronto Pizza 2 Minuti - Erresse Shop","isPartOf":{"@id":"https:\/\/www.erresse-shop.it\/fr\/#website"},"datePublished":"2024-11-12T10:31:03+00:00","dateModified":"2026-02-24T13:23:55+00:00","description":"Four \u00e0 pizza Avec le four \u00e0 pizza 2 minutes Pronto Pizza, la perfection de la pizza est \u00e0 port\u00e9e de main. La combinaison haute temp\u00e9rature (jusqu'\u00e0 430\u00b0C)","breadcrumb":{"@id":"https:\/\/www.erresse-shop.it\/fr\/shop\/petits-electromenagers\/fours\/g3-ferrari-four-a-pizza-pronto-pizza-2-minuti\/#breadcrumb"},"inLanguage":"fr-FR","potentialAction":[{"@type":"ReadAction","target":["https:\/\/www.erresse-shop.it\/fr\/shop\/petits-electromenagers\/fours\/g3-ferrari-four-a-pizza-pronto-pizza-2-minuti\/"]}]},{"@type":"BreadcrumbList","@id":"https:\/\/www.erresse-shop.it\/fr\/shop\/petits-electromenagers\/fours\/g3-ferrari-four-a-pizza-pronto-pizza-2-minuti\/#breadcrumb","itemListElement":[{"@type":"ListItem","position":1,"name":"Home","item":"https:\/\/www.erresse-shop.it\/fr\/"},{"@type":"ListItem","position":2,"name":"Shop","item":"https:\/\/www.erresse-shop.it\/fr\/shop\/"},{"@type":"ListItem","position":3,"name":"G3 FERRARI Four \u00e0 pizza Pronto Pizza 2 Minuti"}]},{"@type":"WebSite","@id":"https:\/\/www.erresse-shop.it\/fr\/#website","url":"https:\/\/www.erresse-shop.it\/fr\/","name":"Erresse Shop","description":"Articoli di qualit\u00e0 per la casa","potentialAction":[{"@type":"SearchAction","target":{"@type":"EntryPoint","urlTemplate":"https:\/\/www.erresse-shop.it\/fr\/?s={search_term_string}"},"query-input":"required name=search_term_string"}],"inLanguage":"fr-FR"}]}},"df_price":179.95,"df_sale_price":179.95,"df_regular_price":289,"df_image_link":"https:\/\/www.erresse-shop.it\/wp-content\/uploads\/2024\/11\/G3-FERRARI-Forno-Pizza-Pronto-Pizza-2-Minuti-300x300.jpg","_links":{"self":[{"href":"https:\/\/www.erresse-shop.it\/fr\/wp-json\/wp\/v2\/product\/445680"}],"collection":[{"href":"https:\/\/www.erresse-shop.it\/fr\/wp-json\/wp\/v2\/product"}],"about":[{"href":"https:\/\/www.erresse-shop.it\/fr\/wp-json\/wp\/v2\/types\/product"}],"wp:featuredmedia":[{"embeddable":true,"href":"https:\/\/www.erresse-shop.it\/fr\/wp-json\/wp\/v2\/media\/445710"}],"wp:attachment":[{"href":"https:\/\/www.erresse-shop.it\/fr\/wp-json\/wp\/v2\/media?parent=445680"}],"wp:term":[{"taxonomy":"product_cat","embeddable":true,"href":"https:\/\/www.erresse-shop.it\/fr\/wp-json\/wp\/v2\/product_cat?post=445680"},{"taxonomy":"product_tag","embeddable":true,"href":"https:\/\/www.erresse-shop.it\/fr\/wp-json\/wp\/v2\/product_tag?post=445680"}],"curies":[{"name":"wp","href":"https:\/\/api.w.org\/{rel}","templated":true}]}}