{"id":445651,"date":"2024-11-12T10:06:17","date_gmt":"2024-11-12T10:06:18","guid":{"rendered":"https:\/\/www.erresse-shop.it\/?post_type=product&#038;p=445651"},"modified":"2026-02-24T13:27:23","modified_gmt":"2026-02-24T13:27:23","slug":"guzzini-dolcevita-conteneur-l-25-cm-rouge","status":"publish","type":"product","link":"https:\/\/www.erresse-shop.it\/fr\/shop\/table-fr-2\/recipients-et-bols\/guzzini-dolcevita-conteneur-l-25-cm-rouge\/","title":{"rendered":"GUZZINI Dolcevita Conteneur L 25 cm Rouge"},"content":{"rendered":"<div class=\"description de l'attribut du produit\">\n<div class=\"description de l'attribut du produit\">\n<div class=\"description de l'attribut du produit\">\n<div class=\"description de l'attribut du produit\">\n<div class=\"description de l'attribut du produit\">\n<p>Conteneur \u00e9l\u00e9gant en mat\u00e9riau biosourc\u00e9.<\/p>\n<p>Le produit est compos\u00e9 \u00e0 60 % de plastique d\u2019origine biologique. Le plastique peut \u00eatre retrac\u00e9 jusqu&#8217;aux d\u00e9chets biologiques attribu\u00e9s \u00e0 ce produit via l&#8217;approche du bilan massique ISCC.<\/p>\n<ul>\n<li>Mati\u00e8re plastique de la plus haute qualit\u00e9. Convient au contact alimentaire. SANS BPA<\/li>\n<li>Id\u00e9al pour les salades de l\u00e9gumes ou de fruits dans les versions plus grandes et pour les salades de fruits, glaces, desserts ou ap\u00e9ritifs dans les versions plus petites<\/li>\n<li>Empilable, stable et facilement transportable<\/li>\n<li>Fabriqu\u00e9 \u00e0 partir de plastique biosourc\u00e9 et 100% recyclable<\/li>\n<\/ul>\n<\/div>\n<\/div>\n<\/div>\n<\/div>\n<\/div>\n","protected":false},"excerpt":{"rendered":"<p>Conteneur \u00e9l\u00e9gant en mat\u00e9riau biosourc\u00e9. Le produit est compos\u00e9 \u00e0 60 % de plastique d\u2019origine biologique. Le plastique peut \u00eatre<\/p>\n","protected":false},"featured_media":445674,"template":"","meta":{"_acf_changed":false,"inline_featured_image":false},"product_cat":[14244,12782],"product_tag":[15901,21601,25021,13636,21603,12817,21821],"acf":[],"yoast_head":"<!-- This site is optimized with the Yoast SEO Premium plugin v18.6 (Yoast SEO v19.13) - https:\/\/yoast.com\/wordpress\/plugins\/seo\/ -->\n<title>GUZZINI Dolcevita Conteneur L 25 cm Rouge - Erresse Shop<\/title>\n<meta name=\"description\" content=\"Conteneur \u00e9l\u00e9gant en mat\u00e9riau biosourc\u00e9. Le produit est compos\u00e9 \u00e0 60 % de plastique d\u2019origine biologique. Le plastique peut \u00eatre retrac\u00e9 jusqu&#039;aux d\u00e9chets\" \/>\n<meta name=\"robots\" content=\"index, follow, max-snippet:-1, max-image-preview:large, max-video-preview:-1\" \/>\n<link rel=\"canonical\" href=\"https:\/\/www.erresse-shop.it\/fr\/shop\/table-fr-2\/recipients-et-bols\/guzzini-dolcevita-conteneur-l-25-cm-rouge\/\" \/>\n<meta property=\"og:locale\" content=\"fr_FR\" \/>\n<meta property=\"og:type\" content=\"article\" \/>\n<meta property=\"og:title\" content=\"GUZZINI Dolcevita Conteneur L 25 cm Rouge\" \/>\n<meta property=\"og:description\" content=\"Conteneur \u00e9l\u00e9gant en mat\u00e9riau biosourc\u00e9. Le produit est compos\u00e9 \u00e0 60 % de plastique d\u2019origine biologique. Le plastique peut \u00eatre retrac\u00e9 jusqu&#039;aux d\u00e9chets\" \/>\n<meta property=\"og:url\" content=\"https:\/\/www.erresse-shop.it\/fr\/shop\/table-fr-2\/recipients-et-bols\/guzzini-dolcevita-conteneur-l-25-cm-rouge\/\" \/>\n<meta property=\"og:site_name\" content=\"Erresse Shop\" \/>\n<meta property=\"article:modified_time\" content=\"2026-02-24T13:27:23+00:00\" \/>\n<meta property=\"og:image\" content=\"https:\/\/www.erresse-shop.it\/wp-content\/uploads\/2024\/11\/GUZZINI-Dolcevita-Contenitore-L-25-cm-Rosso.jpg\" \/>\n\t<meta property=\"og:image:width\" content=\"1200\" \/>\n\t<meta property=\"og:image:height\" content=\"1200\" \/>\n\t<meta property=\"og:image:type\" content=\"image\/jpeg\" \/>\n<meta name=\"twitter:card\" content=\"summary_large_image\" \/>\n<script type=\"application\/ld+json\" class=\"yoast-schema-graph\">{\"@context\":\"https:\/\/schema.org\",\"@graph\":[{\"@type\":\"WebPage\",\"@id\":\"https:\/\/www.erresse-shop.it\/fr\/shop\/table-fr-2\/recipients-et-bols\/guzzini-dolcevita-conteneur-l-25-cm-rouge\/\",\"url\":\"https:\/\/www.erresse-shop.it\/fr\/shop\/table-fr-2\/recipients-et-bols\/guzzini-dolcevita-conteneur-l-25-cm-rouge\/\",\"name\":\"GUZZINI Dolcevita Conteneur L 25 cm Rouge - Erresse Shop\",\"isPartOf\":{\"@id\":\"https:\/\/www.erresse-shop.it\/fr\/#website\"},\"datePublished\":\"2024-11-12T10:06:18+00:00\",\"dateModified\":\"2026-02-24T13:27:23+00:00\",\"description\":\"Conteneur \u00e9l\u00e9gant en mat\u00e9riau biosourc\u00e9. Le produit est compos\u00e9 \u00e0 60 % de plastique d\u2019origine biologique. Le plastique peut \u00eatre retrac\u00e9 jusqu'aux d\u00e9chets\",\"breadcrumb\":{\"@id\":\"https:\/\/www.erresse-shop.it\/fr\/shop\/table-fr-2\/recipients-et-bols\/guzzini-dolcevita-conteneur-l-25-cm-rouge\/#breadcrumb\"},\"inLanguage\":\"fr-FR\",\"potentialAction\":[{\"@type\":\"ReadAction\",\"target\":[\"https:\/\/www.erresse-shop.it\/fr\/shop\/table-fr-2\/recipients-et-bols\/guzzini-dolcevita-conteneur-l-25-cm-rouge\/\"]}]},{\"@type\":\"BreadcrumbList\",\"@id\":\"https:\/\/www.erresse-shop.it\/fr\/shop\/table-fr-2\/recipients-et-bols\/guzzini-dolcevita-conteneur-l-25-cm-rouge\/#breadcrumb\",\"itemListElement\":[{\"@type\":\"ListItem\",\"position\":1,\"name\":\"Home\",\"item\":\"https:\/\/www.erresse-shop.it\/fr\/\"},{\"@type\":\"ListItem\",\"position\":2,\"name\":\"Shop\",\"item\":\"https:\/\/www.erresse-shop.it\/fr\/shop\/\"},{\"@type\":\"ListItem\",\"position\":3,\"name\":\"GUZZINI Dolcevita Conteneur L 25 cm Rouge\"}]},{\"@type\":\"WebSite\",\"@id\":\"https:\/\/www.erresse-shop.it\/fr\/#website\",\"url\":\"https:\/\/www.erresse-shop.it\/fr\/\",\"name\":\"Erresse Shop\",\"description\":\"Articoli di qualit\u00e0 per la casa\",\"potentialAction\":[{\"@type\":\"SearchAction\",\"target\":{\"@type\":\"EntryPoint\",\"urlTemplate\":\"https:\/\/www.erresse-shop.it\/fr\/?s={search_term_string}\"},\"query-input\":\"required name=search_term_string\"}],\"inLanguage\":\"fr-FR\"}]}<\/script>\n<!-- \/ Yoast SEO Premium plugin. -->","yoast_head_json":{"title":"GUZZINI Dolcevita Conteneur L 25 cm Rouge - Erresse Shop","description":"Conteneur \u00e9l\u00e9gant en mat\u00e9riau biosourc\u00e9. Le produit est compos\u00e9 \u00e0 60 % de plastique d\u2019origine biologique. Le plastique peut \u00eatre retrac\u00e9 jusqu'aux d\u00e9chets","robots":{"index":"index","follow":"follow","max-snippet":"max-snippet:-1","max-image-preview":"max-image-preview:large","max-video-preview":"max-video-preview:-1"},"canonical":"https:\/\/www.erresse-shop.it\/fr\/shop\/table-fr-2\/recipients-et-bols\/guzzini-dolcevita-conteneur-l-25-cm-rouge\/","og_locale":"fr_FR","og_type":"article","og_title":"GUZZINI Dolcevita Conteneur L 25 cm Rouge","og_description":"Conteneur \u00e9l\u00e9gant en mat\u00e9riau biosourc\u00e9. Le produit est compos\u00e9 \u00e0 60 % de plastique d\u2019origine biologique. Le plastique peut \u00eatre retrac\u00e9 jusqu'aux d\u00e9chets","og_url":"https:\/\/www.erresse-shop.it\/fr\/shop\/table-fr-2\/recipients-et-bols\/guzzini-dolcevita-conteneur-l-25-cm-rouge\/","og_site_name":"Erresse Shop","article_modified_time":"2026-02-24T13:27:23+00:00","og_image":[{"width":1200,"height":1200,"url":"https:\/\/www.erresse-shop.it\/wp-content\/uploads\/2024\/11\/GUZZINI-Dolcevita-Contenitore-L-25-cm-Rosso.jpg","type":"image\/jpeg"}],"twitter_card":"summary_large_image","schema":{"@context":"https:\/\/schema.org","@graph":[{"@type":"WebPage","@id":"https:\/\/www.erresse-shop.it\/fr\/shop\/table-fr-2\/recipients-et-bols\/guzzini-dolcevita-conteneur-l-25-cm-rouge\/","url":"https:\/\/www.erresse-shop.it\/fr\/shop\/table-fr-2\/recipients-et-bols\/guzzini-dolcevita-conteneur-l-25-cm-rouge\/","name":"GUZZINI Dolcevita Conteneur L 25 cm Rouge - Erresse Shop","isPartOf":{"@id":"https:\/\/www.erresse-shop.it\/fr\/#website"},"datePublished":"2024-11-12T10:06:18+00:00","dateModified":"2026-02-24T13:27:23+00:00","description":"Conteneur \u00e9l\u00e9gant en mat\u00e9riau biosourc\u00e9. Le produit est compos\u00e9 \u00e0 60 % de plastique d\u2019origine biologique. Le plastique peut \u00eatre retrac\u00e9 jusqu'aux d\u00e9chets","breadcrumb":{"@id":"https:\/\/www.erresse-shop.it\/fr\/shop\/table-fr-2\/recipients-et-bols\/guzzini-dolcevita-conteneur-l-25-cm-rouge\/#breadcrumb"},"inLanguage":"fr-FR","potentialAction":[{"@type":"ReadAction","target":["https:\/\/www.erresse-shop.it\/fr\/shop\/table-fr-2\/recipients-et-bols\/guzzini-dolcevita-conteneur-l-25-cm-rouge\/"]}]},{"@type":"BreadcrumbList","@id":"https:\/\/www.erresse-shop.it\/fr\/shop\/table-fr-2\/recipients-et-bols\/guzzini-dolcevita-conteneur-l-25-cm-rouge\/#breadcrumb","itemListElement":[{"@type":"ListItem","position":1,"name":"Home","item":"https:\/\/www.erresse-shop.it\/fr\/"},{"@type":"ListItem","position":2,"name":"Shop","item":"https:\/\/www.erresse-shop.it\/fr\/shop\/"},{"@type":"ListItem","position":3,"name":"GUZZINI Dolcevita Conteneur L 25 cm Rouge"}]},{"@type":"WebSite","@id":"https:\/\/www.erresse-shop.it\/fr\/#website","url":"https:\/\/www.erresse-shop.it\/fr\/","name":"Erresse Shop","description":"Articoli di qualit\u00e0 per la casa","potentialAction":[{"@type":"SearchAction","target":{"@type":"EntryPoint","urlTemplate":"https:\/\/www.erresse-shop.it\/fr\/?s={search_term_string}"},"query-input":"required name=search_term_string"}],"inLanguage":"fr-FR"}]}},"df_price":24.95,"df_sale_price":24.95,"df_regular_price":33,"df_image_link":"https:\/\/www.erresse-shop.it\/wp-content\/uploads\/2024\/11\/GUZZINI-Dolcevita-Contenitore-L-25-cm-Rosso-300x300.jpg","_links":{"self":[{"href":"https:\/\/www.erresse-shop.it\/fr\/wp-json\/wp\/v2\/product\/445651"}],"collection":[{"href":"https:\/\/www.erresse-shop.it\/fr\/wp-json\/wp\/v2\/product"}],"about":[{"href":"https:\/\/www.erresse-shop.it\/fr\/wp-json\/wp\/v2\/types\/product"}],"wp:featuredmedia":[{"embeddable":true,"href":"https:\/\/www.erresse-shop.it\/fr\/wp-json\/wp\/v2\/media\/445674"}],"wp:attachment":[{"href":"https:\/\/www.erresse-shop.it\/fr\/wp-json\/wp\/v2\/media?parent=445651"}],"wp:term":[{"taxonomy":"product_cat","embeddable":true,"href":"https:\/\/www.erresse-shop.it\/fr\/wp-json\/wp\/v2\/product_cat?post=445651"},{"taxonomy":"product_tag","embeddable":true,"href":"https:\/\/www.erresse-shop.it\/fr\/wp-json\/wp\/v2\/product_tag?post=445651"}],"curies":[{"name":"wp","href":"https:\/\/api.w.org\/{rel}","templated":true}]}}