{"id":445187,"date":"2024-11-08T11:25:21","date_gmt":"2024-11-08T11:25:22","guid":{"rendered":"https:\/\/www.erresse-shop.it\/?post_type=product&#038;p=445187"},"modified":"2024-11-08T13:27:23","modified_gmt":"2024-11-08T13:27:23","slug":"taitu-fil-rouge-foglie-grand-saladier-copia","status":"publish","type":"product","link":"https:\/\/www.erresse-shop.it\/fr\/shop\/table-fr-2\/presentoirs-a-gateau\/taitu-fil-rouge-foglie-grand-saladier-copia\/","title":{"rendered":"TAIT\u00d9 Fil Rouge Foglie Support \u00e0 g\u00e2teaux"},"content":{"rendered":"<p><strong>Mat\u00e9riau :<\/strong> Fine Bone China<\/p>\n<p>Des feuilles d&#8217;eucalyptus et de laurier forment des enchev\u00eatrements verts, entre lesquels est nou\u00e9 un fin FIL ROUGE.<br \/>\nLe vert domine la sc\u00e8ne et apporte la s\u00e9r\u00e9nit\u00e9, tandis qu&#8217;une touche de rouge illumine le c\u0153ur.<br \/>\nBACCHE, FOGLIE et NODI sont des collections parfaites pour toute l&#8217;ann\u00e9e ; et avec le fil rouge, TAIT\u00d9 ravive aussi la magie de No\u00ebl.<br \/>\nR\u00e9unies par le macro concept cr\u00e9atif FIL ROUGE, les 3 collections d\u00e9veloppent de nouvelles possibilit\u00e9s de Mix&amp;Match, entre elles et avec de nombreuses autres collections TAIT\u00d9.<\/p>\n<p><strong>AVERTISSEMENTS<\/strong><br \/>\nPasse au lave-vaisselle et au micro-ondes.<\/p>\n<p><strong>Designer :<\/strong> Silvia Cabassa<\/p>\n","protected":false},"excerpt":{"rendered":"<p>Mat\u00e9riau : Fine Bone China Des feuilles d&#8217;eucalyptus et de laurier forment des enchev\u00eatrements verts, entre lesquels est nou\u00e9 un<\/p>\n","protected":false},"featured_media":445204,"template":"","meta":{"_acf_changed":false,"inline_featured_image":false},"product_cat":[12783,12782],"product_tag":[25086,22045,25021,24397,20534],"acf":[],"yoast_head":"<!-- This site is optimized with the Yoast SEO Premium plugin v18.6 (Yoast SEO v19.13) - https:\/\/yoast.com\/wordpress\/plugins\/seo\/ -->\n<title>TAIT\u00d9 Fil Rouge Foglie Support \u00e0 g\u00e2teaux - Erresse Shop<\/title>\n<meta name=\"description\" content=\"Mat\u00e9riau : Fine Bone China Des feuilles d&#039;eucalyptus et de laurier forment des enchev\u00eatrements verts, entre lesquels est nou\u00e9 un fin FIL ROUGE. Le vert\" \/>\n<meta name=\"robots\" content=\"index, follow, max-snippet:-1, max-image-preview:large, max-video-preview:-1\" \/>\n<link rel=\"canonical\" href=\"https:\/\/www.erresse-shop.it\/fr\/shop\/table-fr-2\/presentoirs-a-gateau\/taitu-fil-rouge-foglie-grand-saladier-copia\/\" \/>\n<meta property=\"og:locale\" content=\"fr_FR\" \/>\n<meta property=\"og:type\" content=\"article\" \/>\n<meta property=\"og:title\" content=\"TAIT\u00d9 Fil Rouge Foglie Support \u00e0 g\u00e2teaux\" \/>\n<meta property=\"og:description\" content=\"Mat\u00e9riau : Fine Bone China Des feuilles d&#039;eucalyptus et de laurier forment des enchev\u00eatrements verts, entre lesquels est nou\u00e9 un fin FIL ROUGE. Le vert\" \/>\n<meta property=\"og:url\" content=\"https:\/\/www.erresse-shop.it\/fr\/shop\/table-fr-2\/presentoirs-a-gateau\/taitu-fil-rouge-foglie-grand-saladier-copia\/\" \/>\n<meta property=\"og:site_name\" content=\"Erresse Shop\" \/>\n<meta property=\"article:modified_time\" content=\"2024-11-08T13:27:23+00:00\" \/>\n<meta property=\"og:image\" content=\"https:\/\/www.erresse-shop.it\/wp-content\/uploads\/2024\/11\/TAITU-Fil-Rouge-Foglie-Alzata.jpg\" \/>\n\t<meta property=\"og:image:width\" content=\"1200\" \/>\n\t<meta property=\"og:image:height\" content=\"1200\" \/>\n\t<meta property=\"og:image:type\" content=\"image\/jpeg\" \/>\n<meta name=\"twitter:card\" content=\"summary_large_image\" \/>\n<script type=\"application\/ld+json\" class=\"yoast-schema-graph\">{\"@context\":\"https:\/\/schema.org\",\"@graph\":[{\"@type\":\"WebPage\",\"@id\":\"https:\/\/www.erresse-shop.it\/fr\/shop\/table-fr-2\/presentoirs-a-gateau\/taitu-fil-rouge-foglie-grand-saladier-copia\/\",\"url\":\"https:\/\/www.erresse-shop.it\/fr\/shop\/table-fr-2\/presentoirs-a-gateau\/taitu-fil-rouge-foglie-grand-saladier-copia\/\",\"name\":\"TAIT\u00d9 Fil Rouge Foglie Support \u00e0 g\u00e2teaux - Erresse Shop\",\"isPartOf\":{\"@id\":\"https:\/\/www.erresse-shop.it\/fr\/#website\"},\"datePublished\":\"2024-11-08T11:25:22+00:00\",\"dateModified\":\"2024-11-08T13:27:23+00:00\",\"description\":\"Mat\u00e9riau : Fine Bone China Des feuilles d'eucalyptus et de laurier forment des enchev\u00eatrements verts, entre lesquels est nou\u00e9 un fin FIL ROUGE. Le vert\",\"breadcrumb\":{\"@id\":\"https:\/\/www.erresse-shop.it\/fr\/shop\/table-fr-2\/presentoirs-a-gateau\/taitu-fil-rouge-foglie-grand-saladier-copia\/#breadcrumb\"},\"inLanguage\":\"fr-FR\",\"potentialAction\":[{\"@type\":\"ReadAction\",\"target\":[\"https:\/\/www.erresse-shop.it\/fr\/shop\/table-fr-2\/presentoirs-a-gateau\/taitu-fil-rouge-foglie-grand-saladier-copia\/\"]}]},{\"@type\":\"BreadcrumbList\",\"@id\":\"https:\/\/www.erresse-shop.it\/fr\/shop\/table-fr-2\/presentoirs-a-gateau\/taitu-fil-rouge-foglie-grand-saladier-copia\/#breadcrumb\",\"itemListElement\":[{\"@type\":\"ListItem\",\"position\":1,\"name\":\"Home\",\"item\":\"https:\/\/www.erresse-shop.it\/fr\/\"},{\"@type\":\"ListItem\",\"position\":2,\"name\":\"Shop\",\"item\":\"https:\/\/www.erresse-shop.it\/fr\/shop\/\"},{\"@type\":\"ListItem\",\"position\":3,\"name\":\"TAIT\u00d9 Fil Rouge Foglie Support \u00e0 g\u00e2teaux\"}]},{\"@type\":\"WebSite\",\"@id\":\"https:\/\/www.erresse-shop.it\/fr\/#website\",\"url\":\"https:\/\/www.erresse-shop.it\/fr\/\",\"name\":\"Erresse Shop\",\"description\":\"Articoli di qualit\u00e0 per la casa\",\"potentialAction\":[{\"@type\":\"SearchAction\",\"target\":{\"@type\":\"EntryPoint\",\"urlTemplate\":\"https:\/\/www.erresse-shop.it\/fr\/?s={search_term_string}\"},\"query-input\":\"required name=search_term_string\"}],\"inLanguage\":\"fr-FR\"}]}<\/script>\n<!-- \/ Yoast SEO Premium plugin. -->","yoast_head_json":{"title":"TAIT\u00d9 Fil Rouge Foglie Support \u00e0 g\u00e2teaux - Erresse Shop","description":"Mat\u00e9riau : Fine Bone China Des feuilles d'eucalyptus et de laurier forment des enchev\u00eatrements verts, entre lesquels est nou\u00e9 un fin FIL ROUGE. Le vert","robots":{"index":"index","follow":"follow","max-snippet":"max-snippet:-1","max-image-preview":"max-image-preview:large","max-video-preview":"max-video-preview:-1"},"canonical":"https:\/\/www.erresse-shop.it\/fr\/shop\/table-fr-2\/presentoirs-a-gateau\/taitu-fil-rouge-foglie-grand-saladier-copia\/","og_locale":"fr_FR","og_type":"article","og_title":"TAIT\u00d9 Fil Rouge Foglie Support \u00e0 g\u00e2teaux","og_description":"Mat\u00e9riau : Fine Bone China Des feuilles d'eucalyptus et de laurier forment des enchev\u00eatrements verts, entre lesquels est nou\u00e9 un fin FIL ROUGE. Le vert","og_url":"https:\/\/www.erresse-shop.it\/fr\/shop\/table-fr-2\/presentoirs-a-gateau\/taitu-fil-rouge-foglie-grand-saladier-copia\/","og_site_name":"Erresse Shop","article_modified_time":"2024-11-08T13:27:23+00:00","og_image":[{"width":1200,"height":1200,"url":"https:\/\/www.erresse-shop.it\/wp-content\/uploads\/2024\/11\/TAITU-Fil-Rouge-Foglie-Alzata.jpg","type":"image\/jpeg"}],"twitter_card":"summary_large_image","schema":{"@context":"https:\/\/schema.org","@graph":[{"@type":"WebPage","@id":"https:\/\/www.erresse-shop.it\/fr\/shop\/table-fr-2\/presentoirs-a-gateau\/taitu-fil-rouge-foglie-grand-saladier-copia\/","url":"https:\/\/www.erresse-shop.it\/fr\/shop\/table-fr-2\/presentoirs-a-gateau\/taitu-fil-rouge-foglie-grand-saladier-copia\/","name":"TAIT\u00d9 Fil Rouge Foglie Support \u00e0 g\u00e2teaux - Erresse Shop","isPartOf":{"@id":"https:\/\/www.erresse-shop.it\/fr\/#website"},"datePublished":"2024-11-08T11:25:22+00:00","dateModified":"2024-11-08T13:27:23+00:00","description":"Mat\u00e9riau : Fine Bone China Des feuilles d'eucalyptus et de laurier forment des enchev\u00eatrements verts, entre lesquels est nou\u00e9 un fin FIL ROUGE. Le vert","breadcrumb":{"@id":"https:\/\/www.erresse-shop.it\/fr\/shop\/table-fr-2\/presentoirs-a-gateau\/taitu-fil-rouge-foglie-grand-saladier-copia\/#breadcrumb"},"inLanguage":"fr-FR","potentialAction":[{"@type":"ReadAction","target":["https:\/\/www.erresse-shop.it\/fr\/shop\/table-fr-2\/presentoirs-a-gateau\/taitu-fil-rouge-foglie-grand-saladier-copia\/"]}]},{"@type":"BreadcrumbList","@id":"https:\/\/www.erresse-shop.it\/fr\/shop\/table-fr-2\/presentoirs-a-gateau\/taitu-fil-rouge-foglie-grand-saladier-copia\/#breadcrumb","itemListElement":[{"@type":"ListItem","position":1,"name":"Home","item":"https:\/\/www.erresse-shop.it\/fr\/"},{"@type":"ListItem","position":2,"name":"Shop","item":"https:\/\/www.erresse-shop.it\/fr\/shop\/"},{"@type":"ListItem","position":3,"name":"TAIT\u00d9 Fil Rouge Foglie Support \u00e0 g\u00e2teaux"}]},{"@type":"WebSite","@id":"https:\/\/www.erresse-shop.it\/fr\/#website","url":"https:\/\/www.erresse-shop.it\/fr\/","name":"Erresse Shop","description":"Articoli di qualit\u00e0 per la casa","potentialAction":[{"@type":"SearchAction","target":{"@type":"EntryPoint","urlTemplate":"https:\/\/www.erresse-shop.it\/fr\/?s={search_term_string}"},"query-input":"required name=search_term_string"}],"inLanguage":"fr-FR"}]}},"df_price":60.50000000000001,"df_sale_price":60.50000000000001,"df_regular_price":110,"df_image_link":"https:\/\/www.erresse-shop.it\/wp-content\/uploads\/2024\/11\/TAITU-Fil-Rouge-Foglie-Alzata-300x300.jpg","_links":{"self":[{"href":"https:\/\/www.erresse-shop.it\/fr\/wp-json\/wp\/v2\/product\/445187"}],"collection":[{"href":"https:\/\/www.erresse-shop.it\/fr\/wp-json\/wp\/v2\/product"}],"about":[{"href":"https:\/\/www.erresse-shop.it\/fr\/wp-json\/wp\/v2\/types\/product"}],"wp:featuredmedia":[{"embeddable":true,"href":"https:\/\/www.erresse-shop.it\/fr\/wp-json\/wp\/v2\/media\/445204"}],"wp:attachment":[{"href":"https:\/\/www.erresse-shop.it\/fr\/wp-json\/wp\/v2\/media?parent=445187"}],"wp:term":[{"taxonomy":"product_cat","embeddable":true,"href":"https:\/\/www.erresse-shop.it\/fr\/wp-json\/wp\/v2\/product_cat?post=445187"},{"taxonomy":"product_tag","embeddable":true,"href":"https:\/\/www.erresse-shop.it\/fr\/wp-json\/wp\/v2\/product_tag?post=445187"}],"curies":[{"name":"wp","href":"https:\/\/api.w.org\/{rel}","templated":true}]}}