{"id":444826,"date":"2024-11-07T14:39:47","date_gmt":"2024-11-07T14:39:49","guid":{"rendered":"https:\/\/www.erresse-shop.it\/?post_type=product&#038;p=444826"},"modified":"2026-02-25T07:26:46","modified_gmt":"2026-02-25T07:26:46","slug":"taitu-noel-oro-support-a-gateaux","status":"publish","type":"product","link":"https:\/\/www.erresse-shop.it\/fr\/shop\/table-fr-2\/presentoirs-a-gateau\/taitu-noel-oro-support-a-gateaux\/","title":{"rendered":"TAIT\u00d9 Noel Oro Support \u00e0 g\u00e2teaux"},"content":{"rendered":"<p><strong>Mati\u00e8re :<\/strong> Fine Bone China<\/p>\n<p>TAIT\u00d9 r\u00e9invente son Noel avec la nouvelle collection NOEL ORO. De nouveaux \u00e9l\u00e9ments en or 24 carats ajoutent une touche de luxe : le nouveau logo NOEL d&#8217;inspiration artistique, les flocons de neige et les \u00e9toiles porte-bonheur, ainsi que le fil d&#8217;or pur appliqu\u00e9 sur le bord de tous les accessoires. Pour ceux qui aiment la magie la plus f\u00e9erique de No\u00ebl, ce sera un No\u00ebl tout en or avec NOEL ORO.<\/p>\n<p><strong>Avertissements<\/strong><br \/>\nD\u00e9tails en or 24 carats. Ne pas utiliser au lave-vaisselle ni au four \u00e0 micro-ondes.<\/p>\n","protected":false},"excerpt":{"rendered":"<p>Mati\u00e8re : Fine Bone China TAIT\u00d9 r\u00e9invente son Noel avec la nouvelle collection NOEL ORO. De nouveaux \u00e9l\u00e9ments en or<\/p>\n","protected":false},"featured_media":444843,"template":"","meta":{"_acf_changed":false,"inline_featured_image":false},"product_cat":[12783,12782],"product_tag":[23690,22045,20534,24603],"acf":[],"yoast_head":"<!-- This site is optimized with the Yoast SEO Premium plugin v18.6 (Yoast SEO v19.13) - https:\/\/yoast.com\/wordpress\/plugins\/seo\/ -->\n<title>TAIT\u00d9 Noel Oro Support \u00e0 g\u00e2teaux - Erresse Shop<\/title>\n<meta name=\"description\" content=\"Mati\u00e8re : Fine Bone China TAIT\u00d9 r\u00e9invente son Noel avec la nouvelle collection NOEL ORO. De nouveaux \u00e9l\u00e9ments en or 24 carats ajoutent une touche de luxe\" \/>\n<meta name=\"robots\" content=\"index, follow, max-snippet:-1, max-image-preview:large, max-video-preview:-1\" \/>\n<link rel=\"canonical\" href=\"https:\/\/www.erresse-shop.it\/fr\/shop\/table-fr-2\/presentoirs-a-gateau\/taitu-noel-oro-support-a-gateaux\/\" \/>\n<meta property=\"og:locale\" content=\"fr_FR\" \/>\n<meta property=\"og:type\" content=\"article\" \/>\n<meta property=\"og:title\" content=\"TAIT\u00d9 Noel Oro Support \u00e0 g\u00e2teaux\" \/>\n<meta property=\"og:description\" content=\"Mati\u00e8re : Fine Bone China TAIT\u00d9 r\u00e9invente son Noel avec la nouvelle collection NOEL ORO. De nouveaux \u00e9l\u00e9ments en or 24 carats ajoutent une touche de luxe\" \/>\n<meta property=\"og:url\" content=\"https:\/\/www.erresse-shop.it\/fr\/shop\/table-fr-2\/presentoirs-a-gateau\/taitu-noel-oro-support-a-gateaux\/\" \/>\n<meta property=\"og:site_name\" content=\"Erresse Shop\" \/>\n<meta property=\"article:modified_time\" content=\"2026-02-25T07:26:46+00:00\" \/>\n<meta property=\"og:image\" content=\"https:\/\/www.erresse-shop.it\/wp-content\/uploads\/2024\/11\/TAITU-Noel-Oro-Alzata.jpg\" \/>\n\t<meta property=\"og:image:width\" content=\"1200\" \/>\n\t<meta property=\"og:image:height\" content=\"1200\" \/>\n\t<meta property=\"og:image:type\" content=\"image\/jpeg\" \/>\n<meta name=\"twitter:card\" content=\"summary_large_image\" \/>\n<script type=\"application\/ld+json\" class=\"yoast-schema-graph\">{\"@context\":\"https:\/\/schema.org\",\"@graph\":[{\"@type\":\"WebPage\",\"@id\":\"https:\/\/www.erresse-shop.it\/fr\/shop\/table-fr-2\/presentoirs-a-gateau\/taitu-noel-oro-support-a-gateaux\/\",\"url\":\"https:\/\/www.erresse-shop.it\/fr\/shop\/table-fr-2\/presentoirs-a-gateau\/taitu-noel-oro-support-a-gateaux\/\",\"name\":\"TAIT\u00d9 Noel Oro Support \u00e0 g\u00e2teaux - Erresse Shop\",\"isPartOf\":{\"@id\":\"https:\/\/www.erresse-shop.it\/fr\/#website\"},\"datePublished\":\"2024-11-07T14:39:49+00:00\",\"dateModified\":\"2026-02-25T07:26:46+00:00\",\"description\":\"Mati\u00e8re : Fine Bone China TAIT\u00d9 r\u00e9invente son Noel avec la nouvelle collection NOEL ORO. De nouveaux \u00e9l\u00e9ments en or 24 carats ajoutent une touche de luxe\",\"breadcrumb\":{\"@id\":\"https:\/\/www.erresse-shop.it\/fr\/shop\/table-fr-2\/presentoirs-a-gateau\/taitu-noel-oro-support-a-gateaux\/#breadcrumb\"},\"inLanguage\":\"fr-FR\",\"potentialAction\":[{\"@type\":\"ReadAction\",\"target\":[\"https:\/\/www.erresse-shop.it\/fr\/shop\/table-fr-2\/presentoirs-a-gateau\/taitu-noel-oro-support-a-gateaux\/\"]}]},{\"@type\":\"BreadcrumbList\",\"@id\":\"https:\/\/www.erresse-shop.it\/fr\/shop\/table-fr-2\/presentoirs-a-gateau\/taitu-noel-oro-support-a-gateaux\/#breadcrumb\",\"itemListElement\":[{\"@type\":\"ListItem\",\"position\":1,\"name\":\"Home\",\"item\":\"https:\/\/www.erresse-shop.it\/fr\/\"},{\"@type\":\"ListItem\",\"position\":2,\"name\":\"Shop\",\"item\":\"https:\/\/www.erresse-shop.it\/fr\/shop\/\"},{\"@type\":\"ListItem\",\"position\":3,\"name\":\"TAIT\u00d9 Noel Oro Support \u00e0 g\u00e2teaux\"}]},{\"@type\":\"WebSite\",\"@id\":\"https:\/\/www.erresse-shop.it\/fr\/#website\",\"url\":\"https:\/\/www.erresse-shop.it\/fr\/\",\"name\":\"Erresse Shop\",\"description\":\"Articoli di qualit\u00e0 per la casa\",\"potentialAction\":[{\"@type\":\"SearchAction\",\"target\":{\"@type\":\"EntryPoint\",\"urlTemplate\":\"https:\/\/www.erresse-shop.it\/fr\/?s={search_term_string}\"},\"query-input\":\"required name=search_term_string\"}],\"inLanguage\":\"fr-FR\"}]}<\/script>\n<!-- \/ Yoast SEO Premium plugin. -->","yoast_head_json":{"title":"TAIT\u00d9 Noel Oro Support \u00e0 g\u00e2teaux - Erresse Shop","description":"Mati\u00e8re : Fine Bone China TAIT\u00d9 r\u00e9invente son Noel avec la nouvelle collection NOEL ORO. De nouveaux \u00e9l\u00e9ments en or 24 carats ajoutent une touche de luxe","robots":{"index":"index","follow":"follow","max-snippet":"max-snippet:-1","max-image-preview":"max-image-preview:large","max-video-preview":"max-video-preview:-1"},"canonical":"https:\/\/www.erresse-shop.it\/fr\/shop\/table-fr-2\/presentoirs-a-gateau\/taitu-noel-oro-support-a-gateaux\/","og_locale":"fr_FR","og_type":"article","og_title":"TAIT\u00d9 Noel Oro Support \u00e0 g\u00e2teaux","og_description":"Mati\u00e8re : Fine Bone China TAIT\u00d9 r\u00e9invente son Noel avec la nouvelle collection NOEL ORO. De nouveaux \u00e9l\u00e9ments en or 24 carats ajoutent une touche de luxe","og_url":"https:\/\/www.erresse-shop.it\/fr\/shop\/table-fr-2\/presentoirs-a-gateau\/taitu-noel-oro-support-a-gateaux\/","og_site_name":"Erresse Shop","article_modified_time":"2026-02-25T07:26:46+00:00","og_image":[{"width":1200,"height":1200,"url":"https:\/\/www.erresse-shop.it\/wp-content\/uploads\/2024\/11\/TAITU-Noel-Oro-Alzata.jpg","type":"image\/jpeg"}],"twitter_card":"summary_large_image","schema":{"@context":"https:\/\/schema.org","@graph":[{"@type":"WebPage","@id":"https:\/\/www.erresse-shop.it\/fr\/shop\/table-fr-2\/presentoirs-a-gateau\/taitu-noel-oro-support-a-gateaux\/","url":"https:\/\/www.erresse-shop.it\/fr\/shop\/table-fr-2\/presentoirs-a-gateau\/taitu-noel-oro-support-a-gateaux\/","name":"TAIT\u00d9 Noel Oro Support \u00e0 g\u00e2teaux - Erresse Shop","isPartOf":{"@id":"https:\/\/www.erresse-shop.it\/fr\/#website"},"datePublished":"2024-11-07T14:39:49+00:00","dateModified":"2026-02-25T07:26:46+00:00","description":"Mati\u00e8re : Fine Bone China TAIT\u00d9 r\u00e9invente son Noel avec la nouvelle collection NOEL ORO. De nouveaux \u00e9l\u00e9ments en or 24 carats ajoutent une touche de luxe","breadcrumb":{"@id":"https:\/\/www.erresse-shop.it\/fr\/shop\/table-fr-2\/presentoirs-a-gateau\/taitu-noel-oro-support-a-gateaux\/#breadcrumb"},"inLanguage":"fr-FR","potentialAction":[{"@type":"ReadAction","target":["https:\/\/www.erresse-shop.it\/fr\/shop\/table-fr-2\/presentoirs-a-gateau\/taitu-noel-oro-support-a-gateaux\/"]}]},{"@type":"BreadcrumbList","@id":"https:\/\/www.erresse-shop.it\/fr\/shop\/table-fr-2\/presentoirs-a-gateau\/taitu-noel-oro-support-a-gateaux\/#breadcrumb","itemListElement":[{"@type":"ListItem","position":1,"name":"Home","item":"https:\/\/www.erresse-shop.it\/fr\/"},{"@type":"ListItem","position":2,"name":"Shop","item":"https:\/\/www.erresse-shop.it\/fr\/shop\/"},{"@type":"ListItem","position":3,"name":"TAIT\u00d9 Noel Oro Support \u00e0 g\u00e2teaux"}]},{"@type":"WebSite","@id":"https:\/\/www.erresse-shop.it\/fr\/#website","url":"https:\/\/www.erresse-shop.it\/fr\/","name":"Erresse Shop","description":"Articoli di qualit\u00e0 per la casa","potentialAction":[{"@type":"SearchAction","target":{"@type":"EntryPoint","urlTemplate":"https:\/\/www.erresse-shop.it\/fr\/?s={search_term_string}"},"query-input":"required name=search_term_string"}],"inLanguage":"fr-FR"}]}},"df_price":89.95,"df_sale_price":89.95,"df_regular_price":120,"df_image_link":"https:\/\/www.erresse-shop.it\/wp-content\/uploads\/2024\/11\/TAITU-Noel-Oro-Alzata-300x300.jpg","_links":{"self":[{"href":"https:\/\/www.erresse-shop.it\/fr\/wp-json\/wp\/v2\/product\/444826"}],"collection":[{"href":"https:\/\/www.erresse-shop.it\/fr\/wp-json\/wp\/v2\/product"}],"about":[{"href":"https:\/\/www.erresse-shop.it\/fr\/wp-json\/wp\/v2\/types\/product"}],"wp:featuredmedia":[{"embeddable":true,"href":"https:\/\/www.erresse-shop.it\/fr\/wp-json\/wp\/v2\/media\/444843"}],"wp:attachment":[{"href":"https:\/\/www.erresse-shop.it\/fr\/wp-json\/wp\/v2\/media?parent=444826"}],"wp:term":[{"taxonomy":"product_cat","embeddable":true,"href":"https:\/\/www.erresse-shop.it\/fr\/wp-json\/wp\/v2\/product_cat?post=444826"},{"taxonomy":"product_tag","embeddable":true,"href":"https:\/\/www.erresse-shop.it\/fr\/wp-json\/wp\/v2\/product_tag?post=444826"}],"curies":[{"name":"wp","href":"https:\/\/api.w.org\/{rel}","templated":true}]}}