{"id":444212,"date":"2024-11-06T08:20:51","date_gmt":"2024-11-06T08:20:52","guid":{"rendered":"https:\/\/www.erresse-shop.it\/?post_type=product&#038;p=444212"},"modified":"2025-01-14T17:40:25","modified_gmt":"2025-01-14T17:40:25","slug":"g3-ferrari-friggisano-duo-8-l-copia","status":"publish","type":"product","link":"https:\/\/www.erresse-shop.it\/fr\/shop\/petits-electromenagers\/fours\/g3-ferrari-friggisano-duo-8-l-copia\/","title":{"rendered":"G3 FERRARI Friggisano BBQ"},"content":{"rendered":"<p><strong>Friggisano BBQ\u00a0: la r\u00e9volution en cuisine<\/strong><br \/>\nFriggisano BBQ est l&#8217;appareil multifonctionnel dont vous avez toujours r\u00eav\u00e9. Gr\u00e2ce \u00e0 la double r\u00e9sistance, \u00e0 la chambre de cuisson abaiss\u00e9e et \u00e0 la riche offre d&#8217;accessoires, cet appareil devient :<\/p>\n<ul>\n<li>Barbecue<\/li>\n<li>Friteuse \u00e0 air<\/li>\n<li>Four<\/li>\n<li>S\u00e8che-linge<\/li>\n<\/ul>\n<p>Avec Friggisano BBQ, vous pouvez pr\u00e9parer des fritures croustillantes et savoureuses avec tr\u00e8s peu d&#8217;huile. La technologie de circulation rapide de l&#8217;air, combin\u00e9e \u00e0 la grille plus croustillante et \u00e0 des temp\u00e9ratures allant jusqu&#8217;\u00e0 230\u00b0C, vous permettra de cuisiner des aliments sains et d\u00e9licieux, en conservant le croquant des aliments frits traditionnels.<\/p>\n<p><strong>Un four \u00e9lectrique aux multiples fonctions<\/strong><br \/>\nSi vous pensez que Friggisano ne convient que pour frire et griller, vous n&#8217;avez pas encore d\u00e9couvert le grand potentiel de ce four \u00e9lectrique multifonction.<\/p>\n<p>Friggisano BBQ fonctionne comme un v\u00e9ritable four \u00e9lectrique, mais avec des performances record : vous pouvez l&#8217;utiliser pour cuire vos g\u00e2teaux ou pr\u00e9parer d&#8217;excellentes pizzas et focaccias. Equip\u00e9 d&#8217;un r\u00e9cipient antiadh\u00e9sif amovible de 10 litres, de 8 programmes pr\u00e9d\u00e9finis, d&#8217;une fen\u00eatre et d&#8217;un \u00e9clairage interne et d&#8217;un grand \u00e9cran num\u00e9rique, Friggisano BBQ vous permet de :<\/p>\n<ul>\n<li>Toast<\/li>\n<li>Gratin<\/li>\n<li>Cuire au four<\/li>\n<li>R\u00f4ti<\/li>\n<li>D\u00e9givrage<\/li>\n<li>Sec<\/li>\n<li>Chaleur<\/li>\n<\/ul>\n<p><strong>Capacit\u00e9 XXL pour toute la famille<br \/>\n<\/strong>Avec Friggisano, cuisiner au barbecue n&#8217;est plus un probl\u00e8me pour de nombreuses personnes. Gr\u00e2ce \u00e0 la capacit\u00e9 de 10 litres et au bac \u00e0 l\u00e9gumes, vous pouvez frire des portions XXL de chips et d&#8217;autres aliments, en obtenant toujours des r\u00e9sultats parfaits.<\/p>\n<p><strong>Sp\u00e9cifications techniques<\/strong><\/p>\n<ul>\n<li>Capacit\u00e9 de 10\u00a0litres (jusqu&#8217;\u00e0 2\u00a0500\u00a0g)<\/li>\n<li>Double r\u00e9sistance, inf\u00e9rieure et sup\u00e9rieure<\/li>\n<li>Avec fen\u00eatre et \u00e9clairage interne<\/li>\n<li>R\u00e9cipient antiadh\u00e9sif et accessoires<\/li>\n<li>Temp\u00e9rature r\u00e9glable (50\u00b0 &#8211; 230\u00b0C)<\/li>\n<li>Minuteur de 60\u00a0minutes<\/li>\n<li>Affichage num\u00e9rique<\/li>\n<li>8 programmes pr\u00e9d\u00e9finis\u00a0: pizza, poisson, pain, crustac\u00e9s, cuisses de poulet, grill,<\/li>\n<li>chips, s\u00e8che-linge<\/li>\n<li>Fonction s\u00e8che-linge<\/li>\n<li>Pieds antid\u00e9rapants<\/li>\n<li>Accessoires inclus\u00a0: grille croustillante, grill, plateau rond<\/li>\n<li>Alimentation\u00a0:\u00a0220-240\u00a0V CA ~ 50-60\u00a0Hz<\/li>\n<li>Puissance\u00a0: 2\u00a0000\u00a0W<\/li>\n<li>Dimensions (L x H x P)\u00a0: 37,5 x 26 x 45 cm<\/li>\n<li>Poids\u00a0: 8\u00a0kg<\/li>\n<\/ul>\n<p><span style=\"text-decoration: underline;\"><strong>Pas \u00e0 vendre en dehors de l&#8217;Europe<\/strong><\/span><\/p>\n","protected":false},"excerpt":{"rendered":"<p>Friggisano BBQ\u00a0: la r\u00e9volution en cuisine Friggisano BBQ est l&#8217;appareil multifonctionnel dont vous avez toujours r\u00eav\u00e9. Gr\u00e2ce \u00e0 la double<\/p>\n","protected":false},"featured_media":444254,"template":"","meta":{"_acf_changed":false,"inline_featured_image":false},"product_cat":[15660,21503,12449],"product_tag":[13386,23690,17107,22111,20943,12858],"acf":[],"yoast_head":"<!-- This site is optimized with the Yoast SEO Premium plugin v18.6 (Yoast SEO v19.13) - https:\/\/yoast.com\/wordpress\/plugins\/seo\/ -->\n<title>G3 FERRARI Friggisano BBQ<\/title>\n<meta name=\"description\" content=\"D\u00e9couvrez G3 FERRARI Friggisano BBQ sur ErresseShop. Qualit\u00e9, prix r\u00e9duits et achat s\u00e9curis\u00e9 \u2013 commandez d\u00e8s maintenant en ligne !\" \/>\n<meta name=\"robots\" content=\"index, follow, max-snippet:-1, max-image-preview:large, max-video-preview:-1\" \/>\n<link rel=\"canonical\" href=\"https:\/\/www.erresse-shop.it\/fr\/shop\/petits-electromenagers\/fours\/g3-ferrari-friggisano-duo-8-l-copia\/\" \/>\n<meta property=\"og:locale\" content=\"fr_FR\" \/>\n<meta property=\"og:type\" content=\"article\" \/>\n<meta property=\"og:title\" content=\"G3 FERRARI Friggisano BBQ\" \/>\n<meta property=\"og:description\" content=\"D\u00e9couvrez G3 FERRARI Friggisano BBQ sur ErresseShop. Qualit\u00e9, prix r\u00e9duits et achat s\u00e9curis\u00e9 \u2013 commandez d\u00e8s maintenant en ligne !\" \/>\n<meta property=\"og:url\" content=\"https:\/\/www.erresse-shop.it\/fr\/shop\/petits-electromenagers\/fours\/g3-ferrari-friggisano-duo-8-l-copia\/\" \/>\n<meta property=\"og:site_name\" content=\"Erresse Shop\" \/>\n<meta property=\"article:modified_time\" content=\"2025-01-14T17:40:25+00:00\" \/>\n<meta property=\"og:image\" content=\"https:\/\/www.erresse-shop.it\/wp-content\/uploads\/2024\/11\/G3-FERRARI-Friggisano-BBQ.jpg\" \/>\n\t<meta property=\"og:image:width\" content=\"1200\" \/>\n\t<meta property=\"og:image:height\" content=\"1200\" \/>\n\t<meta property=\"og:image:type\" content=\"image\/jpeg\" \/>\n<meta name=\"twitter:card\" content=\"summary_large_image\" \/>\n<script type=\"application\/ld+json\" class=\"yoast-schema-graph\">{\"@context\":\"https:\/\/schema.org\",\"@graph\":[{\"@type\":\"WebPage\",\"@id\":\"https:\/\/www.erresse-shop.it\/fr\/shop\/petits-electromenagers\/fours\/g3-ferrari-friggisano-duo-8-l-copia\/\",\"url\":\"https:\/\/www.erresse-shop.it\/fr\/shop\/petits-electromenagers\/fours\/g3-ferrari-friggisano-duo-8-l-copia\/\",\"name\":\"G3 FERRARI Friggisano BBQ\",\"isPartOf\":{\"@id\":\"https:\/\/www.erresse-shop.it\/fr\/#website\"},\"datePublished\":\"2024-11-06T08:20:52+00:00\",\"dateModified\":\"2025-01-14T17:40:25+00:00\",\"description\":\"D\u00e9couvrez G3 FERRARI Friggisano BBQ sur ErresseShop. Qualit\u00e9, prix r\u00e9duits et achat s\u00e9curis\u00e9 \u2013 commandez d\u00e8s maintenant en ligne !\",\"breadcrumb\":{\"@id\":\"https:\/\/www.erresse-shop.it\/fr\/shop\/petits-electromenagers\/fours\/g3-ferrari-friggisano-duo-8-l-copia\/#breadcrumb\"},\"inLanguage\":\"fr-FR\",\"potentialAction\":[{\"@type\":\"ReadAction\",\"target\":[\"https:\/\/www.erresse-shop.it\/fr\/shop\/petits-electromenagers\/fours\/g3-ferrari-friggisano-duo-8-l-copia\/\"]}]},{\"@type\":\"BreadcrumbList\",\"@id\":\"https:\/\/www.erresse-shop.it\/fr\/shop\/petits-electromenagers\/fours\/g3-ferrari-friggisano-duo-8-l-copia\/#breadcrumb\",\"itemListElement\":[{\"@type\":\"ListItem\",\"position\":1,\"name\":\"Home\",\"item\":\"https:\/\/www.erresse-shop.it\/fr\/\"},{\"@type\":\"ListItem\",\"position\":2,\"name\":\"Shop\",\"item\":\"https:\/\/www.erresse-shop.it\/fr\/shop\/\"},{\"@type\":\"ListItem\",\"position\":3,\"name\":\"G3 FERRARI Friggisano BBQ\"}]},{\"@type\":\"WebSite\",\"@id\":\"https:\/\/www.erresse-shop.it\/fr\/#website\",\"url\":\"https:\/\/www.erresse-shop.it\/fr\/\",\"name\":\"Erresse Shop\",\"description\":\"Articoli di qualit\u00e0 per la casa\",\"potentialAction\":[{\"@type\":\"SearchAction\",\"target\":{\"@type\":\"EntryPoint\",\"urlTemplate\":\"https:\/\/www.erresse-shop.it\/fr\/?s={search_term_string}\"},\"query-input\":\"required name=search_term_string\"}],\"inLanguage\":\"fr-FR\"}]}<\/script>\n<!-- \/ Yoast SEO Premium plugin. -->","yoast_head_json":{"title":"G3 FERRARI Friggisano BBQ","description":"D\u00e9couvrez G3 FERRARI Friggisano BBQ sur ErresseShop. Qualit\u00e9, prix r\u00e9duits et achat s\u00e9curis\u00e9 \u2013 commandez d\u00e8s maintenant en ligne !","robots":{"index":"index","follow":"follow","max-snippet":"max-snippet:-1","max-image-preview":"max-image-preview:large","max-video-preview":"max-video-preview:-1"},"canonical":"https:\/\/www.erresse-shop.it\/fr\/shop\/petits-electromenagers\/fours\/g3-ferrari-friggisano-duo-8-l-copia\/","og_locale":"fr_FR","og_type":"article","og_title":"G3 FERRARI Friggisano BBQ","og_description":"D\u00e9couvrez G3 FERRARI Friggisano BBQ sur ErresseShop. Qualit\u00e9, prix r\u00e9duits et achat s\u00e9curis\u00e9 \u2013 commandez d\u00e8s maintenant en ligne !","og_url":"https:\/\/www.erresse-shop.it\/fr\/shop\/petits-electromenagers\/fours\/g3-ferrari-friggisano-duo-8-l-copia\/","og_site_name":"Erresse Shop","article_modified_time":"2025-01-14T17:40:25+00:00","og_image":[{"width":1200,"height":1200,"url":"https:\/\/www.erresse-shop.it\/wp-content\/uploads\/2024\/11\/G3-FERRARI-Friggisano-BBQ.jpg","type":"image\/jpeg"}],"twitter_card":"summary_large_image","schema":{"@context":"https:\/\/schema.org","@graph":[{"@type":"WebPage","@id":"https:\/\/www.erresse-shop.it\/fr\/shop\/petits-electromenagers\/fours\/g3-ferrari-friggisano-duo-8-l-copia\/","url":"https:\/\/www.erresse-shop.it\/fr\/shop\/petits-electromenagers\/fours\/g3-ferrari-friggisano-duo-8-l-copia\/","name":"G3 FERRARI Friggisano BBQ","isPartOf":{"@id":"https:\/\/www.erresse-shop.it\/fr\/#website"},"datePublished":"2024-11-06T08:20:52+00:00","dateModified":"2025-01-14T17:40:25+00:00","description":"D\u00e9couvrez G3 FERRARI Friggisano BBQ sur ErresseShop. Qualit\u00e9, prix r\u00e9duits et achat s\u00e9curis\u00e9 \u2013 commandez d\u00e8s maintenant en ligne !","breadcrumb":{"@id":"https:\/\/www.erresse-shop.it\/fr\/shop\/petits-electromenagers\/fours\/g3-ferrari-friggisano-duo-8-l-copia\/#breadcrumb"},"inLanguage":"fr-FR","potentialAction":[{"@type":"ReadAction","target":["https:\/\/www.erresse-shop.it\/fr\/shop\/petits-electromenagers\/fours\/g3-ferrari-friggisano-duo-8-l-copia\/"]}]},{"@type":"BreadcrumbList","@id":"https:\/\/www.erresse-shop.it\/fr\/shop\/petits-electromenagers\/fours\/g3-ferrari-friggisano-duo-8-l-copia\/#breadcrumb","itemListElement":[{"@type":"ListItem","position":1,"name":"Home","item":"https:\/\/www.erresse-shop.it\/fr\/"},{"@type":"ListItem","position":2,"name":"Shop","item":"https:\/\/www.erresse-shop.it\/fr\/shop\/"},{"@type":"ListItem","position":3,"name":"G3 FERRARI Friggisano BBQ"}]},{"@type":"WebSite","@id":"https:\/\/www.erresse-shop.it\/fr\/#website","url":"https:\/\/www.erresse-shop.it\/fr\/","name":"Erresse Shop","description":"Articoli di qualit\u00e0 per la casa","potentialAction":[{"@type":"SearchAction","target":{"@type":"EntryPoint","urlTemplate":"https:\/\/www.erresse-shop.it\/fr\/?s={search_term_string}"},"query-input":"required name=search_term_string"}],"inLanguage":"fr-FR"}]}},"df_price":199.9,"df_sale_price":199.9,"df_regular_price":199.9,"df_image_link":"https:\/\/www.erresse-shop.it\/wp-content\/uploads\/2024\/11\/G3-FERRARI-Friggisano-BBQ-300x300.jpg","_links":{"self":[{"href":"https:\/\/www.erresse-shop.it\/fr\/wp-json\/wp\/v2\/product\/444212"}],"collection":[{"href":"https:\/\/www.erresse-shop.it\/fr\/wp-json\/wp\/v2\/product"}],"about":[{"href":"https:\/\/www.erresse-shop.it\/fr\/wp-json\/wp\/v2\/types\/product"}],"wp:featuredmedia":[{"embeddable":true,"href":"https:\/\/www.erresse-shop.it\/fr\/wp-json\/wp\/v2\/media\/444254"}],"wp:attachment":[{"href":"https:\/\/www.erresse-shop.it\/fr\/wp-json\/wp\/v2\/media?parent=444212"}],"wp:term":[{"taxonomy":"product_cat","embeddable":true,"href":"https:\/\/www.erresse-shop.it\/fr\/wp-json\/wp\/v2\/product_cat?post=444212"},{"taxonomy":"product_tag","embeddable":true,"href":"https:\/\/www.erresse-shop.it\/fr\/wp-json\/wp\/v2\/product_tag?post=444212"}],"curies":[{"name":"wp","href":"https:\/\/api.w.org\/{rel}","templated":true}]}}