{"id":441258,"date":"2024-10-25T05:59:29","date_gmt":"2024-10-25T05:59:31","guid":{"rendered":"https:\/\/www.erresse-shop.it\/?post_type=product&#038;p=441258"},"modified":"2025-01-14T17:46:44","modified_gmt":"2025-01-14T17:46:44","slug":"galbiati-milano-wool-set-4-mugs-assortis-noel","status":"publish","type":"product","link":"https:\/\/www.erresse-shop.it\/fr\/shop\/table-fr-2\/tasses\/galbiati-milano-wool-set-4-mugs-assortis-noel\/","title":{"rendered":"GALBIATI MILANO Wool Set 4 mugs assortis No\u00ebl"},"content":{"rendered":"<p>Rendez votre No\u00ebl encore plus sp\u00e9cial avec ce set de 4 mugs assortis de la collection Wool ! Chaque tasse est une \u0153uvre d&#8217;art qui c\u00e9l\u00e8bre la magie des f\u00eates de fin d&#8217;ann\u00e9e avec des motifs uniques et accrocheurs.<\/p>\n<p><strong>Caract\u00e9ristiques du produit :<\/strong><\/p>\n<ul>\n<li><strong>Design festif :<\/strong> Chaque tasse pr\u00e9sente un th\u00e8me de No\u00ebl diff\u00e9rent, inspir\u00e9 des atmosph\u00e8res hivernales chaleureuses, comme les flocons de neige, les arbres de No\u00ebl et les adorables rennes.<\/li>\n<li><strong>Mat\u00e9riau de haute qualit\u00e9 :<\/strong> Fabriqu\u00e9es en c\u00e9ramique durable, ces tasses sont parfaites pour le caf\u00e9, le th\u00e9 ou le chocolat chaud, et peuvent \u00eatre utilis\u00e9es aussi bien \u00e0 la maison que pendant les vacances.<\/li>\n<li><strong>Capacit\u00e9 id\u00e9ale :<\/strong> Chaque mug a une capacit\u00e9 parfaite pour siroter vos boissons pr\u00e9f\u00e9r\u00e9es, ce qui en fait un accessoire indispensable pour vos petits-d\u00e9jeuners et go\u00fbters d&#8217;hiver.<\/li>\n<\/ul>\n<p>Faites sourire vos proches avec ces charmants mugs, parfaits pour les \u00e9changes de cadeaux ou pour compl\u00e9ter votre collection de No\u00ebl. La collection Wool est id\u00e9ale pour cr\u00e9er des moments de convivialit\u00e9 pendant les f\u00eates de fin d&#8217;ann\u00e9e et faire de chaque gorg\u00e9e une exp\u00e9rience magique. Ne manquez pas l&#8217;occasion de ramener chez vous un morceau de l&#8217;esprit de No\u00ebl !<\/p>\n","protected":false},"excerpt":{"rendered":"<p>Rendez votre No\u00ebl encore plus sp\u00e9cial avec ce set de 4 mugs assortis de la collection Wool ! Chaque tasse<\/p>\n","protected":false},"featured_media":441263,"template":"","meta":{"_acf_changed":false,"inline_featured_image":false},"product_cat":[12782,12791],"product_tag":[21327,12817,15712],"acf":[],"yoast_head":"<!-- This site is optimized with the Yoast SEO Premium plugin v18.6 (Yoast SEO v19.13) - https:\/\/yoast.com\/wordpress\/plugins\/seo\/ -->\n<title>GALBIATI MILANO Wool Set 4 mugs assortis No\u00ebl<\/title>\n<meta name=\"description\" content=\"D\u00e9couvrez GALBIATI MILANO Wool Set 4 mugs assortis No\u00ebl sur ErresseShop. Qualit\u00e9, prix r\u00e9duits et achat s\u00e9curis\u00e9 \u2013 commandez d\u00e8s maintenant en ligne !\" \/>\n<meta name=\"robots\" content=\"index, follow, max-snippet:-1, max-image-preview:large, max-video-preview:-1\" \/>\n<link rel=\"canonical\" href=\"https:\/\/www.erresse-shop.it\/fr\/shop\/table-fr-2\/tasses\/galbiati-milano-wool-set-4-mugs-assortis-noel\/\" \/>\n<meta property=\"og:locale\" content=\"fr_FR\" \/>\n<meta property=\"og:type\" content=\"article\" \/>\n<meta property=\"og:title\" content=\"GALBIATI MILANO Wool Set 4 mugs assortis No\u00ebl\" \/>\n<meta property=\"og:description\" content=\"D\u00e9couvrez GALBIATI MILANO Wool Set 4 mugs assortis No\u00ebl sur ErresseShop. Qualit\u00e9, prix r\u00e9duits et achat s\u00e9curis\u00e9 \u2013 commandez d\u00e8s maintenant en ligne !\" \/>\n<meta property=\"og:url\" content=\"https:\/\/www.erresse-shop.it\/fr\/shop\/table-fr-2\/tasses\/galbiati-milano-wool-set-4-mugs-assortis-noel\/\" \/>\n<meta property=\"og:site_name\" content=\"Erresse Shop\" \/>\n<meta property=\"article:modified_time\" content=\"2025-01-14T17:46:44+00:00\" \/>\n<meta property=\"og:image\" content=\"https:\/\/www.erresse-shop.it\/wp-content\/uploads\/2024\/10\/GALBIATI-MILANO-Wool-Set-4-Tazze-Assortite-Natale.jpg\" \/>\n\t<meta property=\"og:image:width\" content=\"1200\" \/>\n\t<meta property=\"og:image:height\" content=\"1200\" \/>\n\t<meta property=\"og:image:type\" content=\"image\/jpeg\" \/>\n<meta name=\"twitter:card\" content=\"summary_large_image\" \/>\n<script type=\"application\/ld+json\" class=\"yoast-schema-graph\">{\"@context\":\"https:\/\/schema.org\",\"@graph\":[{\"@type\":\"WebPage\",\"@id\":\"https:\/\/www.erresse-shop.it\/fr\/shop\/table-fr-2\/tasses\/galbiati-milano-wool-set-4-mugs-assortis-noel\/\",\"url\":\"https:\/\/www.erresse-shop.it\/fr\/shop\/table-fr-2\/tasses\/galbiati-milano-wool-set-4-mugs-assortis-noel\/\",\"name\":\"GALBIATI MILANO Wool Set 4 mugs assortis No\u00ebl\",\"isPartOf\":{\"@id\":\"https:\/\/www.erresse-shop.it\/fr\/#website\"},\"datePublished\":\"2024-10-25T05:59:31+00:00\",\"dateModified\":\"2025-01-14T17:46:44+00:00\",\"description\":\"D\u00e9couvrez GALBIATI MILANO Wool Set 4 mugs assortis No\u00ebl sur ErresseShop. Qualit\u00e9, prix r\u00e9duits et achat s\u00e9curis\u00e9 \u2013 commandez d\u00e8s maintenant en ligne !\",\"breadcrumb\":{\"@id\":\"https:\/\/www.erresse-shop.it\/fr\/shop\/table-fr-2\/tasses\/galbiati-milano-wool-set-4-mugs-assortis-noel\/#breadcrumb\"},\"inLanguage\":\"fr-FR\",\"potentialAction\":[{\"@type\":\"ReadAction\",\"target\":[\"https:\/\/www.erresse-shop.it\/fr\/shop\/table-fr-2\/tasses\/galbiati-milano-wool-set-4-mugs-assortis-noel\/\"]}]},{\"@type\":\"BreadcrumbList\",\"@id\":\"https:\/\/www.erresse-shop.it\/fr\/shop\/table-fr-2\/tasses\/galbiati-milano-wool-set-4-mugs-assortis-noel\/#breadcrumb\",\"itemListElement\":[{\"@type\":\"ListItem\",\"position\":1,\"name\":\"Home\",\"item\":\"https:\/\/www.erresse-shop.it\/fr\/\"},{\"@type\":\"ListItem\",\"position\":2,\"name\":\"Shop\",\"item\":\"https:\/\/www.erresse-shop.it\/fr\/shop\/\"},{\"@type\":\"ListItem\",\"position\":3,\"name\":\"GALBIATI MILANO Wool Set 4 mugs assortis No\u00ebl\"}]},{\"@type\":\"WebSite\",\"@id\":\"https:\/\/www.erresse-shop.it\/fr\/#website\",\"url\":\"https:\/\/www.erresse-shop.it\/fr\/\",\"name\":\"Erresse Shop\",\"description\":\"Articoli di qualit\u00e0 per la casa\",\"potentialAction\":[{\"@type\":\"SearchAction\",\"target\":{\"@type\":\"EntryPoint\",\"urlTemplate\":\"https:\/\/www.erresse-shop.it\/fr\/?s={search_term_string}\"},\"query-input\":\"required name=search_term_string\"}],\"inLanguage\":\"fr-FR\"}]}<\/script>\n<!-- \/ Yoast SEO Premium plugin. -->","yoast_head_json":{"title":"GALBIATI MILANO Wool Set 4 mugs assortis No\u00ebl","description":"D\u00e9couvrez GALBIATI MILANO Wool Set 4 mugs assortis No\u00ebl sur ErresseShop. Qualit\u00e9, prix r\u00e9duits et achat s\u00e9curis\u00e9 \u2013 commandez d\u00e8s maintenant en ligne !","robots":{"index":"index","follow":"follow","max-snippet":"max-snippet:-1","max-image-preview":"max-image-preview:large","max-video-preview":"max-video-preview:-1"},"canonical":"https:\/\/www.erresse-shop.it\/fr\/shop\/table-fr-2\/tasses\/galbiati-milano-wool-set-4-mugs-assortis-noel\/","og_locale":"fr_FR","og_type":"article","og_title":"GALBIATI MILANO Wool Set 4 mugs assortis No\u00ebl","og_description":"D\u00e9couvrez GALBIATI MILANO Wool Set 4 mugs assortis No\u00ebl sur ErresseShop. Qualit\u00e9, prix r\u00e9duits et achat s\u00e9curis\u00e9 \u2013 commandez d\u00e8s maintenant en ligne !","og_url":"https:\/\/www.erresse-shop.it\/fr\/shop\/table-fr-2\/tasses\/galbiati-milano-wool-set-4-mugs-assortis-noel\/","og_site_name":"Erresse Shop","article_modified_time":"2025-01-14T17:46:44+00:00","og_image":[{"width":1200,"height":1200,"url":"https:\/\/www.erresse-shop.it\/wp-content\/uploads\/2024\/10\/GALBIATI-MILANO-Wool-Set-4-Tazze-Assortite-Natale.jpg","type":"image\/jpeg"}],"twitter_card":"summary_large_image","schema":{"@context":"https:\/\/schema.org","@graph":[{"@type":"WebPage","@id":"https:\/\/www.erresse-shop.it\/fr\/shop\/table-fr-2\/tasses\/galbiati-milano-wool-set-4-mugs-assortis-noel\/","url":"https:\/\/www.erresse-shop.it\/fr\/shop\/table-fr-2\/tasses\/galbiati-milano-wool-set-4-mugs-assortis-noel\/","name":"GALBIATI MILANO Wool Set 4 mugs assortis No\u00ebl","isPartOf":{"@id":"https:\/\/www.erresse-shop.it\/fr\/#website"},"datePublished":"2024-10-25T05:59:31+00:00","dateModified":"2025-01-14T17:46:44+00:00","description":"D\u00e9couvrez GALBIATI MILANO Wool Set 4 mugs assortis No\u00ebl sur ErresseShop. Qualit\u00e9, prix r\u00e9duits et achat s\u00e9curis\u00e9 \u2013 commandez d\u00e8s maintenant en ligne !","breadcrumb":{"@id":"https:\/\/www.erresse-shop.it\/fr\/shop\/table-fr-2\/tasses\/galbiati-milano-wool-set-4-mugs-assortis-noel\/#breadcrumb"},"inLanguage":"fr-FR","potentialAction":[{"@type":"ReadAction","target":["https:\/\/www.erresse-shop.it\/fr\/shop\/table-fr-2\/tasses\/galbiati-milano-wool-set-4-mugs-assortis-noel\/"]}]},{"@type":"BreadcrumbList","@id":"https:\/\/www.erresse-shop.it\/fr\/shop\/table-fr-2\/tasses\/galbiati-milano-wool-set-4-mugs-assortis-noel\/#breadcrumb","itemListElement":[{"@type":"ListItem","position":1,"name":"Home","item":"https:\/\/www.erresse-shop.it\/fr\/"},{"@type":"ListItem","position":2,"name":"Shop","item":"https:\/\/www.erresse-shop.it\/fr\/shop\/"},{"@type":"ListItem","position":3,"name":"GALBIATI MILANO Wool Set 4 mugs assortis No\u00ebl"}]},{"@type":"WebSite","@id":"https:\/\/www.erresse-shop.it\/fr\/#website","url":"https:\/\/www.erresse-shop.it\/fr\/","name":"Erresse Shop","description":"Articoli di qualit\u00e0 per la casa","potentialAction":[{"@type":"SearchAction","target":{"@type":"EntryPoint","urlTemplate":"https:\/\/www.erresse-shop.it\/fr\/?s={search_term_string}"},"query-input":"required name=search_term_string"}],"inLanguage":"fr-FR"}]}},"df_price":18.83,"df_sale_price":18.83,"df_regular_price":26.9,"df_image_link":"https:\/\/www.erresse-shop.it\/wp-content\/uploads\/2024\/10\/GALBIATI-MILANO-Wool-Set-4-Tazze-Assortite-Natale-300x300.jpg","_links":{"self":[{"href":"https:\/\/www.erresse-shop.it\/fr\/wp-json\/wp\/v2\/product\/441258"}],"collection":[{"href":"https:\/\/www.erresse-shop.it\/fr\/wp-json\/wp\/v2\/product"}],"about":[{"href":"https:\/\/www.erresse-shop.it\/fr\/wp-json\/wp\/v2\/types\/product"}],"wp:featuredmedia":[{"embeddable":true,"href":"https:\/\/www.erresse-shop.it\/fr\/wp-json\/wp\/v2\/media\/441263"}],"wp:attachment":[{"href":"https:\/\/www.erresse-shop.it\/fr\/wp-json\/wp\/v2\/media?parent=441258"}],"wp:term":[{"taxonomy":"product_cat","embeddable":true,"href":"https:\/\/www.erresse-shop.it\/fr\/wp-json\/wp\/v2\/product_cat?post=441258"},{"taxonomy":"product_tag","embeddable":true,"href":"https:\/\/www.erresse-shop.it\/fr\/wp-json\/wp\/v2\/product_tag?post=441258"}],"curies":[{"name":"wp","href":"https:\/\/api.w.org\/{rel}","templated":true}]}}