{"id":441211,"date":"2024-10-24T14:43:51","date_gmt":"2024-10-24T14:43:53","guid":{"rendered":"https:\/\/www.erresse-shop.it\/?post_type=product&#038;p=441211"},"modified":"2025-03-13T14:24:54","modified_gmt":"2025-03-13T14:24:54","slug":"galbiati-milano-mare-mare-set-18-assiettes","status":"publish","type":"product","link":"https:\/\/www.erresse-shop.it\/fr\/shop\/table-fr-2\/plats\/galbiati-milano-mare-mare-set-18-assiettes\/","title":{"rendered":"GALBIATI MILANO Mare Mare Set 18 assiettes"},"content":{"rendered":"<p>Renouvelez votre table avec le set d&#8217;assiettes Mare Mare, une \u00e9l\u00e9gante combinaison de couleurs et de motifs inspir\u00e9s de la mer. Ce set est compos\u00e9 de 18 pi\u00e8ces, parfaites pour toutes les occasions, et comprend :<\/p>\n<ul>\n<li><strong>6 assiettes plates :<\/strong> id\u00e9ales pour servir vos plats principaux avec une touche de fra\u00eecheur.<\/li>\n<li><strong>6 assiettes creuses :<\/strong> parfaites pour les soupes, les risottos et autres d\u00e9lices.<\/li>\n<li><strong>6 assiettes \u00e0 dessert :<\/strong> id\u00e9ales pour les desserts, les fruits et les petites gourmandises.<\/li>\n<\/ul>\n<p>Le blanc classique des assiettes est enrichi de d\u00e9tails vifs en bleu, bleu clair et jaune clair, \u00e9voquant les nuances de la mer et du soleil. Chaque pi\u00e8ce est fabriqu\u00e9e dans des mat\u00e9riaux de haute qualit\u00e9, durables et faciles \u00e0 nettoyer, ce qui les rend parfaites pour un usage quotidien ou pour des occasions sp\u00e9ciales.<\/p>\n<p>Ajoutez une touche maritime \u00e0 votre table avec l&#8217;ensemble Mare Mare : id\u00e9al pour les amoureux de la mer qui souhaitent cr\u00e9er une atmosph\u00e8re fra\u00eeche et chaleureuse lors des repas en famille ou entre amis !<\/p>\n","protected":false},"excerpt":{"rendered":"<p>Renouvelez votre table avec le set d&#8217;assiettes Mare Mare, une \u00e9l\u00e9gante combinaison de couleurs et de motifs inspir\u00e9s de la<\/p>\n","protected":false},"featured_media":443502,"template":"","meta":{"_acf_changed":false,"inline_featured_image":false},"product_cat":[12788,12782],"product_tag":[20876,22041,21969,19357,21968],"acf":[],"yoast_head":"<!-- This site is optimized with the Yoast SEO Premium plugin v18.6 (Yoast SEO v19.13) - https:\/\/yoast.com\/wordpress\/plugins\/seo\/ -->\n<title>GALBIATI MILANO Mare Mare Set 18 assiettes<\/title>\n<meta name=\"description\" content=\"D\u00e9couvrez GALBIATI MILANO Mare Mare Set 18 assiettes sur ErresseShop. Qualit\u00e9, prix r\u00e9duits et achat s\u00e9curis\u00e9 \u2013 commandez d\u00e8s maintenant en ligne !\" \/>\n<meta name=\"robots\" content=\"index, follow, max-snippet:-1, max-image-preview:large, max-video-preview:-1\" \/>\n<link rel=\"canonical\" href=\"https:\/\/www.erresse-shop.it\/fr\/shop\/table-fr-2\/plats\/galbiati-milano-mare-mare-set-18-assiettes\/\" \/>\n<meta property=\"og:locale\" content=\"fr_FR\" \/>\n<meta property=\"og:type\" content=\"article\" \/>\n<meta property=\"og:title\" content=\"GALBIATI MILANO Mare Mare Set 18 assiettes\" \/>\n<meta property=\"og:description\" content=\"D\u00e9couvrez GALBIATI MILANO Mare Mare Set 18 assiettes sur ErresseShop. Qualit\u00e9, prix r\u00e9duits et achat s\u00e9curis\u00e9 \u2013 commandez d\u00e8s maintenant en ligne !\" \/>\n<meta property=\"og:url\" content=\"https:\/\/www.erresse-shop.it\/fr\/shop\/table-fr-2\/plats\/galbiati-milano-mare-mare-set-18-assiettes\/\" \/>\n<meta property=\"og:site_name\" content=\"Erresse Shop\" \/>\n<meta property=\"article:modified_time\" content=\"2025-03-13T14:24:54+00:00\" \/>\n<meta property=\"og:image\" content=\"https:\/\/www.erresse-shop.it\/wp-content\/uploads\/2024\/10\/GALBIATI-MILANO-Mare-Mare-Set-18-Piatti-1.jpg\" \/>\n\t<meta property=\"og:image:width\" content=\"1200\" \/>\n\t<meta property=\"og:image:height\" content=\"1200\" \/>\n\t<meta property=\"og:image:type\" content=\"image\/jpeg\" \/>\n<meta name=\"twitter:card\" content=\"summary_large_image\" \/>\n<script type=\"application\/ld+json\" class=\"yoast-schema-graph\">{\"@context\":\"https:\/\/schema.org\",\"@graph\":[{\"@type\":\"WebPage\",\"@id\":\"https:\/\/www.erresse-shop.it\/fr\/shop\/table-fr-2\/plats\/galbiati-milano-mare-mare-set-18-assiettes\/\",\"url\":\"https:\/\/www.erresse-shop.it\/fr\/shop\/table-fr-2\/plats\/galbiati-milano-mare-mare-set-18-assiettes\/\",\"name\":\"GALBIATI MILANO Mare Mare Set 18 assiettes\",\"isPartOf\":{\"@id\":\"https:\/\/www.erresse-shop.it\/fr\/#website\"},\"datePublished\":\"2024-10-24T14:43:53+00:00\",\"dateModified\":\"2025-03-13T14:24:54+00:00\",\"description\":\"D\u00e9couvrez GALBIATI MILANO Mare Mare Set 18 assiettes sur ErresseShop. Qualit\u00e9, prix r\u00e9duits et achat s\u00e9curis\u00e9 \u2013 commandez d\u00e8s maintenant en ligne !\",\"breadcrumb\":{\"@id\":\"https:\/\/www.erresse-shop.it\/fr\/shop\/table-fr-2\/plats\/galbiati-milano-mare-mare-set-18-assiettes\/#breadcrumb\"},\"inLanguage\":\"fr-FR\",\"potentialAction\":[{\"@type\":\"ReadAction\",\"target\":[\"https:\/\/www.erresse-shop.it\/fr\/shop\/table-fr-2\/plats\/galbiati-milano-mare-mare-set-18-assiettes\/\"]}]},{\"@type\":\"BreadcrumbList\",\"@id\":\"https:\/\/www.erresse-shop.it\/fr\/shop\/table-fr-2\/plats\/galbiati-milano-mare-mare-set-18-assiettes\/#breadcrumb\",\"itemListElement\":[{\"@type\":\"ListItem\",\"position\":1,\"name\":\"Home\",\"item\":\"https:\/\/www.erresse-shop.it\/fr\/\"},{\"@type\":\"ListItem\",\"position\":2,\"name\":\"Shop\",\"item\":\"https:\/\/www.erresse-shop.it\/fr\/shop\/\"},{\"@type\":\"ListItem\",\"position\":3,\"name\":\"GALBIATI MILANO Mare Mare Set 18 assiettes\"}]},{\"@type\":\"WebSite\",\"@id\":\"https:\/\/www.erresse-shop.it\/fr\/#website\",\"url\":\"https:\/\/www.erresse-shop.it\/fr\/\",\"name\":\"Erresse Shop\",\"description\":\"Articoli di qualit\u00e0 per la casa\",\"potentialAction\":[{\"@type\":\"SearchAction\",\"target\":{\"@type\":\"EntryPoint\",\"urlTemplate\":\"https:\/\/www.erresse-shop.it\/fr\/?s={search_term_string}\"},\"query-input\":\"required name=search_term_string\"}],\"inLanguage\":\"fr-FR\"}]}<\/script>\n<!-- \/ Yoast SEO Premium plugin. -->","yoast_head_json":{"title":"GALBIATI MILANO Mare Mare Set 18 assiettes","description":"D\u00e9couvrez GALBIATI MILANO Mare Mare Set 18 assiettes sur ErresseShop. Qualit\u00e9, prix r\u00e9duits et achat s\u00e9curis\u00e9 \u2013 commandez d\u00e8s maintenant en ligne !","robots":{"index":"index","follow":"follow","max-snippet":"max-snippet:-1","max-image-preview":"max-image-preview:large","max-video-preview":"max-video-preview:-1"},"canonical":"https:\/\/www.erresse-shop.it\/fr\/shop\/table-fr-2\/plats\/galbiati-milano-mare-mare-set-18-assiettes\/","og_locale":"fr_FR","og_type":"article","og_title":"GALBIATI MILANO Mare Mare Set 18 assiettes","og_description":"D\u00e9couvrez GALBIATI MILANO Mare Mare Set 18 assiettes sur ErresseShop. Qualit\u00e9, prix r\u00e9duits et achat s\u00e9curis\u00e9 \u2013 commandez d\u00e8s maintenant en ligne !","og_url":"https:\/\/www.erresse-shop.it\/fr\/shop\/table-fr-2\/plats\/galbiati-milano-mare-mare-set-18-assiettes\/","og_site_name":"Erresse Shop","article_modified_time":"2025-03-13T14:24:54+00:00","og_image":[{"width":1200,"height":1200,"url":"https:\/\/www.erresse-shop.it\/wp-content\/uploads\/2024\/10\/GALBIATI-MILANO-Mare-Mare-Set-18-Piatti-1.jpg","type":"image\/jpeg"}],"twitter_card":"summary_large_image","schema":{"@context":"https:\/\/schema.org","@graph":[{"@type":"WebPage","@id":"https:\/\/www.erresse-shop.it\/fr\/shop\/table-fr-2\/plats\/galbiati-milano-mare-mare-set-18-assiettes\/","url":"https:\/\/www.erresse-shop.it\/fr\/shop\/table-fr-2\/plats\/galbiati-milano-mare-mare-set-18-assiettes\/","name":"GALBIATI MILANO Mare Mare Set 18 assiettes","isPartOf":{"@id":"https:\/\/www.erresse-shop.it\/fr\/#website"},"datePublished":"2024-10-24T14:43:53+00:00","dateModified":"2025-03-13T14:24:54+00:00","description":"D\u00e9couvrez GALBIATI MILANO Mare Mare Set 18 assiettes sur ErresseShop. Qualit\u00e9, prix r\u00e9duits et achat s\u00e9curis\u00e9 \u2013 commandez d\u00e8s maintenant en ligne !","breadcrumb":{"@id":"https:\/\/www.erresse-shop.it\/fr\/shop\/table-fr-2\/plats\/galbiati-milano-mare-mare-set-18-assiettes\/#breadcrumb"},"inLanguage":"fr-FR","potentialAction":[{"@type":"ReadAction","target":["https:\/\/www.erresse-shop.it\/fr\/shop\/table-fr-2\/plats\/galbiati-milano-mare-mare-set-18-assiettes\/"]}]},{"@type":"BreadcrumbList","@id":"https:\/\/www.erresse-shop.it\/fr\/shop\/table-fr-2\/plats\/galbiati-milano-mare-mare-set-18-assiettes\/#breadcrumb","itemListElement":[{"@type":"ListItem","position":1,"name":"Home","item":"https:\/\/www.erresse-shop.it\/fr\/"},{"@type":"ListItem","position":2,"name":"Shop","item":"https:\/\/www.erresse-shop.it\/fr\/shop\/"},{"@type":"ListItem","position":3,"name":"GALBIATI MILANO Mare Mare Set 18 assiettes"}]},{"@type":"WebSite","@id":"https:\/\/www.erresse-shop.it\/fr\/#website","url":"https:\/\/www.erresse-shop.it\/fr\/","name":"Erresse Shop","description":"Articoli di qualit\u00e0 per la casa","potentialAction":[{"@type":"SearchAction","target":{"@type":"EntryPoint","urlTemplate":"https:\/\/www.erresse-shop.it\/fr\/?s={search_term_string}"},"query-input":"required name=search_term_string"}],"inLanguage":"fr-FR"}]}},"df_price":47.5,"df_sale_price":47.5,"df_regular_price":95,"df_image_link":"https:\/\/www.erresse-shop.it\/wp-content\/uploads\/2024\/10\/GALBIATI-MILANO-Mare-Mare-Set-18-Piatti-1-300x300.jpg","_links":{"self":[{"href":"https:\/\/www.erresse-shop.it\/fr\/wp-json\/wp\/v2\/product\/441211"}],"collection":[{"href":"https:\/\/www.erresse-shop.it\/fr\/wp-json\/wp\/v2\/product"}],"about":[{"href":"https:\/\/www.erresse-shop.it\/fr\/wp-json\/wp\/v2\/types\/product"}],"wp:featuredmedia":[{"embeddable":true,"href":"https:\/\/www.erresse-shop.it\/fr\/wp-json\/wp\/v2\/media\/443502"}],"wp:attachment":[{"href":"https:\/\/www.erresse-shop.it\/fr\/wp-json\/wp\/v2\/media?parent=441211"}],"wp:term":[{"taxonomy":"product_cat","embeddable":true,"href":"https:\/\/www.erresse-shop.it\/fr\/wp-json\/wp\/v2\/product_cat?post=441211"},{"taxonomy":"product_tag","embeddable":true,"href":"https:\/\/www.erresse-shop.it\/fr\/wp-json\/wp\/v2\/product_tag?post=441211"}],"curies":[{"name":"wp","href":"https:\/\/api.w.org\/{rel}","templated":true}]}}