{"id":441177,"date":"2024-10-24T14:32:14","date_gmt":"2024-10-24T14:32:16","guid":{"rendered":"https:\/\/www.erresse-shop.it\/?post_type=product&#038;p=441177"},"modified":"2025-01-14T17:40:46","modified_gmt":"2025-01-14T17:40:46","slug":"galbiati-milano-goa-set-18-assiettes","status":"publish","type":"product","link":"https:\/\/www.erresse-shop.it\/fr\/shop\/table-fr-2\/plats\/galbiati-milano-goa-set-18-assiettes\/","title":{"rendered":"GALBIATI MILANO Goa Set 18 assiettes"},"content":{"rendered":"<p>Apportez une touche de chaleur et de vivacit\u00e9 \u00e0 votre table avec notre set d&#8217;assiettes Goa, un choix parfait pour toutes les occasions. Cet ensemble charmant se compose de 18 pi\u00e8ces, dont :<\/p>\n<ul>\n<li><strong>6 assiettes plates :<\/strong> id\u00e9ales pour servir vos d\u00e9lices culinaires avec style.<\/li>\n<li><strong>6 assiettes creuses :<\/strong> parfaites pour les soupes, les p\u00e2tes et les plats savoureux.<\/li>\n<li><strong>6 assiettes \u00e0 dessert :<\/strong> id\u00e9ales pour pr\u00e9senter les desserts et les fruits de mani\u00e8re attrayante.<\/li>\n<\/ul>\n<p>Le design \u00e9l\u00e9gant en blanc et orange s&#8217;inspire des couleurs vives de la nature, cr\u00e9ant une atmosph\u00e8re chaleureuse et joyeuse. Fabriqu\u00e9es dans des mat\u00e9riaux de haute qualit\u00e9, les assiettes sont durables et faciles \u00e0 nettoyer. Elles sont parfaites pour un usage quotidien ou pour des d\u00eeners sp\u00e9ciaux.<\/p>\n<p>Choisissez l&#8217;ensemble Goa pour ajouter une touche de fra\u00eecheur et d&#8217;originalit\u00e9 \u00e0 votre table. Id\u00e9al pour ceux qui aiment partager des moments privil\u00e9gi\u00e9s avec leur famille et leurs amis !<\/p>\n","protected":false},"excerpt":{"rendered":"<p>Apportez une touche de chaleur et de vivacit\u00e9 \u00e0 votre table avec notre set d&#8217;assiettes Goa, un choix parfait pour<\/p>\n","protected":false},"featured_media":443475,"template":"","meta":{"_acf_changed":false,"inline_featured_image":false},"product_cat":[12788,12782],"product_tag":[20876,22041,21969,19357,21968],"acf":[],"yoast_head":"<!-- This site is optimized with the Yoast SEO Premium plugin v18.6 (Yoast SEO v19.13) - https:\/\/yoast.com\/wordpress\/plugins\/seo\/ -->\n<title>GALBIATI MILANO Goa Set 18 assiettes<\/title>\n<meta name=\"description\" content=\"D\u00e9couvrez GALBIATI MILANO Goa Set 18 assiettes sur ErresseShop. Qualit\u00e9, prix r\u00e9duits et achat s\u00e9curis\u00e9 \u2013 commandez d\u00e8s maintenant en ligne !\" \/>\n<meta name=\"robots\" content=\"index, follow, max-snippet:-1, max-image-preview:large, max-video-preview:-1\" \/>\n<link rel=\"canonical\" href=\"https:\/\/www.erresse-shop.it\/fr\/shop\/table-fr-2\/plats\/galbiati-milano-goa-set-18-assiettes\/\" \/>\n<meta property=\"og:locale\" content=\"fr_FR\" \/>\n<meta property=\"og:type\" content=\"article\" \/>\n<meta property=\"og:title\" content=\"GALBIATI MILANO Goa Set 18 assiettes\" \/>\n<meta property=\"og:description\" content=\"D\u00e9couvrez GALBIATI MILANO Goa Set 18 assiettes sur ErresseShop. Qualit\u00e9, prix r\u00e9duits et achat s\u00e9curis\u00e9 \u2013 commandez d\u00e8s maintenant en ligne !\" \/>\n<meta property=\"og:url\" content=\"https:\/\/www.erresse-shop.it\/fr\/shop\/table-fr-2\/plats\/galbiati-milano-goa-set-18-assiettes\/\" \/>\n<meta property=\"og:site_name\" content=\"Erresse Shop\" \/>\n<meta property=\"article:modified_time\" content=\"2025-01-14T17:40:46+00:00\" \/>\n<meta property=\"og:image\" content=\"https:\/\/www.erresse-shop.it\/wp-content\/uploads\/2024\/10\/GALBIATI-MILANO-Goa-Set-18-Piatti-1.jpg\" \/>\n\t<meta property=\"og:image:width\" content=\"1200\" \/>\n\t<meta property=\"og:image:height\" content=\"1200\" \/>\n\t<meta property=\"og:image:type\" content=\"image\/jpeg\" \/>\n<meta name=\"twitter:card\" content=\"summary_large_image\" \/>\n<script type=\"application\/ld+json\" class=\"yoast-schema-graph\">{\"@context\":\"https:\/\/schema.org\",\"@graph\":[{\"@type\":\"WebPage\",\"@id\":\"https:\/\/www.erresse-shop.it\/fr\/shop\/table-fr-2\/plats\/galbiati-milano-goa-set-18-assiettes\/\",\"url\":\"https:\/\/www.erresse-shop.it\/fr\/shop\/table-fr-2\/plats\/galbiati-milano-goa-set-18-assiettes\/\",\"name\":\"GALBIATI MILANO Goa Set 18 assiettes\",\"isPartOf\":{\"@id\":\"https:\/\/www.erresse-shop.it\/fr\/#website\"},\"datePublished\":\"2024-10-24T14:32:16+00:00\",\"dateModified\":\"2025-01-14T17:40:46+00:00\",\"description\":\"D\u00e9couvrez GALBIATI MILANO Goa Set 18 assiettes sur ErresseShop. Qualit\u00e9, prix r\u00e9duits et achat s\u00e9curis\u00e9 \u2013 commandez d\u00e8s maintenant en ligne !\",\"breadcrumb\":{\"@id\":\"https:\/\/www.erresse-shop.it\/fr\/shop\/table-fr-2\/plats\/galbiati-milano-goa-set-18-assiettes\/#breadcrumb\"},\"inLanguage\":\"fr-FR\",\"potentialAction\":[{\"@type\":\"ReadAction\",\"target\":[\"https:\/\/www.erresse-shop.it\/fr\/shop\/table-fr-2\/plats\/galbiati-milano-goa-set-18-assiettes\/\"]}]},{\"@type\":\"BreadcrumbList\",\"@id\":\"https:\/\/www.erresse-shop.it\/fr\/shop\/table-fr-2\/plats\/galbiati-milano-goa-set-18-assiettes\/#breadcrumb\",\"itemListElement\":[{\"@type\":\"ListItem\",\"position\":1,\"name\":\"Home\",\"item\":\"https:\/\/www.erresse-shop.it\/fr\/\"},{\"@type\":\"ListItem\",\"position\":2,\"name\":\"Shop\",\"item\":\"https:\/\/www.erresse-shop.it\/fr\/shop\/\"},{\"@type\":\"ListItem\",\"position\":3,\"name\":\"GALBIATI MILANO Goa Set 18 assiettes\"}]},{\"@type\":\"WebSite\",\"@id\":\"https:\/\/www.erresse-shop.it\/fr\/#website\",\"url\":\"https:\/\/www.erresse-shop.it\/fr\/\",\"name\":\"Erresse Shop\",\"description\":\"Articoli di qualit\u00e0 per la casa\",\"potentialAction\":[{\"@type\":\"SearchAction\",\"target\":{\"@type\":\"EntryPoint\",\"urlTemplate\":\"https:\/\/www.erresse-shop.it\/fr\/?s={search_term_string}\"},\"query-input\":\"required name=search_term_string\"}],\"inLanguage\":\"fr-FR\"}]}<\/script>\n<!-- \/ Yoast SEO Premium plugin. -->","yoast_head_json":{"title":"GALBIATI MILANO Goa Set 18 assiettes","description":"D\u00e9couvrez GALBIATI MILANO Goa Set 18 assiettes sur ErresseShop. Qualit\u00e9, prix r\u00e9duits et achat s\u00e9curis\u00e9 \u2013 commandez d\u00e8s maintenant en ligne !","robots":{"index":"index","follow":"follow","max-snippet":"max-snippet:-1","max-image-preview":"max-image-preview:large","max-video-preview":"max-video-preview:-1"},"canonical":"https:\/\/www.erresse-shop.it\/fr\/shop\/table-fr-2\/plats\/galbiati-milano-goa-set-18-assiettes\/","og_locale":"fr_FR","og_type":"article","og_title":"GALBIATI MILANO Goa Set 18 assiettes","og_description":"D\u00e9couvrez GALBIATI MILANO Goa Set 18 assiettes sur ErresseShop. Qualit\u00e9, prix r\u00e9duits et achat s\u00e9curis\u00e9 \u2013 commandez d\u00e8s maintenant en ligne !","og_url":"https:\/\/www.erresse-shop.it\/fr\/shop\/table-fr-2\/plats\/galbiati-milano-goa-set-18-assiettes\/","og_site_name":"Erresse Shop","article_modified_time":"2025-01-14T17:40:46+00:00","og_image":[{"width":1200,"height":1200,"url":"https:\/\/www.erresse-shop.it\/wp-content\/uploads\/2024\/10\/GALBIATI-MILANO-Goa-Set-18-Piatti-1.jpg","type":"image\/jpeg"}],"twitter_card":"summary_large_image","schema":{"@context":"https:\/\/schema.org","@graph":[{"@type":"WebPage","@id":"https:\/\/www.erresse-shop.it\/fr\/shop\/table-fr-2\/plats\/galbiati-milano-goa-set-18-assiettes\/","url":"https:\/\/www.erresse-shop.it\/fr\/shop\/table-fr-2\/plats\/galbiati-milano-goa-set-18-assiettes\/","name":"GALBIATI MILANO Goa Set 18 assiettes","isPartOf":{"@id":"https:\/\/www.erresse-shop.it\/fr\/#website"},"datePublished":"2024-10-24T14:32:16+00:00","dateModified":"2025-01-14T17:40:46+00:00","description":"D\u00e9couvrez GALBIATI MILANO Goa Set 18 assiettes sur ErresseShop. Qualit\u00e9, prix r\u00e9duits et achat s\u00e9curis\u00e9 \u2013 commandez d\u00e8s maintenant en ligne !","breadcrumb":{"@id":"https:\/\/www.erresse-shop.it\/fr\/shop\/table-fr-2\/plats\/galbiati-milano-goa-set-18-assiettes\/#breadcrumb"},"inLanguage":"fr-FR","potentialAction":[{"@type":"ReadAction","target":["https:\/\/www.erresse-shop.it\/fr\/shop\/table-fr-2\/plats\/galbiati-milano-goa-set-18-assiettes\/"]}]},{"@type":"BreadcrumbList","@id":"https:\/\/www.erresse-shop.it\/fr\/shop\/table-fr-2\/plats\/galbiati-milano-goa-set-18-assiettes\/#breadcrumb","itemListElement":[{"@type":"ListItem","position":1,"name":"Home","item":"https:\/\/www.erresse-shop.it\/fr\/"},{"@type":"ListItem","position":2,"name":"Shop","item":"https:\/\/www.erresse-shop.it\/fr\/shop\/"},{"@type":"ListItem","position":3,"name":"GALBIATI MILANO Goa Set 18 assiettes"}]},{"@type":"WebSite","@id":"https:\/\/www.erresse-shop.it\/fr\/#website","url":"https:\/\/www.erresse-shop.it\/fr\/","name":"Erresse Shop","description":"Articoli di qualit\u00e0 per la casa","potentialAction":[{"@type":"SearchAction","target":{"@type":"EntryPoint","urlTemplate":"https:\/\/www.erresse-shop.it\/fr\/?s={search_term_string}"},"query-input":"required name=search_term_string"}],"inLanguage":"fr-FR"}]}},"df_price":49.95,"df_sale_price":49.95,"df_regular_price":79,"df_image_link":"https:\/\/www.erresse-shop.it\/wp-content\/uploads\/2024\/10\/GALBIATI-MILANO-Goa-Set-18-Piatti-1-300x300.jpg","_links":{"self":[{"href":"https:\/\/www.erresse-shop.it\/fr\/wp-json\/wp\/v2\/product\/441177"}],"collection":[{"href":"https:\/\/www.erresse-shop.it\/fr\/wp-json\/wp\/v2\/product"}],"about":[{"href":"https:\/\/www.erresse-shop.it\/fr\/wp-json\/wp\/v2\/types\/product"}],"wp:featuredmedia":[{"embeddable":true,"href":"https:\/\/www.erresse-shop.it\/fr\/wp-json\/wp\/v2\/media\/443475"}],"wp:attachment":[{"href":"https:\/\/www.erresse-shop.it\/fr\/wp-json\/wp\/v2\/media?parent=441177"}],"wp:term":[{"taxonomy":"product_cat","embeddable":true,"href":"https:\/\/www.erresse-shop.it\/fr\/wp-json\/wp\/v2\/product_cat?post=441177"},{"taxonomy":"product_tag","embeddable":true,"href":"https:\/\/www.erresse-shop.it\/fr\/wp-json\/wp\/v2\/product_tag?post=441177"}],"curies":[{"name":"wp","href":"https:\/\/api.w.org\/{rel}","templated":true}]}}