{"id":441093,"date":"2024-10-24T12:12:40","date_gmt":"2024-10-24T12:12:41","guid":{"rendered":"https:\/\/www.erresse-shop.it\/?post_type=product&#038;p=441093"},"modified":"2024-10-24T12:17:34","modified_gmt":"2024-10-24T12:17:34","slug":"seletti-toiletpaper-poubelle-spaghetti-5-l","status":"publish","type":"product","link":"https:\/\/www.erresse-shop.it\/fr\/shop\/ameublement-maison\/poubelles\/seletti-toiletpaper-poubelle-spaghetti-5-l\/","title":{"rendered":"SELETTI Toiletpaper Poubelle Spaghetti 5 L"},"content":{"rendered":"<p>Les plus chanceux d&#8217;entre nous sont capables de reconna\u00eetre les moments magiques qui surviennent au cours de leur vie. Ils peuvent se produire dans certaines circonstances, simples ou complexes, et donnent le sentiment de vivre un r\u00eave. Ceux li\u00e9s \u00e0 la po\u00e9sie ne n\u00e9cessitent pas de conditions exceptionnelles ; il suffit d&#8217;observer notre environnement, parfois m\u00eame quelques \u00e9l\u00e9ments, et c&#8217;est la relation entre eux qui cr\u00e9e un moment sp\u00e9cial. Un petit espace se manifeste dans lequel le temps fait de nous des spectateurs captur\u00e9s par cette po\u00e9sie&#8230; ainsi, la beaut\u00e9 se produit.<\/p>\n<p><strong>Mat\u00e9riaux et construction<\/strong> : m\u00e9tal, plastique<br \/>\n<strong>Dimensions<\/strong> : 20,5 x 20,5 x 27,5 cm<br \/>\n<strong>Cr\u00e9ateur<\/strong> : Toiletpaper<\/p>\n","protected":false},"excerpt":{"rendered":"<p>Les plus chanceux d&#8217;entre nous sont capables de reconna\u00eetre les moments magiques qui surviennent au cours de leur vie. Ils<\/p>\n","protected":false},"featured_media":441129,"template":"","meta":{"_acf_changed":false,"inline_featured_image":false},"product_cat":[12738,14033],"product_tag":[21224,13015,13102],"acf":[],"yoast_head":"<!-- This site is optimized with the Yoast SEO Premium plugin v18.6 (Yoast SEO v19.13) - https:\/\/yoast.com\/wordpress\/plugins\/seo\/ -->\n<title>SELETTI Toiletpaper Poubelle Spaghetti 5 L - Erresse Shop<\/title>\n<meta name=\"description\" content=\"Les plus chanceux d&#039;entre nous sont capables de reconna\u00eetre les moments magiques qui surviennent au cours de leur vie. Ils peuvent se produire dans\" \/>\n<meta name=\"robots\" content=\"index, follow, max-snippet:-1, max-image-preview:large, max-video-preview:-1\" \/>\n<link rel=\"canonical\" href=\"https:\/\/www.erresse-shop.it\/fr\/shop\/ameublement-maison\/poubelles\/seletti-toiletpaper-poubelle-spaghetti-5-l\/\" \/>\n<meta property=\"og:locale\" content=\"fr_FR\" \/>\n<meta property=\"og:type\" content=\"article\" \/>\n<meta property=\"og:title\" content=\"SELETTI Toiletpaper Poubelle Spaghetti 5 L\" \/>\n<meta property=\"og:description\" content=\"Les plus chanceux d&#039;entre nous sont capables de reconna\u00eetre les moments magiques qui surviennent au cours de leur vie. Ils peuvent se produire dans\" \/>\n<meta property=\"og:url\" content=\"https:\/\/www.erresse-shop.it\/fr\/shop\/ameublement-maison\/poubelles\/seletti-toiletpaper-poubelle-spaghetti-5-l\/\" \/>\n<meta property=\"og:site_name\" content=\"Erresse Shop\" \/>\n<meta property=\"article:modified_time\" content=\"2024-10-24T12:17:34+00:00\" \/>\n<meta property=\"og:image\" content=\"https:\/\/www.erresse-shop.it\/wp-content\/uploads\/2024\/10\/SELETTI-Toiletpaper-Pattumiera-Spaghetti-5-L.jpg\" \/>\n\t<meta property=\"og:image:width\" content=\"1200\" \/>\n\t<meta property=\"og:image:height\" content=\"1200\" \/>\n\t<meta property=\"og:image:type\" content=\"image\/jpeg\" \/>\n<meta name=\"twitter:card\" content=\"summary_large_image\" \/>\n<script type=\"application\/ld+json\" class=\"yoast-schema-graph\">{\"@context\":\"https:\/\/schema.org\",\"@graph\":[{\"@type\":\"WebPage\",\"@id\":\"https:\/\/www.erresse-shop.it\/fr\/shop\/ameublement-maison\/poubelles\/seletti-toiletpaper-poubelle-spaghetti-5-l\/\",\"url\":\"https:\/\/www.erresse-shop.it\/fr\/shop\/ameublement-maison\/poubelles\/seletti-toiletpaper-poubelle-spaghetti-5-l\/\",\"name\":\"SELETTI Toiletpaper Poubelle Spaghetti 5 L - Erresse Shop\",\"isPartOf\":{\"@id\":\"https:\/\/www.erresse-shop.it\/fr\/#website\"},\"datePublished\":\"2024-10-24T12:12:41+00:00\",\"dateModified\":\"2024-10-24T12:17:34+00:00\",\"description\":\"Les plus chanceux d'entre nous sont capables de reconna\u00eetre les moments magiques qui surviennent au cours de leur vie. Ils peuvent se produire dans\",\"breadcrumb\":{\"@id\":\"https:\/\/www.erresse-shop.it\/fr\/shop\/ameublement-maison\/poubelles\/seletti-toiletpaper-poubelle-spaghetti-5-l\/#breadcrumb\"},\"inLanguage\":\"fr-FR\",\"potentialAction\":[{\"@type\":\"ReadAction\",\"target\":[\"https:\/\/www.erresse-shop.it\/fr\/shop\/ameublement-maison\/poubelles\/seletti-toiletpaper-poubelle-spaghetti-5-l\/\"]}]},{\"@type\":\"BreadcrumbList\",\"@id\":\"https:\/\/www.erresse-shop.it\/fr\/shop\/ameublement-maison\/poubelles\/seletti-toiletpaper-poubelle-spaghetti-5-l\/#breadcrumb\",\"itemListElement\":[{\"@type\":\"ListItem\",\"position\":1,\"name\":\"Home\",\"item\":\"https:\/\/www.erresse-shop.it\/fr\/\"},{\"@type\":\"ListItem\",\"position\":2,\"name\":\"Shop\",\"item\":\"https:\/\/www.erresse-shop.it\/fr\/shop\/\"},{\"@type\":\"ListItem\",\"position\":3,\"name\":\"SELETTI Toiletpaper Poubelle Spaghetti 5 L\"}]},{\"@type\":\"WebSite\",\"@id\":\"https:\/\/www.erresse-shop.it\/fr\/#website\",\"url\":\"https:\/\/www.erresse-shop.it\/fr\/\",\"name\":\"Erresse Shop\",\"description\":\"Articoli di qualit\u00e0 per la casa\",\"potentialAction\":[{\"@type\":\"SearchAction\",\"target\":{\"@type\":\"EntryPoint\",\"urlTemplate\":\"https:\/\/www.erresse-shop.it\/fr\/?s={search_term_string}\"},\"query-input\":\"required name=search_term_string\"}],\"inLanguage\":\"fr-FR\"}]}<\/script>\n<!-- \/ Yoast SEO Premium plugin. -->","yoast_head_json":{"title":"SELETTI Toiletpaper Poubelle Spaghetti 5 L - Erresse Shop","description":"Les plus chanceux d'entre nous sont capables de reconna\u00eetre les moments magiques qui surviennent au cours de leur vie. Ils peuvent se produire dans","robots":{"index":"index","follow":"follow","max-snippet":"max-snippet:-1","max-image-preview":"max-image-preview:large","max-video-preview":"max-video-preview:-1"},"canonical":"https:\/\/www.erresse-shop.it\/fr\/shop\/ameublement-maison\/poubelles\/seletti-toiletpaper-poubelle-spaghetti-5-l\/","og_locale":"fr_FR","og_type":"article","og_title":"SELETTI Toiletpaper Poubelle Spaghetti 5 L","og_description":"Les plus chanceux d'entre nous sont capables de reconna\u00eetre les moments magiques qui surviennent au cours de leur vie. Ils peuvent se produire dans","og_url":"https:\/\/www.erresse-shop.it\/fr\/shop\/ameublement-maison\/poubelles\/seletti-toiletpaper-poubelle-spaghetti-5-l\/","og_site_name":"Erresse Shop","article_modified_time":"2024-10-24T12:17:34+00:00","og_image":[{"width":1200,"height":1200,"url":"https:\/\/www.erresse-shop.it\/wp-content\/uploads\/2024\/10\/SELETTI-Toiletpaper-Pattumiera-Spaghetti-5-L.jpg","type":"image\/jpeg"}],"twitter_card":"summary_large_image","schema":{"@context":"https:\/\/schema.org","@graph":[{"@type":"WebPage","@id":"https:\/\/www.erresse-shop.it\/fr\/shop\/ameublement-maison\/poubelles\/seletti-toiletpaper-poubelle-spaghetti-5-l\/","url":"https:\/\/www.erresse-shop.it\/fr\/shop\/ameublement-maison\/poubelles\/seletti-toiletpaper-poubelle-spaghetti-5-l\/","name":"SELETTI Toiletpaper Poubelle Spaghetti 5 L - Erresse Shop","isPartOf":{"@id":"https:\/\/www.erresse-shop.it\/fr\/#website"},"datePublished":"2024-10-24T12:12:41+00:00","dateModified":"2024-10-24T12:17:34+00:00","description":"Les plus chanceux d'entre nous sont capables de reconna\u00eetre les moments magiques qui surviennent au cours de leur vie. Ils peuvent se produire dans","breadcrumb":{"@id":"https:\/\/www.erresse-shop.it\/fr\/shop\/ameublement-maison\/poubelles\/seletti-toiletpaper-poubelle-spaghetti-5-l\/#breadcrumb"},"inLanguage":"fr-FR","potentialAction":[{"@type":"ReadAction","target":["https:\/\/www.erresse-shop.it\/fr\/shop\/ameublement-maison\/poubelles\/seletti-toiletpaper-poubelle-spaghetti-5-l\/"]}]},{"@type":"BreadcrumbList","@id":"https:\/\/www.erresse-shop.it\/fr\/shop\/ameublement-maison\/poubelles\/seletti-toiletpaper-poubelle-spaghetti-5-l\/#breadcrumb","itemListElement":[{"@type":"ListItem","position":1,"name":"Home","item":"https:\/\/www.erresse-shop.it\/fr\/"},{"@type":"ListItem","position":2,"name":"Shop","item":"https:\/\/www.erresse-shop.it\/fr\/shop\/"},{"@type":"ListItem","position":3,"name":"SELETTI Toiletpaper Poubelle Spaghetti 5 L"}]},{"@type":"WebSite","@id":"https:\/\/www.erresse-shop.it\/fr\/#website","url":"https:\/\/www.erresse-shop.it\/fr\/","name":"Erresse Shop","description":"Articoli di qualit\u00e0 per la casa","potentialAction":[{"@type":"SearchAction","target":{"@type":"EntryPoint","urlTemplate":"https:\/\/www.erresse-shop.it\/fr\/?s={search_term_string}"},"query-input":"required name=search_term_string"}],"inLanguage":"fr-FR"}]}},"df_price":34,"df_sale_price":34,"df_regular_price":39,"df_image_link":"https:\/\/www.erresse-shop.it\/wp-content\/uploads\/2024\/10\/SELETTI-Toiletpaper-Pattumiera-Spaghetti-5-L-300x300.jpg","_links":{"self":[{"href":"https:\/\/www.erresse-shop.it\/fr\/wp-json\/wp\/v2\/product\/441093"}],"collection":[{"href":"https:\/\/www.erresse-shop.it\/fr\/wp-json\/wp\/v2\/product"}],"about":[{"href":"https:\/\/www.erresse-shop.it\/fr\/wp-json\/wp\/v2\/types\/product"}],"wp:featuredmedia":[{"embeddable":true,"href":"https:\/\/www.erresse-shop.it\/fr\/wp-json\/wp\/v2\/media\/441129"}],"wp:attachment":[{"href":"https:\/\/www.erresse-shop.it\/fr\/wp-json\/wp\/v2\/media?parent=441093"}],"wp:term":[{"taxonomy":"product_cat","embeddable":true,"href":"https:\/\/www.erresse-shop.it\/fr\/wp-json\/wp\/v2\/product_cat?post=441093"},{"taxonomy":"product_tag","embeddable":true,"href":"https:\/\/www.erresse-shop.it\/fr\/wp-json\/wp\/v2\/product_tag?post=441093"}],"curies":[{"name":"wp","href":"https:\/\/api.w.org\/{rel}","templated":true}]}}