{"id":440694,"date":"2024-10-24T08:02:25","date_gmt":"2024-10-24T08:02:25","guid":{"rendered":"https:\/\/www.erresse-shop.it\/?post_type=product&#038;p=440694"},"modified":"2025-05-21T13:00:00","modified_gmt":"2025-05-21T13:00:00","slug":"coravin-sparkling-noir-5-pieces","status":"publish","type":"product","link":"https:\/\/www.erresse-shop.it\/fr\/shop\/table-fr-2\/vin\/coravin-sparkling-noir-5-pieces\/","title":{"rendered":"CORAVIN Sparkling Noir 5 pi\u00e8ces"},"content":{"rendered":"<p>Coravin Sparkling\u2122 pr\u00e9serve la saveur et l&#8217;effervescence de vos vins mousseux pr\u00e9f\u00e9r\u00e9s jusqu&#8217;\u00e0 4 semaines, garantissant que votre dernier verre sera toujours aussi bon que le premier.<\/p>\n<p><strong>Ce qui est inclus<\/strong><\/p>\n<div class=\"product__whats_inclus_item\">\n<ul>\n<li>Chargeur p\u00e9tillant<\/li>\n<li>Casquette scintillante Coravin<\/li>\n<li>Capsules de CO2 p\u00e9tillantes Coravin Pure<\/li>\n<li>Manchon de bouteille<\/li>\n<\/ul>\n<\/div>\n<h4 class=\"product__how_to_use_content_title\">Comment utiliser Coravin Sparkling<\/h4>\n<p><strong>Installez le capuchon scintillant Coravin<\/strong><br \/>\nApr\u00e8s avoir vers\u00e9 la quantit\u00e9 d\u00e9sir\u00e9e de vin mousseux, soulevez la poign\u00e9e de verrouillage du bouchon en position d\u00e9verrouill\u00e9e. Placez le bouchon sur la bouteille ouverte et appuyez fermement sur la poign\u00e9e de verrouillage jusqu&#8217;\u00e0 ce qu&#8217;elle affleure.<\/p>\n<p><strong>Charger la bouteille avec du CO2<\/strong><br \/>\nV\u00e9rifiez l&#8217;indicateur de pression pour v\u00e9rifier qu&#8217;il est vert, indiquant que vous avez install\u00e9 un Coravin Pure\u2122 Sparkling CO2. Alignez le chargeur avec le capuchon et appuyez fermement. L&#8217;indicateur de pression devient rouge, indiquant que la bouteille est pr\u00eate \u00e0 \u00eatre remplie. Lorsque l&#8217;indicateur devient vert, le cylindre est compl\u00e8tement charg\u00e9.<\/p>\n","protected":false},"excerpt":{"rendered":"<p>Coravin Sparkling\u2122 pr\u00e9serve la saveur et l&#8217;effervescence de vos vins mousseux pr\u00e9f\u00e9r\u00e9s jusqu&#8217;\u00e0 4 semaines, garantissant que votre dernier verre<\/p>\n","protected":false},"featured_media":500426,"template":"","meta":{"_acf_changed":false,"inline_featured_image":false},"product_cat":[25982,12782,12754],"product_tag":[21414,21716,21715,16884,23682],"acf":[],"yoast_head":"<!-- This site is optimized with the Yoast SEO Premium plugin v18.6 (Yoast SEO v19.13) - https:\/\/yoast.com\/wordpress\/plugins\/seo\/ -->\n<title>CORAVIN Sparkling\u2122 Noir 5 pi\u00e8ces<\/title>\n<meta name=\"description\" content=\"D\u00e9couvrez CORAVIN Sparkling\u2122 Noir 5 pi\u00e8ces sur ErresseShop. Qualit\u00e9, prix r\u00e9duits et achat s\u00e9curis\u00e9 \u2013 commandez d\u00e8s maintenant en ligne !\" \/>\n<meta name=\"robots\" content=\"index, follow, max-snippet:-1, max-image-preview:large, max-video-preview:-1\" \/>\n<link rel=\"canonical\" href=\"https:\/\/www.erresse-shop.it\/fr\/shop\/table-fr-2\/vin\/coravin-sparkling-noir-5-pieces\/\" \/>\n<meta property=\"og:locale\" content=\"fr_FR\" \/>\n<meta property=\"og:type\" content=\"article\" \/>\n<meta property=\"og:title\" content=\"CORAVIN Sparkling Noir 5 pi\u00e8ces\" \/>\n<meta property=\"og:description\" content=\"D\u00e9couvrez CORAVIN Sparkling\u2122 Noir 5 pi\u00e8ces sur ErresseShop. Qualit\u00e9, prix r\u00e9duits et achat s\u00e9curis\u00e9 \u2013 commandez d\u00e8s maintenant en ligne !\" \/>\n<meta property=\"og:url\" content=\"https:\/\/www.erresse-shop.it\/fr\/shop\/table-fr-2\/vin\/coravin-sparkling-noir-5-pieces\/\" \/>\n<meta property=\"og:site_name\" content=\"Erresse Shop\" \/>\n<meta property=\"article:modified_time\" content=\"2025-05-21T13:00:00+00:00\" \/>\n<meta property=\"og:image\" content=\"https:\/\/www.erresse-shop.it\/wp-content\/uploads\/2024\/10\/CORAVIN-Sparkling-Nero-5-pezzi.jpg\" \/>\n\t<meta property=\"og:image:width\" content=\"1200\" \/>\n\t<meta property=\"og:image:height\" content=\"1200\" \/>\n\t<meta property=\"og:image:type\" content=\"image\/jpeg\" \/>\n<meta name=\"twitter:card\" content=\"summary_large_image\" \/>\n<script type=\"application\/ld+json\" class=\"yoast-schema-graph\">{\"@context\":\"https:\/\/schema.org\",\"@graph\":[{\"@type\":\"WebPage\",\"@id\":\"https:\/\/www.erresse-shop.it\/fr\/shop\/table-fr-2\/vin\/coravin-sparkling-noir-5-pieces\/\",\"url\":\"https:\/\/www.erresse-shop.it\/fr\/shop\/table-fr-2\/vin\/coravin-sparkling-noir-5-pieces\/\",\"name\":\"CORAVIN Sparkling\u2122 Noir 5 pi\u00e8ces\",\"isPartOf\":{\"@id\":\"https:\/\/www.erresse-shop.it\/fr\/#website\"},\"datePublished\":\"2024-10-24T08:02:25+00:00\",\"dateModified\":\"2025-05-21T13:00:00+00:00\",\"description\":\"D\u00e9couvrez CORAVIN Sparkling\u2122 Noir 5 pi\u00e8ces sur ErresseShop. Qualit\u00e9, prix r\u00e9duits et achat s\u00e9curis\u00e9 \u2013 commandez d\u00e8s maintenant en ligne !\",\"breadcrumb\":{\"@id\":\"https:\/\/www.erresse-shop.it\/fr\/shop\/table-fr-2\/vin\/coravin-sparkling-noir-5-pieces\/#breadcrumb\"},\"inLanguage\":\"fr-FR\",\"potentialAction\":[{\"@type\":\"ReadAction\",\"target\":[\"https:\/\/www.erresse-shop.it\/fr\/shop\/table-fr-2\/vin\/coravin-sparkling-noir-5-pieces\/\"]}]},{\"@type\":\"BreadcrumbList\",\"@id\":\"https:\/\/www.erresse-shop.it\/fr\/shop\/table-fr-2\/vin\/coravin-sparkling-noir-5-pieces\/#breadcrumb\",\"itemListElement\":[{\"@type\":\"ListItem\",\"position\":1,\"name\":\"Home\",\"item\":\"https:\/\/www.erresse-shop.it\/fr\/\"},{\"@type\":\"ListItem\",\"position\":2,\"name\":\"Shop\",\"item\":\"https:\/\/www.erresse-shop.it\/fr\/shop\/\"},{\"@type\":\"ListItem\",\"position\":3,\"name\":\"CORAVIN Sparkling Noir 5 pi\u00e8ces\"}]},{\"@type\":\"WebSite\",\"@id\":\"https:\/\/www.erresse-shop.it\/fr\/#website\",\"url\":\"https:\/\/www.erresse-shop.it\/fr\/\",\"name\":\"Erresse Shop\",\"description\":\"Articoli di qualit\u00e0 per la casa\",\"potentialAction\":[{\"@type\":\"SearchAction\",\"target\":{\"@type\":\"EntryPoint\",\"urlTemplate\":\"https:\/\/www.erresse-shop.it\/fr\/?s={search_term_string}\"},\"query-input\":\"required name=search_term_string\"}],\"inLanguage\":\"fr-FR\"}]}<\/script>\n<!-- \/ Yoast SEO Premium plugin. -->","yoast_head_json":{"title":"CORAVIN Sparkling\u2122 Noir 5 pi\u00e8ces","description":"D\u00e9couvrez CORAVIN Sparkling\u2122 Noir 5 pi\u00e8ces sur ErresseShop. Qualit\u00e9, prix r\u00e9duits et achat s\u00e9curis\u00e9 \u2013 commandez d\u00e8s maintenant en ligne !","robots":{"index":"index","follow":"follow","max-snippet":"max-snippet:-1","max-image-preview":"max-image-preview:large","max-video-preview":"max-video-preview:-1"},"canonical":"https:\/\/www.erresse-shop.it\/fr\/shop\/table-fr-2\/vin\/coravin-sparkling-noir-5-pieces\/","og_locale":"fr_FR","og_type":"article","og_title":"CORAVIN Sparkling Noir 5 pi\u00e8ces","og_description":"D\u00e9couvrez CORAVIN Sparkling\u2122 Noir 5 pi\u00e8ces sur ErresseShop. Qualit\u00e9, prix r\u00e9duits et achat s\u00e9curis\u00e9 \u2013 commandez d\u00e8s maintenant en ligne !","og_url":"https:\/\/www.erresse-shop.it\/fr\/shop\/table-fr-2\/vin\/coravin-sparkling-noir-5-pieces\/","og_site_name":"Erresse Shop","article_modified_time":"2025-05-21T13:00:00+00:00","og_image":[{"width":1200,"height":1200,"url":"https:\/\/www.erresse-shop.it\/wp-content\/uploads\/2024\/10\/CORAVIN-Sparkling-Nero-5-pezzi.jpg","type":"image\/jpeg"}],"twitter_card":"summary_large_image","schema":{"@context":"https:\/\/schema.org","@graph":[{"@type":"WebPage","@id":"https:\/\/www.erresse-shop.it\/fr\/shop\/table-fr-2\/vin\/coravin-sparkling-noir-5-pieces\/","url":"https:\/\/www.erresse-shop.it\/fr\/shop\/table-fr-2\/vin\/coravin-sparkling-noir-5-pieces\/","name":"CORAVIN Sparkling\u2122 Noir 5 pi\u00e8ces","isPartOf":{"@id":"https:\/\/www.erresse-shop.it\/fr\/#website"},"datePublished":"2024-10-24T08:02:25+00:00","dateModified":"2025-05-21T13:00:00+00:00","description":"D\u00e9couvrez CORAVIN Sparkling\u2122 Noir 5 pi\u00e8ces sur ErresseShop. Qualit\u00e9, prix r\u00e9duits et achat s\u00e9curis\u00e9 \u2013 commandez d\u00e8s maintenant en ligne !","breadcrumb":{"@id":"https:\/\/www.erresse-shop.it\/fr\/shop\/table-fr-2\/vin\/coravin-sparkling-noir-5-pieces\/#breadcrumb"},"inLanguage":"fr-FR","potentialAction":[{"@type":"ReadAction","target":["https:\/\/www.erresse-shop.it\/fr\/shop\/table-fr-2\/vin\/coravin-sparkling-noir-5-pieces\/"]}]},{"@type":"BreadcrumbList","@id":"https:\/\/www.erresse-shop.it\/fr\/shop\/table-fr-2\/vin\/coravin-sparkling-noir-5-pieces\/#breadcrumb","itemListElement":[{"@type":"ListItem","position":1,"name":"Home","item":"https:\/\/www.erresse-shop.it\/fr\/"},{"@type":"ListItem","position":2,"name":"Shop","item":"https:\/\/www.erresse-shop.it\/fr\/shop\/"},{"@type":"ListItem","position":3,"name":"CORAVIN Sparkling Noir 5 pi\u00e8ces"}]},{"@type":"WebSite","@id":"https:\/\/www.erresse-shop.it\/fr\/#website","url":"https:\/\/www.erresse-shop.it\/fr\/","name":"Erresse Shop","description":"Articoli di qualit\u00e0 per la casa","potentialAction":[{"@type":"SearchAction","target":{"@type":"EntryPoint","urlTemplate":"https:\/\/www.erresse-shop.it\/fr\/?s={search_term_string}"},"query-input":"required name=search_term_string"}],"inLanguage":"fr-FR"}]}},"df_price":314.993,"df_sale_price":314.993,"df_regular_price":449.99,"df_image_link":"https:\/\/www.erresse-shop.it\/wp-content\/uploads\/2024\/10\/CORAVIN-Sparkling-Nero-5-pezzi-300x300.jpg","_links":{"self":[{"href":"https:\/\/www.erresse-shop.it\/fr\/wp-json\/wp\/v2\/product\/440694"}],"collection":[{"href":"https:\/\/www.erresse-shop.it\/fr\/wp-json\/wp\/v2\/product"}],"about":[{"href":"https:\/\/www.erresse-shop.it\/fr\/wp-json\/wp\/v2\/types\/product"}],"wp:featuredmedia":[{"embeddable":true,"href":"https:\/\/www.erresse-shop.it\/fr\/wp-json\/wp\/v2\/media\/500426"}],"wp:attachment":[{"href":"https:\/\/www.erresse-shop.it\/fr\/wp-json\/wp\/v2\/media?parent=440694"}],"wp:term":[{"taxonomy":"product_cat","embeddable":true,"href":"https:\/\/www.erresse-shop.it\/fr\/wp-json\/wp\/v2\/product_cat?post=440694"},{"taxonomy":"product_tag","embeddable":true,"href":"https:\/\/www.erresse-shop.it\/fr\/wp-json\/wp\/v2\/product_tag?post=440694"}],"curies":[{"name":"wp","href":"https:\/\/api.w.org\/{rel}","templated":true}]}}