{"id":440642,"date":"2024-10-24T06:32:36","date_gmt":"2024-10-24T06:32:38","guid":{"rendered":"https:\/\/www.erresse-shop.it\/?post_type=product&#038;p=440642"},"modified":"2024-10-24T06:39:36","modified_gmt":"2024-10-24T06:39:36","slug":"rosenthal-vase-en-verre-silvana-33-cm-aqua","status":"publish","type":"product","link":"https:\/\/www.erresse-shop.it\/fr\/shop\/ameublement-maison\/vases-fr\/rosenthal-vase-en-verre-silvana-33-cm-aqua\/","title":{"rendered":"ROSENTHAL Vase en verre Silvana 33 cm Aqua"},"content":{"rendered":"<p>La classe et la beaut\u00e9 sont les symboles que repr\u00e9sentent les vases Rosenthal. Les nouvelles collections regardent le pass\u00e9 avec admiration, mais l&#8217;intention est de surprendre avec des formes nouvelles et plus dynamiques.<\/p>\n<p>Le vase de table Silvana de Rosenthal a \u00e9t\u00e9 cr\u00e9\u00e9 avec des formes innovantes pour donner vie \u00e0 un produit unique et totalement original. Convient pour meubler votre maison moderne ou classique avec de nombreuses nouveaut\u00e9s !<\/p>\n<p>Sur notre site, vous pouvez trouver diff\u00e9rents produits <strong> Rosenthal <\/strong> avec lesquels vous pourrez meubler les espaces de votre magnifique maison.<\/p>\n<p><strong>Mat\u00e9riau\u00a0:<\/strong> Verre<br \/>\n<strong>Collection\u00a0:<\/strong> Vases en verre<\/p>\n","protected":false},"excerpt":{"rendered":"<p>La classe et la beaut\u00e9 sont les symboles que repr\u00e9sentent les vases Rosenthal. Les nouvelles collections regardent le pass\u00e9 avec<\/p>\n","protected":false},"featured_media":440647,"template":"","meta":{"_acf_changed":false,"inline_featured_image":false},"product_cat":[12738,14422],"product_tag":[23910,13849],"acf":[],"yoast_head":"<!-- This site is optimized with the Yoast SEO Premium plugin v18.6 (Yoast SEO v19.13) - https:\/\/yoast.com\/wordpress\/plugins\/seo\/ -->\n<title>ROSENTHAL Vase en verre Silvana 33 cm Aqua - Erresse Shop<\/title>\n<meta name=\"description\" content=\"La classe et la beaut\u00e9 sont les symboles que repr\u00e9sentent les vases Rosenthal. Les nouvelles collections regardent le pass\u00e9 avec admiration, mais\" \/>\n<meta name=\"robots\" content=\"index, follow, max-snippet:-1, max-image-preview:large, max-video-preview:-1\" \/>\n<link rel=\"canonical\" href=\"https:\/\/www.erresse-shop.it\/fr\/shop\/ameublement-maison\/vases-fr\/rosenthal-vase-en-verre-silvana-33-cm-aqua\/\" \/>\n<meta property=\"og:locale\" content=\"fr_FR\" \/>\n<meta property=\"og:type\" content=\"article\" \/>\n<meta property=\"og:title\" content=\"ROSENTHAL Vase en verre Silvana 33 cm Aqua\" \/>\n<meta property=\"og:description\" content=\"La classe et la beaut\u00e9 sont les symboles que repr\u00e9sentent les vases Rosenthal. Les nouvelles collections regardent le pass\u00e9 avec admiration, mais\" \/>\n<meta property=\"og:url\" content=\"https:\/\/www.erresse-shop.it\/fr\/shop\/ameublement-maison\/vases-fr\/rosenthal-vase-en-verre-silvana-33-cm-aqua\/\" \/>\n<meta property=\"og:site_name\" content=\"Erresse Shop\" \/>\n<meta property=\"article:modified_time\" content=\"2024-10-24T06:39:36+00:00\" \/>\n<meta property=\"og:image\" content=\"https:\/\/www.erresse-shop.it\/wp-content\/uploads\/2024\/10\/ROSENTHAL-Vaso-di-Vetro-Silvana-33-cm-Aqua.jpg\" \/>\n\t<meta property=\"og:image:width\" content=\"1200\" \/>\n\t<meta property=\"og:image:height\" content=\"1200\" \/>\n\t<meta property=\"og:image:type\" content=\"image\/jpeg\" \/>\n<meta name=\"twitter:card\" content=\"summary_large_image\" \/>\n<script type=\"application\/ld+json\" class=\"yoast-schema-graph\">{\"@context\":\"https:\/\/schema.org\",\"@graph\":[{\"@type\":\"WebPage\",\"@id\":\"https:\/\/www.erresse-shop.it\/fr\/shop\/ameublement-maison\/vases-fr\/rosenthal-vase-en-verre-silvana-33-cm-aqua\/\",\"url\":\"https:\/\/www.erresse-shop.it\/fr\/shop\/ameublement-maison\/vases-fr\/rosenthal-vase-en-verre-silvana-33-cm-aqua\/\",\"name\":\"ROSENTHAL Vase en verre Silvana 33 cm Aqua - Erresse Shop\",\"isPartOf\":{\"@id\":\"https:\/\/www.erresse-shop.it\/fr\/#website\"},\"datePublished\":\"2024-10-24T06:32:38+00:00\",\"dateModified\":\"2024-10-24T06:39:36+00:00\",\"description\":\"La classe et la beaut\u00e9 sont les symboles que repr\u00e9sentent les vases Rosenthal. Les nouvelles collections regardent le pass\u00e9 avec admiration, mais\",\"breadcrumb\":{\"@id\":\"https:\/\/www.erresse-shop.it\/fr\/shop\/ameublement-maison\/vases-fr\/rosenthal-vase-en-verre-silvana-33-cm-aqua\/#breadcrumb\"},\"inLanguage\":\"fr-FR\",\"potentialAction\":[{\"@type\":\"ReadAction\",\"target\":[\"https:\/\/www.erresse-shop.it\/fr\/shop\/ameublement-maison\/vases-fr\/rosenthal-vase-en-verre-silvana-33-cm-aqua\/\"]}]},{\"@type\":\"BreadcrumbList\",\"@id\":\"https:\/\/www.erresse-shop.it\/fr\/shop\/ameublement-maison\/vases-fr\/rosenthal-vase-en-verre-silvana-33-cm-aqua\/#breadcrumb\",\"itemListElement\":[{\"@type\":\"ListItem\",\"position\":1,\"name\":\"Home\",\"item\":\"https:\/\/www.erresse-shop.it\/fr\/\"},{\"@type\":\"ListItem\",\"position\":2,\"name\":\"Shop\",\"item\":\"https:\/\/www.erresse-shop.it\/fr\/shop\/\"},{\"@type\":\"ListItem\",\"position\":3,\"name\":\"ROSENTHAL Vase en verre Silvana 33 cm Aqua\"}]},{\"@type\":\"WebSite\",\"@id\":\"https:\/\/www.erresse-shop.it\/fr\/#website\",\"url\":\"https:\/\/www.erresse-shop.it\/fr\/\",\"name\":\"Erresse Shop\",\"description\":\"Articoli di qualit\u00e0 per la casa\",\"potentialAction\":[{\"@type\":\"SearchAction\",\"target\":{\"@type\":\"EntryPoint\",\"urlTemplate\":\"https:\/\/www.erresse-shop.it\/fr\/?s={search_term_string}\"},\"query-input\":\"required name=search_term_string\"}],\"inLanguage\":\"fr-FR\"}]}<\/script>\n<!-- \/ Yoast SEO Premium plugin. -->","yoast_head_json":{"title":"ROSENTHAL Vase en verre Silvana 33 cm Aqua - Erresse Shop","description":"La classe et la beaut\u00e9 sont les symboles que repr\u00e9sentent les vases Rosenthal. Les nouvelles collections regardent le pass\u00e9 avec admiration, mais","robots":{"index":"index","follow":"follow","max-snippet":"max-snippet:-1","max-image-preview":"max-image-preview:large","max-video-preview":"max-video-preview:-1"},"canonical":"https:\/\/www.erresse-shop.it\/fr\/shop\/ameublement-maison\/vases-fr\/rosenthal-vase-en-verre-silvana-33-cm-aqua\/","og_locale":"fr_FR","og_type":"article","og_title":"ROSENTHAL Vase en verre Silvana 33 cm Aqua","og_description":"La classe et la beaut\u00e9 sont les symboles que repr\u00e9sentent les vases Rosenthal. Les nouvelles collections regardent le pass\u00e9 avec admiration, mais","og_url":"https:\/\/www.erresse-shop.it\/fr\/shop\/ameublement-maison\/vases-fr\/rosenthal-vase-en-verre-silvana-33-cm-aqua\/","og_site_name":"Erresse Shop","article_modified_time":"2024-10-24T06:39:36+00:00","og_image":[{"width":1200,"height":1200,"url":"https:\/\/www.erresse-shop.it\/wp-content\/uploads\/2024\/10\/ROSENTHAL-Vaso-di-Vetro-Silvana-33-cm-Aqua.jpg","type":"image\/jpeg"}],"twitter_card":"summary_large_image","schema":{"@context":"https:\/\/schema.org","@graph":[{"@type":"WebPage","@id":"https:\/\/www.erresse-shop.it\/fr\/shop\/ameublement-maison\/vases-fr\/rosenthal-vase-en-verre-silvana-33-cm-aqua\/","url":"https:\/\/www.erresse-shop.it\/fr\/shop\/ameublement-maison\/vases-fr\/rosenthal-vase-en-verre-silvana-33-cm-aqua\/","name":"ROSENTHAL Vase en verre Silvana 33 cm Aqua - Erresse Shop","isPartOf":{"@id":"https:\/\/www.erresse-shop.it\/fr\/#website"},"datePublished":"2024-10-24T06:32:38+00:00","dateModified":"2024-10-24T06:39:36+00:00","description":"La classe et la beaut\u00e9 sont les symboles que repr\u00e9sentent les vases Rosenthal. Les nouvelles collections regardent le pass\u00e9 avec admiration, mais","breadcrumb":{"@id":"https:\/\/www.erresse-shop.it\/fr\/shop\/ameublement-maison\/vases-fr\/rosenthal-vase-en-verre-silvana-33-cm-aqua\/#breadcrumb"},"inLanguage":"fr-FR","potentialAction":[{"@type":"ReadAction","target":["https:\/\/www.erresse-shop.it\/fr\/shop\/ameublement-maison\/vases-fr\/rosenthal-vase-en-verre-silvana-33-cm-aqua\/"]}]},{"@type":"BreadcrumbList","@id":"https:\/\/www.erresse-shop.it\/fr\/shop\/ameublement-maison\/vases-fr\/rosenthal-vase-en-verre-silvana-33-cm-aqua\/#breadcrumb","itemListElement":[{"@type":"ListItem","position":1,"name":"Home","item":"https:\/\/www.erresse-shop.it\/fr\/"},{"@type":"ListItem","position":2,"name":"Shop","item":"https:\/\/www.erresse-shop.it\/fr\/shop\/"},{"@type":"ListItem","position":3,"name":"ROSENTHAL Vase en verre Silvana 33 cm Aqua"}]},{"@type":"WebSite","@id":"https:\/\/www.erresse-shop.it\/fr\/#website","url":"https:\/\/www.erresse-shop.it\/fr\/","name":"Erresse Shop","description":"Articoli di qualit\u00e0 per la casa","potentialAction":[{"@type":"SearchAction","target":{"@type":"EntryPoint","urlTemplate":"https:\/\/www.erresse-shop.it\/fr\/?s={search_term_string}"},"query-input":"required name=search_term_string"}],"inLanguage":"fr-FR"}]}},"df_price":119,"df_sale_price":119,"df_regular_price":185,"df_image_link":"https:\/\/www.erresse-shop.it\/wp-content\/uploads\/2024\/10\/ROSENTHAL-Vaso-di-Vetro-Silvana-33-cm-Aqua-300x300.jpg","_links":{"self":[{"href":"https:\/\/www.erresse-shop.it\/fr\/wp-json\/wp\/v2\/product\/440642"}],"collection":[{"href":"https:\/\/www.erresse-shop.it\/fr\/wp-json\/wp\/v2\/product"}],"about":[{"href":"https:\/\/www.erresse-shop.it\/fr\/wp-json\/wp\/v2\/types\/product"}],"wp:featuredmedia":[{"embeddable":true,"href":"https:\/\/www.erresse-shop.it\/fr\/wp-json\/wp\/v2\/media\/440647"}],"wp:attachment":[{"href":"https:\/\/www.erresse-shop.it\/fr\/wp-json\/wp\/v2\/media?parent=440642"}],"wp:term":[{"taxonomy":"product_cat","embeddable":true,"href":"https:\/\/www.erresse-shop.it\/fr\/wp-json\/wp\/v2\/product_cat?post=440642"},{"taxonomy":"product_tag","embeddable":true,"href":"https:\/\/www.erresse-shop.it\/fr\/wp-json\/wp\/v2\/product_tag?post=440642"}],"curies":[{"name":"wp","href":"https:\/\/api.w.org\/{rel}","templated":true}]}}