{"id":439725,"date":"2024-10-15T12:50:25","date_gmt":"2024-10-15T12:50:26","guid":{"rendered":"https:\/\/www.erresse-shop.it\/?post_type=product&#038;p=439725"},"modified":"2025-05-22T12:22:19","modified_gmt":"2025-05-22T12:22:19","slug":"illy-8-paquets-de-30-capsules-compatibles-nespresso-classic","status":"publish","type":"product","link":"https:\/\/www.erresse-shop.it\/fr\/shop\/cafe\/dosettes-et-capsules-de-cafe\/illy-8-paquets-de-30-capsules-compatibles-nespresso-classic\/","title":{"rendered":"ILLY 8 paquets de 30 capsules compatibles Nespresso Classic"},"content":{"rendered":"<p><strong>Pack de 30 capsules, soit un total de 240 capsules combattables* (8 paquets).<\/strong><\/p>\n<p class=\"p1\">*avec la classe\u00a0<a href=\"https:\/\/www.illy.com\/it-it\/shop\/new-capsules-in-alluminio\/capsule-alluminio.html\">machines \u00e0 caf\u00e9<\/a>\u00a0Nespresso\u00ae** Original.<br \/>\n**marque tierce sans lien avec illycaff\u00e8 S.p.A.<\/p>\n<p class=\"p1\"><b>NOTES AROMATIQUES<br \/>\n<\/b><\/p>\n<p class=\"p1\">La nuance de saveur CLASSIQUE du m\u00e9lange unique 100% arabica illy exprime une note sucr\u00e9e et fleurie qui se combine avec des notes de pain grill\u00e9, de caramel et de chocolat. Pour ceux qui pr\u00e9f\u00e8rent une tasse de caf\u00e9 au go\u00fbt doux et velout\u00e9. Pour en profiter au mieux, nous recommandons un volume dans la tasse compris entre 25 et 40 ml pour la variante Espresso.<\/p>\n","protected":false},"excerpt":{"rendered":"<p>Pack de 30 capsules, soit un total de 240 capsules combattables* (8 paquets). *avec la classe\u00a0machines \u00e0 caf\u00e9\u00a0Nespresso\u00ae** Original. **marque<\/p>\n","protected":false},"featured_media":500639,"template":"","meta":{"_acf_changed":false,"inline_featured_image":false},"product_cat":[25350,25391],"product_tag":[12956,23563,23225],"acf":[],"yoast_head":"<!-- This site is optimized with the Yoast SEO Premium plugin v18.6 (Yoast SEO v19.13) - https:\/\/yoast.com\/wordpress\/plugins\/seo\/ -->\n<title>ILLY 8 paquets de 30 capsules compatibles Nespresso Classic - Erresse Shop<\/title>\n<meta name=\"description\" content=\"Pack de 30 capsules, soit un total de 240 capsules combattables* (8 paquets). *avec la classe\u00a0machines \u00e0 caf\u00e9\u00a0Nespresso\u00ae** Original. **marque tierce sans\" \/>\n<meta name=\"robots\" content=\"index, follow, max-snippet:-1, max-image-preview:large, max-video-preview:-1\" \/>\n<link rel=\"canonical\" href=\"https:\/\/www.erresse-shop.it\/fr\/shop\/cafe\/dosettes-et-capsules-de-cafe\/illy-8-paquets-de-30-capsules-compatibles-nespresso-classic\/\" \/>\n<meta property=\"og:locale\" content=\"fr_FR\" \/>\n<meta property=\"og:type\" content=\"article\" \/>\n<meta property=\"og:title\" content=\"ILLY 8 paquets de 30 capsules compatibles Nespresso Classic\" \/>\n<meta property=\"og:description\" content=\"Pack de 30 capsules, soit un total de 240 capsules combattables* (8 paquets). *avec la classe\u00a0machines \u00e0 caf\u00e9\u00a0Nespresso\u00ae** Original. **marque tierce sans\" \/>\n<meta property=\"og:url\" content=\"https:\/\/www.erresse-shop.it\/fr\/shop\/cafe\/dosettes-et-capsules-de-cafe\/illy-8-paquets-de-30-capsules-compatibles-nespresso-classic\/\" \/>\n<meta property=\"og:site_name\" content=\"Erresse Shop\" \/>\n<meta property=\"article:modified_time\" content=\"2025-05-22T12:22:19+00:00\" \/>\n<meta property=\"og:image\" content=\"https:\/\/www.erresse-shop.it\/wp-content\/uploads\/2024\/10\/ILLY-8-Confezioni-30-Capsule-Compatibili-Nespresso-Classico.jpg\" \/>\n\t<meta property=\"og:image:width\" content=\"1200\" \/>\n\t<meta property=\"og:image:height\" content=\"1200\" \/>\n\t<meta property=\"og:image:type\" content=\"image\/jpeg\" \/>\n<meta name=\"twitter:card\" content=\"summary_large_image\" \/>\n<script type=\"application\/ld+json\" class=\"yoast-schema-graph\">{\"@context\":\"https:\/\/schema.org\",\"@graph\":[{\"@type\":\"WebPage\",\"@id\":\"https:\/\/www.erresse-shop.it\/fr\/shop\/cafe\/dosettes-et-capsules-de-cafe\/illy-8-paquets-de-30-capsules-compatibles-nespresso-classic\/\",\"url\":\"https:\/\/www.erresse-shop.it\/fr\/shop\/cafe\/dosettes-et-capsules-de-cafe\/illy-8-paquets-de-30-capsules-compatibles-nespresso-classic\/\",\"name\":\"ILLY 8 paquets de 30 capsules compatibles Nespresso Classic - Erresse Shop\",\"isPartOf\":{\"@id\":\"https:\/\/www.erresse-shop.it\/fr\/#website\"},\"datePublished\":\"2024-10-15T12:50:26+00:00\",\"dateModified\":\"2025-05-22T12:22:19+00:00\",\"description\":\"Pack de 30 capsules, soit un total de 240 capsules combattables* (8 paquets). *avec la classe\u00a0machines \u00e0 caf\u00e9\u00a0Nespresso\u00ae** Original. **marque tierce sans\",\"breadcrumb\":{\"@id\":\"https:\/\/www.erresse-shop.it\/fr\/shop\/cafe\/dosettes-et-capsules-de-cafe\/illy-8-paquets-de-30-capsules-compatibles-nespresso-classic\/#breadcrumb\"},\"inLanguage\":\"fr-FR\",\"potentialAction\":[{\"@type\":\"ReadAction\",\"target\":[\"https:\/\/www.erresse-shop.it\/fr\/shop\/cafe\/dosettes-et-capsules-de-cafe\/illy-8-paquets-de-30-capsules-compatibles-nespresso-classic\/\"]}]},{\"@type\":\"BreadcrumbList\",\"@id\":\"https:\/\/www.erresse-shop.it\/fr\/shop\/cafe\/dosettes-et-capsules-de-cafe\/illy-8-paquets-de-30-capsules-compatibles-nespresso-classic\/#breadcrumb\",\"itemListElement\":[{\"@type\":\"ListItem\",\"position\":1,\"name\":\"Home\",\"item\":\"https:\/\/www.erresse-shop.it\/fr\/\"},{\"@type\":\"ListItem\",\"position\":2,\"name\":\"Shop\",\"item\":\"https:\/\/www.erresse-shop.it\/fr\/shop\/\"},{\"@type\":\"ListItem\",\"position\":3,\"name\":\"ILLY 8 paquets de 30 capsules compatibles Nespresso Classic\"}]},{\"@type\":\"WebSite\",\"@id\":\"https:\/\/www.erresse-shop.it\/fr\/#website\",\"url\":\"https:\/\/www.erresse-shop.it\/fr\/\",\"name\":\"Erresse Shop\",\"description\":\"Articoli di qualit\u00e0 per la casa\",\"potentialAction\":[{\"@type\":\"SearchAction\",\"target\":{\"@type\":\"EntryPoint\",\"urlTemplate\":\"https:\/\/www.erresse-shop.it\/fr\/?s={search_term_string}\"},\"query-input\":\"required name=search_term_string\"}],\"inLanguage\":\"fr-FR\"}]}<\/script>\n<!-- \/ Yoast SEO Premium plugin. -->","yoast_head_json":{"title":"ILLY 8 paquets de 30 capsules compatibles Nespresso Classic - Erresse Shop","description":"Pack de 30 capsules, soit un total de 240 capsules combattables* (8 paquets). *avec la classe\u00a0machines \u00e0 caf\u00e9\u00a0Nespresso\u00ae** Original. **marque tierce sans","robots":{"index":"index","follow":"follow","max-snippet":"max-snippet:-1","max-image-preview":"max-image-preview:large","max-video-preview":"max-video-preview:-1"},"canonical":"https:\/\/www.erresse-shop.it\/fr\/shop\/cafe\/dosettes-et-capsules-de-cafe\/illy-8-paquets-de-30-capsules-compatibles-nespresso-classic\/","og_locale":"fr_FR","og_type":"article","og_title":"ILLY 8 paquets de 30 capsules compatibles Nespresso Classic","og_description":"Pack de 30 capsules, soit un total de 240 capsules combattables* (8 paquets). *avec la classe\u00a0machines \u00e0 caf\u00e9\u00a0Nespresso\u00ae** Original. **marque tierce sans","og_url":"https:\/\/www.erresse-shop.it\/fr\/shop\/cafe\/dosettes-et-capsules-de-cafe\/illy-8-paquets-de-30-capsules-compatibles-nespresso-classic\/","og_site_name":"Erresse Shop","article_modified_time":"2025-05-22T12:22:19+00:00","og_image":[{"width":1200,"height":1200,"url":"https:\/\/www.erresse-shop.it\/wp-content\/uploads\/2024\/10\/ILLY-8-Confezioni-30-Capsule-Compatibili-Nespresso-Classico.jpg","type":"image\/jpeg"}],"twitter_card":"summary_large_image","schema":{"@context":"https:\/\/schema.org","@graph":[{"@type":"WebPage","@id":"https:\/\/www.erresse-shop.it\/fr\/shop\/cafe\/dosettes-et-capsules-de-cafe\/illy-8-paquets-de-30-capsules-compatibles-nespresso-classic\/","url":"https:\/\/www.erresse-shop.it\/fr\/shop\/cafe\/dosettes-et-capsules-de-cafe\/illy-8-paquets-de-30-capsules-compatibles-nespresso-classic\/","name":"ILLY 8 paquets de 30 capsules compatibles Nespresso Classic - Erresse Shop","isPartOf":{"@id":"https:\/\/www.erresse-shop.it\/fr\/#website"},"datePublished":"2024-10-15T12:50:26+00:00","dateModified":"2025-05-22T12:22:19+00:00","description":"Pack de 30 capsules, soit un total de 240 capsules combattables* (8 paquets). *avec la classe\u00a0machines \u00e0 caf\u00e9\u00a0Nespresso\u00ae** Original. **marque tierce sans","breadcrumb":{"@id":"https:\/\/www.erresse-shop.it\/fr\/shop\/cafe\/dosettes-et-capsules-de-cafe\/illy-8-paquets-de-30-capsules-compatibles-nespresso-classic\/#breadcrumb"},"inLanguage":"fr-FR","potentialAction":[{"@type":"ReadAction","target":["https:\/\/www.erresse-shop.it\/fr\/shop\/cafe\/dosettes-et-capsules-de-cafe\/illy-8-paquets-de-30-capsules-compatibles-nespresso-classic\/"]}]},{"@type":"BreadcrumbList","@id":"https:\/\/www.erresse-shop.it\/fr\/shop\/cafe\/dosettes-et-capsules-de-cafe\/illy-8-paquets-de-30-capsules-compatibles-nespresso-classic\/#breadcrumb","itemListElement":[{"@type":"ListItem","position":1,"name":"Home","item":"https:\/\/www.erresse-shop.it\/fr\/"},{"@type":"ListItem","position":2,"name":"Shop","item":"https:\/\/www.erresse-shop.it\/fr\/shop\/"},{"@type":"ListItem","position":3,"name":"ILLY 8 paquets de 30 capsules compatibles Nespresso Classic"}]},{"@type":"WebSite","@id":"https:\/\/www.erresse-shop.it\/fr\/#website","url":"https:\/\/www.erresse-shop.it\/fr\/","name":"Erresse Shop","description":"Articoli di qualit\u00e0 per la casa","potentialAction":[{"@type":"SearchAction","target":{"@type":"EntryPoint","urlTemplate":"https:\/\/www.erresse-shop.it\/fr\/?s={search_term_string}"},"query-input":"required name=search_term_string"}],"inLanguage":"fr-FR"}]}},"df_price":133.52,"df_sale_price":133.52,"df_regular_price":133.52,"df_image_link":"https:\/\/www.erresse-shop.it\/wp-content\/uploads\/2024\/10\/ILLY-8-Confezioni-30-Capsule-Compatibili-Nespresso-Classico-300x300.jpg","_links":{"self":[{"href":"https:\/\/www.erresse-shop.it\/fr\/wp-json\/wp\/v2\/product\/439725"}],"collection":[{"href":"https:\/\/www.erresse-shop.it\/fr\/wp-json\/wp\/v2\/product"}],"about":[{"href":"https:\/\/www.erresse-shop.it\/fr\/wp-json\/wp\/v2\/types\/product"}],"wp:featuredmedia":[{"embeddable":true,"href":"https:\/\/www.erresse-shop.it\/fr\/wp-json\/wp\/v2\/media\/500639"}],"wp:attachment":[{"href":"https:\/\/www.erresse-shop.it\/fr\/wp-json\/wp\/v2\/media?parent=439725"}],"wp:term":[{"taxonomy":"product_cat","embeddable":true,"href":"https:\/\/www.erresse-shop.it\/fr\/wp-json\/wp\/v2\/product_cat?post=439725"},{"taxonomy":"product_tag","embeddable":true,"href":"https:\/\/www.erresse-shop.it\/fr\/wp-json\/wp\/v2\/product_tag?post=439725"}],"curies":[{"name":"wp","href":"https:\/\/api.w.org\/{rel}","templated":true}]}}