{"id":439537,"date":"2024-10-14T14:22:27","date_gmt":"2024-10-14T14:22:28","guid":{"rendered":"https:\/\/www.erresse-shop.it\/?post_type=product&#038;p=439537"},"modified":"2025-01-14T17:46:51","modified_gmt":"2025-01-14T17:46:51","slug":"gastrolux-poele-a-frire-basse-induction-squality-28-cm-rouge","status":"publish","type":"product","link":"https:\/\/www.erresse-shop.it\/fr\/shop\/poeles-pots\/poeles\/gastrolux-poele-a-frire-basse-induction-squality-28-cm-rouge\/","title":{"rendered":"GASTROLUX Po\u00eale \u00e0 Frire Basse Induction Squality 28 cm Rouge"},"content":{"rendered":"<p>La batterie de cuisine antiadh\u00e9sive \u00e0 l&#8217;\u00e9preuve des chefs ! Gastrolux est la premi\u00e8re batterie de cuisine produite gr\u00e2ce \u00e0 l&#8217;application de la nanotechnologie, d\u00e9j\u00e0 utilis\u00e9e en astrophysique et, depuis peu, en chirurgie. Le tout nouveau syst\u00e8me consiste \u00e0 projeter des microparticules sur la surface \u00e0 traiter \u00e0 deux fois la vitesse du son et \u00e0 des temp\u00e9ratures extr\u00eamement \u00e9lev\u00e9es. Cette technologie mol\u00e9culaire est enrichie par BIOTAN : un traitement de surface antiadh\u00e9sif \u00e0 base de bioorganismes naturels qui garantit une duret\u00e9 extraordinaire et une r\u00e9sistance \u00e9lev\u00e9e \u00e0 l&#8217;absorption d&#8217;huile, cr\u00e9ant ainsi un syst\u00e8me de cuisson pratique et sain pour une cuisine nutritive et savoureuse. Po\u00eale antiadh\u00e9sive avec fond thermique ind\u00e9formable pour la distribution de la chaleur et l&#8217;\u00e9conomie d&#8217;\u00e9nergie. Corps en fonte d&#8217;aluminium avec bord renforc\u00e9 antichoc et poign\u00e9e suppl\u00e9mentaire confortable. La po\u00eale Squality, dot\u00e9e de notre rev\u00eatement antiadh\u00e9sif unique BIOTAN Plus, chauffe tr\u00e8s rapidement.<\/p>\n<ul>\n<li>Technologie du rev\u00eatement antiadh\u00e9sif BIOTAN de Gastrolux<\/li>\n<li>Base antiadh\u00e9sive de 8 mm d&#8217;\u00e9paisseur<\/li>\n<li>Distribution et r\u00e9tention optimales de la chaleur<\/li>\n<li>Fixation brevet\u00e9e de la poign\u00e9e selon DIN<\/li>\n<li>Bord verseur stable<\/li>\n<li>Poign\u00e9e de soutien<\/li>\n<li>Poign\u00e9es et boutons ergonomiques Peut \u00eatre utilis\u00e9 dans des fours jusqu&#8217;\u00e0 500 \u00b0F<\/li>\n<li>Chaque produit a un num\u00e9ro de contr\u00f4le de qualit\u00e9 unique<\/li>\n<li>Sans PFOA ni PFOS<\/li>\n<li>Facile \u00e0 nettoyer<\/li>\n<li>Lavable au lave-vaisselle<\/li>\n<\/ul>\n","protected":false},"excerpt":{"rendered":"<p>La batterie de cuisine antiadh\u00e9sive \u00e0 l&#8217;\u00e9preuve des chefs ! Gastrolux est la premi\u00e8re batterie de cuisine produite gr\u00e2ce \u00e0<\/p>\n","protected":false},"featured_media":439542,"template":"","meta":{"_acf_changed":false,"inline_featured_image":false},"product_cat":[12458,14802],"product_tag":[15302,22672,12461,22673,13178,13273],"acf":[],"yoast_head":"<!-- This site is optimized with the Yoast SEO Premium plugin v18.6 (Yoast SEO v19.13) - https:\/\/yoast.com\/wordpress\/plugins\/seo\/ -->\n<title>GASTROLUX Po\u00eale \u00e0 Frire Basse Induction Squality 28 cm Rouge<\/title>\n<meta name=\"description\" content=\"D\u00e9couvrez GASTROLUX Po\u00eale \u00e0 Frire Basse Induction Squality 28 cm Rouge sur ErresseShop. Qualit\u00e9, prix r\u00e9duits et achat s\u00e9curis\u00e9 \u2013 commandez d\u00e8s maintenant en ligne !\" \/>\n<meta name=\"robots\" content=\"index, follow, max-snippet:-1, max-image-preview:large, max-video-preview:-1\" \/>\n<link rel=\"canonical\" href=\"https:\/\/www.erresse-shop.it\/fr\/shop\/poeles-pots\/poeles\/gastrolux-poele-a-frire-basse-induction-squality-28-cm-rouge\/\" \/>\n<meta property=\"og:locale\" content=\"fr_FR\" \/>\n<meta property=\"og:type\" content=\"article\" \/>\n<meta property=\"og:title\" content=\"GASTROLUX Po\u00eale \u00e0 Frire Basse Induction Squality 28 cm Rouge\" \/>\n<meta property=\"og:description\" content=\"D\u00e9couvrez GASTROLUX Po\u00eale \u00e0 Frire Basse Induction Squality 28 cm Rouge sur ErresseShop. Qualit\u00e9, prix r\u00e9duits et achat s\u00e9curis\u00e9 \u2013 commandez d\u00e8s maintenant en ligne !\" \/>\n<meta property=\"og:url\" content=\"https:\/\/www.erresse-shop.it\/fr\/shop\/poeles-pots\/poeles\/gastrolux-poele-a-frire-basse-induction-squality-28-cm-rouge\/\" \/>\n<meta property=\"og:site_name\" content=\"Erresse Shop\" \/>\n<meta property=\"article:modified_time\" content=\"2025-01-14T17:46:51+00:00\" \/>\n<meta property=\"og:image\" content=\"https:\/\/www.erresse-shop.it\/wp-content\/uploads\/2024\/10\/GASTROLUX-Squality-Padella-Bassa-Induzione-28-cm-Rosso.jpg\" \/>\n\t<meta property=\"og:image:width\" content=\"1200\" \/>\n\t<meta property=\"og:image:height\" content=\"1200\" \/>\n\t<meta property=\"og:image:type\" content=\"image\/jpeg\" \/>\n<meta name=\"twitter:card\" content=\"summary_large_image\" \/>\n<script type=\"application\/ld+json\" class=\"yoast-schema-graph\">{\"@context\":\"https:\/\/schema.org\",\"@graph\":[{\"@type\":\"WebPage\",\"@id\":\"https:\/\/www.erresse-shop.it\/fr\/shop\/poeles-pots\/poeles\/gastrolux-poele-a-frire-basse-induction-squality-28-cm-rouge\/\",\"url\":\"https:\/\/www.erresse-shop.it\/fr\/shop\/poeles-pots\/poeles\/gastrolux-poele-a-frire-basse-induction-squality-28-cm-rouge\/\",\"name\":\"GASTROLUX Po\u00eale \u00e0 Frire Basse Induction Squality 28 cm Rouge\",\"isPartOf\":{\"@id\":\"https:\/\/www.erresse-shop.it\/fr\/#website\"},\"datePublished\":\"2024-10-14T14:22:28+00:00\",\"dateModified\":\"2025-01-14T17:46:51+00:00\",\"description\":\"D\u00e9couvrez GASTROLUX Po\u00eale \u00e0 Frire Basse Induction Squality 28 cm Rouge sur ErresseShop. Qualit\u00e9, prix r\u00e9duits et achat s\u00e9curis\u00e9 \u2013 commandez d\u00e8s maintenant en ligne !\",\"breadcrumb\":{\"@id\":\"https:\/\/www.erresse-shop.it\/fr\/shop\/poeles-pots\/poeles\/gastrolux-poele-a-frire-basse-induction-squality-28-cm-rouge\/#breadcrumb\"},\"inLanguage\":\"fr-FR\",\"potentialAction\":[{\"@type\":\"ReadAction\",\"target\":[\"https:\/\/www.erresse-shop.it\/fr\/shop\/poeles-pots\/poeles\/gastrolux-poele-a-frire-basse-induction-squality-28-cm-rouge\/\"]}]},{\"@type\":\"BreadcrumbList\",\"@id\":\"https:\/\/www.erresse-shop.it\/fr\/shop\/poeles-pots\/poeles\/gastrolux-poele-a-frire-basse-induction-squality-28-cm-rouge\/#breadcrumb\",\"itemListElement\":[{\"@type\":\"ListItem\",\"position\":1,\"name\":\"Home\",\"item\":\"https:\/\/www.erresse-shop.it\/fr\/\"},{\"@type\":\"ListItem\",\"position\":2,\"name\":\"Shop\",\"item\":\"https:\/\/www.erresse-shop.it\/fr\/shop\/\"},{\"@type\":\"ListItem\",\"position\":3,\"name\":\"GASTROLUX Po\u00eale \u00e0 Frire Basse Induction Squality 28 cm Rouge\"}]},{\"@type\":\"WebSite\",\"@id\":\"https:\/\/www.erresse-shop.it\/fr\/#website\",\"url\":\"https:\/\/www.erresse-shop.it\/fr\/\",\"name\":\"Erresse Shop\",\"description\":\"Articoli di qualit\u00e0 per la casa\",\"potentialAction\":[{\"@type\":\"SearchAction\",\"target\":{\"@type\":\"EntryPoint\",\"urlTemplate\":\"https:\/\/www.erresse-shop.it\/fr\/?s={search_term_string}\"},\"query-input\":\"required name=search_term_string\"}],\"inLanguage\":\"fr-FR\"}]}<\/script>\n<!-- \/ Yoast SEO Premium plugin. -->","yoast_head_json":{"title":"GASTROLUX Po\u00eale \u00e0 Frire Basse Induction Squality 28 cm Rouge","description":"D\u00e9couvrez GASTROLUX Po\u00eale \u00e0 Frire Basse Induction Squality 28 cm Rouge sur ErresseShop. Qualit\u00e9, prix r\u00e9duits et achat s\u00e9curis\u00e9 \u2013 commandez d\u00e8s maintenant en ligne !","robots":{"index":"index","follow":"follow","max-snippet":"max-snippet:-1","max-image-preview":"max-image-preview:large","max-video-preview":"max-video-preview:-1"},"canonical":"https:\/\/www.erresse-shop.it\/fr\/shop\/poeles-pots\/poeles\/gastrolux-poele-a-frire-basse-induction-squality-28-cm-rouge\/","og_locale":"fr_FR","og_type":"article","og_title":"GASTROLUX Po\u00eale \u00e0 Frire Basse Induction Squality 28 cm Rouge","og_description":"D\u00e9couvrez GASTROLUX Po\u00eale \u00e0 Frire Basse Induction Squality 28 cm Rouge sur ErresseShop. Qualit\u00e9, prix r\u00e9duits et achat s\u00e9curis\u00e9 \u2013 commandez d\u00e8s maintenant en ligne !","og_url":"https:\/\/www.erresse-shop.it\/fr\/shop\/poeles-pots\/poeles\/gastrolux-poele-a-frire-basse-induction-squality-28-cm-rouge\/","og_site_name":"Erresse Shop","article_modified_time":"2025-01-14T17:46:51+00:00","og_image":[{"width":1200,"height":1200,"url":"https:\/\/www.erresse-shop.it\/wp-content\/uploads\/2024\/10\/GASTROLUX-Squality-Padella-Bassa-Induzione-28-cm-Rosso.jpg","type":"image\/jpeg"}],"twitter_card":"summary_large_image","schema":{"@context":"https:\/\/schema.org","@graph":[{"@type":"WebPage","@id":"https:\/\/www.erresse-shop.it\/fr\/shop\/poeles-pots\/poeles\/gastrolux-poele-a-frire-basse-induction-squality-28-cm-rouge\/","url":"https:\/\/www.erresse-shop.it\/fr\/shop\/poeles-pots\/poeles\/gastrolux-poele-a-frire-basse-induction-squality-28-cm-rouge\/","name":"GASTROLUX Po\u00eale \u00e0 Frire Basse Induction Squality 28 cm Rouge","isPartOf":{"@id":"https:\/\/www.erresse-shop.it\/fr\/#website"},"datePublished":"2024-10-14T14:22:28+00:00","dateModified":"2025-01-14T17:46:51+00:00","description":"D\u00e9couvrez GASTROLUX Po\u00eale \u00e0 Frire Basse Induction Squality 28 cm Rouge sur ErresseShop. Qualit\u00e9, prix r\u00e9duits et achat s\u00e9curis\u00e9 \u2013 commandez d\u00e8s maintenant en ligne !","breadcrumb":{"@id":"https:\/\/www.erresse-shop.it\/fr\/shop\/poeles-pots\/poeles\/gastrolux-poele-a-frire-basse-induction-squality-28-cm-rouge\/#breadcrumb"},"inLanguage":"fr-FR","potentialAction":[{"@type":"ReadAction","target":["https:\/\/www.erresse-shop.it\/fr\/shop\/poeles-pots\/poeles\/gastrolux-poele-a-frire-basse-induction-squality-28-cm-rouge\/"]}]},{"@type":"BreadcrumbList","@id":"https:\/\/www.erresse-shop.it\/fr\/shop\/poeles-pots\/poeles\/gastrolux-poele-a-frire-basse-induction-squality-28-cm-rouge\/#breadcrumb","itemListElement":[{"@type":"ListItem","position":1,"name":"Home","item":"https:\/\/www.erresse-shop.it\/fr\/"},{"@type":"ListItem","position":2,"name":"Shop","item":"https:\/\/www.erresse-shop.it\/fr\/shop\/"},{"@type":"ListItem","position":3,"name":"GASTROLUX Po\u00eale \u00e0 Frire Basse Induction Squality 28 cm Rouge"}]},{"@type":"WebSite","@id":"https:\/\/www.erresse-shop.it\/fr\/#website","url":"https:\/\/www.erresse-shop.it\/fr\/","name":"Erresse Shop","description":"Articoli di qualit\u00e0 per la casa","potentialAction":[{"@type":"SearchAction","target":{"@type":"EntryPoint","urlTemplate":"https:\/\/www.erresse-shop.it\/fr\/?s={search_term_string}"},"query-input":"required name=search_term_string"}],"inLanguage":"fr-FR"}]}},"df_price":89,"df_sale_price":89,"df_regular_price":164,"df_image_link":"https:\/\/www.erresse-shop.it\/wp-content\/uploads\/2024\/10\/GASTROLUX-Squality-Padella-Bassa-Induzione-28-cm-Rosso-300x300.jpg","_links":{"self":[{"href":"https:\/\/www.erresse-shop.it\/fr\/wp-json\/wp\/v2\/product\/439537"}],"collection":[{"href":"https:\/\/www.erresse-shop.it\/fr\/wp-json\/wp\/v2\/product"}],"about":[{"href":"https:\/\/www.erresse-shop.it\/fr\/wp-json\/wp\/v2\/types\/product"}],"wp:featuredmedia":[{"embeddable":true,"href":"https:\/\/www.erresse-shop.it\/fr\/wp-json\/wp\/v2\/media\/439542"}],"wp:attachment":[{"href":"https:\/\/www.erresse-shop.it\/fr\/wp-json\/wp\/v2\/media?parent=439537"}],"wp:term":[{"taxonomy":"product_cat","embeddable":true,"href":"https:\/\/www.erresse-shop.it\/fr\/wp-json\/wp\/v2\/product_cat?post=439537"},{"taxonomy":"product_tag","embeddable":true,"href":"https:\/\/www.erresse-shop.it\/fr\/wp-json\/wp\/v2\/product_tag?post=439537"}],"curies":[{"name":"wp","href":"https:\/\/api.w.org\/{rel}","templated":true}]}}