{"id":439370,"date":"2024-10-14T10:23:38","date_gmt":"2024-10-14T10:23:39","guid":{"rendered":"https:\/\/www.erresse-shop.it\/?post_type=product&#038;p=439370"},"modified":"2025-01-14T17:46:45","modified_gmt":"2025-01-14T17:46:45","slug":"gastrolux-casserole-ovale-a-induction-46x26-cm","status":"publish","type":"product","link":"https:\/\/www.erresse-shop.it\/fr\/shop\/poeles-pots\/casseroles\/gastrolux-casserole-ovale-a-induction-46x26-cm\/","title":{"rendered":"GASTROLUX Casserole ovale \u00e0 induction 46&#215;26 cm"},"content":{"rendered":"<p>Faites frire votre poisson dans notre bo\u00eete \u00e0 r\u00f4tir plate ou votre r\u00f4ti de b\u0153uf ou de porc dans notre bo\u00eete \u00e0 r\u00f4tir profonde, puis passez-les au four pour les r\u00f4tir \u00e0 nouveau. Parfaitement adapt\u00e9 \u00e0 la plaque de cuisson et au four.<\/p>\n<ul>\n<li>Couvercle en verre de s\u00e9curit\u00e9<\/li>\n<li>Fond ind\u00e9formable de 8 mm d&#8217;\u00e9paisseur<\/li>\n<li>Finition de la surface pour un nettoyage facile<\/li>\n<li>Bouton d&#8217;a\u00e9ration avec diff\u00e9rentes possibilit\u00e9s de r\u00e9glage<\/li>\n<li>Peut \u00eatre utilis\u00e9 dans des fours jusqu&#8217;\u00e0 240 \u00b0C<\/li>\n<\/ul>\n<p>Dimensions (L x P x H) : 46x 26 x 14 cm<\/p>\n","protected":false},"excerpt":{"rendered":"<p>Faites frire votre poisson dans notre bo\u00eete \u00e0 r\u00f4tir plate ou votre r\u00f4ti de b\u0153uf ou de porc dans notre<\/p>\n","protected":false},"featured_media":439364,"template":"","meta":{"_acf_changed":false,"inline_featured_image":false},"product_cat":[12458,14777],"product_tag":[15302,22672,12461,12465,22673],"acf":[],"yoast_head":"<!-- This site is optimized with the Yoast SEO Premium plugin v18.6 (Yoast SEO v19.13) - https:\/\/yoast.com\/wordpress\/plugins\/seo\/ -->\n<title>GASTROLUX Casserole ovale \u00e0 induction 46x26 cm<\/title>\n<meta name=\"description\" content=\"D\u00e9couvrez GASTROLUX Casserole ovale \u00e0 induction 46x26 cm sur ErresseShop. Qualit\u00e9, prix r\u00e9duits et achat s\u00e9curis\u00e9 \u2013 commandez d\u00e8s maintenant en ligne !\" \/>\n<meta name=\"robots\" content=\"index, follow, max-snippet:-1, max-image-preview:large, max-video-preview:-1\" \/>\n<link rel=\"canonical\" href=\"https:\/\/www.erresse-shop.it\/fr\/shop\/poeles-pots\/casseroles\/gastrolux-casserole-ovale-a-induction-46x26-cm\/\" \/>\n<meta property=\"og:locale\" content=\"fr_FR\" \/>\n<meta property=\"og:type\" content=\"article\" \/>\n<meta property=\"og:title\" content=\"GASTROLUX Casserole ovale \u00e0 induction 46x26 cm\" \/>\n<meta property=\"og:description\" content=\"D\u00e9couvrez GASTROLUX Casserole ovale \u00e0 induction 46x26 cm sur ErresseShop. Qualit\u00e9, prix r\u00e9duits et achat s\u00e9curis\u00e9 \u2013 commandez d\u00e8s maintenant en ligne !\" \/>\n<meta property=\"og:url\" content=\"https:\/\/www.erresse-shop.it\/fr\/shop\/poeles-pots\/casseroles\/gastrolux-casserole-ovale-a-induction-46x26-cm\/\" \/>\n<meta property=\"og:site_name\" content=\"Erresse Shop\" \/>\n<meta property=\"article:modified_time\" content=\"2025-01-14T17:46:45+00:00\" \/>\n<meta property=\"og:image\" content=\"https:\/\/www.erresse-shop.it\/wp-content\/uploads\/2024\/10\/GASTROLUX-Casseruola-Ovale-Alta-Induzione-28-cm.jpg\" \/>\n\t<meta property=\"og:image:width\" content=\"1200\" \/>\n\t<meta property=\"og:image:height\" content=\"1200\" \/>\n\t<meta property=\"og:image:type\" content=\"image\/jpeg\" \/>\n<meta name=\"twitter:card\" content=\"summary_large_image\" \/>\n<script type=\"application\/ld+json\" class=\"yoast-schema-graph\">{\"@context\":\"https:\/\/schema.org\",\"@graph\":[{\"@type\":\"WebPage\",\"@id\":\"https:\/\/www.erresse-shop.it\/fr\/shop\/poeles-pots\/casseroles\/gastrolux-casserole-ovale-a-induction-46x26-cm\/\",\"url\":\"https:\/\/www.erresse-shop.it\/fr\/shop\/poeles-pots\/casseroles\/gastrolux-casserole-ovale-a-induction-46x26-cm\/\",\"name\":\"GASTROLUX Casserole ovale \u00e0 induction 46x26 cm\",\"isPartOf\":{\"@id\":\"https:\/\/www.erresse-shop.it\/fr\/#website\"},\"datePublished\":\"2024-10-14T10:23:39+00:00\",\"dateModified\":\"2025-01-14T17:46:45+00:00\",\"description\":\"D\u00e9couvrez GASTROLUX Casserole ovale \u00e0 induction 46x26 cm sur ErresseShop. Qualit\u00e9, prix r\u00e9duits et achat s\u00e9curis\u00e9 \u2013 commandez d\u00e8s maintenant en ligne !\",\"breadcrumb\":{\"@id\":\"https:\/\/www.erresse-shop.it\/fr\/shop\/poeles-pots\/casseroles\/gastrolux-casserole-ovale-a-induction-46x26-cm\/#breadcrumb\"},\"inLanguage\":\"fr-FR\",\"potentialAction\":[{\"@type\":\"ReadAction\",\"target\":[\"https:\/\/www.erresse-shop.it\/fr\/shop\/poeles-pots\/casseroles\/gastrolux-casserole-ovale-a-induction-46x26-cm\/\"]}]},{\"@type\":\"BreadcrumbList\",\"@id\":\"https:\/\/www.erresse-shop.it\/fr\/shop\/poeles-pots\/casseroles\/gastrolux-casserole-ovale-a-induction-46x26-cm\/#breadcrumb\",\"itemListElement\":[{\"@type\":\"ListItem\",\"position\":1,\"name\":\"Home\",\"item\":\"https:\/\/www.erresse-shop.it\/fr\/\"},{\"@type\":\"ListItem\",\"position\":2,\"name\":\"Shop\",\"item\":\"https:\/\/www.erresse-shop.it\/fr\/shop\/\"},{\"@type\":\"ListItem\",\"position\":3,\"name\":\"GASTROLUX Casserole ovale \u00e0 induction 46&#215;26 cm\"}]},{\"@type\":\"WebSite\",\"@id\":\"https:\/\/www.erresse-shop.it\/fr\/#website\",\"url\":\"https:\/\/www.erresse-shop.it\/fr\/\",\"name\":\"Erresse Shop\",\"description\":\"Articoli di qualit\u00e0 per la casa\",\"potentialAction\":[{\"@type\":\"SearchAction\",\"target\":{\"@type\":\"EntryPoint\",\"urlTemplate\":\"https:\/\/www.erresse-shop.it\/fr\/?s={search_term_string}\"},\"query-input\":\"required name=search_term_string\"}],\"inLanguage\":\"fr-FR\"}]}<\/script>\n<!-- \/ Yoast SEO Premium plugin. -->","yoast_head_json":{"title":"GASTROLUX Casserole ovale \u00e0 induction 46x26 cm","description":"D\u00e9couvrez GASTROLUX Casserole ovale \u00e0 induction 46x26 cm sur ErresseShop. Qualit\u00e9, prix r\u00e9duits et achat s\u00e9curis\u00e9 \u2013 commandez d\u00e8s maintenant en ligne !","robots":{"index":"index","follow":"follow","max-snippet":"max-snippet:-1","max-image-preview":"max-image-preview:large","max-video-preview":"max-video-preview:-1"},"canonical":"https:\/\/www.erresse-shop.it\/fr\/shop\/poeles-pots\/casseroles\/gastrolux-casserole-ovale-a-induction-46x26-cm\/","og_locale":"fr_FR","og_type":"article","og_title":"GASTROLUX Casserole ovale \u00e0 induction 46x26 cm","og_description":"D\u00e9couvrez GASTROLUX Casserole ovale \u00e0 induction 46x26 cm sur ErresseShop. Qualit\u00e9, prix r\u00e9duits et achat s\u00e9curis\u00e9 \u2013 commandez d\u00e8s maintenant en ligne !","og_url":"https:\/\/www.erresse-shop.it\/fr\/shop\/poeles-pots\/casseroles\/gastrolux-casserole-ovale-a-induction-46x26-cm\/","og_site_name":"Erresse Shop","article_modified_time":"2025-01-14T17:46:45+00:00","og_image":[{"width":1200,"height":1200,"url":"https:\/\/www.erresse-shop.it\/wp-content\/uploads\/2024\/10\/GASTROLUX-Casseruola-Ovale-Alta-Induzione-28-cm.jpg","type":"image\/jpeg"}],"twitter_card":"summary_large_image","schema":{"@context":"https:\/\/schema.org","@graph":[{"@type":"WebPage","@id":"https:\/\/www.erresse-shop.it\/fr\/shop\/poeles-pots\/casseroles\/gastrolux-casserole-ovale-a-induction-46x26-cm\/","url":"https:\/\/www.erresse-shop.it\/fr\/shop\/poeles-pots\/casseroles\/gastrolux-casserole-ovale-a-induction-46x26-cm\/","name":"GASTROLUX Casserole ovale \u00e0 induction 46x26 cm","isPartOf":{"@id":"https:\/\/www.erresse-shop.it\/fr\/#website"},"datePublished":"2024-10-14T10:23:39+00:00","dateModified":"2025-01-14T17:46:45+00:00","description":"D\u00e9couvrez GASTROLUX Casserole ovale \u00e0 induction 46x26 cm sur ErresseShop. Qualit\u00e9, prix r\u00e9duits et achat s\u00e9curis\u00e9 \u2013 commandez d\u00e8s maintenant en ligne !","breadcrumb":{"@id":"https:\/\/www.erresse-shop.it\/fr\/shop\/poeles-pots\/casseroles\/gastrolux-casserole-ovale-a-induction-46x26-cm\/#breadcrumb"},"inLanguage":"fr-FR","potentialAction":[{"@type":"ReadAction","target":["https:\/\/www.erresse-shop.it\/fr\/shop\/poeles-pots\/casseroles\/gastrolux-casserole-ovale-a-induction-46x26-cm\/"]}]},{"@type":"BreadcrumbList","@id":"https:\/\/www.erresse-shop.it\/fr\/shop\/poeles-pots\/casseroles\/gastrolux-casserole-ovale-a-induction-46x26-cm\/#breadcrumb","itemListElement":[{"@type":"ListItem","position":1,"name":"Home","item":"https:\/\/www.erresse-shop.it\/fr\/"},{"@type":"ListItem","position":2,"name":"Shop","item":"https:\/\/www.erresse-shop.it\/fr\/shop\/"},{"@type":"ListItem","position":3,"name":"GASTROLUX Casserole ovale \u00e0 induction 46&#215;26 cm"}]},{"@type":"WebSite","@id":"https:\/\/www.erresse-shop.it\/fr\/#website","url":"https:\/\/www.erresse-shop.it\/fr\/","name":"Erresse Shop","description":"Articoli di qualit\u00e0 per la casa","potentialAction":[{"@type":"SearchAction","target":{"@type":"EntryPoint","urlTemplate":"https:\/\/www.erresse-shop.it\/fr\/?s={search_term_string}"},"query-input":"required name=search_term_string"}],"inLanguage":"fr-FR"}]}},"df_price":129.99,"df_sale_price":129.99,"df_regular_price":269,"df_image_link":"https:\/\/www.erresse-shop.it\/wp-content\/uploads\/2024\/10\/GASTROLUX-Casseruola-Ovale-Alta-Induzione-28-cm-300x300.jpg","_links":{"self":[{"href":"https:\/\/www.erresse-shop.it\/fr\/wp-json\/wp\/v2\/product\/439370"}],"collection":[{"href":"https:\/\/www.erresse-shop.it\/fr\/wp-json\/wp\/v2\/product"}],"about":[{"href":"https:\/\/www.erresse-shop.it\/fr\/wp-json\/wp\/v2\/types\/product"}],"wp:featuredmedia":[{"embeddable":true,"href":"https:\/\/www.erresse-shop.it\/fr\/wp-json\/wp\/v2\/media\/439364"}],"wp:attachment":[{"href":"https:\/\/www.erresse-shop.it\/fr\/wp-json\/wp\/v2\/media?parent=439370"}],"wp:term":[{"taxonomy":"product_cat","embeddable":true,"href":"https:\/\/www.erresse-shop.it\/fr\/wp-json\/wp\/v2\/product_cat?post=439370"},{"taxonomy":"product_tag","embeddable":true,"href":"https:\/\/www.erresse-shop.it\/fr\/wp-json\/wp\/v2\/product_tag?post=439370"}],"curies":[{"name":"wp","href":"https:\/\/api.w.org\/{rel}","templated":true}]}}