{"id":439178,"date":"2024-10-14T07:21:04","date_gmt":"2024-10-14T07:21:05","guid":{"rendered":"https:\/\/www.erresse-shop.it\/?post_type=product&#038;p=439178"},"modified":"2024-10-16T06:24:04","modified_gmt":"2024-10-16T06:24:04","slug":"staub-cocotte-artichaut-basilic-13-cm","status":"publish","type":"product","link":"https:\/\/www.erresse-shop.it\/fr\/shop\/poeles-pots\/marmites-et-cocottes-poeles-pots\/staub-cocotte-artichaut-basilic-13-cm\/","title":{"rendered":"STAUB Cocotte Artichaut Basilic 13 cm"},"content":{"rendered":"<p>Enracin\u00e9e dans le patrimoine culinaire fran\u00e7ais, Staub est une marque appr\u00e9ci\u00e9e des professionnels et des chefs amateurs pour sa qualit\u00e9 de fabrication, ses performances exceptionnelles et sa beaut\u00e9 intemporelle. Avec sa magnifique finition en porcelaine \u00e9maill\u00e9e de couleur basilic et son motif d&#8217;artichaut complexe, la petite cocotte d&#8217;artichaut de 4,7 L est un d\u00e9licieux ajout \u00e0 votre table printani\u00e8re. Servez avec style les sauces piquantes, les sauces fra\u00eeches et les cr\u00e8mes sal\u00e9es. Cuisinez et servez facilement une sauce aux artichauts dans une m\u00eame assiette : ce joli bol en c\u00e9ramique est \u00e9galement parfait pour pr\u00e9senter vos plats. La c\u00e9ramique r\u00e9partit la chaleur uniform\u00e9ment, pour des plats parfaitement cuits. La plupart du temps, la couche d&#8217;\u00e9mail en porcelaine emp\u00eache l&#8217;absorption d&#8217;humidit\u00e9 pendant la cuisson, afin que les aliments ne se dess\u00e8chent pas. Cet adorable artichaut passe avec \u00e9l\u00e9gance et sans effort du four \u00e0 la table. C&#8217;est un cadeau m\u00e9morable pour les amateurs de l\u00e9gumes, ceux qui vont souvent au march\u00e9 bio et ceux qui ont un jardin potager.<\/p>\n<ul>\n<li>Design artistique d&#8217;artichaut &#8211; inspir\u00e9 par la nature<\/li>\n<li>Artisanat traditionnel combin\u00e9 \u00e0 la plus haute qualit\u00e9, fini \u00e0 la main<\/li>\n<li>Un service \u00e9l\u00e9gant et unique en son genre<\/li>\n<li>Fabriqu\u00e9 en gr\u00e8s : id\u00e9al pour une cuisine authentique et des r\u00e9sultats savoureux<\/li>\n<li>Il peut \u00eatre utilis\u00e9 au four et au micro-ondes<\/li>\n<li>Avec couvercle, passe au cong\u00e9lateur<\/li>\n<li>Passe au lave-vaisselle<\/li>\n<\/ul>\n<p>Marque : Staub<br \/>\nMat\u00e9riel: C\u00e9ramique<br \/>\nCouleur : Basilic<br \/>\nDimensions : 17 x 13 x 11,50<br \/>\nPoids : 0,69 kg<\/p>\n","protected":false},"excerpt":{"rendered":"<p>Enracin\u00e9e dans le patrimoine culinaire fran\u00e7ais, Staub est une marque appr\u00e9ci\u00e9e des professionnels et des chefs amateurs pour sa qualit\u00e9<\/p>\n","protected":false},"featured_media":439184,"template":"","meta":{"_acf_changed":false,"inline_featured_image":false},"product_cat":[12458,14792],"product_tag":[25086,12994,20717,12461,12466],"acf":[],"yoast_head":"<!-- This site is optimized with the Yoast SEO Premium plugin v18.6 (Yoast SEO v19.13) - https:\/\/yoast.com\/wordpress\/plugins\/seo\/ -->\n<title>STAUB Cocotte Artichaut Basilic 13 cm - Erresse Shop<\/title>\n<meta name=\"description\" content=\"Enracin\u00e9e dans le patrimoine culinaire fran\u00e7ais, Staub est une marque appr\u00e9ci\u00e9e des professionnels et des chefs amateurs pour sa qualit\u00e9 de fabrication,\" \/>\n<meta name=\"robots\" content=\"index, follow, max-snippet:-1, max-image-preview:large, max-video-preview:-1\" \/>\n<link rel=\"canonical\" href=\"https:\/\/www.erresse-shop.it\/fr\/shop\/poeles-pots\/marmites-et-cocottes-poeles-pots\/staub-cocotte-artichaut-basilic-13-cm\/\" \/>\n<meta property=\"og:locale\" content=\"fr_FR\" \/>\n<meta property=\"og:type\" content=\"article\" \/>\n<meta property=\"og:title\" content=\"STAUB Cocotte Artichaut Basilic 13 cm\" \/>\n<meta property=\"og:description\" content=\"Enracin\u00e9e dans le patrimoine culinaire fran\u00e7ais, Staub est une marque appr\u00e9ci\u00e9e des professionnels et des chefs amateurs pour sa qualit\u00e9 de fabrication,\" \/>\n<meta property=\"og:url\" content=\"https:\/\/www.erresse-shop.it\/fr\/shop\/poeles-pots\/marmites-et-cocottes-poeles-pots\/staub-cocotte-artichaut-basilic-13-cm\/\" \/>\n<meta property=\"og:site_name\" content=\"Erresse Shop\" \/>\n<meta property=\"article:modified_time\" content=\"2024-10-16T06:24:04+00:00\" \/>\n<meta property=\"og:image\" content=\"https:\/\/www.erresse-shop.it\/wp-content\/uploads\/2024\/10\/STAUB-Cocotte-Carciofo-Basilico-13-cm.jpg\" \/>\n\t<meta property=\"og:image:width\" content=\"1200\" \/>\n\t<meta property=\"og:image:height\" content=\"1200\" \/>\n\t<meta property=\"og:image:type\" content=\"image\/jpeg\" \/>\n<meta name=\"twitter:card\" content=\"summary_large_image\" \/>\n<script type=\"application\/ld+json\" class=\"yoast-schema-graph\">{\"@context\":\"https:\/\/schema.org\",\"@graph\":[{\"@type\":\"WebPage\",\"@id\":\"https:\/\/www.erresse-shop.it\/fr\/shop\/poeles-pots\/marmites-et-cocottes-poeles-pots\/staub-cocotte-artichaut-basilic-13-cm\/\",\"url\":\"https:\/\/www.erresse-shop.it\/fr\/shop\/poeles-pots\/marmites-et-cocottes-poeles-pots\/staub-cocotte-artichaut-basilic-13-cm\/\",\"name\":\"STAUB Cocotte Artichaut Basilic 13 cm - Erresse Shop\",\"isPartOf\":{\"@id\":\"https:\/\/www.erresse-shop.it\/fr\/#website\"},\"datePublished\":\"2024-10-14T07:21:05+00:00\",\"dateModified\":\"2024-10-16T06:24:04+00:00\",\"description\":\"Enracin\u00e9e dans le patrimoine culinaire fran\u00e7ais, Staub est une marque appr\u00e9ci\u00e9e des professionnels et des chefs amateurs pour sa qualit\u00e9 de fabrication,\",\"breadcrumb\":{\"@id\":\"https:\/\/www.erresse-shop.it\/fr\/shop\/poeles-pots\/marmites-et-cocottes-poeles-pots\/staub-cocotte-artichaut-basilic-13-cm\/#breadcrumb\"},\"inLanguage\":\"fr-FR\",\"potentialAction\":[{\"@type\":\"ReadAction\",\"target\":[\"https:\/\/www.erresse-shop.it\/fr\/shop\/poeles-pots\/marmites-et-cocottes-poeles-pots\/staub-cocotte-artichaut-basilic-13-cm\/\"]}]},{\"@type\":\"BreadcrumbList\",\"@id\":\"https:\/\/www.erresse-shop.it\/fr\/shop\/poeles-pots\/marmites-et-cocottes-poeles-pots\/staub-cocotte-artichaut-basilic-13-cm\/#breadcrumb\",\"itemListElement\":[{\"@type\":\"ListItem\",\"position\":1,\"name\":\"Home\",\"item\":\"https:\/\/www.erresse-shop.it\/fr\/\"},{\"@type\":\"ListItem\",\"position\":2,\"name\":\"Shop\",\"item\":\"https:\/\/www.erresse-shop.it\/fr\/shop\/\"},{\"@type\":\"ListItem\",\"position\":3,\"name\":\"STAUB Cocotte Artichaut Basilic 13 cm\"}]},{\"@type\":\"WebSite\",\"@id\":\"https:\/\/www.erresse-shop.it\/fr\/#website\",\"url\":\"https:\/\/www.erresse-shop.it\/fr\/\",\"name\":\"Erresse Shop\",\"description\":\"Articoli di qualit\u00e0 per la casa\",\"potentialAction\":[{\"@type\":\"SearchAction\",\"target\":{\"@type\":\"EntryPoint\",\"urlTemplate\":\"https:\/\/www.erresse-shop.it\/fr\/?s={search_term_string}\"},\"query-input\":\"required name=search_term_string\"}],\"inLanguage\":\"fr-FR\"}]}<\/script>\n<!-- \/ Yoast SEO Premium plugin. -->","yoast_head_json":{"title":"STAUB Cocotte Artichaut Basilic 13 cm - Erresse Shop","description":"Enracin\u00e9e dans le patrimoine culinaire fran\u00e7ais, Staub est une marque appr\u00e9ci\u00e9e des professionnels et des chefs amateurs pour sa qualit\u00e9 de fabrication,","robots":{"index":"index","follow":"follow","max-snippet":"max-snippet:-1","max-image-preview":"max-image-preview:large","max-video-preview":"max-video-preview:-1"},"canonical":"https:\/\/www.erresse-shop.it\/fr\/shop\/poeles-pots\/marmites-et-cocottes-poeles-pots\/staub-cocotte-artichaut-basilic-13-cm\/","og_locale":"fr_FR","og_type":"article","og_title":"STAUB Cocotte Artichaut Basilic 13 cm","og_description":"Enracin\u00e9e dans le patrimoine culinaire fran\u00e7ais, Staub est une marque appr\u00e9ci\u00e9e des professionnels et des chefs amateurs pour sa qualit\u00e9 de fabrication,","og_url":"https:\/\/www.erresse-shop.it\/fr\/shop\/poeles-pots\/marmites-et-cocottes-poeles-pots\/staub-cocotte-artichaut-basilic-13-cm\/","og_site_name":"Erresse Shop","article_modified_time":"2024-10-16T06:24:04+00:00","og_image":[{"width":1200,"height":1200,"url":"https:\/\/www.erresse-shop.it\/wp-content\/uploads\/2024\/10\/STAUB-Cocotte-Carciofo-Basilico-13-cm.jpg","type":"image\/jpeg"}],"twitter_card":"summary_large_image","schema":{"@context":"https:\/\/schema.org","@graph":[{"@type":"WebPage","@id":"https:\/\/www.erresse-shop.it\/fr\/shop\/poeles-pots\/marmites-et-cocottes-poeles-pots\/staub-cocotte-artichaut-basilic-13-cm\/","url":"https:\/\/www.erresse-shop.it\/fr\/shop\/poeles-pots\/marmites-et-cocottes-poeles-pots\/staub-cocotte-artichaut-basilic-13-cm\/","name":"STAUB Cocotte Artichaut Basilic 13 cm - Erresse Shop","isPartOf":{"@id":"https:\/\/www.erresse-shop.it\/fr\/#website"},"datePublished":"2024-10-14T07:21:05+00:00","dateModified":"2024-10-16T06:24:04+00:00","description":"Enracin\u00e9e dans le patrimoine culinaire fran\u00e7ais, Staub est une marque appr\u00e9ci\u00e9e des professionnels et des chefs amateurs pour sa qualit\u00e9 de fabrication,","breadcrumb":{"@id":"https:\/\/www.erresse-shop.it\/fr\/shop\/poeles-pots\/marmites-et-cocottes-poeles-pots\/staub-cocotte-artichaut-basilic-13-cm\/#breadcrumb"},"inLanguage":"fr-FR","potentialAction":[{"@type":"ReadAction","target":["https:\/\/www.erresse-shop.it\/fr\/shop\/poeles-pots\/marmites-et-cocottes-poeles-pots\/staub-cocotte-artichaut-basilic-13-cm\/"]}]},{"@type":"BreadcrumbList","@id":"https:\/\/www.erresse-shop.it\/fr\/shop\/poeles-pots\/marmites-et-cocottes-poeles-pots\/staub-cocotte-artichaut-basilic-13-cm\/#breadcrumb","itemListElement":[{"@type":"ListItem","position":1,"name":"Home","item":"https:\/\/www.erresse-shop.it\/fr\/"},{"@type":"ListItem","position":2,"name":"Shop","item":"https:\/\/www.erresse-shop.it\/fr\/shop\/"},{"@type":"ListItem","position":3,"name":"STAUB Cocotte Artichaut Basilic 13 cm"}]},{"@type":"WebSite","@id":"https:\/\/www.erresse-shop.it\/fr\/#website","url":"https:\/\/www.erresse-shop.it\/fr\/","name":"Erresse Shop","description":"Articoli di qualit\u00e0 per la casa","potentialAction":[{"@type":"SearchAction","target":{"@type":"EntryPoint","urlTemplate":"https:\/\/www.erresse-shop.it\/fr\/?s={search_term_string}"},"query-input":"required name=search_term_string"}],"inLanguage":"fr-FR"}]}},"df_price":12.475,"df_sale_price":12.475,"df_regular_price":24.95,"df_image_link":"https:\/\/www.erresse-shop.it\/wp-content\/uploads\/2024\/10\/STAUB-Cocotte-Carciofo-Basilico-13-cm-300x300.jpg","_links":{"self":[{"href":"https:\/\/www.erresse-shop.it\/fr\/wp-json\/wp\/v2\/product\/439178"}],"collection":[{"href":"https:\/\/www.erresse-shop.it\/fr\/wp-json\/wp\/v2\/product"}],"about":[{"href":"https:\/\/www.erresse-shop.it\/fr\/wp-json\/wp\/v2\/types\/product"}],"wp:featuredmedia":[{"embeddable":true,"href":"https:\/\/www.erresse-shop.it\/fr\/wp-json\/wp\/v2\/media\/439184"}],"wp:attachment":[{"href":"https:\/\/www.erresse-shop.it\/fr\/wp-json\/wp\/v2\/media?parent=439178"}],"wp:term":[{"taxonomy":"product_cat","embeddable":true,"href":"https:\/\/www.erresse-shop.it\/fr\/wp-json\/wp\/v2\/product_cat?post=439178"},{"taxonomy":"product_tag","embeddable":true,"href":"https:\/\/www.erresse-shop.it\/fr\/wp-json\/wp\/v2\/product_tag?post=439178"}],"curies":[{"name":"wp","href":"https:\/\/api.w.org\/{rel}","templated":true}]}}