{"id":439019,"date":"2024-10-14T05:50:26","date_gmt":"2024-10-14T05:50:28","guid":{"rendered":"https:\/\/www.erresse-shop.it\/?post_type=product&#038;p=439019"},"modified":"2024-10-16T06:26:24","modified_gmt":"2024-10-16T06:26:24","slug":"staub-cocotte-pumpkin-noir-12-cm","status":"publish","type":"product","link":"https:\/\/www.erresse-shop.it\/fr\/shop\/poeles-pots\/marmites-et-cocottes-poeles-pots\/staub-cocotte-pumpkin-noir-12-cm\/","title":{"rendered":"STAUB Cocotte Pumpkin Noir 12 cm"},"content":{"rendered":"<p>Issue du patrimoine culinaire fran\u00e7ais, Staub est une marque appr\u00e9ci\u00e9e des professionnels et des cuisiniers amateurs pour sa qualit\u00e9 de fabrication, ses performances exceptionnelles et sa beaut\u00e9 intemporelle. La cocotte en c\u00e9ramique Zucca de Staub apporte une touche de style \u00e0 votre table. Mettez en valeur vos soupes, vos rago\u00fbts et vos plats de l\u00e9gumes : chaque plat aura un petit quelque chose en plus lorsqu&#8217;il sera pr\u00e9sent\u00e9 dans cette d\u00e9licieuse citrouille. Cette cocotte passe \u00e9l\u00e9gamment et sans effort du four \u00e0 la table, sans n\u00e9cessiter de plats suppl\u00e9mentaires. Les c\u00e9ramiques Staub offrent des performances, une durabilit\u00e9 et un design in\u00e9gal\u00e9s. Les pi\u00e8ces sont cuites deux fois \u00e0 tr\u00e8s haute temp\u00e9rature, ce qui les rend particuli\u00e8rement r\u00e9sistantes aux impacts et aux chocs thermiques ; elles peuvent donc passer du cong\u00e9lateur au four et \u00e0 la table sans probl\u00e8me. La couche de porcelaine \u00e9maill\u00e9e emp\u00eache l&#8217;absorption de l&#8217;humidit\u00e9 pendant la cuisson.<\/p>\n<ul>\n<li>Finition \u00e9mail porcelaine<\/li>\n<li>Du four \u00e0 la table, compl\u00e9tez la collection en fonte Staub<\/li>\n<li>R\u00e9siste au four jusqu&#8217;\u00e0 300 degr\u00e9s<\/li>\n<li>Tr\u00e8s r\u00e9sistant aux rayures<\/li>\n<li>Tr\u00e8s r\u00e9sistante aux impacts et aux chocs thermiques<\/li>\n<li>Peut \u00eatre utilis\u00e9 dans un four conventionnel ainsi qu&#8217;au micro-ondes<\/li>\n<\/ul>\n<p>Marque : Staub<br \/>\nMat\u00e9riau : c\u00e9ramique<br \/>\nCouleur : noir<br \/>\nDimensions : 16,30 x 12,50 x 10,40<br \/>\nPoids : 0,62 kg<\/p>\n","protected":false},"excerpt":{"rendered":"<p>Issue du patrimoine culinaire fran\u00e7ais, Staub est une marque appr\u00e9ci\u00e9e des professionnels et des cuisiniers amateurs pour sa qualit\u00e9 de<\/p>\n","protected":false},"featured_media":439093,"template":"","meta":{"_acf_changed":false,"inline_featured_image":false},"product_cat":[12458,14792],"product_tag":[25086,12994,20717,12461,12466],"acf":[],"yoast_head":"<!-- This site is optimized with the Yoast SEO Premium plugin v18.6 (Yoast SEO v19.13) - https:\/\/yoast.com\/wordpress\/plugins\/seo\/ -->\n<title>STAUB Cocotte Pumpkin Noir 12 cm - Erresse Shop<\/title>\n<meta name=\"description\" content=\"Issue du patrimoine culinaire fran\u00e7ais, Staub est une marque appr\u00e9ci\u00e9e des professionnels et des cuisiniers amateurs pour sa qualit\u00e9 de fabrication, ses\" \/>\n<meta name=\"robots\" content=\"index, follow, max-snippet:-1, max-image-preview:large, max-video-preview:-1\" \/>\n<link rel=\"canonical\" href=\"https:\/\/www.erresse-shop.it\/fr\/shop\/poeles-pots\/marmites-et-cocottes-poeles-pots\/staub-cocotte-pumpkin-noir-12-cm\/\" \/>\n<meta property=\"og:locale\" content=\"fr_FR\" \/>\n<meta property=\"og:type\" content=\"article\" \/>\n<meta property=\"og:title\" content=\"STAUB Cocotte Pumpkin Noir 12 cm\" \/>\n<meta property=\"og:description\" content=\"Issue du patrimoine culinaire fran\u00e7ais, Staub est une marque appr\u00e9ci\u00e9e des professionnels et des cuisiniers amateurs pour sa qualit\u00e9 de fabrication, ses\" \/>\n<meta property=\"og:url\" content=\"https:\/\/www.erresse-shop.it\/fr\/shop\/poeles-pots\/marmites-et-cocottes-poeles-pots\/staub-cocotte-pumpkin-noir-12-cm\/\" \/>\n<meta property=\"og:site_name\" content=\"Erresse Shop\" \/>\n<meta property=\"article:modified_time\" content=\"2024-10-16T06:26:24+00:00\" \/>\n<meta property=\"og:image\" content=\"https:\/\/www.erresse-shop.it\/wp-content\/uploads\/2024\/10\/STAUB-Cocotte-Zucca-Nero-12-cm.jpg\" \/>\n\t<meta property=\"og:image:width\" content=\"1200\" \/>\n\t<meta property=\"og:image:height\" content=\"1200\" \/>\n\t<meta property=\"og:image:type\" content=\"image\/jpeg\" \/>\n<meta name=\"twitter:card\" content=\"summary_large_image\" \/>\n<script type=\"application\/ld+json\" class=\"yoast-schema-graph\">{\"@context\":\"https:\/\/schema.org\",\"@graph\":[{\"@type\":\"WebPage\",\"@id\":\"https:\/\/www.erresse-shop.it\/fr\/shop\/poeles-pots\/marmites-et-cocottes-poeles-pots\/staub-cocotte-pumpkin-noir-12-cm\/\",\"url\":\"https:\/\/www.erresse-shop.it\/fr\/shop\/poeles-pots\/marmites-et-cocottes-poeles-pots\/staub-cocotte-pumpkin-noir-12-cm\/\",\"name\":\"STAUB Cocotte Pumpkin Noir 12 cm - Erresse Shop\",\"isPartOf\":{\"@id\":\"https:\/\/www.erresse-shop.it\/fr\/#website\"},\"datePublished\":\"2024-10-14T05:50:28+00:00\",\"dateModified\":\"2024-10-16T06:26:24+00:00\",\"description\":\"Issue du patrimoine culinaire fran\u00e7ais, Staub est une marque appr\u00e9ci\u00e9e des professionnels et des cuisiniers amateurs pour sa qualit\u00e9 de fabrication, ses\",\"breadcrumb\":{\"@id\":\"https:\/\/www.erresse-shop.it\/fr\/shop\/poeles-pots\/marmites-et-cocottes-poeles-pots\/staub-cocotte-pumpkin-noir-12-cm\/#breadcrumb\"},\"inLanguage\":\"fr-FR\",\"potentialAction\":[{\"@type\":\"ReadAction\",\"target\":[\"https:\/\/www.erresse-shop.it\/fr\/shop\/poeles-pots\/marmites-et-cocottes-poeles-pots\/staub-cocotte-pumpkin-noir-12-cm\/\"]}]},{\"@type\":\"BreadcrumbList\",\"@id\":\"https:\/\/www.erresse-shop.it\/fr\/shop\/poeles-pots\/marmites-et-cocottes-poeles-pots\/staub-cocotte-pumpkin-noir-12-cm\/#breadcrumb\",\"itemListElement\":[{\"@type\":\"ListItem\",\"position\":1,\"name\":\"Home\",\"item\":\"https:\/\/www.erresse-shop.it\/fr\/\"},{\"@type\":\"ListItem\",\"position\":2,\"name\":\"Shop\",\"item\":\"https:\/\/www.erresse-shop.it\/fr\/shop\/\"},{\"@type\":\"ListItem\",\"position\":3,\"name\":\"STAUB Cocotte Pumpkin Noir 12 cm\"}]},{\"@type\":\"WebSite\",\"@id\":\"https:\/\/www.erresse-shop.it\/fr\/#website\",\"url\":\"https:\/\/www.erresse-shop.it\/fr\/\",\"name\":\"Erresse Shop\",\"description\":\"Articoli di qualit\u00e0 per la casa\",\"potentialAction\":[{\"@type\":\"SearchAction\",\"target\":{\"@type\":\"EntryPoint\",\"urlTemplate\":\"https:\/\/www.erresse-shop.it\/fr\/?s={search_term_string}\"},\"query-input\":\"required name=search_term_string\"}],\"inLanguage\":\"fr-FR\"}]}<\/script>\n<!-- \/ Yoast SEO Premium plugin. -->","yoast_head_json":{"title":"STAUB Cocotte Pumpkin Noir 12 cm - Erresse Shop","description":"Issue du patrimoine culinaire fran\u00e7ais, Staub est une marque appr\u00e9ci\u00e9e des professionnels et des cuisiniers amateurs pour sa qualit\u00e9 de fabrication, ses","robots":{"index":"index","follow":"follow","max-snippet":"max-snippet:-1","max-image-preview":"max-image-preview:large","max-video-preview":"max-video-preview:-1"},"canonical":"https:\/\/www.erresse-shop.it\/fr\/shop\/poeles-pots\/marmites-et-cocottes-poeles-pots\/staub-cocotte-pumpkin-noir-12-cm\/","og_locale":"fr_FR","og_type":"article","og_title":"STAUB Cocotte Pumpkin Noir 12 cm","og_description":"Issue du patrimoine culinaire fran\u00e7ais, Staub est une marque appr\u00e9ci\u00e9e des professionnels et des cuisiniers amateurs pour sa qualit\u00e9 de fabrication, ses","og_url":"https:\/\/www.erresse-shop.it\/fr\/shop\/poeles-pots\/marmites-et-cocottes-poeles-pots\/staub-cocotte-pumpkin-noir-12-cm\/","og_site_name":"Erresse Shop","article_modified_time":"2024-10-16T06:26:24+00:00","og_image":[{"width":1200,"height":1200,"url":"https:\/\/www.erresse-shop.it\/wp-content\/uploads\/2024\/10\/STAUB-Cocotte-Zucca-Nero-12-cm.jpg","type":"image\/jpeg"}],"twitter_card":"summary_large_image","schema":{"@context":"https:\/\/schema.org","@graph":[{"@type":"WebPage","@id":"https:\/\/www.erresse-shop.it\/fr\/shop\/poeles-pots\/marmites-et-cocottes-poeles-pots\/staub-cocotte-pumpkin-noir-12-cm\/","url":"https:\/\/www.erresse-shop.it\/fr\/shop\/poeles-pots\/marmites-et-cocottes-poeles-pots\/staub-cocotte-pumpkin-noir-12-cm\/","name":"STAUB Cocotte Pumpkin Noir 12 cm - Erresse Shop","isPartOf":{"@id":"https:\/\/www.erresse-shop.it\/fr\/#website"},"datePublished":"2024-10-14T05:50:28+00:00","dateModified":"2024-10-16T06:26:24+00:00","description":"Issue du patrimoine culinaire fran\u00e7ais, Staub est une marque appr\u00e9ci\u00e9e des professionnels et des cuisiniers amateurs pour sa qualit\u00e9 de fabrication, ses","breadcrumb":{"@id":"https:\/\/www.erresse-shop.it\/fr\/shop\/poeles-pots\/marmites-et-cocottes-poeles-pots\/staub-cocotte-pumpkin-noir-12-cm\/#breadcrumb"},"inLanguage":"fr-FR","potentialAction":[{"@type":"ReadAction","target":["https:\/\/www.erresse-shop.it\/fr\/shop\/poeles-pots\/marmites-et-cocottes-poeles-pots\/staub-cocotte-pumpkin-noir-12-cm\/"]}]},{"@type":"BreadcrumbList","@id":"https:\/\/www.erresse-shop.it\/fr\/shop\/poeles-pots\/marmites-et-cocottes-poeles-pots\/staub-cocotte-pumpkin-noir-12-cm\/#breadcrumb","itemListElement":[{"@type":"ListItem","position":1,"name":"Home","item":"https:\/\/www.erresse-shop.it\/fr\/"},{"@type":"ListItem","position":2,"name":"Shop","item":"https:\/\/www.erresse-shop.it\/fr\/shop\/"},{"@type":"ListItem","position":3,"name":"STAUB Cocotte Pumpkin Noir 12 cm"}]},{"@type":"WebSite","@id":"https:\/\/www.erresse-shop.it\/fr\/#website","url":"https:\/\/www.erresse-shop.it\/fr\/","name":"Erresse Shop","description":"Articoli di qualit\u00e0 per la casa","potentialAction":[{"@type":"SearchAction","target":{"@type":"EntryPoint","urlTemplate":"https:\/\/www.erresse-shop.it\/fr\/?s={search_term_string}"},"query-input":"required name=search_term_string"}],"inLanguage":"fr-FR"}]}},"df_price":12.475,"df_sale_price":12.475,"df_regular_price":24.95,"df_image_link":"https:\/\/www.erresse-shop.it\/wp-content\/uploads\/2024\/10\/STAUB-Cocotte-Zucca-Nero-12-cm-300x300.jpg","_links":{"self":[{"href":"https:\/\/www.erresse-shop.it\/fr\/wp-json\/wp\/v2\/product\/439019"}],"collection":[{"href":"https:\/\/www.erresse-shop.it\/fr\/wp-json\/wp\/v2\/product"}],"about":[{"href":"https:\/\/www.erresse-shop.it\/fr\/wp-json\/wp\/v2\/types\/product"}],"wp:featuredmedia":[{"embeddable":true,"href":"https:\/\/www.erresse-shop.it\/fr\/wp-json\/wp\/v2\/media\/439093"}],"wp:attachment":[{"href":"https:\/\/www.erresse-shop.it\/fr\/wp-json\/wp\/v2\/media?parent=439019"}],"wp:term":[{"taxonomy":"product_cat","embeddable":true,"href":"https:\/\/www.erresse-shop.it\/fr\/wp-json\/wp\/v2\/product_cat?post=439019"},{"taxonomy":"product_tag","embeddable":true,"href":"https:\/\/www.erresse-shop.it\/fr\/wp-json\/wp\/v2\/product_tag?post=439019"}],"curies":[{"name":"wp","href":"https:\/\/api.w.org\/{rel}","templated":true}]}}