{"id":438838,"date":"2024-10-11T09:49:50","date_gmt":"2024-10-11T09:49:52","guid":{"rendered":"https:\/\/www.erresse-shop.it\/?post_type=product&#038;p=438838"},"modified":"2024-10-16T06:32:38","modified_gmt":"2024-10-16T06:32:38","slug":"portmeirion-the-holly-and-the-ivy-set-de-6-assiettes-a-fruits","status":"publish","type":"product","link":"https:\/\/www.erresse-shop.it\/fr\/shop\/table-fr-2\/plats\/portmeirion-the-holly-and-the-ivy-set-de-6-assiettes-a-fruits\/","title":{"rendered":"PORTMEIRION The Holly and The Ivy Set de 6 assiettes \u00e0 fruits"},"content":{"rendered":"<p>Donnez un ton merveilleusement festif \u00e0 vos d\u00eeners de No\u00ebl gr\u00e2ce \u00e0 ce set de six assiettes The Holly and the Ivy de 20 cm. Id\u00e9ales pour les petites portions et les d\u00e9jeuners ou comme assiettes de service g\u00e9n\u00e9reuses, chaque assiette pr\u00e9sente une composition illustr\u00e9e classique de \u00ab The Holly and the Ivy \u00bb avec un riche feuillage vert et des baies rouges, ainsi que les paroles de la chanson du m\u00eame nom. Assortissez-les \u00e0 d&#8217;autres articles de la collection ou utilisez ces assiettes de No\u00ebl dans le cadre d&#8217;une table enti\u00e8rement blanche pour une merveilleuse touche de No\u00ebl.<\/p>\n<p><strong>Mat\u00e9riau<\/strong> : terre cuite<\/p>\n","protected":false},"excerpt":{"rendered":"<p>Donnez un ton merveilleusement festif \u00e0 vos d\u00eeners de No\u00ebl gr\u00e2ce \u00e0 ce set de six assiettes The Holly and<\/p>\n","protected":false},"featured_media":438843,"template":"","meta":{"_acf_changed":false,"inline_featured_image":false},"product_cat":[12788,12782],"product_tag":[19356,13169,20171,23910,25021,24603,21821],"acf":[],"yoast_head":"<!-- This site is optimized with the Yoast SEO Premium plugin v18.6 (Yoast SEO v19.13) - https:\/\/yoast.com\/wordpress\/plugins\/seo\/ -->\n<title>PORTMEIRION The Holly and The Ivy Set de 6 assiettes \u00e0 fruits - Erresse Shop<\/title>\n<meta name=\"description\" content=\"Donnez un ton merveilleusement festif \u00e0 vos d\u00eeners de No\u00ebl gr\u00e2ce \u00e0 ce set de six assiettes The Holly and the Ivy de 20 cm. Id\u00e9ales pour les petites\" \/>\n<meta name=\"robots\" content=\"index, follow, max-snippet:-1, max-image-preview:large, max-video-preview:-1\" \/>\n<link rel=\"canonical\" href=\"https:\/\/www.erresse-shop.it\/fr\/shop\/table-fr-2\/plats\/portmeirion-the-holly-and-the-ivy-set-de-6-assiettes-a-fruits\/\" \/>\n<meta property=\"og:locale\" content=\"fr_FR\" \/>\n<meta property=\"og:type\" content=\"article\" \/>\n<meta property=\"og:title\" content=\"PORTMEIRION The Holly and The Ivy Set de 6 assiettes \u00e0 fruits\" \/>\n<meta property=\"og:description\" content=\"Donnez un ton merveilleusement festif \u00e0 vos d\u00eeners de No\u00ebl gr\u00e2ce \u00e0 ce set de six assiettes The Holly and the Ivy de 20 cm. Id\u00e9ales pour les petites\" \/>\n<meta property=\"og:url\" content=\"https:\/\/www.erresse-shop.it\/fr\/shop\/table-fr-2\/plats\/portmeirion-the-holly-and-the-ivy-set-de-6-assiettes-a-fruits\/\" \/>\n<meta property=\"og:site_name\" content=\"Erresse Shop\" \/>\n<meta property=\"article:modified_time\" content=\"2024-10-16T06:32:38+00:00\" \/>\n<meta property=\"og:image\" content=\"https:\/\/www.erresse-shop.it\/wp-content\/uploads\/2024\/10\/PORTMEIRION-The-Holly-and-The-Ivy-Set-6-Piatti-Frutta-1.jpg\" \/>\n\t<meta property=\"og:image:width\" content=\"1200\" \/>\n\t<meta property=\"og:image:height\" content=\"1200\" \/>\n\t<meta property=\"og:image:type\" content=\"image\/jpeg\" \/>\n<meta name=\"twitter:card\" content=\"summary_large_image\" \/>\n<script type=\"application\/ld+json\" class=\"yoast-schema-graph\">{\"@context\":\"https:\/\/schema.org\",\"@graph\":[{\"@type\":\"WebPage\",\"@id\":\"https:\/\/www.erresse-shop.it\/fr\/shop\/table-fr-2\/plats\/portmeirion-the-holly-and-the-ivy-set-de-6-assiettes-a-fruits\/\",\"url\":\"https:\/\/www.erresse-shop.it\/fr\/shop\/table-fr-2\/plats\/portmeirion-the-holly-and-the-ivy-set-de-6-assiettes-a-fruits\/\",\"name\":\"PORTMEIRION The Holly and The Ivy Set de 6 assiettes \u00e0 fruits - Erresse Shop\",\"isPartOf\":{\"@id\":\"https:\/\/www.erresse-shop.it\/fr\/#website\"},\"datePublished\":\"2024-10-11T09:49:52+00:00\",\"dateModified\":\"2024-10-16T06:32:38+00:00\",\"description\":\"Donnez un ton merveilleusement festif \u00e0 vos d\u00eeners de No\u00ebl gr\u00e2ce \u00e0 ce set de six assiettes The Holly and the Ivy de 20 cm. Id\u00e9ales pour les petites\",\"breadcrumb\":{\"@id\":\"https:\/\/www.erresse-shop.it\/fr\/shop\/table-fr-2\/plats\/portmeirion-the-holly-and-the-ivy-set-de-6-assiettes-a-fruits\/#breadcrumb\"},\"inLanguage\":\"fr-FR\",\"potentialAction\":[{\"@type\":\"ReadAction\",\"target\":[\"https:\/\/www.erresse-shop.it\/fr\/shop\/table-fr-2\/plats\/portmeirion-the-holly-and-the-ivy-set-de-6-assiettes-a-fruits\/\"]}]},{\"@type\":\"BreadcrumbList\",\"@id\":\"https:\/\/www.erresse-shop.it\/fr\/shop\/table-fr-2\/plats\/portmeirion-the-holly-and-the-ivy-set-de-6-assiettes-a-fruits\/#breadcrumb\",\"itemListElement\":[{\"@type\":\"ListItem\",\"position\":1,\"name\":\"Home\",\"item\":\"https:\/\/www.erresse-shop.it\/fr\/\"},{\"@type\":\"ListItem\",\"position\":2,\"name\":\"Shop\",\"item\":\"https:\/\/www.erresse-shop.it\/fr\/shop\/\"},{\"@type\":\"ListItem\",\"position\":3,\"name\":\"PORTMEIRION The Holly and The Ivy Set de 6 assiettes \u00e0 fruits\"}]},{\"@type\":\"WebSite\",\"@id\":\"https:\/\/www.erresse-shop.it\/fr\/#website\",\"url\":\"https:\/\/www.erresse-shop.it\/fr\/\",\"name\":\"Erresse Shop\",\"description\":\"Articoli di qualit\u00e0 per la casa\",\"potentialAction\":[{\"@type\":\"SearchAction\",\"target\":{\"@type\":\"EntryPoint\",\"urlTemplate\":\"https:\/\/www.erresse-shop.it\/fr\/?s={search_term_string}\"},\"query-input\":\"required name=search_term_string\"}],\"inLanguage\":\"fr-FR\"}]}<\/script>\n<!-- \/ Yoast SEO Premium plugin. -->","yoast_head_json":{"title":"PORTMEIRION The Holly and The Ivy Set de 6 assiettes \u00e0 fruits - Erresse Shop","description":"Donnez un ton merveilleusement festif \u00e0 vos d\u00eeners de No\u00ebl gr\u00e2ce \u00e0 ce set de six assiettes The Holly and the Ivy de 20 cm. Id\u00e9ales pour les petites","robots":{"index":"index","follow":"follow","max-snippet":"max-snippet:-1","max-image-preview":"max-image-preview:large","max-video-preview":"max-video-preview:-1"},"canonical":"https:\/\/www.erresse-shop.it\/fr\/shop\/table-fr-2\/plats\/portmeirion-the-holly-and-the-ivy-set-de-6-assiettes-a-fruits\/","og_locale":"fr_FR","og_type":"article","og_title":"PORTMEIRION The Holly and The Ivy Set de 6 assiettes \u00e0 fruits","og_description":"Donnez un ton merveilleusement festif \u00e0 vos d\u00eeners de No\u00ebl gr\u00e2ce \u00e0 ce set de six assiettes The Holly and the Ivy de 20 cm. Id\u00e9ales pour les petites","og_url":"https:\/\/www.erresse-shop.it\/fr\/shop\/table-fr-2\/plats\/portmeirion-the-holly-and-the-ivy-set-de-6-assiettes-a-fruits\/","og_site_name":"Erresse Shop","article_modified_time":"2024-10-16T06:32:38+00:00","og_image":[{"width":1200,"height":1200,"url":"https:\/\/www.erresse-shop.it\/wp-content\/uploads\/2024\/10\/PORTMEIRION-The-Holly-and-The-Ivy-Set-6-Piatti-Frutta-1.jpg","type":"image\/jpeg"}],"twitter_card":"summary_large_image","schema":{"@context":"https:\/\/schema.org","@graph":[{"@type":"WebPage","@id":"https:\/\/www.erresse-shop.it\/fr\/shop\/table-fr-2\/plats\/portmeirion-the-holly-and-the-ivy-set-de-6-assiettes-a-fruits\/","url":"https:\/\/www.erresse-shop.it\/fr\/shop\/table-fr-2\/plats\/portmeirion-the-holly-and-the-ivy-set-de-6-assiettes-a-fruits\/","name":"PORTMEIRION The Holly and The Ivy Set de 6 assiettes \u00e0 fruits - Erresse Shop","isPartOf":{"@id":"https:\/\/www.erresse-shop.it\/fr\/#website"},"datePublished":"2024-10-11T09:49:52+00:00","dateModified":"2024-10-16T06:32:38+00:00","description":"Donnez un ton merveilleusement festif \u00e0 vos d\u00eeners de No\u00ebl gr\u00e2ce \u00e0 ce set de six assiettes The Holly and the Ivy de 20 cm. Id\u00e9ales pour les petites","breadcrumb":{"@id":"https:\/\/www.erresse-shop.it\/fr\/shop\/table-fr-2\/plats\/portmeirion-the-holly-and-the-ivy-set-de-6-assiettes-a-fruits\/#breadcrumb"},"inLanguage":"fr-FR","potentialAction":[{"@type":"ReadAction","target":["https:\/\/www.erresse-shop.it\/fr\/shop\/table-fr-2\/plats\/portmeirion-the-holly-and-the-ivy-set-de-6-assiettes-a-fruits\/"]}]},{"@type":"BreadcrumbList","@id":"https:\/\/www.erresse-shop.it\/fr\/shop\/table-fr-2\/plats\/portmeirion-the-holly-and-the-ivy-set-de-6-assiettes-a-fruits\/#breadcrumb","itemListElement":[{"@type":"ListItem","position":1,"name":"Home","item":"https:\/\/www.erresse-shop.it\/fr\/"},{"@type":"ListItem","position":2,"name":"Shop","item":"https:\/\/www.erresse-shop.it\/fr\/shop\/"},{"@type":"ListItem","position":3,"name":"PORTMEIRION The Holly and The Ivy Set de 6 assiettes \u00e0 fruits"}]},{"@type":"WebSite","@id":"https:\/\/www.erresse-shop.it\/fr\/#website","url":"https:\/\/www.erresse-shop.it\/fr\/","name":"Erresse Shop","description":"Articoli di qualit\u00e0 per la casa","potentialAction":[{"@type":"SearchAction","target":{"@type":"EntryPoint","urlTemplate":"https:\/\/www.erresse-shop.it\/fr\/?s={search_term_string}"},"query-input":"required name=search_term_string"}],"inLanguage":"fr-FR"}]}},"df_price":109.95,"df_sale_price":109.95,"df_regular_price":174.95,"df_image_link":"https:\/\/www.erresse-shop.it\/wp-content\/uploads\/2024\/10\/PORTMEIRION-The-Holly-and-The-Ivy-Set-6-Piatti-Frutta-1-300x300.jpg","_links":{"self":[{"href":"https:\/\/www.erresse-shop.it\/fr\/wp-json\/wp\/v2\/product\/438838"}],"collection":[{"href":"https:\/\/www.erresse-shop.it\/fr\/wp-json\/wp\/v2\/product"}],"about":[{"href":"https:\/\/www.erresse-shop.it\/fr\/wp-json\/wp\/v2\/types\/product"}],"wp:featuredmedia":[{"embeddable":true,"href":"https:\/\/www.erresse-shop.it\/fr\/wp-json\/wp\/v2\/media\/438843"}],"wp:attachment":[{"href":"https:\/\/www.erresse-shop.it\/fr\/wp-json\/wp\/v2\/media?parent=438838"}],"wp:term":[{"taxonomy":"product_cat","embeddable":true,"href":"https:\/\/www.erresse-shop.it\/fr\/wp-json\/wp\/v2\/product_cat?post=438838"},{"taxonomy":"product_tag","embeddable":true,"href":"https:\/\/www.erresse-shop.it\/fr\/wp-json\/wp\/v2\/product_tag?post=438838"}],"curies":[{"name":"wp","href":"https:\/\/api.w.org\/{rel}","templated":true}]}}