{"id":438791,"date":"2024-10-11T09:19:29","date_gmt":"2024-10-11T09:19:31","guid":{"rendered":"https:\/\/www.erresse-shop.it\/?post_type=product&#038;p=438791"},"modified":"2024-10-24T07:49:48","modified_gmt":"2024-10-24T07:49:48","slug":"sharp-micro-ondes-25-l-argent","status":"publish","type":"product","link":"https:\/\/www.erresse-shop.it\/fr\/shop\/petits-electromenagers\/fours\/sharp-micro-ondes-25-l-argent\/","title":{"rendered":"SHARP Micro-ondes avec gril 25 L Argent"},"content":{"rendered":"<p>Commande rapide par bouton avec 6 programmes de cuisson automatique. Design classique et \u00e9pur\u00e9.<br \/>\nCommandes tactiles faciles \u00e0 utiliser<br \/>\n\u00c9cran LED facile \u00e0 lire<br \/>\n8 options de menu automatiques pour simplifier la cuisson<br \/>\nD\u00e9marrage automatique en une minute pour une cuisson au micro-ondes par simple pression d&#8217;une touche<br \/>\n5 niveaux de puissance<br \/>\nCapacit\u00e9 de 25 litres<br \/>\nInt\u00e9rieur peint facile \u00e0 nettoyer<br \/>\nMinuterie pratique de 99 minutes<br \/>\nFonction de verrouillage pour enfants<br \/>\nMicro-ondes de 900 W avec gril de 1000 W<\/p>\n<p>Dimensions int\u00e9rieures (L x H x P) : 33 x 20,8 x 36,9<br \/>\nDimensions ext\u00e9rieures (L x H x P) : 51,3 x 30,6 x 43<br \/>\nPoids : 15,1<\/p>\n<p><strong>Non disponible \u00e0 la vente en dehors de l&#8217;Europe<\/strong><\/p>\n","protected":false},"excerpt":{"rendered":"<p>Commande rapide par bouton avec 6 programmes de cuisson automatique. Design classique et \u00e9pur\u00e9. Commandes tactiles faciles \u00e0 utiliser \u00c9cran<\/p>\n","protected":false},"featured_media":439057,"template":"","meta":{"_acf_changed":false,"inline_featured_image":false},"product_cat":[15660,12449],"product_tag":[12948,13269,21083],"acf":[],"yoast_head":"<!-- This site is optimized with the Yoast SEO Premium plugin v18.6 (Yoast SEO v19.13) - https:\/\/yoast.com\/wordpress\/plugins\/seo\/ -->\n<title>SHARP Micro-ondes avec gril 25 L Argent - Erresse Shop<\/title>\n<meta name=\"description\" content=\"Commande rapide par bouton avec 6 programmes de cuisson automatique. Design classique et \u00e9pur\u00e9. Commandes tactiles faciles \u00e0 utiliser \u00c9cran LED facile \u00e0\" \/>\n<meta name=\"robots\" content=\"index, follow, max-snippet:-1, max-image-preview:large, max-video-preview:-1\" \/>\n<link rel=\"canonical\" href=\"https:\/\/www.erresse-shop.it\/fr\/shop\/petits-electromenagers\/fours\/sharp-micro-ondes-25-l-argent\/\" \/>\n<meta property=\"og:locale\" content=\"fr_FR\" \/>\n<meta property=\"og:type\" content=\"article\" \/>\n<meta property=\"og:title\" content=\"SHARP Micro-ondes avec gril 25 L Argent\" \/>\n<meta property=\"og:description\" content=\"Commande rapide par bouton avec 6 programmes de cuisson automatique. Design classique et \u00e9pur\u00e9. Commandes tactiles faciles \u00e0 utiliser \u00c9cran LED facile \u00e0\" \/>\n<meta property=\"og:url\" content=\"https:\/\/www.erresse-shop.it\/fr\/shop\/petits-electromenagers\/fours\/sharp-micro-ondes-25-l-argent\/\" \/>\n<meta property=\"og:site_name\" content=\"Erresse Shop\" \/>\n<meta property=\"article:modified_time\" content=\"2024-10-24T07:49:48+00:00\" \/>\n<meta property=\"og:image\" content=\"https:\/\/www.erresse-shop.it\/wp-content\/uploads\/2024\/10\/SHARP-Microonde-25-L-Silver.jpg\" \/>\n\t<meta property=\"og:image:width\" content=\"1200\" \/>\n\t<meta property=\"og:image:height\" content=\"1200\" \/>\n\t<meta property=\"og:image:type\" content=\"image\/jpeg\" \/>\n<meta name=\"twitter:card\" content=\"summary_large_image\" \/>\n<script type=\"application\/ld+json\" class=\"yoast-schema-graph\">{\"@context\":\"https:\/\/schema.org\",\"@graph\":[{\"@type\":\"WebPage\",\"@id\":\"https:\/\/www.erresse-shop.it\/fr\/shop\/petits-electromenagers\/fours\/sharp-micro-ondes-25-l-argent\/\",\"url\":\"https:\/\/www.erresse-shop.it\/fr\/shop\/petits-electromenagers\/fours\/sharp-micro-ondes-25-l-argent\/\",\"name\":\"SHARP Micro-ondes avec gril 25 L Argent - Erresse Shop\",\"isPartOf\":{\"@id\":\"https:\/\/www.erresse-shop.it\/fr\/#website\"},\"datePublished\":\"2024-10-11T09:19:31+00:00\",\"dateModified\":\"2024-10-24T07:49:48+00:00\",\"description\":\"Commande rapide par bouton avec 6 programmes de cuisson automatique. Design classique et \u00e9pur\u00e9. Commandes tactiles faciles \u00e0 utiliser \u00c9cran LED facile \u00e0\",\"breadcrumb\":{\"@id\":\"https:\/\/www.erresse-shop.it\/fr\/shop\/petits-electromenagers\/fours\/sharp-micro-ondes-25-l-argent\/#breadcrumb\"},\"inLanguage\":\"fr-FR\",\"potentialAction\":[{\"@type\":\"ReadAction\",\"target\":[\"https:\/\/www.erresse-shop.it\/fr\/shop\/petits-electromenagers\/fours\/sharp-micro-ondes-25-l-argent\/\"]}]},{\"@type\":\"BreadcrumbList\",\"@id\":\"https:\/\/www.erresse-shop.it\/fr\/shop\/petits-electromenagers\/fours\/sharp-micro-ondes-25-l-argent\/#breadcrumb\",\"itemListElement\":[{\"@type\":\"ListItem\",\"position\":1,\"name\":\"Home\",\"item\":\"https:\/\/www.erresse-shop.it\/fr\/\"},{\"@type\":\"ListItem\",\"position\":2,\"name\":\"Shop\",\"item\":\"https:\/\/www.erresse-shop.it\/fr\/shop\/\"},{\"@type\":\"ListItem\",\"position\":3,\"name\":\"SHARP Micro-ondes avec gril 25 L Argent\"}]},{\"@type\":\"WebSite\",\"@id\":\"https:\/\/www.erresse-shop.it\/fr\/#website\",\"url\":\"https:\/\/www.erresse-shop.it\/fr\/\",\"name\":\"Erresse Shop\",\"description\":\"Articoli di qualit\u00e0 per la casa\",\"potentialAction\":[{\"@type\":\"SearchAction\",\"target\":{\"@type\":\"EntryPoint\",\"urlTemplate\":\"https:\/\/www.erresse-shop.it\/fr\/?s={search_term_string}\"},\"query-input\":\"required name=search_term_string\"}],\"inLanguage\":\"fr-FR\"}]}<\/script>\n<!-- \/ Yoast SEO Premium plugin. -->","yoast_head_json":{"title":"SHARP Micro-ondes avec gril 25 L Argent - Erresse Shop","description":"Commande rapide par bouton avec 6 programmes de cuisson automatique. Design classique et \u00e9pur\u00e9. Commandes tactiles faciles \u00e0 utiliser \u00c9cran LED facile \u00e0","robots":{"index":"index","follow":"follow","max-snippet":"max-snippet:-1","max-image-preview":"max-image-preview:large","max-video-preview":"max-video-preview:-1"},"canonical":"https:\/\/www.erresse-shop.it\/fr\/shop\/petits-electromenagers\/fours\/sharp-micro-ondes-25-l-argent\/","og_locale":"fr_FR","og_type":"article","og_title":"SHARP Micro-ondes avec gril 25 L Argent","og_description":"Commande rapide par bouton avec 6 programmes de cuisson automatique. Design classique et \u00e9pur\u00e9. Commandes tactiles faciles \u00e0 utiliser \u00c9cran LED facile \u00e0","og_url":"https:\/\/www.erresse-shop.it\/fr\/shop\/petits-electromenagers\/fours\/sharp-micro-ondes-25-l-argent\/","og_site_name":"Erresse Shop","article_modified_time":"2024-10-24T07:49:48+00:00","og_image":[{"width":1200,"height":1200,"url":"https:\/\/www.erresse-shop.it\/wp-content\/uploads\/2024\/10\/SHARP-Microonde-25-L-Silver.jpg","type":"image\/jpeg"}],"twitter_card":"summary_large_image","schema":{"@context":"https:\/\/schema.org","@graph":[{"@type":"WebPage","@id":"https:\/\/www.erresse-shop.it\/fr\/shop\/petits-electromenagers\/fours\/sharp-micro-ondes-25-l-argent\/","url":"https:\/\/www.erresse-shop.it\/fr\/shop\/petits-electromenagers\/fours\/sharp-micro-ondes-25-l-argent\/","name":"SHARP Micro-ondes avec gril 25 L Argent - Erresse Shop","isPartOf":{"@id":"https:\/\/www.erresse-shop.it\/fr\/#website"},"datePublished":"2024-10-11T09:19:31+00:00","dateModified":"2024-10-24T07:49:48+00:00","description":"Commande rapide par bouton avec 6 programmes de cuisson automatique. Design classique et \u00e9pur\u00e9. Commandes tactiles faciles \u00e0 utiliser \u00c9cran LED facile \u00e0","breadcrumb":{"@id":"https:\/\/www.erresse-shop.it\/fr\/shop\/petits-electromenagers\/fours\/sharp-micro-ondes-25-l-argent\/#breadcrumb"},"inLanguage":"fr-FR","potentialAction":[{"@type":"ReadAction","target":["https:\/\/www.erresse-shop.it\/fr\/shop\/petits-electromenagers\/fours\/sharp-micro-ondes-25-l-argent\/"]}]},{"@type":"BreadcrumbList","@id":"https:\/\/www.erresse-shop.it\/fr\/shop\/petits-electromenagers\/fours\/sharp-micro-ondes-25-l-argent\/#breadcrumb","itemListElement":[{"@type":"ListItem","position":1,"name":"Home","item":"https:\/\/www.erresse-shop.it\/fr\/"},{"@type":"ListItem","position":2,"name":"Shop","item":"https:\/\/www.erresse-shop.it\/fr\/shop\/"},{"@type":"ListItem","position":3,"name":"SHARP Micro-ondes avec gril 25 L Argent"}]},{"@type":"WebSite","@id":"https:\/\/www.erresse-shop.it\/fr\/#website","url":"https:\/\/www.erresse-shop.it\/fr\/","name":"Erresse Shop","description":"Articoli di qualit\u00e0 per la casa","potentialAction":[{"@type":"SearchAction","target":{"@type":"EntryPoint","urlTemplate":"https:\/\/www.erresse-shop.it\/fr\/?s={search_term_string}"},"query-input":"required name=search_term_string"}],"inLanguage":"fr-FR"}]}},"df_price":94.95,"df_sale_price":94.95,"df_regular_price":169.95,"df_image_link":"https:\/\/www.erresse-shop.it\/wp-content\/uploads\/2024\/10\/SHARP-Microonde-25-L-Silver-300x300.jpg","_links":{"self":[{"href":"https:\/\/www.erresse-shop.it\/fr\/wp-json\/wp\/v2\/product\/438791"}],"collection":[{"href":"https:\/\/www.erresse-shop.it\/fr\/wp-json\/wp\/v2\/product"}],"about":[{"href":"https:\/\/www.erresse-shop.it\/fr\/wp-json\/wp\/v2\/types\/product"}],"wp:featuredmedia":[{"embeddable":true,"href":"https:\/\/www.erresse-shop.it\/fr\/wp-json\/wp\/v2\/media\/439057"}],"wp:attachment":[{"href":"https:\/\/www.erresse-shop.it\/fr\/wp-json\/wp\/v2\/media?parent=438791"}],"wp:term":[{"taxonomy":"product_cat","embeddable":true,"href":"https:\/\/www.erresse-shop.it\/fr\/wp-json\/wp\/v2\/product_cat?post=438791"},{"taxonomy":"product_tag","embeddable":true,"href":"https:\/\/www.erresse-shop.it\/fr\/wp-json\/wp\/v2\/product_tag?post=438791"}],"curies":[{"name":"wp","href":"https:\/\/api.w.org\/{rel}","templated":true}]}}