{"id":438674,"date":"2024-10-10T09:11:41","date_gmt":"2024-10-10T09:11:43","guid":{"rendered":"https:\/\/www.erresse-shop.it\/?post_type=product&#038;p=438674"},"modified":"2025-02-26T11:33:00","modified_gmt":"2025-02-26T11:33:00","slug":"portmeirion-botanic-garden-meadows-set-de-6-bols-empilables","status":"publish","type":"product","link":"https:\/\/www.erresse-shop.it\/fr\/shop\/table-fr-2\/recipients-et-bols\/portmeirion-botanic-garden-meadows-set-de-6-bols-empilables\/","title":{"rendered":"PORTMEIRION Botanic Garden Meadows Set de 6 Bols empilables"},"content":{"rendered":"<p>Con\u00e7u et fabriqu\u00e9 en Angleterre, cet ensemble de six bols empilables apporte les couleurs d&#8217;un jardin anglais \u00e0 la table. Faisant partie de la collection Botanic Garden Meadow, chaque bol pr\u00e9sente un motif floral diff\u00e9rent, notamment des coquelicots, des tournesols, des azal\u00e9es, des pois de senteur, des digitales et des hortensias, ainsi qu&#8217;une bordure de feuilles de laurier assorties. Ces bols profonds sont id\u00e9aux pour servir les salades et les accompagnements lors des r\u00e9unions de famille et, comme ils sont empilables, ils sont faciles \u00e0 ranger. Associez-les aux assiettes de service et aux bols \u00e0 p\u00e2tes assortis.<\/p>\n<p><strong>Dimensions : <\/strong>\u00f8 17,5 x H. 9 cm<strong><br \/>\nMat\u00e9riau :<\/strong> terre cuite<\/p>\n","protected":false},"excerpt":{"rendered":"<p>Con\u00e7u et fabriqu\u00e9 en Angleterre, cet ensemble de six bols empilables apporte les couleurs d&#8217;un jardin anglais \u00e0 la table.<\/p>\n","protected":false},"featured_media":438679,"template":"","meta":{"_acf_changed":false,"inline_featured_image":false},"product_cat":[14244,12782],"product_tag":[19356,23910,15414,25021,24603,21821],"acf":[],"yoast_head":"<!-- This site is optimized with the Yoast SEO Premium plugin v18.6 (Yoast SEO v19.13) - https:\/\/yoast.com\/wordpress\/plugins\/seo\/ -->\n<title>PORTMEIRION Botanic Garden Meadows Set de 6 Bols empilables - Erresse Shop<\/title>\n<meta name=\"description\" content=\"Con\u00e7u et fabriqu\u00e9 en Angleterre, cet ensemble de six bols empilables apporte les couleurs d&#039;un jardin anglais \u00e0 la table. Faisant partie de la collection\" \/>\n<meta name=\"robots\" content=\"index, follow, max-snippet:-1, max-image-preview:large, max-video-preview:-1\" \/>\n<link rel=\"canonical\" href=\"https:\/\/www.erresse-shop.it\/fr\/shop\/table-fr-2\/recipients-et-bols\/portmeirion-botanic-garden-meadows-set-de-6-bols-empilables\/\" \/>\n<meta property=\"og:locale\" content=\"fr_FR\" \/>\n<meta property=\"og:type\" content=\"article\" \/>\n<meta property=\"og:title\" content=\"PORTMEIRION Botanic Garden Meadows Set de 6 Bols empilables\" \/>\n<meta property=\"og:description\" content=\"Con\u00e7u et fabriqu\u00e9 en Angleterre, cet ensemble de six bols empilables apporte les couleurs d&#039;un jardin anglais \u00e0 la table. Faisant partie de la collection\" \/>\n<meta property=\"og:url\" content=\"https:\/\/www.erresse-shop.it\/fr\/shop\/table-fr-2\/recipients-et-bols\/portmeirion-botanic-garden-meadows-set-de-6-bols-empilables\/\" \/>\n<meta property=\"og:site_name\" content=\"Erresse Shop\" \/>\n<meta property=\"article:modified_time\" content=\"2025-02-26T11:33:00+00:00\" \/>\n<meta property=\"og:image\" content=\"https:\/\/www.erresse-shop.it\/wp-content\/uploads\/2024\/10\/PORTMEIRION-Botanic-Garden-Meadows-Set-6-Ciotole-Impilabili.jpg\" \/>\n\t<meta property=\"og:image:width\" content=\"1200\" \/>\n\t<meta property=\"og:image:height\" content=\"1200\" \/>\n\t<meta property=\"og:image:type\" content=\"image\/jpeg\" \/>\n<meta name=\"twitter:card\" content=\"summary_large_image\" \/>\n<script type=\"application\/ld+json\" class=\"yoast-schema-graph\">{\"@context\":\"https:\/\/schema.org\",\"@graph\":[{\"@type\":\"WebPage\",\"@id\":\"https:\/\/www.erresse-shop.it\/fr\/shop\/table-fr-2\/recipients-et-bols\/portmeirion-botanic-garden-meadows-set-de-6-bols-empilables\/\",\"url\":\"https:\/\/www.erresse-shop.it\/fr\/shop\/table-fr-2\/recipients-et-bols\/portmeirion-botanic-garden-meadows-set-de-6-bols-empilables\/\",\"name\":\"PORTMEIRION Botanic Garden Meadows Set de 6 Bols empilables - Erresse Shop\",\"isPartOf\":{\"@id\":\"https:\/\/www.erresse-shop.it\/fr\/#website\"},\"datePublished\":\"2024-10-10T09:11:43+00:00\",\"dateModified\":\"2025-02-26T11:33:00+00:00\",\"description\":\"Con\u00e7u et fabriqu\u00e9 en Angleterre, cet ensemble de six bols empilables apporte les couleurs d'un jardin anglais \u00e0 la table. Faisant partie de la collection\",\"breadcrumb\":{\"@id\":\"https:\/\/www.erresse-shop.it\/fr\/shop\/table-fr-2\/recipients-et-bols\/portmeirion-botanic-garden-meadows-set-de-6-bols-empilables\/#breadcrumb\"},\"inLanguage\":\"fr-FR\",\"potentialAction\":[{\"@type\":\"ReadAction\",\"target\":[\"https:\/\/www.erresse-shop.it\/fr\/shop\/table-fr-2\/recipients-et-bols\/portmeirion-botanic-garden-meadows-set-de-6-bols-empilables\/\"]}]},{\"@type\":\"BreadcrumbList\",\"@id\":\"https:\/\/www.erresse-shop.it\/fr\/shop\/table-fr-2\/recipients-et-bols\/portmeirion-botanic-garden-meadows-set-de-6-bols-empilables\/#breadcrumb\",\"itemListElement\":[{\"@type\":\"ListItem\",\"position\":1,\"name\":\"Home\",\"item\":\"https:\/\/www.erresse-shop.it\/fr\/\"},{\"@type\":\"ListItem\",\"position\":2,\"name\":\"Shop\",\"item\":\"https:\/\/www.erresse-shop.it\/fr\/shop\/\"},{\"@type\":\"ListItem\",\"position\":3,\"name\":\"PORTMEIRION Botanic Garden Meadows Set de 6 Bols empilables\"}]},{\"@type\":\"WebSite\",\"@id\":\"https:\/\/www.erresse-shop.it\/fr\/#website\",\"url\":\"https:\/\/www.erresse-shop.it\/fr\/\",\"name\":\"Erresse Shop\",\"description\":\"Articoli di qualit\u00e0 per la casa\",\"potentialAction\":[{\"@type\":\"SearchAction\",\"target\":{\"@type\":\"EntryPoint\",\"urlTemplate\":\"https:\/\/www.erresse-shop.it\/fr\/?s={search_term_string}\"},\"query-input\":\"required name=search_term_string\"}],\"inLanguage\":\"fr-FR\"}]}<\/script>\n<!-- \/ Yoast SEO Premium plugin. -->","yoast_head_json":{"title":"PORTMEIRION Botanic Garden Meadows Set de 6 Bols empilables - Erresse Shop","description":"Con\u00e7u et fabriqu\u00e9 en Angleterre, cet ensemble de six bols empilables apporte les couleurs d'un jardin anglais \u00e0 la table. Faisant partie de la collection","robots":{"index":"index","follow":"follow","max-snippet":"max-snippet:-1","max-image-preview":"max-image-preview:large","max-video-preview":"max-video-preview:-1"},"canonical":"https:\/\/www.erresse-shop.it\/fr\/shop\/table-fr-2\/recipients-et-bols\/portmeirion-botanic-garden-meadows-set-de-6-bols-empilables\/","og_locale":"fr_FR","og_type":"article","og_title":"PORTMEIRION Botanic Garden Meadows Set de 6 Bols empilables","og_description":"Con\u00e7u et fabriqu\u00e9 en Angleterre, cet ensemble de six bols empilables apporte les couleurs d'un jardin anglais \u00e0 la table. Faisant partie de la collection","og_url":"https:\/\/www.erresse-shop.it\/fr\/shop\/table-fr-2\/recipients-et-bols\/portmeirion-botanic-garden-meadows-set-de-6-bols-empilables\/","og_site_name":"Erresse Shop","article_modified_time":"2025-02-26T11:33:00+00:00","og_image":[{"width":1200,"height":1200,"url":"https:\/\/www.erresse-shop.it\/wp-content\/uploads\/2024\/10\/PORTMEIRION-Botanic-Garden-Meadows-Set-6-Ciotole-Impilabili.jpg","type":"image\/jpeg"}],"twitter_card":"summary_large_image","schema":{"@context":"https:\/\/schema.org","@graph":[{"@type":"WebPage","@id":"https:\/\/www.erresse-shop.it\/fr\/shop\/table-fr-2\/recipients-et-bols\/portmeirion-botanic-garden-meadows-set-de-6-bols-empilables\/","url":"https:\/\/www.erresse-shop.it\/fr\/shop\/table-fr-2\/recipients-et-bols\/portmeirion-botanic-garden-meadows-set-de-6-bols-empilables\/","name":"PORTMEIRION Botanic Garden Meadows Set de 6 Bols empilables - Erresse Shop","isPartOf":{"@id":"https:\/\/www.erresse-shop.it\/fr\/#website"},"datePublished":"2024-10-10T09:11:43+00:00","dateModified":"2025-02-26T11:33:00+00:00","description":"Con\u00e7u et fabriqu\u00e9 en Angleterre, cet ensemble de six bols empilables apporte les couleurs d'un jardin anglais \u00e0 la table. Faisant partie de la collection","breadcrumb":{"@id":"https:\/\/www.erresse-shop.it\/fr\/shop\/table-fr-2\/recipients-et-bols\/portmeirion-botanic-garden-meadows-set-de-6-bols-empilables\/#breadcrumb"},"inLanguage":"fr-FR","potentialAction":[{"@type":"ReadAction","target":["https:\/\/www.erresse-shop.it\/fr\/shop\/table-fr-2\/recipients-et-bols\/portmeirion-botanic-garden-meadows-set-de-6-bols-empilables\/"]}]},{"@type":"BreadcrumbList","@id":"https:\/\/www.erresse-shop.it\/fr\/shop\/table-fr-2\/recipients-et-bols\/portmeirion-botanic-garden-meadows-set-de-6-bols-empilables\/#breadcrumb","itemListElement":[{"@type":"ListItem","position":1,"name":"Home","item":"https:\/\/www.erresse-shop.it\/fr\/"},{"@type":"ListItem","position":2,"name":"Shop","item":"https:\/\/www.erresse-shop.it\/fr\/shop\/"},{"@type":"ListItem","position":3,"name":"PORTMEIRION Botanic Garden Meadows Set de 6 Bols empilables"}]},{"@type":"WebSite","@id":"https:\/\/www.erresse-shop.it\/fr\/#website","url":"https:\/\/www.erresse-shop.it\/fr\/","name":"Erresse Shop","description":"Articoli di qualit\u00e0 per la casa","potentialAction":[{"@type":"SearchAction","target":{"@type":"EntryPoint","urlTemplate":"https:\/\/www.erresse-shop.it\/fr\/?s={search_term_string}"},"query-input":"required name=search_term_string"}],"inLanguage":"fr-FR"}]}},"df_price":199.95,"df_sale_price":199.95,"df_regular_price":349,"df_image_link":"https:\/\/www.erresse-shop.it\/wp-content\/uploads\/2024\/10\/PORTMEIRION-Botanic-Garden-Meadows-Set-6-Ciotole-Impilabili-300x300.jpg","_links":{"self":[{"href":"https:\/\/www.erresse-shop.it\/fr\/wp-json\/wp\/v2\/product\/438674"}],"collection":[{"href":"https:\/\/www.erresse-shop.it\/fr\/wp-json\/wp\/v2\/product"}],"about":[{"href":"https:\/\/www.erresse-shop.it\/fr\/wp-json\/wp\/v2\/types\/product"}],"wp:featuredmedia":[{"embeddable":true,"href":"https:\/\/www.erresse-shop.it\/fr\/wp-json\/wp\/v2\/media\/438679"}],"wp:attachment":[{"href":"https:\/\/www.erresse-shop.it\/fr\/wp-json\/wp\/v2\/media?parent=438674"}],"wp:term":[{"taxonomy":"product_cat","embeddable":true,"href":"https:\/\/www.erresse-shop.it\/fr\/wp-json\/wp\/v2\/product_cat?post=438674"},{"taxonomy":"product_tag","embeddable":true,"href":"https:\/\/www.erresse-shop.it\/fr\/wp-json\/wp\/v2\/product_tag?post=438674"}],"curies":[{"name":"wp","href":"https:\/\/api.w.org\/{rel}","templated":true}]}}