{"id":438556,"date":"2024-10-09T14:16:48","date_gmt":"2024-10-09T14:16:49","guid":{"rendered":"https:\/\/www.erresse-shop.it\/?post_type=product&#038;p=438556"},"modified":"2025-02-17T13:29:07","modified_gmt":"2025-02-17T13:29:07","slug":"g3-ferrari-tiffany-machine-a-cafe","status":"publish","type":"product","link":"https:\/\/www.erresse-shop.it\/fr\/shop\/petits-electromenagers\/machines-cafe\/manuels\/g3-ferrari-tiffany-machine-a-cafe\/","title":{"rendered":"G3 FERRARI Tiffany Machine \u00e0 caf\u00e9"},"content":{"rendered":"<p><strong>Tiffany<\/strong> est la machine \u00e0 caf\u00e9 expresso au design moderne, \u00e9l\u00e9gant et raffin\u00e9 avec un corps en acier. La structure est compacte : seulement 15 cm de large pour s&#8217;int\u00e9grer dans tous les coins de la cuisine, sans occuper de place pour le plan de travail et autres appareils \u00e9lectrom\u00e9nagers.<br \/>\nLa pression de 15 bars et la puissance de 1350W sont con\u00e7ues pour garantir la meilleure exp\u00e9rience gustative pour votre pause caf\u00e9, et si vous aimez prendre votre petit-d\u00e9jeuner avec un cappuccino, vous pourrez le pr\u00e9parer en quelques secondes gr\u00e2ce \u00e0 la buse vapeur. De plus, la fonction \u00ab Stop \u00bb vous permet de personnaliser la dur\u00e9e de votre caf\u00e9.<br \/>\nGr\u00e2ce au menu de configuration, il est possible de d\u00e9cider de la longueur et de la temp\u00e9rature du caf\u00e9 pour toujours avoir le meilleur expresso, et si vous \u00eates amateur de th\u00e9, d&#8217;infusions et de tisanes, vous pouvez \u00e9galement obtenir de l&#8217;eau chaude gr\u00e2ce au distributeur fourni.<br \/>\nLes 3 filtres en inox permettent de choisir entre 1 et 2 tasses de caf\u00e9 en poudre, ou d&#8217;utiliser les pratiques dosettes compostables. Tiffany est \u00e9galement facile \u00e0 nettoyer gr\u00e2ce au bac d&#8217;\u00e9gouttage et au r\u00e9servoir amovibles.<\/p>\n<p><strong>Sp\u00e9cifications techniques<\/strong><\/p>\n<ul class=\"ul1\">\n<li class=\"li2\">15 bars, pompe ULKA<\/li>\n<li class=\"li2\">3 filtres en ACIER INOXYDABLE\u00a0: dosettes, poudre 1 ou 2 tasses<\/li>\n<li class=\"li2\">Fonction \u00ab\u00a0Stop\u00a0\u00bb pour personnaliser la dur\u00e9e du caf\u00e9<\/li>\n<li class=\"li2\">Machine \u00e0 cappuccino avec possibilit\u00e9 de distribution d&#8217;eau chaude<\/li>\n<li class=\"li2\">Capacit\u00e9 du r\u00e9servoir 1L<\/li>\n<li class=\"li2\">Chauffage rapide en 30 secondes<\/li>\n<li class=\"li2\">Fonction veille\u00a0: maintien de la temp\u00e9rature pendant 30\u00a0minutes<\/li>\n<li class=\"li2\">Fonction \u00ab Sleep\u00bb pour \u00e9conomiser l&#8217;\u00e9nergie<\/li>\n<li class=\"li2\">Chauffe-tasse<\/li>\n<li class=\"li2\">Nettoyage facile\u00a0: r\u00e9servoir, machine \u00e0 cappuccino, bac collecteur amovible<\/li>\n<li class=\"li2\">Accessoires\u00a0: porte-filtre en aluminium, 3 filtres, verre doseur avec poussoir<\/li>\n<li class=\"li2\">Alimentation\u00a0: CA 220-240\u00a0V ~ 50-60\u00a0Hz<\/li>\n<li class=\"li2\">Puissance\u00a0: 1\u00a0350\u00a0W<\/li>\n<li class=\"li2\">Dimensions (L x H x P)\u00a0: 15 x 29,5 x 33 cm<\/li>\n<li class=\"li2\">Poids\u00a0: 3,2\u00a0Kga<\/li>\n<\/ul>\n<p><span style=\"text-decoration: underline;\"><strong>Pas \u00e0 vendre en dehors de l&#8217;Europe<\/strong><\/span><\/p>\n","protected":false},"excerpt":{"rendered":"<p>Tiffany est la machine \u00e0 caf\u00e9 expresso au design moderne, \u00e9l\u00e9gant et raffin\u00e9 avec un corps en acier. La structure<\/p>\n","protected":false},"featured_media":438590,"template":"","meta":{"_acf_changed":false,"inline_featured_image":false},"product_cat":[12764,25365,12449],"product_tag":[12956,12948,16870,12950,13254],"acf":[],"yoast_head":"<!-- This site is optimized with the Yoast SEO Premium plugin v18.6 (Yoast SEO v19.13) - https:\/\/yoast.com\/wordpress\/plugins\/seo\/ -->\n<title>G3 FERRARI Tiffany Machine \u00e0 caf\u00e9<\/title>\n<meta name=\"description\" content=\"D\u00e9couvrez G3 FERRARI Tiffany Machine \u00e0 caf\u00e9 sur ErresseShop. Qualit\u00e9, prix r\u00e9duits et achat s\u00e9curis\u00e9 \u2013 commandez d\u00e8s maintenant en ligne !\" \/>\n<meta name=\"robots\" content=\"index, follow, max-snippet:-1, max-image-preview:large, max-video-preview:-1\" \/>\n<link rel=\"canonical\" href=\"https:\/\/www.erresse-shop.it\/fr\/shop\/petits-electromenagers\/machines-cafe\/manuels\/g3-ferrari-tiffany-machine-a-cafe\/\" \/>\n<meta property=\"og:locale\" content=\"fr_FR\" \/>\n<meta property=\"og:type\" content=\"article\" \/>\n<meta property=\"og:title\" content=\"G3 FERRARI Tiffany Machine \u00e0 caf\u00e9\" \/>\n<meta property=\"og:description\" content=\"D\u00e9couvrez G3 FERRARI Tiffany Machine \u00e0 caf\u00e9 sur ErresseShop. Qualit\u00e9, prix r\u00e9duits et achat s\u00e9curis\u00e9 \u2013 commandez d\u00e8s maintenant en ligne !\" \/>\n<meta property=\"og:url\" content=\"https:\/\/www.erresse-shop.it\/fr\/shop\/petits-electromenagers\/machines-cafe\/manuels\/g3-ferrari-tiffany-machine-a-cafe\/\" \/>\n<meta property=\"og:site_name\" content=\"Erresse Shop\" \/>\n<meta property=\"article:modified_time\" content=\"2025-02-17T13:29:07+00:00\" \/>\n<meta property=\"og:image\" content=\"https:\/\/www.erresse-shop.it\/wp-content\/uploads\/2024\/10\/G3-FERRARI-Tiffany-Macchina-per-Caffe.jpg\" \/>\n\t<meta property=\"og:image:width\" content=\"1200\" \/>\n\t<meta property=\"og:image:height\" content=\"1200\" \/>\n\t<meta property=\"og:image:type\" content=\"image\/jpeg\" \/>\n<meta name=\"twitter:card\" content=\"summary_large_image\" \/>\n<script type=\"application\/ld+json\" class=\"yoast-schema-graph\">{\"@context\":\"https:\/\/schema.org\",\"@graph\":[{\"@type\":\"WebPage\",\"@id\":\"https:\/\/www.erresse-shop.it\/fr\/shop\/petits-electromenagers\/machines-cafe\/manuels\/g3-ferrari-tiffany-machine-a-cafe\/\",\"url\":\"https:\/\/www.erresse-shop.it\/fr\/shop\/petits-electromenagers\/machines-cafe\/manuels\/g3-ferrari-tiffany-machine-a-cafe\/\",\"name\":\"G3 FERRARI Tiffany Machine \u00e0 caf\u00e9\",\"isPartOf\":{\"@id\":\"https:\/\/www.erresse-shop.it\/fr\/#website\"},\"datePublished\":\"2024-10-09T14:16:49+00:00\",\"dateModified\":\"2025-02-17T13:29:07+00:00\",\"description\":\"D\u00e9couvrez G3 FERRARI Tiffany Machine \u00e0 caf\u00e9 sur ErresseShop. Qualit\u00e9, prix r\u00e9duits et achat s\u00e9curis\u00e9 \u2013 commandez d\u00e8s maintenant en ligne !\",\"breadcrumb\":{\"@id\":\"https:\/\/www.erresse-shop.it\/fr\/shop\/petits-electromenagers\/machines-cafe\/manuels\/g3-ferrari-tiffany-machine-a-cafe\/#breadcrumb\"},\"inLanguage\":\"fr-FR\",\"potentialAction\":[{\"@type\":\"ReadAction\",\"target\":[\"https:\/\/www.erresse-shop.it\/fr\/shop\/petits-electromenagers\/machines-cafe\/manuels\/g3-ferrari-tiffany-machine-a-cafe\/\"]}]},{\"@type\":\"BreadcrumbList\",\"@id\":\"https:\/\/www.erresse-shop.it\/fr\/shop\/petits-electromenagers\/machines-cafe\/manuels\/g3-ferrari-tiffany-machine-a-cafe\/#breadcrumb\",\"itemListElement\":[{\"@type\":\"ListItem\",\"position\":1,\"name\":\"Home\",\"item\":\"https:\/\/www.erresse-shop.it\/fr\/\"},{\"@type\":\"ListItem\",\"position\":2,\"name\":\"Shop\",\"item\":\"https:\/\/www.erresse-shop.it\/fr\/shop\/\"},{\"@type\":\"ListItem\",\"position\":3,\"name\":\"G3 FERRARI Tiffany Machine \u00e0 caf\u00e9\"}]},{\"@type\":\"WebSite\",\"@id\":\"https:\/\/www.erresse-shop.it\/fr\/#website\",\"url\":\"https:\/\/www.erresse-shop.it\/fr\/\",\"name\":\"Erresse Shop\",\"description\":\"Articoli di qualit\u00e0 per la casa\",\"potentialAction\":[{\"@type\":\"SearchAction\",\"target\":{\"@type\":\"EntryPoint\",\"urlTemplate\":\"https:\/\/www.erresse-shop.it\/fr\/?s={search_term_string}\"},\"query-input\":\"required name=search_term_string\"}],\"inLanguage\":\"fr-FR\"}]}<\/script>\n<!-- \/ Yoast SEO Premium plugin. -->","yoast_head_json":{"title":"G3 FERRARI Tiffany Machine \u00e0 caf\u00e9","description":"D\u00e9couvrez G3 FERRARI Tiffany Machine \u00e0 caf\u00e9 sur ErresseShop. Qualit\u00e9, prix r\u00e9duits et achat s\u00e9curis\u00e9 \u2013 commandez d\u00e8s maintenant en ligne !","robots":{"index":"index","follow":"follow","max-snippet":"max-snippet:-1","max-image-preview":"max-image-preview:large","max-video-preview":"max-video-preview:-1"},"canonical":"https:\/\/www.erresse-shop.it\/fr\/shop\/petits-electromenagers\/machines-cafe\/manuels\/g3-ferrari-tiffany-machine-a-cafe\/","og_locale":"fr_FR","og_type":"article","og_title":"G3 FERRARI Tiffany Machine \u00e0 caf\u00e9","og_description":"D\u00e9couvrez G3 FERRARI Tiffany Machine \u00e0 caf\u00e9 sur ErresseShop. Qualit\u00e9, prix r\u00e9duits et achat s\u00e9curis\u00e9 \u2013 commandez d\u00e8s maintenant en ligne !","og_url":"https:\/\/www.erresse-shop.it\/fr\/shop\/petits-electromenagers\/machines-cafe\/manuels\/g3-ferrari-tiffany-machine-a-cafe\/","og_site_name":"Erresse Shop","article_modified_time":"2025-02-17T13:29:07+00:00","og_image":[{"width":1200,"height":1200,"url":"https:\/\/www.erresse-shop.it\/wp-content\/uploads\/2024\/10\/G3-FERRARI-Tiffany-Macchina-per-Caffe.jpg","type":"image\/jpeg"}],"twitter_card":"summary_large_image","schema":{"@context":"https:\/\/schema.org","@graph":[{"@type":"WebPage","@id":"https:\/\/www.erresse-shop.it\/fr\/shop\/petits-electromenagers\/machines-cafe\/manuels\/g3-ferrari-tiffany-machine-a-cafe\/","url":"https:\/\/www.erresse-shop.it\/fr\/shop\/petits-electromenagers\/machines-cafe\/manuels\/g3-ferrari-tiffany-machine-a-cafe\/","name":"G3 FERRARI Tiffany Machine \u00e0 caf\u00e9","isPartOf":{"@id":"https:\/\/www.erresse-shop.it\/fr\/#website"},"datePublished":"2024-10-09T14:16:49+00:00","dateModified":"2025-02-17T13:29:07+00:00","description":"D\u00e9couvrez G3 FERRARI Tiffany Machine \u00e0 caf\u00e9 sur ErresseShop. Qualit\u00e9, prix r\u00e9duits et achat s\u00e9curis\u00e9 \u2013 commandez d\u00e8s maintenant en ligne !","breadcrumb":{"@id":"https:\/\/www.erresse-shop.it\/fr\/shop\/petits-electromenagers\/machines-cafe\/manuels\/g3-ferrari-tiffany-machine-a-cafe\/#breadcrumb"},"inLanguage":"fr-FR","potentialAction":[{"@type":"ReadAction","target":["https:\/\/www.erresse-shop.it\/fr\/shop\/petits-electromenagers\/machines-cafe\/manuels\/g3-ferrari-tiffany-machine-a-cafe\/"]}]},{"@type":"BreadcrumbList","@id":"https:\/\/www.erresse-shop.it\/fr\/shop\/petits-electromenagers\/machines-cafe\/manuels\/g3-ferrari-tiffany-machine-a-cafe\/#breadcrumb","itemListElement":[{"@type":"ListItem","position":1,"name":"Home","item":"https:\/\/www.erresse-shop.it\/fr\/"},{"@type":"ListItem","position":2,"name":"Shop","item":"https:\/\/www.erresse-shop.it\/fr\/shop\/"},{"@type":"ListItem","position":3,"name":"G3 FERRARI Tiffany Machine \u00e0 caf\u00e9"}]},{"@type":"WebSite","@id":"https:\/\/www.erresse-shop.it\/fr\/#website","url":"https:\/\/www.erresse-shop.it\/fr\/","name":"Erresse Shop","description":"Articoli di qualit\u00e0 per la casa","potentialAction":[{"@type":"SearchAction","target":{"@type":"EntryPoint","urlTemplate":"https:\/\/www.erresse-shop.it\/fr\/?s={search_term_string}"},"query-input":"required name=search_term_string"}],"inLanguage":"fr-FR"}]}},"df_price":138.9,"df_sale_price":138.9,"df_regular_price":138.9,"df_image_link":"https:\/\/www.erresse-shop.it\/wp-content\/uploads\/2024\/10\/G3-FERRARI-Tiffany-Macchina-per-Caffe-300x300.jpg","_links":{"self":[{"href":"https:\/\/www.erresse-shop.it\/fr\/wp-json\/wp\/v2\/product\/438556"}],"collection":[{"href":"https:\/\/www.erresse-shop.it\/fr\/wp-json\/wp\/v2\/product"}],"about":[{"href":"https:\/\/www.erresse-shop.it\/fr\/wp-json\/wp\/v2\/types\/product"}],"wp:featuredmedia":[{"embeddable":true,"href":"https:\/\/www.erresse-shop.it\/fr\/wp-json\/wp\/v2\/media\/438590"}],"wp:attachment":[{"href":"https:\/\/www.erresse-shop.it\/fr\/wp-json\/wp\/v2\/media?parent=438556"}],"wp:term":[{"taxonomy":"product_cat","embeddable":true,"href":"https:\/\/www.erresse-shop.it\/fr\/wp-json\/wp\/v2\/product_cat?post=438556"},{"taxonomy":"product_tag","embeddable":true,"href":"https:\/\/www.erresse-shop.it\/fr\/wp-json\/wp\/v2\/product_tag?post=438556"}],"curies":[{"name":"wp","href":"https:\/\/api.w.org\/{rel}","templated":true}]}}