{"id":438357,"date":"2024-10-09T08:45:32","date_gmt":"2024-10-09T08:45:34","guid":{"rendered":"https:\/\/www.erresse-shop.it\/?post_type=product&#038;p=438357"},"modified":"2025-08-28T11:10:08","modified_gmt":"2025-08-28T11:10:08","slug":"foppapedretti-table-a-repasser-assai-4-0-naturel","status":"publish","type":"product","link":"https:\/\/www.erresse-shop.it\/fr\/shop\/ameublement-maison\/planches-a-repasser\/foppapedretti-table-a-repasser-assai-4-0-naturel\/","title":{"rendered":"FOPPAPEDRETTI Table \u00e0 repasser Assai 4.0 Naturel"},"content":{"rendered":"<p>La nouvelle table \u00e0 repasser en bois Assai 4.0 de Foppapedretti est une revisite, apr\u00e8s 40 ans de succ\u00e8s, de notre best-seller Assai avec un design contemporain et un travail du bois innovant.<\/p>\n<p>Assai 4.0 a une structure en bois massif certifi\u00e9 FSC caract\u00e9ris\u00e9e par des formes arrondies et une nouvelle \u00e9tag\u00e8re en fer avec cadre en bois et tapis en caoutchouc silicone. Disponible en 4 variations de couleurs avec un nouveau couvre-essieu gris fonc\u00e9 inclus.<\/p>\n<p>Assai 4.0 est solide, mais en m\u00eame temps l\u00e9ger et facile \u00e0 d\u00e9placer gr\u00e2ce aux roues pratiques anti-rayures, et une fois ferm\u00e9, il tient seul, prend tr\u00e8s peu de place et peut \u00eatre positionn\u00e9 n&#8217;importe o\u00f9. Il est tr\u00e8s pratique et fonctionnel, s&#8217;adaptant \u00e0 tous les besoins : la surface de repassage, dot\u00e9e de trous respirants qui \u00e9vitent la condensation, est r\u00e9glable sur trois hauteurs pour assurer un confort maximal. Il dispose d&#8217;une \u00e9tag\u00e8re inf\u00e9rieure pratique pour le linge.<\/p>\n<p><strong>Dimensions ouvert : <\/strong>H 85\/88\/91 P 50 L 123 cm<br \/>\n<strong>Dimensions ferm\u00e9 :<\/strong> H 115 P 50 L 14 cm<\/p>\n<p><strong>Poids\u00a0: <\/strong>10\u00a0kg<\/p>\n","protected":false},"excerpt":{"rendered":"<p><\/p>\n","protected":false},"featured_media":438384,"template":"","meta":{"_acf_changed":false,"inline_featured_image":false},"product_cat":[12738,18095],"product_tag":[18473,14059,21821],"acf":[],"yoast_head":"<!-- This site is optimized with the Yoast SEO Premium plugin v18.6 (Yoast SEO v19.13) - https:\/\/yoast.com\/wordpress\/plugins\/seo\/ -->\n<title>FOPPAPEDRETTI Table \u00e0 repasser Assai 4.0 Naturel<\/title>\n<meta name=\"description\" content=\"D\u00e9couvrez FOPPAPEDRETTI Table \u00e0 repasser Assai 4.0 Naturel sur ErresseShop. Qualit\u00e9, prix r\u00e9duits et achat s\u00e9curis\u00e9 \u2013 commandez d\u00e8s maintenant en ligne !\" \/>\n<meta name=\"robots\" content=\"index, follow, max-snippet:-1, max-image-preview:large, max-video-preview:-1\" \/>\n<link rel=\"canonical\" href=\"https:\/\/www.erresse-shop.it\/fr\/shop\/ameublement-maison\/planches-a-repasser\/foppapedretti-table-a-repasser-assai-4-0-naturel\/\" \/>\n<meta property=\"og:locale\" content=\"fr_FR\" \/>\n<meta property=\"og:type\" content=\"article\" \/>\n<meta property=\"og:title\" content=\"FOPPAPEDRETTI Table \u00e0 repasser Assai 4.0 Naturel\" \/>\n<meta property=\"og:description\" content=\"D\u00e9couvrez FOPPAPEDRETTI Table \u00e0 repasser Assai 4.0 Naturel sur ErresseShop. Qualit\u00e9, prix r\u00e9duits et achat s\u00e9curis\u00e9 \u2013 commandez d\u00e8s maintenant en ligne !\" \/>\n<meta property=\"og:url\" content=\"https:\/\/www.erresse-shop.it\/fr\/shop\/ameublement-maison\/planches-a-repasser\/foppapedretti-table-a-repasser-assai-4-0-naturel\/\" \/>\n<meta property=\"og:site_name\" content=\"Erresse Shop\" \/>\n<meta property=\"article:modified_time\" content=\"2025-08-28T11:10:08+00:00\" \/>\n<meta property=\"og:image\" content=\"https:\/\/www.erresse-shop.it\/wp-content\/uploads\/2024\/10\/FOPPAPEDRETTI-Asse-da-Stiro-Assai-4.0-Naturale-1.jpg\" \/>\n\t<meta property=\"og:image:width\" content=\"1200\" \/>\n\t<meta property=\"og:image:height\" content=\"1200\" \/>\n\t<meta property=\"og:image:type\" content=\"image\/jpeg\" \/>\n<meta name=\"twitter:card\" content=\"summary_large_image\" \/>\n<script type=\"application\/ld+json\" class=\"yoast-schema-graph\">{\"@context\":\"https:\/\/schema.org\",\"@graph\":[{\"@type\":\"WebPage\",\"@id\":\"https:\/\/www.erresse-shop.it\/fr\/shop\/ameublement-maison\/planches-a-repasser\/foppapedretti-table-a-repasser-assai-4-0-naturel\/\",\"url\":\"https:\/\/www.erresse-shop.it\/fr\/shop\/ameublement-maison\/planches-a-repasser\/foppapedretti-table-a-repasser-assai-4-0-naturel\/\",\"name\":\"FOPPAPEDRETTI Table \u00e0 repasser Assai 4.0 Naturel\",\"isPartOf\":{\"@id\":\"https:\/\/www.erresse-shop.it\/fr\/#website\"},\"datePublished\":\"2024-10-09T08:45:34+00:00\",\"dateModified\":\"2025-08-28T11:10:08+00:00\",\"description\":\"D\u00e9couvrez FOPPAPEDRETTI Table \u00e0 repasser Assai 4.0 Naturel sur ErresseShop. Qualit\u00e9, prix r\u00e9duits et achat s\u00e9curis\u00e9 \u2013 commandez d\u00e8s maintenant en ligne !\",\"breadcrumb\":{\"@id\":\"https:\/\/www.erresse-shop.it\/fr\/shop\/ameublement-maison\/planches-a-repasser\/foppapedretti-table-a-repasser-assai-4-0-naturel\/#breadcrumb\"},\"inLanguage\":\"fr-FR\",\"potentialAction\":[{\"@type\":\"ReadAction\",\"target\":[\"https:\/\/www.erresse-shop.it\/fr\/shop\/ameublement-maison\/planches-a-repasser\/foppapedretti-table-a-repasser-assai-4-0-naturel\/\"]}]},{\"@type\":\"BreadcrumbList\",\"@id\":\"https:\/\/www.erresse-shop.it\/fr\/shop\/ameublement-maison\/planches-a-repasser\/foppapedretti-table-a-repasser-assai-4-0-naturel\/#breadcrumb\",\"itemListElement\":[{\"@type\":\"ListItem\",\"position\":1,\"name\":\"Home\",\"item\":\"https:\/\/www.erresse-shop.it\/fr\/\"},{\"@type\":\"ListItem\",\"position\":2,\"name\":\"Shop\",\"item\":\"https:\/\/www.erresse-shop.it\/fr\/shop\/\"},{\"@type\":\"ListItem\",\"position\":3,\"name\":\"FOPPAPEDRETTI Table \u00e0 repasser Assai 4.0 Naturel\"}]},{\"@type\":\"WebSite\",\"@id\":\"https:\/\/www.erresse-shop.it\/fr\/#website\",\"url\":\"https:\/\/www.erresse-shop.it\/fr\/\",\"name\":\"Erresse Shop\",\"description\":\"Articoli di qualit\u00e0 per la casa\",\"potentialAction\":[{\"@type\":\"SearchAction\",\"target\":{\"@type\":\"EntryPoint\",\"urlTemplate\":\"https:\/\/www.erresse-shop.it\/fr\/?s={search_term_string}\"},\"query-input\":\"required name=search_term_string\"}],\"inLanguage\":\"fr-FR\"}]}<\/script>\n<!-- \/ Yoast SEO Premium plugin. -->","yoast_head_json":{"title":"FOPPAPEDRETTI Table \u00e0 repasser Assai 4.0 Naturel","description":"D\u00e9couvrez FOPPAPEDRETTI Table \u00e0 repasser Assai 4.0 Naturel sur ErresseShop. Qualit\u00e9, prix r\u00e9duits et achat s\u00e9curis\u00e9 \u2013 commandez d\u00e8s maintenant en ligne !","robots":{"index":"index","follow":"follow","max-snippet":"max-snippet:-1","max-image-preview":"max-image-preview:large","max-video-preview":"max-video-preview:-1"},"canonical":"https:\/\/www.erresse-shop.it\/fr\/shop\/ameublement-maison\/planches-a-repasser\/foppapedretti-table-a-repasser-assai-4-0-naturel\/","og_locale":"fr_FR","og_type":"article","og_title":"FOPPAPEDRETTI Table \u00e0 repasser Assai 4.0 Naturel","og_description":"D\u00e9couvrez FOPPAPEDRETTI Table \u00e0 repasser Assai 4.0 Naturel sur ErresseShop. Qualit\u00e9, prix r\u00e9duits et achat s\u00e9curis\u00e9 \u2013 commandez d\u00e8s maintenant en ligne !","og_url":"https:\/\/www.erresse-shop.it\/fr\/shop\/ameublement-maison\/planches-a-repasser\/foppapedretti-table-a-repasser-assai-4-0-naturel\/","og_site_name":"Erresse Shop","article_modified_time":"2025-08-28T11:10:08+00:00","og_image":[{"width":1200,"height":1200,"url":"https:\/\/www.erresse-shop.it\/wp-content\/uploads\/2024\/10\/FOPPAPEDRETTI-Asse-da-Stiro-Assai-4.0-Naturale-1.jpg","type":"image\/jpeg"}],"twitter_card":"summary_large_image","schema":{"@context":"https:\/\/schema.org","@graph":[{"@type":"WebPage","@id":"https:\/\/www.erresse-shop.it\/fr\/shop\/ameublement-maison\/planches-a-repasser\/foppapedretti-table-a-repasser-assai-4-0-naturel\/","url":"https:\/\/www.erresse-shop.it\/fr\/shop\/ameublement-maison\/planches-a-repasser\/foppapedretti-table-a-repasser-assai-4-0-naturel\/","name":"FOPPAPEDRETTI Table \u00e0 repasser Assai 4.0 Naturel","isPartOf":{"@id":"https:\/\/www.erresse-shop.it\/fr\/#website"},"datePublished":"2024-10-09T08:45:34+00:00","dateModified":"2025-08-28T11:10:08+00:00","description":"D\u00e9couvrez FOPPAPEDRETTI Table \u00e0 repasser Assai 4.0 Naturel sur ErresseShop. Qualit\u00e9, prix r\u00e9duits et achat s\u00e9curis\u00e9 \u2013 commandez d\u00e8s maintenant en ligne !","breadcrumb":{"@id":"https:\/\/www.erresse-shop.it\/fr\/shop\/ameublement-maison\/planches-a-repasser\/foppapedretti-table-a-repasser-assai-4-0-naturel\/#breadcrumb"},"inLanguage":"fr-FR","potentialAction":[{"@type":"ReadAction","target":["https:\/\/www.erresse-shop.it\/fr\/shop\/ameublement-maison\/planches-a-repasser\/foppapedretti-table-a-repasser-assai-4-0-naturel\/"]}]},{"@type":"BreadcrumbList","@id":"https:\/\/www.erresse-shop.it\/fr\/shop\/ameublement-maison\/planches-a-repasser\/foppapedretti-table-a-repasser-assai-4-0-naturel\/#breadcrumb","itemListElement":[{"@type":"ListItem","position":1,"name":"Home","item":"https:\/\/www.erresse-shop.it\/fr\/"},{"@type":"ListItem","position":2,"name":"Shop","item":"https:\/\/www.erresse-shop.it\/fr\/shop\/"},{"@type":"ListItem","position":3,"name":"FOPPAPEDRETTI Table \u00e0 repasser Assai 4.0 Naturel"}]},{"@type":"WebSite","@id":"https:\/\/www.erresse-shop.it\/fr\/#website","url":"https:\/\/www.erresse-shop.it\/fr\/","name":"Erresse Shop","description":"Articoli di qualit\u00e0 per la casa","potentialAction":[{"@type":"SearchAction","target":{"@type":"EntryPoint","urlTemplate":"https:\/\/www.erresse-shop.it\/fr\/?s={search_term_string}"},"query-input":"required name=search_term_string"}],"inLanguage":"fr-FR"}]}},"df_price":224,"df_sale_price":224,"df_regular_price":224,"df_image_link":"https:\/\/www.erresse-shop.it\/wp-content\/uploads\/2024\/10\/FOPPAPEDRETTI-Asse-da-Stiro-Assai-4.0-Naturale-1-300x300.jpg","_links":{"self":[{"href":"https:\/\/www.erresse-shop.it\/fr\/wp-json\/wp\/v2\/product\/438357"}],"collection":[{"href":"https:\/\/www.erresse-shop.it\/fr\/wp-json\/wp\/v2\/product"}],"about":[{"href":"https:\/\/www.erresse-shop.it\/fr\/wp-json\/wp\/v2\/types\/product"}],"wp:featuredmedia":[{"embeddable":true,"href":"https:\/\/www.erresse-shop.it\/fr\/wp-json\/wp\/v2\/media\/438384"}],"wp:attachment":[{"href":"https:\/\/www.erresse-shop.it\/fr\/wp-json\/wp\/v2\/media?parent=438357"}],"wp:term":[{"taxonomy":"product_cat","embeddable":true,"href":"https:\/\/www.erresse-shop.it\/fr\/wp-json\/wp\/v2\/product_cat?post=438357"},{"taxonomy":"product_tag","embeddable":true,"href":"https:\/\/www.erresse-shop.it\/fr\/wp-json\/wp\/v2\/product_tag?post=438357"}],"curies":[{"name":"wp","href":"https:\/\/api.w.org\/{rel}","templated":true}]}}