{"id":438320,"date":"2024-10-09T07:56:36","date_gmt":"2024-10-09T07:56:38","guid":{"rendered":"https:\/\/www.erresse-shop.it\/?post_type=product&#038;p=438320"},"modified":"2025-08-11T07:32:35","modified_gmt":"2025-08-11T07:32:35","slug":"foppapedretti-cordes-a-linge-gulliver-4-0-naturel-copia","status":"publish","type":"product","link":"https:\/\/www.erresse-shop.it\/fr\/shop\/ameublement-maison\/sechoirs\/foppapedretti-cordes-a-linge-gulliver-4-0-naturel-copia\/","title":{"rendered":"FOPPAPEDRETTI Cordes \u00e0 linge SuperGulliver 4.0 Bois"},"content":{"rendered":"<p>Le nouveau s\u00e9choir pliant en bois SuperGulliver 4.0 de Foppapedretti, id\u00e9al pour de grandes quantit\u00e9s de linge, est une r\u00e9interpr\u00e9tation de notre best-seller avec un design contemporain et des boiseries innovantes.<\/p>\n<p>SuperGulliver 4.0 a une structure en bois massif certifi\u00e9 FSC caract\u00e9ris\u00e9e par des formes arrondies : il offre 35 m\u00e8tres de corde \u00e0 linge utile et dispose d&#8217;une barre d&#8217;\u00e9paule confortable, qui dispara\u00eet facilement lorsqu&#8217;elle n&#8217;est pas utilis\u00e9e.<\/p>\n<p>Il est tr\u00e8s stable gr\u00e2ce \u00e0 la structure en bois massif, mais aussi tr\u00e8s facile \u00e0 d\u00e9placer gr\u00e2ce aux 4 roues pivotantes dont 2 avec freins.<\/p>\n<p>SuperGulliver 4.0 s&#8217;ouvre selon les besoins : les bras lat\u00e9raux et avant avec tiges en aluminium peint sont ind\u00e9pendants. Et une fois ferm\u00e9, il tient seul et n&#8217;occupe que 14 centim\u00e8tres. Il peut \u00eatre positionn\u00e9 n&#8217;importe o\u00f9.<\/p>\n<p><strong>Dimensions ouvert : <\/strong>H 189 P 122 L 174 cm<br \/>\n<strong>Dimensions ferm\u00e9 :<\/strong> H 103 P 61 L 14 cm<\/p>\n<p><strong>Poids\u00a0: <\/strong>9 kg<\/p>\n","protected":false},"excerpt":{"rendered":"<p><\/p>\n","protected":false},"featured_media":438325,"template":"","meta":{"_acf_changed":false,"inline_featured_image":false},"product_cat":[12738,18521],"product_tag":[18473,18472,21821],"acf":[],"yoast_head":"<!-- This site is optimized with the Yoast SEO Premium plugin v18.6 (Yoast SEO v19.13) - https:\/\/yoast.com\/wordpress\/plugins\/seo\/ -->\n<title>FOPPAPEDRETTI Cordes \u00e0 linge SuperGulliver 4.0 Bois<\/title>\n<meta name=\"description\" content=\"D\u00e9couvrez FOPPAPEDRETTI Cordes \u00e0 linge SuperGulliver 4.0 Bois sur ErresseShop. Qualit\u00e9, prix r\u00e9duits et achat s\u00e9curis\u00e9 \u2013 commandez d\u00e8s maintenant en ligne !\" \/>\n<meta name=\"robots\" content=\"index, follow, max-snippet:-1, max-image-preview:large, max-video-preview:-1\" \/>\n<link rel=\"canonical\" href=\"https:\/\/www.erresse-shop.it\/fr\/shop\/ameublement-maison\/sechoirs\/foppapedretti-cordes-a-linge-gulliver-4-0-naturel-copia\/\" \/>\n<meta property=\"og:locale\" content=\"fr_FR\" \/>\n<meta property=\"og:type\" content=\"article\" \/>\n<meta property=\"og:title\" content=\"FOPPAPEDRETTI Cordes \u00e0 linge SuperGulliver 4.0 Bois\" \/>\n<meta property=\"og:description\" content=\"D\u00e9couvrez FOPPAPEDRETTI Cordes \u00e0 linge SuperGulliver 4.0 Bois sur ErresseShop. Qualit\u00e9, prix r\u00e9duits et achat s\u00e9curis\u00e9 \u2013 commandez d\u00e8s maintenant en ligne !\" \/>\n<meta property=\"og:url\" content=\"https:\/\/www.erresse-shop.it\/fr\/shop\/ameublement-maison\/sechoirs\/foppapedretti-cordes-a-linge-gulliver-4-0-naturel-copia\/\" \/>\n<meta property=\"og:site_name\" content=\"Erresse Shop\" \/>\n<meta property=\"article:modified_time\" content=\"2025-08-11T07:32:35+00:00\" \/>\n<meta property=\"og:image\" content=\"https:\/\/www.erresse-shop.it\/wp-content\/uploads\/2024\/10\/FOPPAPEDRETTI-Stendibiancheria-SuperGulliver-4.0-Legno.jpg\" \/>\n\t<meta property=\"og:image:width\" content=\"1200\" \/>\n\t<meta property=\"og:image:height\" content=\"1200\" \/>\n\t<meta property=\"og:image:type\" content=\"image\/jpeg\" \/>\n<meta name=\"twitter:card\" content=\"summary_large_image\" \/>\n<script type=\"application\/ld+json\" class=\"yoast-schema-graph\">{\"@context\":\"https:\/\/schema.org\",\"@graph\":[{\"@type\":\"WebPage\",\"@id\":\"https:\/\/www.erresse-shop.it\/fr\/shop\/ameublement-maison\/sechoirs\/foppapedretti-cordes-a-linge-gulliver-4-0-naturel-copia\/\",\"url\":\"https:\/\/www.erresse-shop.it\/fr\/shop\/ameublement-maison\/sechoirs\/foppapedretti-cordes-a-linge-gulliver-4-0-naturel-copia\/\",\"name\":\"FOPPAPEDRETTI Cordes \u00e0 linge SuperGulliver 4.0 Bois\",\"isPartOf\":{\"@id\":\"https:\/\/www.erresse-shop.it\/fr\/#website\"},\"datePublished\":\"2024-10-09T07:56:38+00:00\",\"dateModified\":\"2025-08-11T07:32:35+00:00\",\"description\":\"D\u00e9couvrez FOPPAPEDRETTI Cordes \u00e0 linge SuperGulliver 4.0 Bois sur ErresseShop. Qualit\u00e9, prix r\u00e9duits et achat s\u00e9curis\u00e9 \u2013 commandez d\u00e8s maintenant en ligne !\",\"breadcrumb\":{\"@id\":\"https:\/\/www.erresse-shop.it\/fr\/shop\/ameublement-maison\/sechoirs\/foppapedretti-cordes-a-linge-gulliver-4-0-naturel-copia\/#breadcrumb\"},\"inLanguage\":\"fr-FR\",\"potentialAction\":[{\"@type\":\"ReadAction\",\"target\":[\"https:\/\/www.erresse-shop.it\/fr\/shop\/ameublement-maison\/sechoirs\/foppapedretti-cordes-a-linge-gulliver-4-0-naturel-copia\/\"]}]},{\"@type\":\"BreadcrumbList\",\"@id\":\"https:\/\/www.erresse-shop.it\/fr\/shop\/ameublement-maison\/sechoirs\/foppapedretti-cordes-a-linge-gulliver-4-0-naturel-copia\/#breadcrumb\",\"itemListElement\":[{\"@type\":\"ListItem\",\"position\":1,\"name\":\"Home\",\"item\":\"https:\/\/www.erresse-shop.it\/fr\/\"},{\"@type\":\"ListItem\",\"position\":2,\"name\":\"Shop\",\"item\":\"https:\/\/www.erresse-shop.it\/fr\/shop\/\"},{\"@type\":\"ListItem\",\"position\":3,\"name\":\"FOPPAPEDRETTI Cordes \u00e0 linge SuperGulliver 4.0 Bois\"}]},{\"@type\":\"WebSite\",\"@id\":\"https:\/\/www.erresse-shop.it\/fr\/#website\",\"url\":\"https:\/\/www.erresse-shop.it\/fr\/\",\"name\":\"Erresse Shop\",\"description\":\"Articoli di qualit\u00e0 per la casa\",\"potentialAction\":[{\"@type\":\"SearchAction\",\"target\":{\"@type\":\"EntryPoint\",\"urlTemplate\":\"https:\/\/www.erresse-shop.it\/fr\/?s={search_term_string}\"},\"query-input\":\"required name=search_term_string\"}],\"inLanguage\":\"fr-FR\"}]}<\/script>\n<!-- \/ Yoast SEO Premium plugin. -->","yoast_head_json":{"title":"FOPPAPEDRETTI Cordes \u00e0 linge SuperGulliver 4.0 Bois","description":"D\u00e9couvrez FOPPAPEDRETTI Cordes \u00e0 linge SuperGulliver 4.0 Bois sur ErresseShop. Qualit\u00e9, prix r\u00e9duits et achat s\u00e9curis\u00e9 \u2013 commandez d\u00e8s maintenant en ligne !","robots":{"index":"index","follow":"follow","max-snippet":"max-snippet:-1","max-image-preview":"max-image-preview:large","max-video-preview":"max-video-preview:-1"},"canonical":"https:\/\/www.erresse-shop.it\/fr\/shop\/ameublement-maison\/sechoirs\/foppapedretti-cordes-a-linge-gulliver-4-0-naturel-copia\/","og_locale":"fr_FR","og_type":"article","og_title":"FOPPAPEDRETTI Cordes \u00e0 linge SuperGulliver 4.0 Bois","og_description":"D\u00e9couvrez FOPPAPEDRETTI Cordes \u00e0 linge SuperGulliver 4.0 Bois sur ErresseShop. Qualit\u00e9, prix r\u00e9duits et achat s\u00e9curis\u00e9 \u2013 commandez d\u00e8s maintenant en ligne !","og_url":"https:\/\/www.erresse-shop.it\/fr\/shop\/ameublement-maison\/sechoirs\/foppapedretti-cordes-a-linge-gulliver-4-0-naturel-copia\/","og_site_name":"Erresse Shop","article_modified_time":"2025-08-11T07:32:35+00:00","og_image":[{"width":1200,"height":1200,"url":"https:\/\/www.erresse-shop.it\/wp-content\/uploads\/2024\/10\/FOPPAPEDRETTI-Stendibiancheria-SuperGulliver-4.0-Legno.jpg","type":"image\/jpeg"}],"twitter_card":"summary_large_image","schema":{"@context":"https:\/\/schema.org","@graph":[{"@type":"WebPage","@id":"https:\/\/www.erresse-shop.it\/fr\/shop\/ameublement-maison\/sechoirs\/foppapedretti-cordes-a-linge-gulliver-4-0-naturel-copia\/","url":"https:\/\/www.erresse-shop.it\/fr\/shop\/ameublement-maison\/sechoirs\/foppapedretti-cordes-a-linge-gulliver-4-0-naturel-copia\/","name":"FOPPAPEDRETTI Cordes \u00e0 linge SuperGulliver 4.0 Bois","isPartOf":{"@id":"https:\/\/www.erresse-shop.it\/fr\/#website"},"datePublished":"2024-10-09T07:56:38+00:00","dateModified":"2025-08-11T07:32:35+00:00","description":"D\u00e9couvrez FOPPAPEDRETTI Cordes \u00e0 linge SuperGulliver 4.0 Bois sur ErresseShop. Qualit\u00e9, prix r\u00e9duits et achat s\u00e9curis\u00e9 \u2013 commandez d\u00e8s maintenant en ligne !","breadcrumb":{"@id":"https:\/\/www.erresse-shop.it\/fr\/shop\/ameublement-maison\/sechoirs\/foppapedretti-cordes-a-linge-gulliver-4-0-naturel-copia\/#breadcrumb"},"inLanguage":"fr-FR","potentialAction":[{"@type":"ReadAction","target":["https:\/\/www.erresse-shop.it\/fr\/shop\/ameublement-maison\/sechoirs\/foppapedretti-cordes-a-linge-gulliver-4-0-naturel-copia\/"]}]},{"@type":"BreadcrumbList","@id":"https:\/\/www.erresse-shop.it\/fr\/shop\/ameublement-maison\/sechoirs\/foppapedretti-cordes-a-linge-gulliver-4-0-naturel-copia\/#breadcrumb","itemListElement":[{"@type":"ListItem","position":1,"name":"Home","item":"https:\/\/www.erresse-shop.it\/fr\/"},{"@type":"ListItem","position":2,"name":"Shop","item":"https:\/\/www.erresse-shop.it\/fr\/shop\/"},{"@type":"ListItem","position":3,"name":"FOPPAPEDRETTI Cordes \u00e0 linge SuperGulliver 4.0 Bois"}]},{"@type":"WebSite","@id":"https:\/\/www.erresse-shop.it\/fr\/#website","url":"https:\/\/www.erresse-shop.it\/fr\/","name":"Erresse Shop","description":"Articoli di qualit\u00e0 per la casa","potentialAction":[{"@type":"SearchAction","target":{"@type":"EntryPoint","urlTemplate":"https:\/\/www.erresse-shop.it\/fr\/?s={search_term_string}"},"query-input":"required name=search_term_string"}],"inLanguage":"fr-FR"}]}},"df_price":279,"df_sale_price":279,"df_regular_price":279,"df_image_link":"https:\/\/www.erresse-shop.it\/wp-content\/uploads\/2024\/10\/FOPPAPEDRETTI-Stendibiancheria-SuperGulliver-4.0-Legno-300x300.jpg","_links":{"self":[{"href":"https:\/\/www.erresse-shop.it\/fr\/wp-json\/wp\/v2\/product\/438320"}],"collection":[{"href":"https:\/\/www.erresse-shop.it\/fr\/wp-json\/wp\/v2\/product"}],"about":[{"href":"https:\/\/www.erresse-shop.it\/fr\/wp-json\/wp\/v2\/types\/product"}],"wp:featuredmedia":[{"embeddable":true,"href":"https:\/\/www.erresse-shop.it\/fr\/wp-json\/wp\/v2\/media\/438325"}],"wp:attachment":[{"href":"https:\/\/www.erresse-shop.it\/fr\/wp-json\/wp\/v2\/media?parent=438320"}],"wp:term":[{"taxonomy":"product_cat","embeddable":true,"href":"https:\/\/www.erresse-shop.it\/fr\/wp-json\/wp\/v2\/product_cat?post=438320"},{"taxonomy":"product_tag","embeddable":true,"href":"https:\/\/www.erresse-shop.it\/fr\/wp-json\/wp\/v2\/product_tag?post=438320"}],"curies":[{"name":"wp","href":"https:\/\/api.w.org\/{rel}","templated":true}]}}