{"id":438286,"date":"2024-10-09T07:29:02","date_gmt":"2024-10-09T07:29:05","guid":{"rendered":"https:\/\/www.erresse-shop.it\/?post_type=product&#038;p=438286"},"modified":"2025-08-26T16:10:08","modified_gmt":"2025-08-26T16:10:08","slug":"foppapedretti-cordes-a-linge-gulliver-4-0-naturel","status":"publish","type":"product","link":"https:\/\/www.erresse-shop.it\/fr\/shop\/ameublement-maison\/sechoirs\/foppapedretti-cordes-a-linge-gulliver-4-0-naturel\/","title":{"rendered":"FOPPAPEDRETTI Cordes \u00e0 linge Gulliver 4.0 Naturel"},"content":{"rendered":"<p>Le nouveau s\u00e9choir pliant en bois Gulliver 4.0 de Foppapedretti est une revisite, apr\u00e8s 40 ans de succ\u00e8s, de notre best-seller Gulliver avec un design contemporain et un travail du bois innovant.<\/p>\n<p>Gulliver 4.0 a une structure en bois massif certifi\u00e9 FSC caract\u00e9ris\u00e9e par des formes arrondies et est disponible en 3 variantes de couleurs.<\/p>\n<p>Gulliver 4.0 peut \u00eatre modul\u00e9 en fonction de la quantit\u00e9 de linge \u00e0 \u00e9tendre : il dispose de 27 m\u00e8tres de corde pour suspendre les v\u00eatements et, gr\u00e2ce \u00e0 des bras lat\u00e9raux et avant ind\u00e9pendants avec tiges en aluminium peint, il s&#8217;ouvre en fonction de la quantit\u00e9 de linge \u00e0 s\u00e9cher. Gulliver 4.0 se ferme dans tr\u00e8s peu d&#8217;espace, n&#8217;occupe que 14 centim\u00e8tres et reste debout tout seul&#8230; et se d\u00e9place facilement gr\u00e2ce aux robustes roues de freinage. Il peut \u00eatre positionn\u00e9 n&#8217;importe o\u00f9.<\/p>\n<p>Le paquet comprend six pinces \u00e0 linge color\u00e9es, \u00e0 ranger dans le plateau pratique situ\u00e9 sur un c\u00f4t\u00e9 du s\u00e9choir \u00e0 linge, qui peuvent \u00e9galement \u00eatre achet\u00e9es s\u00e9par\u00e9ment.<\/p>\n<p><strong>Dimensions ouvert :<\/strong> H 105 P 80 L 174 cm<br \/>\n<strong>Dimensions ferm\u00e9 :<\/strong> H 103 P 55 L 14 cm<\/p>\n<p><strong>Poids\u00a0: <\/strong>8 kg<\/p>\n","protected":false},"excerpt":{"rendered":"<p><\/p>\n","protected":false},"featured_media":438291,"template":"","meta":{"_acf_changed":false,"inline_featured_image":false},"product_cat":[12738,18521],"product_tag":[18473,18472,21821],"acf":[],"yoast_head":"<!-- This site is optimized with the Yoast SEO Premium plugin v18.6 (Yoast SEO v19.13) - https:\/\/yoast.com\/wordpress\/plugins\/seo\/ -->\n<title>FOPPAPEDRETTI Cordes \u00e0 linge Gulliver 4.0 Naturel<\/title>\n<meta name=\"description\" content=\"D\u00e9couvrez FOPPAPEDRETTI Cordes \u00e0 linge Gulliver 4.0 Naturel sur ErresseShop. Qualit\u00e9, prix r\u00e9duits et achat s\u00e9curis\u00e9 \u2013 commandez d\u00e8s maintenant en ligne !\" \/>\n<meta name=\"robots\" content=\"index, follow, max-snippet:-1, max-image-preview:large, max-video-preview:-1\" \/>\n<link rel=\"canonical\" href=\"https:\/\/www.erresse-shop.it\/fr\/shop\/ameublement-maison\/sechoirs\/foppapedretti-cordes-a-linge-gulliver-4-0-naturel\/\" \/>\n<meta property=\"og:locale\" content=\"fr_FR\" \/>\n<meta property=\"og:type\" content=\"article\" \/>\n<meta property=\"og:title\" content=\"FOPPAPEDRETTI Cordes \u00e0 linge Gulliver 4.0 Naturel\" \/>\n<meta property=\"og:description\" content=\"D\u00e9couvrez FOPPAPEDRETTI Cordes \u00e0 linge Gulliver 4.0 Naturel sur ErresseShop. Qualit\u00e9, prix r\u00e9duits et achat s\u00e9curis\u00e9 \u2013 commandez d\u00e8s maintenant en ligne !\" \/>\n<meta property=\"og:url\" content=\"https:\/\/www.erresse-shop.it\/fr\/shop\/ameublement-maison\/sechoirs\/foppapedretti-cordes-a-linge-gulliver-4-0-naturel\/\" \/>\n<meta property=\"og:site_name\" content=\"Erresse Shop\" \/>\n<meta property=\"article:modified_time\" content=\"2025-08-26T16:10:08+00:00\" \/>\n<meta property=\"og:image\" content=\"https:\/\/www.erresse-shop.it\/wp-content\/uploads\/2024\/10\/FOPPAPEDRETTI-Stendibiancheria-Gulliver-4.0-Naturale.jpg\" \/>\n\t<meta property=\"og:image:width\" content=\"1200\" \/>\n\t<meta property=\"og:image:height\" content=\"1200\" \/>\n\t<meta property=\"og:image:type\" content=\"image\/jpeg\" \/>\n<meta name=\"twitter:card\" content=\"summary_large_image\" \/>\n<script type=\"application\/ld+json\" class=\"yoast-schema-graph\">{\"@context\":\"https:\/\/schema.org\",\"@graph\":[{\"@type\":\"WebPage\",\"@id\":\"https:\/\/www.erresse-shop.it\/fr\/shop\/ameublement-maison\/sechoirs\/foppapedretti-cordes-a-linge-gulliver-4-0-naturel\/\",\"url\":\"https:\/\/www.erresse-shop.it\/fr\/shop\/ameublement-maison\/sechoirs\/foppapedretti-cordes-a-linge-gulliver-4-0-naturel\/\",\"name\":\"FOPPAPEDRETTI Cordes \u00e0 linge Gulliver 4.0 Naturel\",\"isPartOf\":{\"@id\":\"https:\/\/www.erresse-shop.it\/fr\/#website\"},\"datePublished\":\"2024-10-09T07:29:05+00:00\",\"dateModified\":\"2025-08-26T16:10:08+00:00\",\"description\":\"D\u00e9couvrez FOPPAPEDRETTI Cordes \u00e0 linge Gulliver 4.0 Naturel sur ErresseShop. Qualit\u00e9, prix r\u00e9duits et achat s\u00e9curis\u00e9 \u2013 commandez d\u00e8s maintenant en ligne !\",\"breadcrumb\":{\"@id\":\"https:\/\/www.erresse-shop.it\/fr\/shop\/ameublement-maison\/sechoirs\/foppapedretti-cordes-a-linge-gulliver-4-0-naturel\/#breadcrumb\"},\"inLanguage\":\"fr-FR\",\"potentialAction\":[{\"@type\":\"ReadAction\",\"target\":[\"https:\/\/www.erresse-shop.it\/fr\/shop\/ameublement-maison\/sechoirs\/foppapedretti-cordes-a-linge-gulliver-4-0-naturel\/\"]}]},{\"@type\":\"BreadcrumbList\",\"@id\":\"https:\/\/www.erresse-shop.it\/fr\/shop\/ameublement-maison\/sechoirs\/foppapedretti-cordes-a-linge-gulliver-4-0-naturel\/#breadcrumb\",\"itemListElement\":[{\"@type\":\"ListItem\",\"position\":1,\"name\":\"Home\",\"item\":\"https:\/\/www.erresse-shop.it\/fr\/\"},{\"@type\":\"ListItem\",\"position\":2,\"name\":\"Shop\",\"item\":\"https:\/\/www.erresse-shop.it\/fr\/shop\/\"},{\"@type\":\"ListItem\",\"position\":3,\"name\":\"FOPPAPEDRETTI Cordes \u00e0 linge Gulliver 4.0 Naturel\"}]},{\"@type\":\"WebSite\",\"@id\":\"https:\/\/www.erresse-shop.it\/fr\/#website\",\"url\":\"https:\/\/www.erresse-shop.it\/fr\/\",\"name\":\"Erresse Shop\",\"description\":\"Articoli di qualit\u00e0 per la casa\",\"potentialAction\":[{\"@type\":\"SearchAction\",\"target\":{\"@type\":\"EntryPoint\",\"urlTemplate\":\"https:\/\/www.erresse-shop.it\/fr\/?s={search_term_string}\"},\"query-input\":\"required name=search_term_string\"}],\"inLanguage\":\"fr-FR\"}]}<\/script>\n<!-- \/ Yoast SEO Premium plugin. -->","yoast_head_json":{"title":"FOPPAPEDRETTI Cordes \u00e0 linge Gulliver 4.0 Naturel","description":"D\u00e9couvrez FOPPAPEDRETTI Cordes \u00e0 linge Gulliver 4.0 Naturel sur ErresseShop. Qualit\u00e9, prix r\u00e9duits et achat s\u00e9curis\u00e9 \u2013 commandez d\u00e8s maintenant en ligne !","robots":{"index":"index","follow":"follow","max-snippet":"max-snippet:-1","max-image-preview":"max-image-preview:large","max-video-preview":"max-video-preview:-1"},"canonical":"https:\/\/www.erresse-shop.it\/fr\/shop\/ameublement-maison\/sechoirs\/foppapedretti-cordes-a-linge-gulliver-4-0-naturel\/","og_locale":"fr_FR","og_type":"article","og_title":"FOPPAPEDRETTI Cordes \u00e0 linge Gulliver 4.0 Naturel","og_description":"D\u00e9couvrez FOPPAPEDRETTI Cordes \u00e0 linge Gulliver 4.0 Naturel sur ErresseShop. Qualit\u00e9, prix r\u00e9duits et achat s\u00e9curis\u00e9 \u2013 commandez d\u00e8s maintenant en ligne !","og_url":"https:\/\/www.erresse-shop.it\/fr\/shop\/ameublement-maison\/sechoirs\/foppapedretti-cordes-a-linge-gulliver-4-0-naturel\/","og_site_name":"Erresse Shop","article_modified_time":"2025-08-26T16:10:08+00:00","og_image":[{"width":1200,"height":1200,"url":"https:\/\/www.erresse-shop.it\/wp-content\/uploads\/2024\/10\/FOPPAPEDRETTI-Stendibiancheria-Gulliver-4.0-Naturale.jpg","type":"image\/jpeg"}],"twitter_card":"summary_large_image","schema":{"@context":"https:\/\/schema.org","@graph":[{"@type":"WebPage","@id":"https:\/\/www.erresse-shop.it\/fr\/shop\/ameublement-maison\/sechoirs\/foppapedretti-cordes-a-linge-gulliver-4-0-naturel\/","url":"https:\/\/www.erresse-shop.it\/fr\/shop\/ameublement-maison\/sechoirs\/foppapedretti-cordes-a-linge-gulliver-4-0-naturel\/","name":"FOPPAPEDRETTI Cordes \u00e0 linge Gulliver 4.0 Naturel","isPartOf":{"@id":"https:\/\/www.erresse-shop.it\/fr\/#website"},"datePublished":"2024-10-09T07:29:05+00:00","dateModified":"2025-08-26T16:10:08+00:00","description":"D\u00e9couvrez FOPPAPEDRETTI Cordes \u00e0 linge Gulliver 4.0 Naturel sur ErresseShop. Qualit\u00e9, prix r\u00e9duits et achat s\u00e9curis\u00e9 \u2013 commandez d\u00e8s maintenant en ligne !","breadcrumb":{"@id":"https:\/\/www.erresse-shop.it\/fr\/shop\/ameublement-maison\/sechoirs\/foppapedretti-cordes-a-linge-gulliver-4-0-naturel\/#breadcrumb"},"inLanguage":"fr-FR","potentialAction":[{"@type":"ReadAction","target":["https:\/\/www.erresse-shop.it\/fr\/shop\/ameublement-maison\/sechoirs\/foppapedretti-cordes-a-linge-gulliver-4-0-naturel\/"]}]},{"@type":"BreadcrumbList","@id":"https:\/\/www.erresse-shop.it\/fr\/shop\/ameublement-maison\/sechoirs\/foppapedretti-cordes-a-linge-gulliver-4-0-naturel\/#breadcrumb","itemListElement":[{"@type":"ListItem","position":1,"name":"Home","item":"https:\/\/www.erresse-shop.it\/fr\/"},{"@type":"ListItem","position":2,"name":"Shop","item":"https:\/\/www.erresse-shop.it\/fr\/shop\/"},{"@type":"ListItem","position":3,"name":"FOPPAPEDRETTI Cordes \u00e0 linge Gulliver 4.0 Naturel"}]},{"@type":"WebSite","@id":"https:\/\/www.erresse-shop.it\/fr\/#website","url":"https:\/\/www.erresse-shop.it\/fr\/","name":"Erresse Shop","description":"Articoli di qualit\u00e0 per la casa","potentialAction":[{"@type":"SearchAction","target":{"@type":"EntryPoint","urlTemplate":"https:\/\/www.erresse-shop.it\/fr\/?s={search_term_string}"},"query-input":"required name=search_term_string"}],"inLanguage":"fr-FR"}]}},"df_price":259,"df_sale_price":259,"df_regular_price":259,"df_image_link":"https:\/\/www.erresse-shop.it\/wp-content\/uploads\/2024\/10\/FOPPAPEDRETTI-Stendibiancheria-Gulliver-4.0-Naturale-300x300.jpg","_links":{"self":[{"href":"https:\/\/www.erresse-shop.it\/fr\/wp-json\/wp\/v2\/product\/438286"}],"collection":[{"href":"https:\/\/www.erresse-shop.it\/fr\/wp-json\/wp\/v2\/product"}],"about":[{"href":"https:\/\/www.erresse-shop.it\/fr\/wp-json\/wp\/v2\/types\/product"}],"wp:featuredmedia":[{"embeddable":true,"href":"https:\/\/www.erresse-shop.it\/fr\/wp-json\/wp\/v2\/media\/438291"}],"wp:attachment":[{"href":"https:\/\/www.erresse-shop.it\/fr\/wp-json\/wp\/v2\/media?parent=438286"}],"wp:term":[{"taxonomy":"product_cat","embeddable":true,"href":"https:\/\/www.erresse-shop.it\/fr\/wp-json\/wp\/v2\/product_cat?post=438286"},{"taxonomy":"product_tag","embeddable":true,"href":"https:\/\/www.erresse-shop.it\/fr\/wp-json\/wp\/v2\/product_tag?post=438286"}],"curies":[{"name":"wp","href":"https:\/\/api.w.org\/{rel}","templated":true}]}}