{"id":436413,"date":"2024-10-04T14:19:57","date_gmt":"2024-10-04T14:19:59","guid":{"rendered":"https:\/\/www.erresse-shop.it\/?post_type=product&#038;p=436413"},"modified":"2024-10-15T10:35:04","modified_gmt":"2024-10-15T10:35:04","slug":"villeroy-boch-set-6-tasses-a-espresso-toys-delight","status":"publish","type":"product","link":"https:\/\/www.erresse-shop.it\/fr\/shop\/table-fr-2\/tasses\/villeroy-boch-set-6-tasses-a-espresso-toys-delight\/","title":{"rendered":"VILLEROY &#038; BOCH Set 6 tasses \u00e0 espresso Toy&#8217;s Delight"},"content":{"rendered":"<p class=\"p1\"><strong>Pour une agr\u00e9able pause caf\u00e9<\/strong><br \/>\nAvec la collection Toy&#8217;s Delight, vous apporterez une atmosph\u00e8re de No\u00ebl nostalgique dans votre maison. La porcelaine est d\u00e9cor\u00e9e de jolis motifs rouges, verts et blancs et \u00e9voque des souvenirs d&#8217;enfance. A combiner, collectionner et offrir en cadeau. Avec cette tasse, vous pourrez profiter de tout le plaisir d&#8217;un excellent caf\u00e9. Profitez du moment pour un caf\u00e9 italien.<\/p>\n<p><strong>Mat\u00e9riau\u00a0:<\/strong> Porcelaine de qualit\u00e9 sup\u00e9rieure<br \/>\n<strong>Volume\u00a0:<\/strong> env. 70 ml<br \/>\n<strong>Passe au lave-vaisselle\u00a0:<\/strong> oui<br \/>\n<strong>Convient au micro-ondes\u00a0:<\/strong> oui<\/p>\n","protected":false},"excerpt":{"rendered":"<p>Pour une agr\u00e9able pause caf\u00e9 Avec la collection Toy&#8217;s Delight, vous apporterez une atmosph\u00e8re de No\u00ebl nostalgique dans votre maison.<\/p>\n","protected":false},"featured_media":436420,"template":"","meta":{"_acf_changed":false,"inline_featured_image":false},"product_cat":[12782,12791],"product_tag":[25026,23563,21935,25021,24397,21327,15712,15764,14560,16473,16906,21934],"acf":[],"yoast_head":"<!-- This site is optimized with the Yoast SEO Premium plugin v18.6 (Yoast SEO v19.13) - https:\/\/yoast.com\/wordpress\/plugins\/seo\/ -->\n<title>VILLEROY &amp; BOCH Set 6 tasses \u00e0 espresso Toy&#039;s Delight - Erresse Shop<\/title>\n<meta name=\"description\" content=\"Pour une agr\u00e9able pause caf\u00e9 Avec la collection Toy&#039;s Delight, vous apporterez une atmosph\u00e8re de No\u00ebl nostalgique dans votre maison. La porcelaine est\" \/>\n<meta name=\"robots\" content=\"index, follow, max-snippet:-1, max-image-preview:large, max-video-preview:-1\" \/>\n<link rel=\"canonical\" href=\"https:\/\/www.erresse-shop.it\/fr\/shop\/table-fr-2\/tasses\/villeroy-boch-set-6-tasses-a-espresso-toys-delight\/\" \/>\n<meta property=\"og:locale\" content=\"fr_FR\" \/>\n<meta property=\"og:type\" content=\"article\" \/>\n<meta property=\"og:title\" content=\"VILLEROY &amp; BOCH Set 6 tasses \u00e0 espresso Toy&#039;s Delight\" \/>\n<meta property=\"og:description\" content=\"Pour une agr\u00e9able pause caf\u00e9 Avec la collection Toy&#039;s Delight, vous apporterez une atmosph\u00e8re de No\u00ebl nostalgique dans votre maison. La porcelaine est\" \/>\n<meta property=\"og:url\" content=\"https:\/\/www.erresse-shop.it\/fr\/shop\/table-fr-2\/tasses\/villeroy-boch-set-6-tasses-a-espresso-toys-delight\/\" \/>\n<meta property=\"og:site_name\" content=\"Erresse Shop\" \/>\n<meta property=\"article:modified_time\" content=\"2024-10-15T10:35:04+00:00\" \/>\n<meta property=\"og:image\" content=\"https:\/\/www.erresse-shop.it\/wp-content\/uploads\/2024\/10\/VILLEROY-BOCH-Set-6-Tazzine-Espresso-Toys-Delight.jpg\" \/>\n\t<meta property=\"og:image:width\" content=\"1200\" \/>\n\t<meta property=\"og:image:height\" content=\"1200\" \/>\n\t<meta property=\"og:image:type\" content=\"image\/jpeg\" \/>\n<meta name=\"twitter:card\" content=\"summary_large_image\" \/>\n<script type=\"application\/ld+json\" class=\"yoast-schema-graph\">{\"@context\":\"https:\/\/schema.org\",\"@graph\":[{\"@type\":\"WebPage\",\"@id\":\"https:\/\/www.erresse-shop.it\/fr\/shop\/table-fr-2\/tasses\/villeroy-boch-set-6-tasses-a-espresso-toys-delight\/\",\"url\":\"https:\/\/www.erresse-shop.it\/fr\/shop\/table-fr-2\/tasses\/villeroy-boch-set-6-tasses-a-espresso-toys-delight\/\",\"name\":\"VILLEROY & BOCH Set 6 tasses \u00e0 espresso Toy's Delight - Erresse Shop\",\"isPartOf\":{\"@id\":\"https:\/\/www.erresse-shop.it\/fr\/#website\"},\"datePublished\":\"2024-10-04T14:19:59+00:00\",\"dateModified\":\"2024-10-15T10:35:04+00:00\",\"description\":\"Pour une agr\u00e9able pause caf\u00e9 Avec la collection Toy's Delight, vous apporterez une atmosph\u00e8re de No\u00ebl nostalgique dans votre maison. La porcelaine est\",\"breadcrumb\":{\"@id\":\"https:\/\/www.erresse-shop.it\/fr\/shop\/table-fr-2\/tasses\/villeroy-boch-set-6-tasses-a-espresso-toys-delight\/#breadcrumb\"},\"inLanguage\":\"fr-FR\",\"potentialAction\":[{\"@type\":\"ReadAction\",\"target\":[\"https:\/\/www.erresse-shop.it\/fr\/shop\/table-fr-2\/tasses\/villeroy-boch-set-6-tasses-a-espresso-toys-delight\/\"]}]},{\"@type\":\"BreadcrumbList\",\"@id\":\"https:\/\/www.erresse-shop.it\/fr\/shop\/table-fr-2\/tasses\/villeroy-boch-set-6-tasses-a-espresso-toys-delight\/#breadcrumb\",\"itemListElement\":[{\"@type\":\"ListItem\",\"position\":1,\"name\":\"Home\",\"item\":\"https:\/\/www.erresse-shop.it\/fr\/\"},{\"@type\":\"ListItem\",\"position\":2,\"name\":\"Shop\",\"item\":\"https:\/\/www.erresse-shop.it\/fr\/shop\/\"},{\"@type\":\"ListItem\",\"position\":3,\"name\":\"VILLEROY &#038; BOCH Set 6 tasses \u00e0 espresso Toy&#8217;s Delight\"}]},{\"@type\":\"WebSite\",\"@id\":\"https:\/\/www.erresse-shop.it\/fr\/#website\",\"url\":\"https:\/\/www.erresse-shop.it\/fr\/\",\"name\":\"Erresse Shop\",\"description\":\"Articoli di qualit\u00e0 per la casa\",\"potentialAction\":[{\"@type\":\"SearchAction\",\"target\":{\"@type\":\"EntryPoint\",\"urlTemplate\":\"https:\/\/www.erresse-shop.it\/fr\/?s={search_term_string}\"},\"query-input\":\"required name=search_term_string\"}],\"inLanguage\":\"fr-FR\"}]}<\/script>\n<!-- \/ Yoast SEO Premium plugin. -->","yoast_head_json":{"title":"VILLEROY & BOCH Set 6 tasses \u00e0 espresso Toy's Delight - Erresse Shop","description":"Pour une agr\u00e9able pause caf\u00e9 Avec la collection Toy's Delight, vous apporterez une atmosph\u00e8re de No\u00ebl nostalgique dans votre maison. La porcelaine est","robots":{"index":"index","follow":"follow","max-snippet":"max-snippet:-1","max-image-preview":"max-image-preview:large","max-video-preview":"max-video-preview:-1"},"canonical":"https:\/\/www.erresse-shop.it\/fr\/shop\/table-fr-2\/tasses\/villeroy-boch-set-6-tasses-a-espresso-toys-delight\/","og_locale":"fr_FR","og_type":"article","og_title":"VILLEROY & BOCH Set 6 tasses \u00e0 espresso Toy's Delight","og_description":"Pour une agr\u00e9able pause caf\u00e9 Avec la collection Toy's Delight, vous apporterez une atmosph\u00e8re de No\u00ebl nostalgique dans votre maison. La porcelaine est","og_url":"https:\/\/www.erresse-shop.it\/fr\/shop\/table-fr-2\/tasses\/villeroy-boch-set-6-tasses-a-espresso-toys-delight\/","og_site_name":"Erresse Shop","article_modified_time":"2024-10-15T10:35:04+00:00","og_image":[{"width":1200,"height":1200,"url":"https:\/\/www.erresse-shop.it\/wp-content\/uploads\/2024\/10\/VILLEROY-BOCH-Set-6-Tazzine-Espresso-Toys-Delight.jpg","type":"image\/jpeg"}],"twitter_card":"summary_large_image","schema":{"@context":"https:\/\/schema.org","@graph":[{"@type":"WebPage","@id":"https:\/\/www.erresse-shop.it\/fr\/shop\/table-fr-2\/tasses\/villeroy-boch-set-6-tasses-a-espresso-toys-delight\/","url":"https:\/\/www.erresse-shop.it\/fr\/shop\/table-fr-2\/tasses\/villeroy-boch-set-6-tasses-a-espresso-toys-delight\/","name":"VILLEROY & BOCH Set 6 tasses \u00e0 espresso Toy's Delight - Erresse Shop","isPartOf":{"@id":"https:\/\/www.erresse-shop.it\/fr\/#website"},"datePublished":"2024-10-04T14:19:59+00:00","dateModified":"2024-10-15T10:35:04+00:00","description":"Pour une agr\u00e9able pause caf\u00e9 Avec la collection Toy's Delight, vous apporterez une atmosph\u00e8re de No\u00ebl nostalgique dans votre maison. La porcelaine est","breadcrumb":{"@id":"https:\/\/www.erresse-shop.it\/fr\/shop\/table-fr-2\/tasses\/villeroy-boch-set-6-tasses-a-espresso-toys-delight\/#breadcrumb"},"inLanguage":"fr-FR","potentialAction":[{"@type":"ReadAction","target":["https:\/\/www.erresse-shop.it\/fr\/shop\/table-fr-2\/tasses\/villeroy-boch-set-6-tasses-a-espresso-toys-delight\/"]}]},{"@type":"BreadcrumbList","@id":"https:\/\/www.erresse-shop.it\/fr\/shop\/table-fr-2\/tasses\/villeroy-boch-set-6-tasses-a-espresso-toys-delight\/#breadcrumb","itemListElement":[{"@type":"ListItem","position":1,"name":"Home","item":"https:\/\/www.erresse-shop.it\/fr\/"},{"@type":"ListItem","position":2,"name":"Shop","item":"https:\/\/www.erresse-shop.it\/fr\/shop\/"},{"@type":"ListItem","position":3,"name":"VILLEROY &#038; BOCH Set 6 tasses \u00e0 espresso Toy&#8217;s Delight"}]},{"@type":"WebSite","@id":"https:\/\/www.erresse-shop.it\/fr\/#website","url":"https:\/\/www.erresse-shop.it\/fr\/","name":"Erresse Shop","description":"Articoli di qualit\u00e0 per la casa","potentialAction":[{"@type":"SearchAction","target":{"@type":"EntryPoint","urlTemplate":"https:\/\/www.erresse-shop.it\/fr\/?s={search_term_string}"},"query-input":"required name=search_term_string"}],"inLanguage":"fr-FR"}]}},"df_price":56.7,"df_sale_price":56.7,"df_regular_price":113.4,"df_image_link":"https:\/\/www.erresse-shop.it\/wp-content\/uploads\/2024\/10\/VILLEROY-BOCH-Set-6-Tazzine-Espresso-Toys-Delight-300x300.jpg","_links":{"self":[{"href":"https:\/\/www.erresse-shop.it\/fr\/wp-json\/wp\/v2\/product\/436413"}],"collection":[{"href":"https:\/\/www.erresse-shop.it\/fr\/wp-json\/wp\/v2\/product"}],"about":[{"href":"https:\/\/www.erresse-shop.it\/fr\/wp-json\/wp\/v2\/types\/product"}],"wp:featuredmedia":[{"embeddable":true,"href":"https:\/\/www.erresse-shop.it\/fr\/wp-json\/wp\/v2\/media\/436420"}],"wp:attachment":[{"href":"https:\/\/www.erresse-shop.it\/fr\/wp-json\/wp\/v2\/media?parent=436413"}],"wp:term":[{"taxonomy":"product_cat","embeddable":true,"href":"https:\/\/www.erresse-shop.it\/fr\/wp-json\/wp\/v2\/product_cat?post=436413"},{"taxonomy":"product_tag","embeddable":true,"href":"https:\/\/www.erresse-shop.it\/fr\/wp-json\/wp\/v2\/product_tag?post=436413"}],"curies":[{"name":"wp","href":"https:\/\/api.w.org\/{rel}","templated":true}]}}