{"id":436339,"date":"2024-10-04T13:08:55","date_gmt":"2024-10-04T13:08:56","guid":{"rendered":"https:\/\/www.erresse-shop.it\/?post_type=product&#038;p=436339"},"modified":"2025-01-14T17:35:17","modified_gmt":"2025-01-14T17:35:17","slug":"emile-henry-bouteille-dhuile-truffe-noire","status":"publish","type":"product","link":"https:\/\/www.erresse-shop.it\/fr\/shop\/table-fr-2\/huile-vinaigre-sel\/emile-henry-bouteille-dhuile-truffe-noire\/","title":{"rendered":"EMILE HENRY Bouteille d&#8217;Huile Truffe noire"},"content":{"rendered":"<p>A l&#8217;heure o\u00f9 l&#8217;huile d&#8217;olive a acquis son certificat de noblesse culinaire pour la pr\u00e9paration et la d\u00e9gustation, cet \u00e9l\u00e9gant huilier en c\u00e9ramique devient un accessoire design dans la cuisine comme \u00e0 table.<\/p>\n<p>Il est toujours l\u00e0, \u00e0 port\u00e9e de main. Et c&#8217;est parfait : la c\u00e9ramique conserve vos meilleures huiles d&#8217;olive (ou vinaigres !) \u00e0 l&#8217;abri de la lumi\u00e8re pour pr\u00e9server tous leurs ar\u00f4mes et saveurs. Gr\u00e2ce \u00e0 son bouchon distributeur anti-goutte et \u00e0 sa forme allong\u00e9e tr\u00e8s chic, il garantit un dosage pr\u00e9cis, pour assaisonner vos salades, assaisonner un plat ou d\u00e9corer des plats de service.<\/p>\n<p>Et si vous vous int\u00e9ressez aux huiles aromatis\u00e9es, la gamme de magnifiques gla\u00e7ures color\u00e9es vous sera d&#8217;une grande aide pour les identifier.<\/p>\n<p>Garantie de 10 ans !<\/p>\n<p><strong>Longueur\/diam\u00e8tre :<\/strong> 7,5 cm<br \/>\n<strong>Hauteur :<\/strong> 24 cm<br \/>\n<strong>Capacit\u00e9 :<\/strong> 0,4 l<br \/>\n<strong>Poids :<\/strong> 0,39 kg<\/p>\n","protected":false},"excerpt":{"rendered":"<p>A l&#8217;heure o\u00f9 l&#8217;huile d&#8217;olive a acquis son certificat de noblesse culinaire pour la pr\u00e9paration et la d\u00e9gustation, cet \u00e9l\u00e9gant<\/p>\n","protected":false},"featured_media":436346,"template":"","meta":{"_acf_changed":false,"inline_featured_image":false},"product_cat":[20473,12782],"product_tag":[20177,20449,20181],"acf":[],"yoast_head":"<!-- This site is optimized with the Yoast SEO Premium plugin v18.6 (Yoast SEO v19.13) - https:\/\/yoast.com\/wordpress\/plugins\/seo\/ -->\n<title>EMILE HENRY Bouteille d&#039;Huile Truffe noire<\/title>\n<meta name=\"description\" content=\"D\u00e9couvrez EMILE HENRY Bouteille d&#039;Huile Truffe noire sur ErresseShop. Qualit\u00e9, prix r\u00e9duits et achat s\u00e9curis\u00e9 \u2013 commandez d\u00e8s maintenant en ligne !\" \/>\n<meta name=\"robots\" content=\"index, follow, max-snippet:-1, max-image-preview:large, max-video-preview:-1\" \/>\n<link rel=\"canonical\" href=\"https:\/\/www.erresse-shop.it\/fr\/shop\/table-fr-2\/huile-vinaigre-sel\/emile-henry-bouteille-dhuile-truffe-noire\/\" \/>\n<meta property=\"og:locale\" content=\"fr_FR\" \/>\n<meta property=\"og:type\" content=\"article\" \/>\n<meta property=\"og:title\" content=\"EMILE HENRY Bouteille d&#039;Huile Truffe noire\" \/>\n<meta property=\"og:description\" content=\"D\u00e9couvrez EMILE HENRY Bouteille d&#039;Huile Truffe noire sur ErresseShop. Qualit\u00e9, prix r\u00e9duits et achat s\u00e9curis\u00e9 \u2013 commandez d\u00e8s maintenant en ligne !\" \/>\n<meta property=\"og:url\" content=\"https:\/\/www.erresse-shop.it\/fr\/shop\/table-fr-2\/huile-vinaigre-sel\/emile-henry-bouteille-dhuile-truffe-noire\/\" \/>\n<meta property=\"og:site_name\" content=\"Erresse Shop\" \/>\n<meta property=\"article:modified_time\" content=\"2025-01-14T17:35:17+00:00\" \/>\n<meta property=\"og:image\" content=\"https:\/\/www.erresse-shop.it\/wp-content\/uploads\/2024\/10\/EMILE-HENRY-Oliera-Tartufo-Nero.jpg\" \/>\n\t<meta property=\"og:image:width\" content=\"1200\" \/>\n\t<meta property=\"og:image:height\" content=\"1200\" \/>\n\t<meta property=\"og:image:type\" content=\"image\/jpeg\" \/>\n<meta name=\"twitter:card\" content=\"summary_large_image\" \/>\n<script type=\"application\/ld+json\" class=\"yoast-schema-graph\">{\"@context\":\"https:\/\/schema.org\",\"@graph\":[{\"@type\":\"WebPage\",\"@id\":\"https:\/\/www.erresse-shop.it\/fr\/shop\/table-fr-2\/huile-vinaigre-sel\/emile-henry-bouteille-dhuile-truffe-noire\/\",\"url\":\"https:\/\/www.erresse-shop.it\/fr\/shop\/table-fr-2\/huile-vinaigre-sel\/emile-henry-bouteille-dhuile-truffe-noire\/\",\"name\":\"EMILE HENRY Bouteille d'Huile Truffe noire\",\"isPartOf\":{\"@id\":\"https:\/\/www.erresse-shop.it\/fr\/#website\"},\"datePublished\":\"2024-10-04T13:08:56+00:00\",\"dateModified\":\"2025-01-14T17:35:17+00:00\",\"description\":\"D\u00e9couvrez EMILE HENRY Bouteille d'Huile Truffe noire sur ErresseShop. Qualit\u00e9, prix r\u00e9duits et achat s\u00e9curis\u00e9 \u2013 commandez d\u00e8s maintenant en ligne !\",\"breadcrumb\":{\"@id\":\"https:\/\/www.erresse-shop.it\/fr\/shop\/table-fr-2\/huile-vinaigre-sel\/emile-henry-bouteille-dhuile-truffe-noire\/#breadcrumb\"},\"inLanguage\":\"fr-FR\",\"potentialAction\":[{\"@type\":\"ReadAction\",\"target\":[\"https:\/\/www.erresse-shop.it\/fr\/shop\/table-fr-2\/huile-vinaigre-sel\/emile-henry-bouteille-dhuile-truffe-noire\/\"]}]},{\"@type\":\"BreadcrumbList\",\"@id\":\"https:\/\/www.erresse-shop.it\/fr\/shop\/table-fr-2\/huile-vinaigre-sel\/emile-henry-bouteille-dhuile-truffe-noire\/#breadcrumb\",\"itemListElement\":[{\"@type\":\"ListItem\",\"position\":1,\"name\":\"Home\",\"item\":\"https:\/\/www.erresse-shop.it\/fr\/\"},{\"@type\":\"ListItem\",\"position\":2,\"name\":\"Shop\",\"item\":\"https:\/\/www.erresse-shop.it\/fr\/shop\/\"},{\"@type\":\"ListItem\",\"position\":3,\"name\":\"EMILE HENRY Bouteille d&#8217;Huile Truffe noire\"}]},{\"@type\":\"WebSite\",\"@id\":\"https:\/\/www.erresse-shop.it\/fr\/#website\",\"url\":\"https:\/\/www.erresse-shop.it\/fr\/\",\"name\":\"Erresse Shop\",\"description\":\"Articoli di qualit\u00e0 per la casa\",\"potentialAction\":[{\"@type\":\"SearchAction\",\"target\":{\"@type\":\"EntryPoint\",\"urlTemplate\":\"https:\/\/www.erresse-shop.it\/fr\/?s={search_term_string}\"},\"query-input\":\"required name=search_term_string\"}],\"inLanguage\":\"fr-FR\"}]}<\/script>\n<!-- \/ Yoast SEO Premium plugin. -->","yoast_head_json":{"title":"EMILE HENRY Bouteille d'Huile Truffe noire","description":"D\u00e9couvrez EMILE HENRY Bouteille d'Huile Truffe noire sur ErresseShop. Qualit\u00e9, prix r\u00e9duits et achat s\u00e9curis\u00e9 \u2013 commandez d\u00e8s maintenant en ligne !","robots":{"index":"index","follow":"follow","max-snippet":"max-snippet:-1","max-image-preview":"max-image-preview:large","max-video-preview":"max-video-preview:-1"},"canonical":"https:\/\/www.erresse-shop.it\/fr\/shop\/table-fr-2\/huile-vinaigre-sel\/emile-henry-bouteille-dhuile-truffe-noire\/","og_locale":"fr_FR","og_type":"article","og_title":"EMILE HENRY Bouteille d'Huile Truffe noire","og_description":"D\u00e9couvrez EMILE HENRY Bouteille d'Huile Truffe noire sur ErresseShop. Qualit\u00e9, prix r\u00e9duits et achat s\u00e9curis\u00e9 \u2013 commandez d\u00e8s maintenant en ligne !","og_url":"https:\/\/www.erresse-shop.it\/fr\/shop\/table-fr-2\/huile-vinaigre-sel\/emile-henry-bouteille-dhuile-truffe-noire\/","og_site_name":"Erresse Shop","article_modified_time":"2025-01-14T17:35:17+00:00","og_image":[{"width":1200,"height":1200,"url":"https:\/\/www.erresse-shop.it\/wp-content\/uploads\/2024\/10\/EMILE-HENRY-Oliera-Tartufo-Nero.jpg","type":"image\/jpeg"}],"twitter_card":"summary_large_image","schema":{"@context":"https:\/\/schema.org","@graph":[{"@type":"WebPage","@id":"https:\/\/www.erresse-shop.it\/fr\/shop\/table-fr-2\/huile-vinaigre-sel\/emile-henry-bouteille-dhuile-truffe-noire\/","url":"https:\/\/www.erresse-shop.it\/fr\/shop\/table-fr-2\/huile-vinaigre-sel\/emile-henry-bouteille-dhuile-truffe-noire\/","name":"EMILE HENRY Bouteille d'Huile Truffe noire","isPartOf":{"@id":"https:\/\/www.erresse-shop.it\/fr\/#website"},"datePublished":"2024-10-04T13:08:56+00:00","dateModified":"2025-01-14T17:35:17+00:00","description":"D\u00e9couvrez EMILE HENRY Bouteille d'Huile Truffe noire sur ErresseShop. Qualit\u00e9, prix r\u00e9duits et achat s\u00e9curis\u00e9 \u2013 commandez d\u00e8s maintenant en ligne !","breadcrumb":{"@id":"https:\/\/www.erresse-shop.it\/fr\/shop\/table-fr-2\/huile-vinaigre-sel\/emile-henry-bouteille-dhuile-truffe-noire\/#breadcrumb"},"inLanguage":"fr-FR","potentialAction":[{"@type":"ReadAction","target":["https:\/\/www.erresse-shop.it\/fr\/shop\/table-fr-2\/huile-vinaigre-sel\/emile-henry-bouteille-dhuile-truffe-noire\/"]}]},{"@type":"BreadcrumbList","@id":"https:\/\/www.erresse-shop.it\/fr\/shop\/table-fr-2\/huile-vinaigre-sel\/emile-henry-bouteille-dhuile-truffe-noire\/#breadcrumb","itemListElement":[{"@type":"ListItem","position":1,"name":"Home","item":"https:\/\/www.erresse-shop.it\/fr\/"},{"@type":"ListItem","position":2,"name":"Shop","item":"https:\/\/www.erresse-shop.it\/fr\/shop\/"},{"@type":"ListItem","position":3,"name":"EMILE HENRY Bouteille d&#8217;Huile Truffe noire"}]},{"@type":"WebSite","@id":"https:\/\/www.erresse-shop.it\/fr\/#website","url":"https:\/\/www.erresse-shop.it\/fr\/","name":"Erresse Shop","description":"Articoli di qualit\u00e0 per la casa","potentialAction":[{"@type":"SearchAction","target":{"@type":"EntryPoint","urlTemplate":"https:\/\/www.erresse-shop.it\/fr\/?s={search_term_string}"},"query-input":"required name=search_term_string"}],"inLanguage":"fr-FR"}]}},"df_price":31.122,"df_sale_price":31.122,"df_regular_price":39.9,"df_image_link":"https:\/\/www.erresse-shop.it\/wp-content\/uploads\/2024\/10\/EMILE-HENRY-Oliera-Tartufo-Nero-300x300.jpg","_links":{"self":[{"href":"https:\/\/www.erresse-shop.it\/fr\/wp-json\/wp\/v2\/product\/436339"}],"collection":[{"href":"https:\/\/www.erresse-shop.it\/fr\/wp-json\/wp\/v2\/product"}],"about":[{"href":"https:\/\/www.erresse-shop.it\/fr\/wp-json\/wp\/v2\/types\/product"}],"wp:featuredmedia":[{"embeddable":true,"href":"https:\/\/www.erresse-shop.it\/fr\/wp-json\/wp\/v2\/media\/436346"}],"wp:attachment":[{"href":"https:\/\/www.erresse-shop.it\/fr\/wp-json\/wp\/v2\/media?parent=436339"}],"wp:term":[{"taxonomy":"product_cat","embeddable":true,"href":"https:\/\/www.erresse-shop.it\/fr\/wp-json\/wp\/v2\/product_cat?post=436339"},{"taxonomy":"product_tag","embeddable":true,"href":"https:\/\/www.erresse-shop.it\/fr\/wp-json\/wp\/v2\/product_tag?post=436339"}],"curies":[{"name":"wp","href":"https:\/\/api.w.org\/{rel}","templated":true}]}}