{"id":436229,"date":"2024-10-04T12:08:35","date_gmt":"2024-10-04T12:08:37","guid":{"rendered":"https:\/\/www.erresse-shop.it\/?post_type=product&#038;p=436229"},"modified":"2025-01-14T17:39:58","modified_gmt":"2025-01-14T17:39:58","slug":"emile-henry-moule-a-baguette-grand-cru","status":"publish","type":"product","link":"https:\/\/www.erresse-shop.it\/fr\/shop\/poeles-pots\/cuiseur-a-pain\/emile-henry-moule-a-baguette-grand-cru\/","title":{"rendered":"EMILE HENRY Moule \u00e0 baguette Grand Cru"},"content":{"rendered":"<p>Impossible n&#8217;est pas un mot fran\u00e7ais, alors nous avons pens\u00e9 \u00e0 un moule \u00e0 baguette pour que vous puissiez cr\u00e9er le v\u00f4tre !<br \/>\nVous sentirez le parfum du pain chaud qui r\u00e9veille doucement la maison, et des canap\u00e9s \u00e0 la fine cro\u00fbte croustillante et \u00e0 la mie moelleuse tremp\u00e9e dans le caf\u00e9 et le lait du matin !<br \/>\nAdapt\u00e9 \u00e0 votre four, notre moule \u00e0 Baguette en c\u00e9ramique vous permet de cuire des baguettes en cuisine, comme dans une vraie boulangerie. Gr\u00e2ce \u00e0 sa c\u00e9ramique r\u00e9fractaire, il garantit une cuisson parfaite et uniforme et donne \u00e0 la p\u00e2te sa silhouette incomparable.<br \/>\nMais si la forme est unique, vos baguettes peuvent varier leur saveur \u00e0 l&#8217;infini : m\u00e9langes de farines avec et sans gluten, baguettes aux graines, pain brioch\u00e9 aux fruits confits ou aux p\u00e9pites de chocolat&#8230; La seule limite est l&#8217;envie de gourmandise !<br \/>\nChaque fourn\u00e9e vous procurera la satisfaction de p\u00e9trir la p\u00e2te de vos baguettes, de les voir lever, de les sentir pendant la cuisson et de les grignoter d\u00e8s leur sortie du four, chaudes et croustillantes&#8230; En un mot, de donner vie \u00e0 l&#8217;art du pain fran\u00e7ais dans votre maison.<br \/>\nNotre conseil : si vous aimez les baguettes bien cuites, pensez \u00e0 retirer le couvercle du moule \u00e0 baguette quelques minutes avant la fin de la cuisson. Les poign\u00e9es int\u00e9gr\u00e9es vous permettront de le manipuler facilement.<\/p>\n<p><strong>Longueur \/ Diam\u00e8tre :<\/strong> 39,5 cm<br \/>\n<strong>Largeur\u00a0:<\/strong> 23 cm<br \/>\n<strong>Hauteur :<\/strong> 10 cm<br \/>\n<strong>Longueur interne \/ Diam\u00e8tre :<\/strong> 36,5 cm<br \/>\n<strong>Hauteur int\u00e9rieure :<\/strong> 2,5 cm<br \/>\n<strong>Capacit\u00e9 utile :<\/strong> 0,5 L<br \/>\n<strong>Poids &#8211; KG\u00a0:<\/strong> 3,36 KG<br \/>\n<strong>Temp\u00e9rature maximale\u00a0:<\/strong> 270 \u00b0C<br \/>\n<strong>Temp\u00e9rature minimale\u00a0:<\/strong> -20 \u00b0C<\/p>\n","protected":false},"excerpt":{"rendered":"<p>Impossible n&#8217;est pas un mot fran\u00e7ais, alors nous avons pens\u00e9 \u00e0 un moule \u00e0 baguette pour que vous puissiez cr\u00e9er<\/p>\n","protected":false},"featured_media":436270,"template":"","meta":{"_acf_changed":false,"inline_featured_image":false},"product_cat":[12458,26047],"product_tag":[25086,23910,13637,21723,21724,25021,18090,21725],"acf":[],"yoast_head":"<!-- This site is optimized with the Yoast SEO Premium plugin v18.6 (Yoast SEO v19.13) - https:\/\/yoast.com\/wordpress\/plugins\/seo\/ -->\n<title>EMILE HENRY Moule \u00e0 baguette Grand Cru<\/title>\n<meta name=\"description\" content=\"D\u00e9couvrez EMILE HENRY Moule \u00e0 baguette Grand Cru sur ErresseShop. Qualit\u00e9, prix r\u00e9duits et achat s\u00e9curis\u00e9 \u2013 commandez d\u00e8s maintenant en ligne !\" \/>\n<meta name=\"robots\" content=\"index, follow, max-snippet:-1, max-image-preview:large, max-video-preview:-1\" \/>\n<link rel=\"canonical\" href=\"https:\/\/www.erresse-shop.it\/fr\/shop\/poeles-pots\/cuiseur-a-pain\/emile-henry-moule-a-baguette-grand-cru\/\" \/>\n<meta property=\"og:locale\" content=\"fr_FR\" \/>\n<meta property=\"og:type\" content=\"article\" \/>\n<meta property=\"og:title\" content=\"EMILE HENRY Moule \u00e0 baguette Grand Cru\" \/>\n<meta property=\"og:description\" content=\"D\u00e9couvrez EMILE HENRY Moule \u00e0 baguette Grand Cru sur ErresseShop. Qualit\u00e9, prix r\u00e9duits et achat s\u00e9curis\u00e9 \u2013 commandez d\u00e8s maintenant en ligne !\" \/>\n<meta property=\"og:url\" content=\"https:\/\/www.erresse-shop.it\/fr\/shop\/poeles-pots\/cuiseur-a-pain\/emile-henry-moule-a-baguette-grand-cru\/\" \/>\n<meta property=\"og:site_name\" content=\"Erresse Shop\" \/>\n<meta property=\"article:modified_time\" content=\"2025-01-14T17:39:58+00:00\" \/>\n<meta property=\"og:image\" content=\"https:\/\/www.erresse-shop.it\/wp-content\/uploads\/2024\/10\/EMILE-HENRY-Stampo-Per-Baguette-Grand-Cru.jpg\" \/>\n\t<meta property=\"og:image:width\" content=\"1200\" \/>\n\t<meta property=\"og:image:height\" content=\"1200\" \/>\n\t<meta property=\"og:image:type\" content=\"image\/jpeg\" \/>\n<meta name=\"twitter:card\" content=\"summary_large_image\" \/>\n<script type=\"application\/ld+json\" class=\"yoast-schema-graph\">{\"@context\":\"https:\/\/schema.org\",\"@graph\":[{\"@type\":\"WebPage\",\"@id\":\"https:\/\/www.erresse-shop.it\/fr\/shop\/poeles-pots\/cuiseur-a-pain\/emile-henry-moule-a-baguette-grand-cru\/\",\"url\":\"https:\/\/www.erresse-shop.it\/fr\/shop\/poeles-pots\/cuiseur-a-pain\/emile-henry-moule-a-baguette-grand-cru\/\",\"name\":\"EMILE HENRY Moule \u00e0 baguette Grand Cru\",\"isPartOf\":{\"@id\":\"https:\/\/www.erresse-shop.it\/fr\/#website\"},\"datePublished\":\"2024-10-04T12:08:37+00:00\",\"dateModified\":\"2025-01-14T17:39:58+00:00\",\"description\":\"D\u00e9couvrez EMILE HENRY Moule \u00e0 baguette Grand Cru sur ErresseShop. Qualit\u00e9, prix r\u00e9duits et achat s\u00e9curis\u00e9 \u2013 commandez d\u00e8s maintenant en ligne !\",\"breadcrumb\":{\"@id\":\"https:\/\/www.erresse-shop.it\/fr\/shop\/poeles-pots\/cuiseur-a-pain\/emile-henry-moule-a-baguette-grand-cru\/#breadcrumb\"},\"inLanguage\":\"fr-FR\",\"potentialAction\":[{\"@type\":\"ReadAction\",\"target\":[\"https:\/\/www.erresse-shop.it\/fr\/shop\/poeles-pots\/cuiseur-a-pain\/emile-henry-moule-a-baguette-grand-cru\/\"]}]},{\"@type\":\"BreadcrumbList\",\"@id\":\"https:\/\/www.erresse-shop.it\/fr\/shop\/poeles-pots\/cuiseur-a-pain\/emile-henry-moule-a-baguette-grand-cru\/#breadcrumb\",\"itemListElement\":[{\"@type\":\"ListItem\",\"position\":1,\"name\":\"Home\",\"item\":\"https:\/\/www.erresse-shop.it\/fr\/\"},{\"@type\":\"ListItem\",\"position\":2,\"name\":\"Shop\",\"item\":\"https:\/\/www.erresse-shop.it\/fr\/shop\/\"},{\"@type\":\"ListItem\",\"position\":3,\"name\":\"EMILE HENRY Moule \u00e0 baguette Grand Cru\"}]},{\"@type\":\"WebSite\",\"@id\":\"https:\/\/www.erresse-shop.it\/fr\/#website\",\"url\":\"https:\/\/www.erresse-shop.it\/fr\/\",\"name\":\"Erresse Shop\",\"description\":\"Articoli di qualit\u00e0 per la casa\",\"potentialAction\":[{\"@type\":\"SearchAction\",\"target\":{\"@type\":\"EntryPoint\",\"urlTemplate\":\"https:\/\/www.erresse-shop.it\/fr\/?s={search_term_string}\"},\"query-input\":\"required name=search_term_string\"}],\"inLanguage\":\"fr-FR\"}]}<\/script>\n<!-- \/ Yoast SEO Premium plugin. -->","yoast_head_json":{"title":"EMILE HENRY Moule \u00e0 baguette Grand Cru","description":"D\u00e9couvrez EMILE HENRY Moule \u00e0 baguette Grand Cru sur ErresseShop. Qualit\u00e9, prix r\u00e9duits et achat s\u00e9curis\u00e9 \u2013 commandez d\u00e8s maintenant en ligne !","robots":{"index":"index","follow":"follow","max-snippet":"max-snippet:-1","max-image-preview":"max-image-preview:large","max-video-preview":"max-video-preview:-1"},"canonical":"https:\/\/www.erresse-shop.it\/fr\/shop\/poeles-pots\/cuiseur-a-pain\/emile-henry-moule-a-baguette-grand-cru\/","og_locale":"fr_FR","og_type":"article","og_title":"EMILE HENRY Moule \u00e0 baguette Grand Cru","og_description":"D\u00e9couvrez EMILE HENRY Moule \u00e0 baguette Grand Cru sur ErresseShop. Qualit\u00e9, prix r\u00e9duits et achat s\u00e9curis\u00e9 \u2013 commandez d\u00e8s maintenant en ligne !","og_url":"https:\/\/www.erresse-shop.it\/fr\/shop\/poeles-pots\/cuiseur-a-pain\/emile-henry-moule-a-baguette-grand-cru\/","og_site_name":"Erresse Shop","article_modified_time":"2025-01-14T17:39:58+00:00","og_image":[{"width":1200,"height":1200,"url":"https:\/\/www.erresse-shop.it\/wp-content\/uploads\/2024\/10\/EMILE-HENRY-Stampo-Per-Baguette-Grand-Cru.jpg","type":"image\/jpeg"}],"twitter_card":"summary_large_image","schema":{"@context":"https:\/\/schema.org","@graph":[{"@type":"WebPage","@id":"https:\/\/www.erresse-shop.it\/fr\/shop\/poeles-pots\/cuiseur-a-pain\/emile-henry-moule-a-baguette-grand-cru\/","url":"https:\/\/www.erresse-shop.it\/fr\/shop\/poeles-pots\/cuiseur-a-pain\/emile-henry-moule-a-baguette-grand-cru\/","name":"EMILE HENRY Moule \u00e0 baguette Grand Cru","isPartOf":{"@id":"https:\/\/www.erresse-shop.it\/fr\/#website"},"datePublished":"2024-10-04T12:08:37+00:00","dateModified":"2025-01-14T17:39:58+00:00","description":"D\u00e9couvrez EMILE HENRY Moule \u00e0 baguette Grand Cru sur ErresseShop. Qualit\u00e9, prix r\u00e9duits et achat s\u00e9curis\u00e9 \u2013 commandez d\u00e8s maintenant en ligne !","breadcrumb":{"@id":"https:\/\/www.erresse-shop.it\/fr\/shop\/poeles-pots\/cuiseur-a-pain\/emile-henry-moule-a-baguette-grand-cru\/#breadcrumb"},"inLanguage":"fr-FR","potentialAction":[{"@type":"ReadAction","target":["https:\/\/www.erresse-shop.it\/fr\/shop\/poeles-pots\/cuiseur-a-pain\/emile-henry-moule-a-baguette-grand-cru\/"]}]},{"@type":"BreadcrumbList","@id":"https:\/\/www.erresse-shop.it\/fr\/shop\/poeles-pots\/cuiseur-a-pain\/emile-henry-moule-a-baguette-grand-cru\/#breadcrumb","itemListElement":[{"@type":"ListItem","position":1,"name":"Home","item":"https:\/\/www.erresse-shop.it\/fr\/"},{"@type":"ListItem","position":2,"name":"Shop","item":"https:\/\/www.erresse-shop.it\/fr\/shop\/"},{"@type":"ListItem","position":3,"name":"EMILE HENRY Moule \u00e0 baguette Grand Cru"}]},{"@type":"WebSite","@id":"https:\/\/www.erresse-shop.it\/fr\/#website","url":"https:\/\/www.erresse-shop.it\/fr\/","name":"Erresse Shop","description":"Articoli di qualit\u00e0 per la casa","potentialAction":[{"@type":"SearchAction","target":{"@type":"EntryPoint","urlTemplate":"https:\/\/www.erresse-shop.it\/fr\/?s={search_term_string}"},"query-input":"required name=search_term_string"}],"inLanguage":"fr-FR"}]}},"df_price":105.22200000000001,"df_sale_price":105.22200000000001,"df_regular_price":134.9,"df_image_link":"https:\/\/www.erresse-shop.it\/wp-content\/uploads\/2024\/10\/EMILE-HENRY-Stampo-Per-Baguette-Grand-Cru-300x300.jpg","_links":{"self":[{"href":"https:\/\/www.erresse-shop.it\/fr\/wp-json\/wp\/v2\/product\/436229"}],"collection":[{"href":"https:\/\/www.erresse-shop.it\/fr\/wp-json\/wp\/v2\/product"}],"about":[{"href":"https:\/\/www.erresse-shop.it\/fr\/wp-json\/wp\/v2\/types\/product"}],"wp:featuredmedia":[{"embeddable":true,"href":"https:\/\/www.erresse-shop.it\/fr\/wp-json\/wp\/v2\/media\/436270"}],"wp:attachment":[{"href":"https:\/\/www.erresse-shop.it\/fr\/wp-json\/wp\/v2\/media?parent=436229"}],"wp:term":[{"taxonomy":"product_cat","embeddable":true,"href":"https:\/\/www.erresse-shop.it\/fr\/wp-json\/wp\/v2\/product_cat?post=436229"},{"taxonomy":"product_tag","embeddable":true,"href":"https:\/\/www.erresse-shop.it\/fr\/wp-json\/wp\/v2\/product_tag?post=436229"}],"curies":[{"name":"wp","href":"https:\/\/api.w.org\/{rel}","templated":true}]}}